{"id":39047,"date":"2026-03-17T10:12:51","date_gmt":"2026-03-17T03:12:51","guid":{"rendered":"https:\/\/moroen.com\/de\/product\/adidas-ultraboost-21-white-solar-yellow-fy0377"},"modified":"2026-03-17T10:12:51","modified_gmt":"2026-03-17T03:12:51","slug":"adidas-ultraboost-21-white-solar-yellow-fy0377","status":"publish","type":"product","link":"https:\/\/moroen.com\/de\/produkt\/adidas-ultraboost-21-white-solar-yellow-fy0377\/","title":{"rendered":"adidas UltraBoost 21 &#8218;White Solar Yellow&#8216; FY0377"},"content":{"rendered":"<p>Der adidas UltraBoost 21 White Solar Yellow ist ein stylischer und bequemer Laufschuh von adidas. Mit seinem eleganten Design und der leuchtenden Farbkombination aus Wei\u00df und Solar Yellow zieht dieser Schuh garantiert alle Blicke auf sich. Dank der innovativen Boost-Technologie von adidas bietet er hervorragende Energier\u00fcckgabe und D\u00e4mpfung f\u00fcr ein geschmeidiges und reaktionsfreudiges Laufgef\u00fchl. Egal ob im Fitnessstudio oder beim Joggen \u2013 der adidas UltraBoost 21 White Solar Yellow ist ein Must-have f\u00fcr jeden Sportler und Sneaker-Fan.<\/p>\n<p>Farbgebung: Cloud White\/Core Black\/Solar Yellow<\/p>\n<p>Style-Code: FY0377<\/p>\n<p>Obermaterial: Primeknit+<\/p>\n<p>Zwischensohle: Boost<\/p>\n<p>Farbe: Wei\u00df<\/p>\n<p>Saison: Ganzj\u00e4hrig<\/p>\n<p>Farbe: Wei\u00df<\/p>\n","protected":false},"excerpt":{"rendered":"<p>Der adidas UltraBoost 21 White Solar Yellow ist ein stylischer und bequemer Laufschuh von adidas. Mit seinem eleganten Design und der leuchtenden Farbkombination aus Wei\u00df und Solar Yellow zieht dieser Schuh garantiert alle Blicke auf sich. Dank der innovativen Boost-Technologie von adidas bietet er hervorragende Energier\u00fcckgabe und D\u00e4mpfung f\u00fcr ein geschmeidiges und reaktionsfreudiges Laufgef\u00fchl. Egal [&hellip;]<\/p>\n","protected":false},"featured_media":39048,"comment_status":"open","ping_status":"closed","template":"","meta":[],"product_brand":[],"product_cat":[10791,10780,10794,10803],"product_tag":[10789,10767,10754,10772,10777,10764,10781,10770],"class_list":{"0":"post-39047","1":"product","2":"type-product","3":"status-publish","4":"has-post-thumbnail","6":"product_cat-adidas","7":"product_cat-gender-men","8":"product_cat-running-shoes","9":"product_cat-adidas-ultraboost-21","10":"product_tag-adidas","11":"product_tag-adidas-running-shoes","12":"product_tag-gift-for-him","13":"product_tag-max-cushion-cushioned-running-shoes","14":"product_tag-performance-running-shoes","15":"product_tag-performance-sport-shoes","16":"product_tag-running-shoes","17":"product_tag-under-retail","18":"wcpa_has_options","20":"first","21":"instock","22":"taxable","23":"shipping-taxable","24":"purchasable","25":"product-type-simple"},"wcpa_form_fields":{"rules":{"pric_overide_base_price":false,"pric_overide_base_price_if_gt_zero":false,"pric_overide_base_price_fully":false,"pric_cal_option_once":false,"pric_use_as_fee":false,"bind_quantity":false,"quantity_bind_formula":false},"fields":[{"type":"color-group","required":true,"elementId":"wcpa-color-group-66c4a7f817afe","label":"Gr\u00f6\u00dfe","inline":true,"priceOptions":"different_for_all","pricingType":"fixed","className":"hassizechart product-shoes-size-eu product-shoes-size","name":"color-group-66c4a7f817b18","disp_type":"square","selection_type":"tick-border","disp_size":"50","show_label_inside":true,"adjust_width":true,"cart_display_type":"text","other_text":"Other","cl_rule":"show","col":6,"values":[{"label":"35","value":"EU 35","price":"","pimage":"","pimage_id":"","pthumb":"","color":""},{"label":"35.5","value":"EU 35.5","price":"","pimage":"","pimage_id":"","pthumb":"","color":""},{"label":"36","value":"EU 36","price":"","pimage":"","pimage_id":"","pthumb":"","color":"","selected":true},{"label":"36 2\/3","value":"EU 36 2\/3","price":"","pimage":"","pimage_id":"","pthumb":"","color":""},{"label":"37 1\/3","value":"EU 37 1\/3","price":"","pimage":"","pimage_id":"","pthumb":"","color":""},{"label":"38","value":"EU 38","price":"","pimage":"","pimage_id":"","pthumb":"","color":""},{"label":"38 2\/3","value":"EU 38 2\/3","price":"","pimage":"","pimage_id":"","pthumb":"","color":""},{"label":"39 1\/3","value":"EU 39 1\/3","price":"","pimage":"","pimage_id":"","pthumb":"","color":""},{"label":"40","value":"EU 40","price":"","pimage":"","pimage_id":"","pthumb":"","color":""},{"label":"40 2\/3","value":"EU 40 2\/3","price":"","pimage":"","pimage_id":"","pthumb":"","color":""},{"label":"41 1\/3","value":"EU 41 1\/3","price":"","pimage":"","pimage_id":"","pthumb":"","color":""},{"label":"42","value":"EU 42","price":"","pimage":"","pimage_id":"","pthumb":"","color":""},{"label":"42 2\/3","value":"EU 42 2\/3","price":"","pimage":"","pimage_id":"","pthumb":"","color":""},{"label":"43 1\/3","value":"EU 43 1\/3","price":"","pimage":"","pimage_id":"","pthumb":"","color":""},{"label":"44","value":"EU 44","price":"","pimage":"","pimage_id":"","pthumb":"","color":""},{"label":"44 2\/3","value":"EU 44 2\/3","price":"","pimage":"","pimage_id":"","pthumb":"","color":""},{"label":"45 1\/3","value":"EU 45 1\/3","price":"","pimage":"","pimage_id":"","pthumb":"","color":""},{"label":"46","value":"EU 46","price":"","pimage":"","pimage_id":"","pthumb":"","color":""},{"label":"46 2\/3","value":"EU 46 2\/3","price":"","pimage":"","pimage_id":"","pthumb":"","color":""},{"label":"47 1\/3","value":"EU 47 1\/3","price":"","pimage":"","pimage_id":"","pthumb":"","color":""}],"relations":[{"operator":false,"rules":[]}],"form_id":24802,"form_rules":{"pric_cal_option_once":false,"exclude_from_discount":false,"pric_use_as_fee":false,"fee_label":"Fee","render_after_acb":false,"disp_hide_options_price":false}}]},"_links":{"self":[{"href":"https:\/\/moroen.com\/de\/wp-json\/wp\/v2\/product\/39047","targetHints":{"allow":["GET"]}}],"collection":[{"href":"https:\/\/moroen.com\/de\/wp-json\/wp\/v2\/product"}],"about":[{"href":"https:\/\/moroen.com\/de\/wp-json\/wp\/v2\/types\/product"}],"replies":[{"embeddable":true,"href":"https:\/\/moroen.com\/de\/wp-json\/wp\/v2\/comments?post=39047"}],"wp:featuredmedia":[{"embeddable":true,"href":"https:\/\/moroen.com\/de\/wp-json\/wp\/v2\/media\/39048"}],"wp:attachment":[{"href":"https:\/\/moroen.com\/de\/wp-json\/wp\/v2\/media?parent=39047"}],"wp:term":[{"taxonomy":"product_brand","embeddable":true,"href":"https:\/\/moroen.com\/de\/wp-json\/wp\/v2\/product_brand?post=39047"},{"taxonomy":"product_cat","embeddable":true,"href":"https:\/\/moroen.com\/de\/wp-json\/wp\/v2\/product_cat?post=39047"},{"taxonomy":"product_tag","embeddable":true,"href":"https:\/\/moroen.com\/de\/wp-json\/wp\/v2\/product_tag?post=39047"}],"curies":[{"name":"wp","href":"https:\/\/api.w.org\/{rel}","templated":true}]}}