{"id":39665,"date":"2026-03-17T10:13:12","date_gmt":"2026-03-17T03:13:12","guid":{"rendered":"https:\/\/moroen.com\/de\/product\/adidas-pureboost-23-green-spark-if1550"},"modified":"2026-03-17T10:13:12","modified_gmt":"2026-03-17T03:13:12","slug":"adidas-pureboost-23-green-spark-if1550","status":"publish","type":"product","link":"https:\/\/moroen.com\/de\/produkt\/adidas-pureboost-23-green-spark-if1550\/","title":{"rendered":"adidas PureBoost 23 &#8218;Green Spark&#8216; IF1550"},"content":{"rendered":"<p>Erlebe Komfort und Performance mit dem Adidas Pureboost 23 &#8218;Green Spark Grey&#8216; (IF1550). Dieser Schuh wurde f\u00fcr urbane L\u00e4ufer entwickelt und bietet dank seines flexiblen Strickobermaterials eine optimale Passform und Atmungsaktivit\u00e4t. Die Boost-Zwischensohle sorgt f\u00fcr unvergleichliche Energier\u00fcckgabe, w\u00e4hrend die strapazierf\u00e4hige Gummiau\u00dfensohle hervorragende Traktion bietet. Mit ihrer dynamischen Farbkombination aus Green Spark und Grey vereinen diese Sneaker Stil und Funktion. Perfekt f\u00fcr t\u00e4gliche L\u00e4ufe oder den Alltag: Mit dem Pureboost 23 erlebst du ein noch besseres Laufgef\u00fchl.<\/p>\n<ul>\n<li><strong>Farbgebung:<\/strong> Green Spark\/Iron Metallic\/Kitt Grey<\/li>\n<li><strong>Style-Code:<\/strong> IF1550<\/li>\n<li><strong>Obermaterial:<\/strong> Mesh<\/li>\n<li><strong>Zwischensohle:<\/strong> Boost<\/li>\n<li><strong>Farbe:<\/strong> Gr\u00fcn<\/li>\n<li><strong>Designer:<\/strong> Nic Galway<\/li>\n<\/ul>\n","protected":false},"excerpt":{"rendered":"<p>Erlebe Komfort und Performance mit dem Adidas Pureboost 23 &#8218;Green Spark Grey&#8216; (IF1550). Dieser Schuh wurde f\u00fcr urbane L\u00e4ufer entwickelt und bietet dank seines flexiblen Strickobermaterials eine optimale Passform und Atmungsaktivit\u00e4t. Die Boost-Zwischensohle sorgt f\u00fcr unvergleichliche Energier\u00fcckgabe, w\u00e4hrend die strapazierf\u00e4hige Gummiau\u00dfensohle hervorragende Traktion bietet. Mit ihrer dynamischen Farbkombination aus Green Spark und Grey vereinen diese [&hellip;]<\/p>\n","protected":false},"featured_media":39666,"comment_status":"open","ping_status":"closed","template":"","meta":[],"product_brand":[],"product_cat":[10791,10780,10967,10794],"product_tag":[10789,10752,10754,10829,10777,10764,10781,10765,10768,10770],"class_list":{"0":"post-39665","1":"product","2":"type-product","3":"status-publish","4":"has-post-thumbnail","6":"product_cat-adidas","7":"product_cat-gender-men","8":"product_cat-adidas-pureboost-23","9":"product_cat-running-shoes","10":"product_tag-adidas","11":"product_tag-best-finds-under-100","12":"product_tag-gift-for-him","13":"product_tag-lightweight-running-shoes","14":"product_tag-performance-running-shoes","15":"product_tag-performance-sport-shoes","16":"product_tag-running-shoes","17":"product_tag-trending-deals","18":"product_tag-trending-deals-under-150","19":"product_tag-under-retail","20":"wcpa_has_options","22":"first","23":"instock","24":"taxable","25":"shipping-taxable","26":"purchasable","27":"product-type-simple"},"wcpa_form_fields":{"rules":{"pric_overide_base_price":false,"pric_overide_base_price_if_gt_zero":false,"pric_overide_base_price_fully":false,"pric_cal_option_once":false,"pric_use_as_fee":false,"bind_quantity":false,"quantity_bind_formula":false},"fields":[{"type":"color-group","required":true,"elementId":"wcpa-color-group-66c4a7f817afe","label":"Gr\u00f6\u00dfe","inline":true,"priceOptions":"different_for_all","pricingType":"fixed","className":"hassizechart product-shoes-size-eu product-shoes-size","name":"color-group-66c4a7f817b18","disp_type":"square","selection_type":"tick-border","disp_size":"50","show_label_inside":true,"adjust_width":true,"cart_display_type":"text","other_text":"Other","cl_rule":"show","col":6,"values":[{"label":"35","value":"EU 35","price":"","pimage":"","pimage_id":"","pthumb":"","color":""},{"label":"35.5","value":"EU 35.5","price":"","pimage":"","pimage_id":"","pthumb":"","color":""},{"label":"36","value":"EU 36","price":"","pimage":"","pimage_id":"","pthumb":"","color":"","selected":true},{"label":"36 2\/3","value":"EU 36 2\/3","price":"","pimage":"","pimage_id":"","pthumb":"","color":""},{"label":"37 1\/3","value":"EU 37 1\/3","price":"","pimage":"","pimage_id":"","pthumb":"","color":""},{"label":"38","value":"EU 38","price":"","pimage":"","pimage_id":"","pthumb":"","color":""},{"label":"38 2\/3","value":"EU 38 2\/3","price":"","pimage":"","pimage_id":"","pthumb":"","color":""},{"label":"39 1\/3","value":"EU 39 1\/3","price":"","pimage":"","pimage_id":"","pthumb":"","color":""},{"label":"40","value":"EU 40","price":"","pimage":"","pimage_id":"","pthumb":"","color":""},{"label":"40 2\/3","value":"EU 40 2\/3","price":"","pimage":"","pimage_id":"","pthumb":"","color":""},{"label":"41 1\/3","value":"EU 41 1\/3","price":"","pimage":"","pimage_id":"","pthumb":"","color":""},{"label":"42","value":"EU 42","price":"","pimage":"","pimage_id":"","pthumb":"","color":""},{"label":"42 2\/3","value":"EU 42 2\/3","price":"","pimage":"","pimage_id":"","pthumb":"","color":""},{"label":"43 1\/3","value":"EU 43 1\/3","price":"","pimage":"","pimage_id":"","pthumb":"","color":""},{"label":"44","value":"EU 44","price":"","pimage":"","pimage_id":"","pthumb":"","color":""},{"label":"44 2\/3","value":"EU 44 2\/3","price":"","pimage":"","pimage_id":"","pthumb":"","color":""},{"label":"45 1\/3","value":"EU 45 1\/3","price":"","pimage":"","pimage_id":"","pthumb":"","color":""},{"label":"46","value":"EU 46","price":"","pimage":"","pimage_id":"","pthumb":"","color":""},{"label":"46 2\/3","value":"EU 46 2\/3","price":"","pimage":"","pimage_id":"","pthumb":"","color":""},{"label":"47 1\/3","value":"EU 47 1\/3","price":"","pimage":"","pimage_id":"","pthumb":"","color":""}],"relations":[{"operator":false,"rules":[]}],"form_id":24802,"form_rules":{"pric_cal_option_once":false,"exclude_from_discount":false,"pric_use_as_fee":false,"fee_label":"Fee","render_after_acb":false,"disp_hide_options_price":false}}]},"_links":{"self":[{"href":"https:\/\/moroen.com\/de\/wp-json\/wp\/v2\/product\/39665","targetHints":{"allow":["GET"]}}],"collection":[{"href":"https:\/\/moroen.com\/de\/wp-json\/wp\/v2\/product"}],"about":[{"href":"https:\/\/moroen.com\/de\/wp-json\/wp\/v2\/types\/product"}],"replies":[{"embeddable":true,"href":"https:\/\/moroen.com\/de\/wp-json\/wp\/v2\/comments?post=39665"}],"wp:featuredmedia":[{"embeddable":true,"href":"https:\/\/moroen.com\/de\/wp-json\/wp\/v2\/media\/39666"}],"wp:attachment":[{"href":"https:\/\/moroen.com\/de\/wp-json\/wp\/v2\/media?parent=39665"}],"wp:term":[{"taxonomy":"product_brand","embeddable":true,"href":"https:\/\/moroen.com\/de\/wp-json\/wp\/v2\/product_brand?post=39665"},{"taxonomy":"product_cat","embeddable":true,"href":"https:\/\/moroen.com\/de\/wp-json\/wp\/v2\/product_cat?post=39665"},{"taxonomy":"product_tag","embeddable":true,"href":"https:\/\/moroen.com\/de\/wp-json\/wp\/v2\/product_tag?post=39665"}],"curies":[{"name":"wp","href":"https:\/\/api.w.org\/{rel}","templated":true}]}}