{"id":40346,"date":"2026-03-17T10:13:36","date_gmt":"2026-03-17T03:13:36","guid":{"rendered":"https:\/\/moroen.com\/de\/product\/adidas-originals-treziod-pt-clear-granite-hp3066"},"modified":"2026-03-17T10:13:36","modified_gmt":"2026-03-17T03:13:36","slug":"adidas-originals-treziod-pt-clear-granite-hp3066","status":"publish","type":"product","link":"https:\/\/moroen.com\/de\/produkt\/adidas-originals-treziod-pt-clear-granite-hp3066\/","title":{"rendered":"adidas originals Treziod PT &#8218;Clear Granite&#8216; HP3066"},"content":{"rendered":"<p>Mit dem adidas Originals Treziod PT &#8218;Clear Granite&#8216; bist du sportlich unterwegs. Die Sneaker aus strapazierf\u00e4higem und elegantem Leder mit atmungsaktiven Mesh-Eins\u00e4tzen bieten optimalen Tragekomfort. Das ikonische Trefoil-Logo ziert Zunge und Ferse, w\u00e4hrend die BOOST-Zwischensohle St\u00f6\u00dfe absorbiert und f\u00fcr ein energiegeladenes Laufgef\u00fchl sorgt. Verleihe deinem Alltagslook das gewisse Etwas oder zeig dich selbstbewusst auf der Stra\u00dfe mit dem adidas Originals Treziod PT &#8218;Clear Granite&#8216;.<\/p>\n<ul>\n<li><strong>Farbgebung:<\/strong> Clear Granite\/Crystal White<\/li>\n<li><strong>Style-Code:<\/strong> HP3066<\/li>\n<li><strong>Farbe:<\/strong> Grau<\/li>\n<\/ul>\n","protected":false},"excerpt":{"rendered":"<p>Mit dem adidas Originals Treziod PT &#8218;Clear Granite&#8216; bist du sportlich unterwegs. Die Sneaker aus strapazierf\u00e4higem und elegantem Leder mit atmungsaktiven Mesh-Eins\u00e4tzen bieten optimalen Tragekomfort. Das ikonische Trefoil-Logo ziert Zunge und Ferse, w\u00e4hrend die BOOST-Zwischensohle St\u00f6\u00dfe absorbiert und f\u00fcr ein energiegeladenes Laufgef\u00fchl sorgt. Verleihe deinem Alltagslook das gewisse Etwas oder zeig dich selbstbewusst auf der [&hellip;]<\/p>\n","protected":false},"featured_media":40347,"comment_status":"open","ping_status":"closed","template":"","meta":[],"product_brand":[],"product_cat":[10791,10778,10780,10994],"product_tag":[10789,10767,10750,10752,10754,10756,10758,10765,10768,10770],"class_list":{"0":"post-40346","1":"product","2":"type-product","3":"status-publish","4":"has-post-thumbnail","6":"product_cat-adidas","7":"product_cat-lifestyle-shoes-running-inspired","8":"product_cat-gender-men","9":"product_cat-adidas-treziod","10":"product_tag-adidas","11":"product_tag-adidas-running-shoes","12":"product_tag-athleisure-shoes","13":"product_tag-best-finds-under-100","14":"product_tag-gift-for-him","15":"product_tag-lifestyle-casual-shoes","16":"product_tag-lifestyle-shoes-running-inspired","17":"product_tag-trending-deals","18":"product_tag-trending-deals-under-150","19":"product_tag-under-retail","20":"wcpa_has_options","22":"first","23":"instock","24":"taxable","25":"shipping-taxable","26":"purchasable","27":"product-type-simple"},"wcpa_form_fields":{"rules":{"pric_overide_base_price":false,"pric_overide_base_price_if_gt_zero":false,"pric_overide_base_price_fully":false,"pric_cal_option_once":false,"pric_use_as_fee":false,"bind_quantity":false,"quantity_bind_formula":false},"fields":[{"type":"color-group","required":true,"elementId":"wcpa-color-group-66c4a7f817afe","label":"Gr\u00f6\u00dfe","inline":true,"priceOptions":"different_for_all","pricingType":"fixed","className":"hassizechart product-shoes-size-eu product-shoes-size","name":"color-group-66c4a7f817b18","disp_type":"square","selection_type":"tick-border","disp_size":"50","show_label_inside":true,"adjust_width":true,"cart_display_type":"text","other_text":"Other","cl_rule":"show","col":6,"values":[{"label":"35","value":"EU 35","price":"","pimage":"","pimage_id":"","pthumb":"","color":""},{"label":"35.5","value":"EU 35.5","price":"","pimage":"","pimage_id":"","pthumb":"","color":""},{"label":"36","value":"EU 36","price":"","pimage":"","pimage_id":"","pthumb":"","color":"","selected":true},{"label":"36 2\/3","value":"EU 36 2\/3","price":"","pimage":"","pimage_id":"","pthumb":"","color":""},{"label":"37 1\/3","value":"EU 37 1\/3","price":"","pimage":"","pimage_id":"","pthumb":"","color":""},{"label":"38","value":"EU 38","price":"","pimage":"","pimage_id":"","pthumb":"","color":""},{"label":"38 2\/3","value":"EU 38 2\/3","price":"","pimage":"","pimage_id":"","pthumb":"","color":""},{"label":"39 1\/3","value":"EU 39 1\/3","price":"","pimage":"","pimage_id":"","pthumb":"","color":""},{"label":"40","value":"EU 40","price":"","pimage":"","pimage_id":"","pthumb":"","color":""},{"label":"40 2\/3","value":"EU 40 2\/3","price":"","pimage":"","pimage_id":"","pthumb":"","color":""},{"label":"41 1\/3","value":"EU 41 1\/3","price":"","pimage":"","pimage_id":"","pthumb":"","color":""},{"label":"42","value":"EU 42","price":"","pimage":"","pimage_id":"","pthumb":"","color":""},{"label":"42 2\/3","value":"EU 42 2\/3","price":"","pimage":"","pimage_id":"","pthumb":"","color":""},{"label":"43 1\/3","value":"EU 43 1\/3","price":"","pimage":"","pimage_id":"","pthumb":"","color":""},{"label":"44","value":"EU 44","price":"","pimage":"","pimage_id":"","pthumb":"","color":""},{"label":"44 2\/3","value":"EU 44 2\/3","price":"","pimage":"","pimage_id":"","pthumb":"","color":""},{"label":"45 1\/3","value":"EU 45 1\/3","price":"","pimage":"","pimage_id":"","pthumb":"","color":""},{"label":"46","value":"EU 46","price":"","pimage":"","pimage_id":"","pthumb":"","color":""},{"label":"46 2\/3","value":"EU 46 2\/3","price":"","pimage":"","pimage_id":"","pthumb":"","color":""},{"label":"47 1\/3","value":"EU 47 1\/3","price":"","pimage":"","pimage_id":"","pthumb":"","color":""}],"relations":[{"operator":false,"rules":[]}],"form_id":24802,"form_rules":{"pric_cal_option_once":false,"exclude_from_discount":false,"pric_use_as_fee":false,"fee_label":"Fee","render_after_acb":false,"disp_hide_options_price":false}}]},"_links":{"self":[{"href":"https:\/\/moroen.com\/de\/wp-json\/wp\/v2\/product\/40346","targetHints":{"allow":["GET"]}}],"collection":[{"href":"https:\/\/moroen.com\/de\/wp-json\/wp\/v2\/product"}],"about":[{"href":"https:\/\/moroen.com\/de\/wp-json\/wp\/v2\/types\/product"}],"replies":[{"embeddable":true,"href":"https:\/\/moroen.com\/de\/wp-json\/wp\/v2\/comments?post=40346"}],"wp:featuredmedia":[{"embeddable":true,"href":"https:\/\/moroen.com\/de\/wp-json\/wp\/v2\/media\/40347"}],"wp:attachment":[{"href":"https:\/\/moroen.com\/de\/wp-json\/wp\/v2\/media?parent=40346"}],"wp:term":[{"taxonomy":"product_brand","embeddable":true,"href":"https:\/\/moroen.com\/de\/wp-json\/wp\/v2\/product_brand?post=40346"},{"taxonomy":"product_cat","embeddable":true,"href":"https:\/\/moroen.com\/de\/wp-json\/wp\/v2\/product_cat?post=40346"},{"taxonomy":"product_tag","embeddable":true,"href":"https:\/\/moroen.com\/de\/wp-json\/wp\/v2\/product_tag?post=40346"}],"curies":[{"name":"wp","href":"https:\/\/api.w.org\/{rel}","templated":true}]}}