{"id":40495,"date":"2026-03-17T10:13:41","date_gmt":"2026-03-17T03:13:41","guid":{"rendered":"https:\/\/moroen.com\/de\/product\/preschool-new-balance-2002r-beige-brown-pv2002ef"},"modified":"2026-03-17T10:13:41","modified_gmt":"2026-03-17T03:13:41","slug":"preschool-new-balance-2002r-beige-brown-pv2002ef","status":"publish","type":"product","link":"https:\/\/moroen.com\/de\/produkt\/preschool-new-balance-2002r-beige-brown-pv2002ef\/","title":{"rendered":"(Preschool) New Balance 2002R &#8218;Beige Brown&#8216; PV2002EF"},"content":{"rendered":"<p>Mit den New Balance 2002R &#8218;Beige Brown&#8216; PV2002EF Preschool Sneakers entdecken Ihre Kleinen zeitlosen Stil und Komfort. Diese Schuhe sind speziell f\u00fcr wachsende F\u00fc\u00dfe entwickelt und verf\u00fcgen \u00fcber ein atmungsaktives Mesh-Obermaterial mit strapazierf\u00e4higen Wildleder-Overlays f\u00fcr einen klassischen Look. Die gepolsterte Zwischensohle und die robuste Gummiau\u00dfensohle sorgen f\u00fcr ganzt\u00e4gigen Halt und optimale Traktion. Die Sneakers in neutralen Farbt\u00f6nen sind perfekt f\u00fcr aktive Vorschulkinder und vereinen m\u00fchelos Mode und Funktion \u2013 die ideale Erg\u00e4nzung f\u00fcr die Garderobe jedes kleinen Entdeckers.<\/p>\n<ul>\n<li><strong>Farbgebung:<\/strong> Braun\/Beige<\/li>\n<li><strong>Artikelnummer:<\/strong> PV2002EF<\/li>\n<li><strong>Obermaterial:<\/strong> Leder<\/li>\n<li><strong>Farbe:<\/strong> Beige<\/li>\n<\/ul>\n","protected":false},"excerpt":{"rendered":"<p>Mit den New Balance 2002R &#8218;Beige Brown&#8216; PV2002EF Preschool Sneakers entdecken Ihre Kleinen zeitlosen Stil und Komfort. Diese Schuhe sind speziell f\u00fcr wachsende F\u00fc\u00dfe entwickelt und verf\u00fcgen \u00fcber ein atmungsaktives Mesh-Obermaterial mit strapazierf\u00e4higen Wildleder-Overlays f\u00fcr einen klassischen Look. Die gepolsterte Zwischensohle und die robuste Gummiau\u00dfensohle sorgen f\u00fcr ganzt\u00e4gigen Halt und optimale Traktion. Die Sneakers in [&hellip;]<\/p>\n","protected":false},"featured_media":40496,"comment_status":"open","ping_status":"closed","template":"","meta":[],"product_brand":[],"product_cat":[10808,10905,10774,10973],"product_tag":[10750,10752,10902,10903,10760,10761,10763,10765,10768,10770],"class_list":{"0":"post-40495","1":"product","2":"type-product","3":"status-publish","4":"has-post-thumbnail","6":"product_cat-new-balance-2002r","7":"product_cat-kids-sneakers","8":"product_cat-new-balance","9":"product_cat-gender-ps","10":"product_tag-athleisure-shoes","11":"product_tag-best-finds-under-100","12":"product_tag-kids-lifestyle-casual-shoes","13":"product_tag-kids-sneakers","14":"product_tag-new-balance","15":"product_tag-new-balance-running-shoes","16":"product_tag-retro-running-shoes","17":"product_tag-trending-deals","18":"product_tag-trending-deals-under-150","19":"product_tag-under-retail","20":"wcpa_has_options","22":"first","23":"instock","24":"taxable","25":"shipping-taxable","26":"purchasable","27":"product-type-simple"},"wcpa_form_fields":{"rules":{"pric_overide_base_price":false,"pric_overide_base_price_if_gt_zero":false,"pric_overide_base_price_fully":false,"pric_cal_option_once":false,"pric_use_as_fee":false,"bind_quantity":false,"quantity_bind_formula":false},"fields":[{"type":"color-group","required":true,"elementId":"wcpa-color-group-66c4a928225d2","label":"Gr\u00f6\u00dfe","inline":true,"priceOptions":"different_for_all","pricingType":"fixed","className":"hassizechart product-shoes-size-eu product-shoes-size","name":"color-group-66c4a928225e2","disp_type":"square","selection_type":"tick-border","disp_size":"50","show_label_inside":true,"adjust_width":true,"cart_display_type":"text","other_text":"Other","cl_rule":"show","col":6,"values":[{"label":"35","value":"EU 35","price":"","pimage":"","pimage_id":"","pthumb":"","color":""},{"label":"36","value":"EU 36","price":"","pimage":"","pimage_id":"","pthumb":"","color":"","selected":true},{"label":"37","value":"EU 37","price":"","pimage":"","pimage_id":"","pthumb":"","color":""},{"label":"37.5","value":"EU 37.5","price":"","pimage":"","pimage_id":"","pthumb":"","color":""},{"label":"38","value":"EU 38","price":"","pimage":"","pimage_id":"","pthumb":"","color":""},{"label":"38.5","value":"EU 38.5","price":"","pimage":"","pimage_id":"","pthumb":"","color":""},{"label":"39","value":"EU 39","price":"","pimage":"","pimage_id":"","pthumb":"","color":""},{"label":"39.5","value":"EU 39.5","price":"","pimage":"","pimage_id":"","pthumb":"","color":""},{"label":"40","value":"EU 40","price":"","pimage":"","pimage_id":"","pthumb":"","color":""},{"label":"40.5","value":"EU 40.5","price":"","pimage":"","pimage_id":"","pthumb":"","color":""},{"label":" 41.5","value":"EU 41.5","price":"","pimage":"","pimage_id":"","pthumb":"","color":""},{"label":"42","value":"EU 42","price":"","pimage":"","pimage_id":"","pthumb":"","color":""},{"label":"42.5","value":"EU 42.5","price":"","pimage":"","pimage_id":"","pthumb":"","color":""},{"label":"43","value":"EU 43","price":"","pimage":"","pimage_id":"","pthumb":"","color":""},{"label":"44","value":"EU 44","price":"","pimage":"","pimage_id":"","pthumb":"","color":""},{"label":"44.5","value":"EU 44.5","price":"","pimage":"","pimage_id":"","pthumb":"","color":""},{"label":"45","value":"EU 45","price":"","pimage":"","pimage_id":"","pthumb":"","color":""},{"label":"45.5","value":"EU 45.5","price":"","pimage":"","pimage_id":"","pthumb":"","color":""},{"label":"46","value":"EU 46","price":"","pimage":"","pimage_id":"","pthumb":"","color":""}],"relations":[{"operator":false,"rules":[]}],"form_id":24803,"form_rules":{"pric_cal_option_once":false,"exclude_from_discount":false,"pric_use_as_fee":false,"fee_label":"Fee","render_after_acb":false,"disp_hide_options_price":false}}]},"_links":{"self":[{"href":"https:\/\/moroen.com\/de\/wp-json\/wp\/v2\/product\/40495","targetHints":{"allow":["GET"]}}],"collection":[{"href":"https:\/\/moroen.com\/de\/wp-json\/wp\/v2\/product"}],"about":[{"href":"https:\/\/moroen.com\/de\/wp-json\/wp\/v2\/types\/product"}],"replies":[{"embeddable":true,"href":"https:\/\/moroen.com\/de\/wp-json\/wp\/v2\/comments?post=40495"}],"wp:featuredmedia":[{"embeddable":true,"href":"https:\/\/moroen.com\/de\/wp-json\/wp\/v2\/media\/40496"}],"wp:attachment":[{"href":"https:\/\/moroen.com\/de\/wp-json\/wp\/v2\/media?parent=40495"}],"wp:term":[{"taxonomy":"product_brand","embeddable":true,"href":"https:\/\/moroen.com\/de\/wp-json\/wp\/v2\/product_brand?post=40495"},{"taxonomy":"product_cat","embeddable":true,"href":"https:\/\/moroen.com\/de\/wp-json\/wp\/v2\/product_cat?post=40495"},{"taxonomy":"product_tag","embeddable":true,"href":"https:\/\/moroen.com\/de\/wp-json\/wp\/v2\/product_tag?post=40495"}],"curies":[{"name":"wp","href":"https:\/\/api.w.org\/{rel}","templated":true}]}}