{"id":40534,"date":"2026-03-17T10:13:42","date_gmt":"2026-03-17T03:13:42","guid":{"rendered":"https:\/\/moroen.com\/de\/product\/grade-school-air-jordan-1-low-hoops-fb1835-181"},"modified":"2026-03-17T10:13:42","modified_gmt":"2026-03-17T03:13:42","slug":"grade-school-air-jordan-1-low-hoops-fb1835-181","status":"publish","type":"product","link":"https:\/\/moroen.com\/de\/produkt\/grade-school-air-jordan-1-low-hoops-fb1835-181\/","title":{"rendered":"(Grade School) Air Jordan 1 Low &#8218;Hoops&#8216; FB1835-181"},"content":{"rendered":"<p>Die Air Jordan 1 Low Hoops (GS) Sneaker von Jordan sind stylische und bequeme Schuhe, die sich perfekt f\u00fcr jeden Freizeitlook eignen. Dank ihrer exzellenten Verarbeitung und Liebe zum Detail sind diese Sneaker mit ihrem niedrigen Schaft vielseitig kombinierbar. Mit dem legend\u00e4ren Jordan-Logo sind diese Sneaker ein absolutes Muss f\u00fcr jeden Sneaker-Fan.<\/p>\n<ul>\n<li><strong>Farbgebung:<\/strong> Wei\u00df\/Kokosmilch-Schattengr\u00fcn-Laserorange<\/li>\n<li><strong>Style-Code:<\/strong> FB1835-181<\/li>\n<li><strong>Obermaterial:<\/strong> Leder<\/li>\n<li><strong>Zwischensohle:<\/strong> Air<\/li>\n<li><strong>Farbe:<\/strong> Mehrfarbig<\/li>\n<li><strong>Designer:<\/strong> Peter Moore<\/li>\n<li><strong>Saison:<\/strong> Winter<\/li>\n<li><strong>Erscheinungsjahr:<\/strong> 2022<\/li>\n<\/ul>\n","protected":false},"excerpt":{"rendered":"<p>Die Air Jordan 1 Low Hoops (GS) Sneaker von Jordan sind stylische und bequeme Schuhe, die sich perfekt f\u00fcr jeden Freizeitlook eignen. Dank ihrer exzellenten Verarbeitung und Liebe zum Detail sind diese Sneaker mit ihrem niedrigen Schaft vielseitig kombinierbar. Mit dem legend\u00e4ren Jordan-Logo sind diese Sneaker ein absolutes Muss f\u00fcr jeden Sneaker-Fan. Farbgebung: Wei\u00df\/Kokosmilch-Schattengr\u00fcn-Laserorange Style-Code: [&hellip;]<\/p>\n","protected":false},"featured_media":40535,"comment_status":"open","ping_status":"closed","template":"","meta":[],"product_brand":[],"product_cat":[10825,11113,10905,10828],"product_tag":[10750,10818,10819,10820,10821,10902,10903,10858,10770],"class_list":{"0":"post-40534","1":"product","2":"type-product","3":"status-publish","4":"has-post-thumbnail","6":"product_cat-jordan","7":"product_cat-jordan-jordan-1-low-grade-school","8":"product_cat-kids-sneakers","9":"product_cat-gender-youth","10":"product_tag-athleisure-shoes","11":"product_tag-hari-raya-gs","12":"product_tag-jordan","13":"product_tag-jordan-basketball-shoes","14":"product_tag-jordan-skateboarding-shoes","15":"product_tag-kids-lifestyle-casual-shoes","16":"product_tag-kids-sneakers","17":"product_tag-retro-casual-shoes","18":"product_tag-under-retail","19":"wcpa_has_options","21":"first","22":"instock","23":"taxable","24":"shipping-taxable","25":"purchasable","26":"product-type-simple"},"wcpa_form_fields":{"rules":{"pric_overide_base_price":false,"pric_overide_base_price_if_gt_zero":false,"pric_overide_base_price_fully":false,"pric_cal_option_once":false,"pric_use_as_fee":false,"bind_quantity":false,"quantity_bind_formula":false},"fields":[{"type":"color-group","required":true,"elementId":"wcpa-color-group-66c4a75505e74","label":"Gr\u00f6\u00dfe - EU Gr\u00f6\u00dfe","inline":true,"priceOptions":"different_for_all","pricingType":"fixed","className":"hassizechart product-shoes-size-eu product-shoes-size","name":"color-group-66c4a75505e89","disp_type":"square","selection_type":"tick-border","disp_size":"44","show_label_inside":true,"adjust_width":true,"cart_display_type":"text","other_text":"Other","cl_rule":"show","col":6,"values":[{"label":"35.5","value":"EU 35.5","price":"","pimage":"","pimage_id":"","pthumb":"","color":""},{"label":"36","value":"EU 36","price":"","pimage":"","pimage_id":"","pthumb":"","color":"","selected":true},{"label":"36.5","value":"EU 36.5","price":"","pimage":"","pimage_id":"","pthumb":"","color":""},{"label":"37.5","value":"EU 37.5","price":"","pimage":"","pimage_id":"","pthumb":"","color":""},{"label":"38","value":"EU 38","price":"","pimage":"","pimage_id":"","pthumb":"","color":""},{"label":"38.5","value":"EU 38.5","price":"","pimage":"","pimage_id":"","pthumb":"","color":""},{"label":"39","value":"EU 39","price":"","pimage":"","pimage_id":"","pthumb":"","color":""},{"label":"40","value":"EU 40","price":"","pimage":"","pimage_id":"","pthumb":"","color":""},{"label":"40.5","value":"EU 40.5","price":"","pimage":"","pimage_id":"","pthumb":"","color":""},{"label":"41","value":"EU 41","price":"","pimage":"","pimage_id":"","pthumb":"","color":""},{"label":"42","value":"EU 42","price":"","pimage":"","pimage_id":"","pthumb":"","color":""},{"label":"42.5","value":"EU 42.5","price":"","pimage":"","pimage_id":"","pthumb":"","color":""},{"label":"43","value":"EU 43","price":"","pimage":"","pimage_id":"","pthumb":"","color":""},{"label":"44","value":"EU 44","price":"","pimage":"","pimage_id":"","pthumb":"","color":""},{"label":"44.5","value":"EU 44.5","price":"","pimage":"","pimage_id":"","pthumb":"","color":""},{"label":"45","value":"EU 45","price":"","pimage":"","pimage_id":"","pthumb":"","color":""},{"label":"45.5","value":"EU 45.5","price":"","pimage":"","pimage_id":"","pthumb":"","color":""},{"label":"46","value":"EU 46","price":"","pimage":"","pimage_id":"","pthumb":"","color":""},{"label":"47","value":"EU 47","price":"","pimage":"","pimage_id":"","pthumb":"","color":""},{"label":"47.5","value":"EU 47.5","price":"","pimage":"","pimage_id":"","pthumb":"","color":""},{"label":"48","value":"EU 48","price":"","pimage":"","pimage_id":"","pthumb":"","color":""}],"relations":[{"operator":false,"rules":[]}],"form_id":18106,"form_rules":{"pric_cal_option_once":false,"exclude_from_discount":false,"pric_use_as_fee":false,"fee_label":"Fee","render_after_acb":false,"disp_hide_options_price":false}}]},"_links":{"self":[{"href":"https:\/\/moroen.com\/de\/wp-json\/wp\/v2\/product\/40534","targetHints":{"allow":["GET"]}}],"collection":[{"href":"https:\/\/moroen.com\/de\/wp-json\/wp\/v2\/product"}],"about":[{"href":"https:\/\/moroen.com\/de\/wp-json\/wp\/v2\/types\/product"}],"replies":[{"embeddable":true,"href":"https:\/\/moroen.com\/de\/wp-json\/wp\/v2\/comments?post=40534"}],"wp:featuredmedia":[{"embeddable":true,"href":"https:\/\/moroen.com\/de\/wp-json\/wp\/v2\/media\/40535"}],"wp:attachment":[{"href":"https:\/\/moroen.com\/de\/wp-json\/wp\/v2\/media?parent=40534"}],"wp:term":[{"taxonomy":"product_brand","embeddable":true,"href":"https:\/\/moroen.com\/de\/wp-json\/wp\/v2\/product_brand?post=40534"},{"taxonomy":"product_cat","embeddable":true,"href":"https:\/\/moroen.com\/de\/wp-json\/wp\/v2\/product_cat?post=40534"},{"taxonomy":"product_tag","embeddable":true,"href":"https:\/\/moroen.com\/de\/wp-json\/wp\/v2\/product_tag?post=40534"}],"curies":[{"name":"wp","href":"https:\/\/api.w.org\/{rel}","templated":true}]}}