{"id":40647,"date":"2026-03-17T10:13:46","date_gmt":"2026-03-17T03:13:46","guid":{"rendered":"https:\/\/moroen.com\/de\/product\/nike-downshifter-10-particle-grey-ci9981-003"},"modified":"2026-03-17T10:13:46","modified_gmt":"2026-03-17T03:13:46","slug":"nike-downshifter-10-particle-grey-ci9981-003","status":"publish","type":"product","link":"https:\/\/moroen.com\/de\/produkt\/nike-downshifter-10-particle-grey-ci9981-003\/","title":{"rendered":"Nike Downshifter 10 &#8218;Particle Grey&#8216; CI9981-003"},"content":{"rendered":"<p>Die Nike Downshifter 10 Laufschuhe in Particle Grey sind die perfekte Erg\u00e4nzung f\u00fcr deine Sportgarderobe. Entwickelt von Nike, einer vertrauensw\u00fcrdigen und renommierten Marke, bieten diese Schuhe erstklassigen Komfort und optimale Unterst\u00fctzung f\u00fcr deine F\u00fc\u00dfe. Mit ihrer eleganten Farbe Particle Grey sind sie nicht nur leistungsstark, sondern auch stylisch. Egal ob im Fitnessstudio oder beim Laufen im Freien \u2013 mit diesen Nike Downshifter 10 Schuhen erreichst du deine Bestleistung. Bleib im Trend und verbessere deine sportliche Leistung mit diesen Must-have-Laufschuhen.<\/p>\n<p>Farbgebung: Particle Grey\/Grey Fog\/Wei\u00df\/Schwarz<\/p>\n<p>Artikelnummer: CI9981-003<\/p>\n<p>Obermaterial: Mesh<\/p>\n<p>Farbe: Grau<\/p>\n<p>Farbe:<\/p>\n","protected":false},"excerpt":{"rendered":"<p>Die Nike Downshifter 10 Laufschuhe in Particle Grey sind die perfekte Erg\u00e4nzung f\u00fcr deine Sportgarderobe. Entwickelt von Nike, einer vertrauensw\u00fcrdigen und renommierten Marke, bieten diese Schuhe erstklassigen Komfort und optimale Unterst\u00fctzung f\u00fcr deine F\u00fc\u00dfe. Mit ihrer eleganten Farbe Particle Grey sind sie nicht nur leistungsstark, sondern auch stylisch. Egal ob im Fitnessstudio oder beim Laufen [&hellip;]<\/p>\n","protected":false},"featured_media":40648,"comment_status":"open","ping_status":"closed","template":"","meta":[],"product_brand":[],"product_cat":[11123,10780,10773,10794],"product_tag":[10749,10751,10754,10762,10792,10764,10781,10765,10768,10770],"class_list":{"0":"post-40647","1":"product","2":"type-product","3":"status-publish","4":"has-post-thumbnail","6":"product_cat-nike-downshifter-10","7":"product_cat-gender-men","8":"product_cat-nike","9":"product_cat-running-shoes","10":"product_tag-ankle-support-basketball-shoes","11":"product_tag-basketball-shoes","12":"product_tag-gift-for-him","13":"product_tag-nike","14":"product_tag-nike-running-shoes","15":"product_tag-performance-sport-shoes","16":"product_tag-running-shoes","17":"product_tag-trending-deals","18":"product_tag-trending-deals-under-150","19":"product_tag-under-retail","20":"wcpa_has_options","22":"first","23":"instock","24":"taxable","25":"shipping-taxable","26":"purchasable","27":"product-type-simple"},"wcpa_form_fields":{"rules":{"pric_overide_base_price":false,"pric_overide_base_price_if_gt_zero":false,"pric_overide_base_price_fully":false,"pric_cal_option_once":false,"pric_use_as_fee":false,"bind_quantity":false,"quantity_bind_formula":false},"fields":[{"type":"color-group","required":true,"elementId":"wcpa-color-group-66c4a75505e74","label":"Gr\u00f6\u00dfe - EU Gr\u00f6\u00dfe","inline":true,"priceOptions":"different_for_all","pricingType":"fixed","className":"hassizechart product-shoes-size-eu product-shoes-size","name":"color-group-66c4a75505e89","disp_type":"square","selection_type":"tick-border","disp_size":"44","show_label_inside":true,"adjust_width":true,"cart_display_type":"text","other_text":"Other","cl_rule":"show","col":6,"values":[{"label":"35.5","value":"EU 35.5","price":"","pimage":"","pimage_id":"","pthumb":"","color":""},{"label":"36","value":"EU 36","price":"","pimage":"","pimage_id":"","pthumb":"","color":"","selected":true},{"label":"36.5","value":"EU 36.5","price":"","pimage":"","pimage_id":"","pthumb":"","color":""},{"label":"37.5","value":"EU 37.5","price":"","pimage":"","pimage_id":"","pthumb":"","color":""},{"label":"38","value":"EU 38","price":"","pimage":"","pimage_id":"","pthumb":"","color":""},{"label":"38.5","value":"EU 38.5","price":"","pimage":"","pimage_id":"","pthumb":"","color":""},{"label":"39","value":"EU 39","price":"","pimage":"","pimage_id":"","pthumb":"","color":""},{"label":"40","value":"EU 40","price":"","pimage":"","pimage_id":"","pthumb":"","color":""},{"label":"40.5","value":"EU 40.5","price":"","pimage":"","pimage_id":"","pthumb":"","color":""},{"label":"41","value":"EU 41","price":"","pimage":"","pimage_id":"","pthumb":"","color":""},{"label":"42","value":"EU 42","price":"","pimage":"","pimage_id":"","pthumb":"","color":""},{"label":"42.5","value":"EU 42.5","price":"","pimage":"","pimage_id":"","pthumb":"","color":""},{"label":"43","value":"EU 43","price":"","pimage":"","pimage_id":"","pthumb":"","color":""},{"label":"44","value":"EU 44","price":"","pimage":"","pimage_id":"","pthumb":"","color":""},{"label":"44.5","value":"EU 44.5","price":"","pimage":"","pimage_id":"","pthumb":"","color":""},{"label":"45","value":"EU 45","price":"","pimage":"","pimage_id":"","pthumb":"","color":""},{"label":"45.5","value":"EU 45.5","price":"","pimage":"","pimage_id":"","pthumb":"","color":""},{"label":"46","value":"EU 46","price":"","pimage":"","pimage_id":"","pthumb":"","color":""},{"label":"47","value":"EU 47","price":"","pimage":"","pimage_id":"","pthumb":"","color":""},{"label":"47.5","value":"EU 47.5","price":"","pimage":"","pimage_id":"","pthumb":"","color":""},{"label":"48","value":"EU 48","price":"","pimage":"","pimage_id":"","pthumb":"","color":""}],"relations":[{"operator":false,"rules":[]}],"form_id":18106,"form_rules":{"pric_cal_option_once":false,"exclude_from_discount":false,"pric_use_as_fee":false,"fee_label":"Fee","render_after_acb":false,"disp_hide_options_price":false}}]},"_links":{"self":[{"href":"https:\/\/moroen.com\/de\/wp-json\/wp\/v2\/product\/40647","targetHints":{"allow":["GET"]}}],"collection":[{"href":"https:\/\/moroen.com\/de\/wp-json\/wp\/v2\/product"}],"about":[{"href":"https:\/\/moroen.com\/de\/wp-json\/wp\/v2\/types\/product"}],"replies":[{"embeddable":true,"href":"https:\/\/moroen.com\/de\/wp-json\/wp\/v2\/comments?post=40647"}],"wp:featuredmedia":[{"embeddable":true,"href":"https:\/\/moroen.com\/de\/wp-json\/wp\/v2\/media\/40648"}],"wp:attachment":[{"href":"https:\/\/moroen.com\/de\/wp-json\/wp\/v2\/media?parent=40647"}],"wp:term":[{"taxonomy":"product_brand","embeddable":true,"href":"https:\/\/moroen.com\/de\/wp-json\/wp\/v2\/product_brand?post=40647"},{"taxonomy":"product_cat","embeddable":true,"href":"https:\/\/moroen.com\/de\/wp-json\/wp\/v2\/product_cat?post=40647"},{"taxonomy":"product_tag","embeddable":true,"href":"https:\/\/moroen.com\/de\/wp-json\/wp\/v2\/product_tag?post=40647"}],"curies":[{"name":"wp","href":"https:\/\/api.w.org\/{rel}","templated":true}]}}