{"id":41495,"date":"2026-03-17T10:14:17","date_gmt":"2026-03-17T03:14:17","guid":{"rendered":"https:\/\/moroen.com\/de\/product\/adidas-originals-forum-84-low-power-berry-sneaker-unisex-whitepurple-gv9114"},"modified":"2026-03-17T10:14:17","modified_gmt":"2026-03-17T03:14:17","slug":"adidas-originals-forum-84-low-power-berry-sneaker-unisex-whitepurple-gv9114","status":"publish","type":"product","link":"https:\/\/moroen.com\/de\/produkt\/adidas-originals-forum-84-low-power-berry-sneaker-unisex-whitepurple-gv9114\/","title":{"rendered":"adidas originals Forum 84 Low Power Berry Sneaker Unisex WHITE\/PURPLE GV9114"},"content":{"rendered":"<p>Mit den adidas Originals Forum 84 Low Power Berry Sneakern holst du dir Retro-Style. Diese Unisex-Sneaker bestechen durch ein elegantes wei\u00dfes Obermaterial mit leuchtend violetten Akzenten und fangen so den Geist der legend\u00e4ren Basketball-\u00c4ra der 80er Jahre perfekt ein. Das Low-Top-Design bietet Komfort und Flexibilit\u00e4t, w\u00e4hrend der verstellbare Schn\u00fcrverschluss f\u00fcr sicheren Halt sorgt. Die strapazierf\u00e4hige Gummisohle bietet au\u00dfergew\u00f6hnlichen Grip auf jedem Untergrund und macht diese Sneaker zum idealen Begleiter f\u00fcr Streetstyle und Freizeit. Mit den adidas Originals Forum 84 Low Power Berry Sneakern, einer Fusion aus klassischem Design und modernem Look, verleihst du deinem Sneaker-Style das gewisse Etwas.<\/p>\n<ul>\n<li><strong>Farbgebung:<\/strong> Wei\u00df\/Violett<\/li>\n<li><strong>Style-Code:<\/strong> GV9114<\/li>\n<li><strong>Obermaterial:<\/strong> Leder<\/li>\n<li><strong>Farbe:<\/strong> Wei\u00df<\/li>\n<li><strong>Saison:<\/strong> Ganzj\u00e4hrig<\/li>\n<\/ul>\n","protected":false},"excerpt":{"rendered":"<p>Mit den adidas Originals Forum 84 Low Power Berry Sneakern holst du dir Retro-Style. Diese Unisex-Sneaker bestechen durch ein elegantes wei\u00dfes Obermaterial mit leuchtend violetten Akzenten und fangen so den Geist der legend\u00e4ren Basketball-\u00c4ra der 80er Jahre perfekt ein. Das Low-Top-Design bietet Komfort und Flexibilit\u00e4t, w\u00e4hrend der verstellbare Schn\u00fcrverschluss f\u00fcr sicheren Halt sorgt. Die strapazierf\u00e4hige [&hellip;]<\/p>\n","protected":false},"featured_media":41496,"comment_status":"open","ping_status":"closed","template":"","meta":[],"product_brand":[],"product_cat":[10791,10816,10780,11067],"product_tag":[10789,10856,10750,10754,10756,10814,10858,10765,10768,10770],"class_list":{"0":"post-41495","1":"product","2":"type-product","3":"status-publish","4":"has-post-thumbnail","6":"product_cat-adidas","7":"product_cat-lifestyle-shoes-basketball-inspired","8":"product_cat-gender-men","9":"product_cat-adidas-originals-forum-84-low","10":"product_tag-adidas","11":"product_tag-adidas-skateboarding-shoes","12":"product_tag-athleisure-shoes","13":"product_tag-gift-for-him","14":"product_tag-lifestyle-casual-shoes","15":"product_tag-lifestyle-shoes-basketball-inspired","16":"product_tag-retro-casual-shoes","17":"product_tag-trending-deals","18":"product_tag-trending-deals-under-150","19":"product_tag-under-retail","20":"wcpa_has_options","22":"first","23":"instock","24":"taxable","25":"shipping-taxable","26":"purchasable","27":"product-type-simple"},"wcpa_form_fields":{"rules":{"pric_overide_base_price":false,"pric_overide_base_price_if_gt_zero":false,"pric_overide_base_price_fully":false,"pric_cal_option_once":false,"pric_use_as_fee":false,"bind_quantity":false,"quantity_bind_formula":false},"fields":[{"type":"color-group","required":true,"elementId":"wcpa-color-group-66c4a7f817afe","label":"Gr\u00f6\u00dfe","inline":true,"priceOptions":"different_for_all","pricingType":"fixed","className":"hassizechart product-shoes-size-eu product-shoes-size","name":"color-group-66c4a7f817b18","disp_type":"square","selection_type":"tick-border","disp_size":"50","show_label_inside":true,"adjust_width":true,"cart_display_type":"text","other_text":"Other","cl_rule":"show","col":6,"values":[{"label":"35","value":"EU 35","price":"","pimage":"","pimage_id":"","pthumb":"","color":""},{"label":"35.5","value":"EU 35.5","price":"","pimage":"","pimage_id":"","pthumb":"","color":""},{"label":"36","value":"EU 36","price":"","pimage":"","pimage_id":"","pthumb":"","color":"","selected":true},{"label":"36 2\/3","value":"EU 36 2\/3","price":"","pimage":"","pimage_id":"","pthumb":"","color":""},{"label":"37 1\/3","value":"EU 37 1\/3","price":"","pimage":"","pimage_id":"","pthumb":"","color":""},{"label":"38","value":"EU 38","price":"","pimage":"","pimage_id":"","pthumb":"","color":""},{"label":"38 2\/3","value":"EU 38 2\/3","price":"","pimage":"","pimage_id":"","pthumb":"","color":""},{"label":"39 1\/3","value":"EU 39 1\/3","price":"","pimage":"","pimage_id":"","pthumb":"","color":""},{"label":"40","value":"EU 40","price":"","pimage":"","pimage_id":"","pthumb":"","color":""},{"label":"40 2\/3","value":"EU 40 2\/3","price":"","pimage":"","pimage_id":"","pthumb":"","color":""},{"label":"41 1\/3","value":"EU 41 1\/3","price":"","pimage":"","pimage_id":"","pthumb":"","color":""},{"label":"42","value":"EU 42","price":"","pimage":"","pimage_id":"","pthumb":"","color":""},{"label":"42 2\/3","value":"EU 42 2\/3","price":"","pimage":"","pimage_id":"","pthumb":"","color":""},{"label":"43 1\/3","value":"EU 43 1\/3","price":"","pimage":"","pimage_id":"","pthumb":"","color":""},{"label":"44","value":"EU 44","price":"","pimage":"","pimage_id":"","pthumb":"","color":""},{"label":"44 2\/3","value":"EU 44 2\/3","price":"","pimage":"","pimage_id":"","pthumb":"","color":""},{"label":"45 1\/3","value":"EU 45 1\/3","price":"","pimage":"","pimage_id":"","pthumb":"","color":""},{"label":"46","value":"EU 46","price":"","pimage":"","pimage_id":"","pthumb":"","color":""},{"label":"46 2\/3","value":"EU 46 2\/3","price":"","pimage":"","pimage_id":"","pthumb":"","color":""},{"label":"47 1\/3","value":"EU 47 1\/3","price":"","pimage":"","pimage_id":"","pthumb":"","color":""}],"relations":[{"operator":false,"rules":[]}],"form_id":24802,"form_rules":{"pric_cal_option_once":false,"exclude_from_discount":false,"pric_use_as_fee":false,"fee_label":"Fee","render_after_acb":false,"disp_hide_options_price":false}}]},"_links":{"self":[{"href":"https:\/\/moroen.com\/de\/wp-json\/wp\/v2\/product\/41495","targetHints":{"allow":["GET"]}}],"collection":[{"href":"https:\/\/moroen.com\/de\/wp-json\/wp\/v2\/product"}],"about":[{"href":"https:\/\/moroen.com\/de\/wp-json\/wp\/v2\/types\/product"}],"replies":[{"embeddable":true,"href":"https:\/\/moroen.com\/de\/wp-json\/wp\/v2\/comments?post=41495"}],"wp:featuredmedia":[{"embeddable":true,"href":"https:\/\/moroen.com\/de\/wp-json\/wp\/v2\/media\/41496"}],"wp:attachment":[{"href":"https:\/\/moroen.com\/de\/wp-json\/wp\/v2\/media?parent=41495"}],"wp:term":[{"taxonomy":"product_brand","embeddable":true,"href":"https:\/\/moroen.com\/de\/wp-json\/wp\/v2\/product_brand?post=41495"},{"taxonomy":"product_cat","embeddable":true,"href":"https:\/\/moroen.com\/de\/wp-json\/wp\/v2\/product_cat?post=41495"},{"taxonomy":"product_tag","embeddable":true,"href":"https:\/\/moroen.com\/de\/wp-json\/wp\/v2\/product_tag?post=41495"}],"curies":[{"name":"wp","href":"https:\/\/api.w.org\/{rel}","templated":true}]}}