{"id":42082,"date":"2026-03-17T10:14:38","date_gmt":"2026-03-17T03:14:38","guid":{"rendered":"https:\/\/moroen.com\/de\/product\/teddy-santis-x-new-balance-990v1-made-in-usa-green-yellow-m990gg1"},"modified":"2026-03-17T10:14:38","modified_gmt":"2026-03-17T03:14:38","slug":"teddy-santis-x-new-balance-990v1-made-in-usa-green-yellow-m990gg1","status":"publish","type":"product","link":"https:\/\/moroen.com\/de\/produkt\/teddy-santis-x-new-balance-990v1-made-in-usa-green-yellow-m990gg1\/","title":{"rendered":"Teddy Santis x New Balance 990v1 Made in USA &#8218;Green Yellow&#8216; M990GG1"},"content":{"rendered":"<p>Wir pr\u00e4sentieren den Teddy Santis x New Balance 990v1 Made in USA Sneaker in Gr\u00fcn-Gelb. Dieser Sneaker von New Balance vereint Style und Komfort perfekt. Die detailverliebte Verarbeitung dieser Kollaboration mit Teddy Santis garantiert h\u00f6chste Qualit\u00e4t. Ob auf der Stra\u00dfe oder beim Einkaufen \u2013 mit diesem Sneaker setzen Sie ein modisches Statement.<\/p>\n<p>Farbe: Gr\u00fcn\/Gold<br \/>\nStyle-Code: M990GG1<br \/>\nObermaterial: Wildleder<br \/>\nZwischensohle: ENCAP<br \/>\nFarbe: Gr\u00fcn<br \/>\nSaison: Fr\u00fchling<br \/>\nErscheinungsjahr: 2023<\/p>\n","protected":false},"excerpt":{"rendered":"<p>Wir pr\u00e4sentieren den Teddy Santis x New Balance 990v1 Made in USA Sneaker in Gr\u00fcn-Gelb. Dieser Sneaker von New Balance vereint Style und Komfort perfekt. Die detailverliebte Verarbeitung dieser Kollaboration mit Teddy Santis garantiert h\u00f6chste Qualit\u00e4t. Ob auf der Stra\u00dfe oder beim Einkaufen \u2013 mit diesem Sneaker setzen Sie ein modisches Statement. Farbe: Gr\u00fcn\/Gold Style-Code: [&hellip;]<\/p>\n","protected":false},"featured_media":42083,"comment_status":"open","ping_status":"closed","template":"","meta":[],"product_brand":[],"product_cat":[11252,10778,10780,10774],"product_tag":[10750,10754,10756,10758,10760,10761,10763,10770],"class_list":{"0":"post-42082","1":"product","2":"type-product","3":"status-publish","4":"has-post-thumbnail","6":"product_cat-new-balance-990v1","7":"product_cat-lifestyle-shoes-running-inspired","8":"product_cat-gender-men","9":"product_cat-new-balance","10":"product_tag-athleisure-shoes","11":"product_tag-gift-for-him","12":"product_tag-lifestyle-casual-shoes","13":"product_tag-lifestyle-shoes-running-inspired","14":"product_tag-new-balance","15":"product_tag-new-balance-running-shoes","16":"product_tag-retro-running-shoes","17":"product_tag-under-retail","18":"wcpa_has_options","20":"first","21":"instock","22":"taxable","23":"shipping-taxable","24":"purchasable","25":"product-type-simple"},"wcpa_form_fields":{"rules":{"pric_overide_base_price":false,"pric_overide_base_price_if_gt_zero":false,"pric_overide_base_price_fully":false,"pric_cal_option_once":false,"pric_use_as_fee":false,"bind_quantity":false,"quantity_bind_formula":false},"fields":[{"type":"color-group","required":true,"elementId":"wcpa-color-group-66c4a928225d2","label":"Gr\u00f6\u00dfe","inline":true,"priceOptions":"different_for_all","pricingType":"fixed","className":"hassizechart product-shoes-size-eu product-shoes-size","name":"color-group-66c4a928225e2","disp_type":"square","selection_type":"tick-border","disp_size":"50","show_label_inside":true,"adjust_width":true,"cart_display_type":"text","other_text":"Other","cl_rule":"show","col":6,"values":[{"label":"35","value":"EU 35","price":"","pimage":"","pimage_id":"","pthumb":"","color":""},{"label":"36","value":"EU 36","price":"","pimage":"","pimage_id":"","pthumb":"","color":"","selected":true},{"label":"37","value":"EU 37","price":"","pimage":"","pimage_id":"","pthumb":"","color":""},{"label":"37.5","value":"EU 37.5","price":"","pimage":"","pimage_id":"","pthumb":"","color":""},{"label":"38","value":"EU 38","price":"","pimage":"","pimage_id":"","pthumb":"","color":""},{"label":"38.5","value":"EU 38.5","price":"","pimage":"","pimage_id":"","pthumb":"","color":""},{"label":"39","value":"EU 39","price":"","pimage":"","pimage_id":"","pthumb":"","color":""},{"label":"39.5","value":"EU 39.5","price":"","pimage":"","pimage_id":"","pthumb":"","color":""},{"label":"40","value":"EU 40","price":"","pimage":"","pimage_id":"","pthumb":"","color":""},{"label":"40.5","value":"EU 40.5","price":"","pimage":"","pimage_id":"","pthumb":"","color":""},{"label":" 41.5","value":"EU 41.5","price":"","pimage":"","pimage_id":"","pthumb":"","color":""},{"label":"42","value":"EU 42","price":"","pimage":"","pimage_id":"","pthumb":"","color":""},{"label":"42.5","value":"EU 42.5","price":"","pimage":"","pimage_id":"","pthumb":"","color":""},{"label":"43","value":"EU 43","price":"","pimage":"","pimage_id":"","pthumb":"","color":""},{"label":"44","value":"EU 44","price":"","pimage":"","pimage_id":"","pthumb":"","color":""},{"label":"44.5","value":"EU 44.5","price":"","pimage":"","pimage_id":"","pthumb":"","color":""},{"label":"45","value":"EU 45","price":"","pimage":"","pimage_id":"","pthumb":"","color":""},{"label":"45.5","value":"EU 45.5","price":"","pimage":"","pimage_id":"","pthumb":"","color":""},{"label":"46","value":"EU 46","price":"","pimage":"","pimage_id":"","pthumb":"","color":""}],"relations":[{"operator":false,"rules":[]}],"form_id":24803,"form_rules":{"pric_cal_option_once":false,"exclude_from_discount":false,"pric_use_as_fee":false,"fee_label":"Fee","render_after_acb":false,"disp_hide_options_price":false}}]},"_links":{"self":[{"href":"https:\/\/moroen.com\/de\/wp-json\/wp\/v2\/product\/42082","targetHints":{"allow":["GET"]}}],"collection":[{"href":"https:\/\/moroen.com\/de\/wp-json\/wp\/v2\/product"}],"about":[{"href":"https:\/\/moroen.com\/de\/wp-json\/wp\/v2\/types\/product"}],"replies":[{"embeddable":true,"href":"https:\/\/moroen.com\/de\/wp-json\/wp\/v2\/comments?post=42082"}],"wp:featuredmedia":[{"embeddable":true,"href":"https:\/\/moroen.com\/de\/wp-json\/wp\/v2\/media\/42083"}],"wp:attachment":[{"href":"https:\/\/moroen.com\/de\/wp-json\/wp\/v2\/media?parent=42082"}],"wp:term":[{"taxonomy":"product_brand","embeddable":true,"href":"https:\/\/moroen.com\/de\/wp-json\/wp\/v2\/product_brand?post=42082"},{"taxonomy":"product_cat","embeddable":true,"href":"https:\/\/moroen.com\/de\/wp-json\/wp\/v2\/product_cat?post=42082"},{"taxonomy":"product_tag","embeddable":true,"href":"https:\/\/moroen.com\/de\/wp-json\/wp\/v2\/product_tag?post=42082"}],"curies":[{"name":"wp","href":"https:\/\/api.w.org\/{rel}","templated":true}]}}