{"id":44178,"date":"2026-03-17T10:15:43","date_gmt":"2026-03-17T03:15:43","guid":{"rendered":"https:\/\/moroen.com\/de\/product\/nike-zoom-kobe-4-protro-del-sol-av6339-101"},"modified":"2026-03-17T10:15:43","modified_gmt":"2026-03-17T03:15:43","slug":"nike-zoom-kobe-4-protro-del-sol-av6339-101","status":"publish","type":"product","link":"https:\/\/moroen.com\/de\/produkt\/nike-zoom-kobe-4-protro-del-sol-av6339-101\/","title":{"rendered":"Nike Zoom Kobe 4 Protro &#8218;Del Sol&#8216; AV6339-101"},"content":{"rendered":"<p>Der Nike Zoom Kobe 4 Protro Del Sol ist ein Klassiker von Nike mit einem eleganten wei\u00dfen Design. Dieser Basketballschuh vereint Style und Performance und ist damit perfekt f\u00fcr den Court geeignet. Mit dem legend\u00e4ren Spitznamen \u201eDel Sol\u201c ist dieser Schuh ein Must-have f\u00fcr jeden Kobe-Bryant-Fan. Sei dem Spiel einen Schritt voraus mit dem Nike Zoom Kobe 4 Protro Del Sol.<\/p>\n<p>Farbgebung: Wei\u00df\/Schwarz-Del Sol<\/p>\n<p>Style-Code: AV6339-101<\/p>\n<p>Obermaterial: Flywire<\/p>\n<p>Mittelsohle: Air<\/p>\n<p>Farbe: Wei\u00df<\/p>\n<p>Designer: Eric Avar<\/p>\n<p>Saison: Fr\u00fchling<\/p>\n<p>Erscheinungsjahr: 2019<\/p>\n","protected":false},"excerpt":{"rendered":"<p>Der Nike Zoom Kobe 4 Protro Del Sol ist ein Klassiker von Nike mit einem eleganten wei\u00dfen Design. Dieser Basketballschuh vereint Style und Performance und ist damit perfekt f\u00fcr den Court geeignet. Mit dem legend\u00e4ren Spitznamen \u201eDel Sol\u201c ist dieser Schuh ein Must-have f\u00fcr jeden Kobe-Bryant-Fan. Sei dem Spiel einen Schritt voraus mit dem Nike [&hellip;]<\/p>\n","protected":false},"featured_media":44179,"comment_status":"open","ping_status":"closed","template":"","meta":[],"product_brand":[],"product_cat":[10849,11455,10780,10773],"product_tag":[10751,10754,11370,10824,10762,10839,10764],"class_list":{"0":"post-44178","1":"product","2":"type-product","3":"status-publish","4":"has-post-thumbnail","6":"product_cat-basketball-shoes","7":"product_cat-nike-kobe-4-protro","8":"product_cat-gender-men","9":"product_cat-nike","10":"product_tag-basketball-shoes","11":"product_tag-gift-for-him","12":"product_tag-kobe-bryant","13":"product_tag-lightweight-basketball-shoes","14":"product_tag-nike","15":"product_tag-nike-skateboarding-shoes","16":"product_tag-performance-sport-shoes","17":"wcpa_has_options","19":"first","20":"instock","21":"taxable","22":"shipping-taxable","23":"purchasable","24":"product-type-simple"},"wcpa_form_fields":{"rules":{"pric_overide_base_price":false,"pric_overide_base_price_if_gt_zero":false,"pric_overide_base_price_fully":false,"pric_cal_option_once":false,"pric_use_as_fee":false,"bind_quantity":false,"quantity_bind_formula":false},"fields":[{"type":"color-group","required":true,"elementId":"wcpa-color-group-66c4a75505e74","label":"Gr\u00f6\u00dfe - EU Gr\u00f6\u00dfe","inline":true,"priceOptions":"different_for_all","pricingType":"fixed","className":"hassizechart product-shoes-size-eu product-shoes-size","name":"color-group-66c4a75505e89","disp_type":"square","selection_type":"tick-border","disp_size":"44","show_label_inside":true,"adjust_width":true,"cart_display_type":"text","other_text":"Other","cl_rule":"show","col":6,"values":[{"label":"35.5","value":"EU 35.5","price":"","pimage":"","pimage_id":"","pthumb":"","color":""},{"label":"36","value":"EU 36","price":"","pimage":"","pimage_id":"","pthumb":"","color":"","selected":true},{"label":"36.5","value":"EU 36.5","price":"","pimage":"","pimage_id":"","pthumb":"","color":""},{"label":"37.5","value":"EU 37.5","price":"","pimage":"","pimage_id":"","pthumb":"","color":""},{"label":"38","value":"EU 38","price":"","pimage":"","pimage_id":"","pthumb":"","color":""},{"label":"38.5","value":"EU 38.5","price":"","pimage":"","pimage_id":"","pthumb":"","color":""},{"label":"39","value":"EU 39","price":"","pimage":"","pimage_id":"","pthumb":"","color":""},{"label":"40","value":"EU 40","price":"","pimage":"","pimage_id":"","pthumb":"","color":""},{"label":"40.5","value":"EU 40.5","price":"","pimage":"","pimage_id":"","pthumb":"","color":""},{"label":"41","value":"EU 41","price":"","pimage":"","pimage_id":"","pthumb":"","color":""},{"label":"42","value":"EU 42","price":"","pimage":"","pimage_id":"","pthumb":"","color":""},{"label":"42.5","value":"EU 42.5","price":"","pimage":"","pimage_id":"","pthumb":"","color":""},{"label":"43","value":"EU 43","price":"","pimage":"","pimage_id":"","pthumb":"","color":""},{"label":"44","value":"EU 44","price":"","pimage":"","pimage_id":"","pthumb":"","color":""},{"label":"44.5","value":"EU 44.5","price":"","pimage":"","pimage_id":"","pthumb":"","color":""},{"label":"45","value":"EU 45","price":"","pimage":"","pimage_id":"","pthumb":"","color":""},{"label":"45.5","value":"EU 45.5","price":"","pimage":"","pimage_id":"","pthumb":"","color":""},{"label":"46","value":"EU 46","price":"","pimage":"","pimage_id":"","pthumb":"","color":""},{"label":"47","value":"EU 47","price":"","pimage":"","pimage_id":"","pthumb":"","color":""},{"label":"47.5","value":"EU 47.5","price":"","pimage":"","pimage_id":"","pthumb":"","color":""},{"label":"48","value":"EU 48","price":"","pimage":"","pimage_id":"","pthumb":"","color":""}],"relations":[{"operator":false,"rules":[]}],"form_id":18106,"form_rules":{"pric_cal_option_once":false,"exclude_from_discount":false,"pric_use_as_fee":false,"fee_label":"Fee","render_after_acb":false,"disp_hide_options_price":false}}]},"_links":{"self":[{"href":"https:\/\/moroen.com\/de\/wp-json\/wp\/v2\/product\/44178","targetHints":{"allow":["GET"]}}],"collection":[{"href":"https:\/\/moroen.com\/de\/wp-json\/wp\/v2\/product"}],"about":[{"href":"https:\/\/moroen.com\/de\/wp-json\/wp\/v2\/types\/product"}],"replies":[{"embeddable":true,"href":"https:\/\/moroen.com\/de\/wp-json\/wp\/v2\/comments?post=44178"}],"wp:featuredmedia":[{"embeddable":true,"href":"https:\/\/moroen.com\/de\/wp-json\/wp\/v2\/media\/44179"}],"wp:attachment":[{"href":"https:\/\/moroen.com\/de\/wp-json\/wp\/v2\/media?parent=44178"}],"wp:term":[{"taxonomy":"product_brand","embeddable":true,"href":"https:\/\/moroen.com\/de\/wp-json\/wp\/v2\/product_brand?post=44178"},{"taxonomy":"product_cat","embeddable":true,"href":"https:\/\/moroen.com\/de\/wp-json\/wp\/v2\/product_cat?post=44178"},{"taxonomy":"product_tag","embeddable":true,"href":"https:\/\/moroen.com\/de\/wp-json\/wp\/v2\/product_tag?post=44178"}],"curies":[{"name":"wp","href":"https:\/\/api.w.org\/{rel}","templated":true}]}}