{"id":47849,"date":"2026-03-17T10:17:36","date_gmt":"2026-03-17T03:17:36","guid":{"rendered":"https:\/\/moroen.com\/de\/product\/aim-leon-dore-x-new-balance-550-silver-bb550ale"},"modified":"2026-03-17T10:17:36","modified_gmt":"2026-03-17T03:17:36","slug":"aim-leon-dore-x-new-balance-550-silver-bb550ale","status":"publish","type":"product","link":"https:\/\/moroen.com\/de\/produkt\/aim-leon-dore-x-new-balance-550-silver-bb550ale\/","title":{"rendered":"Aim\u00e9 Leon Dore x New Balance 550 &#8218;Silver&#8216; BB550ALE"},"content":{"rendered":"<p>Die Aim\u00e9 Leon Dore x New Balance 550 Silver Sneaker, entstanden in Zusammenarbeit mit New Balance, bestechen durch ihr elegantes und stilvolles Design. Der in einem atemberaubenden Silberton gehaltene Sneaker mit grauen Akzenten ist die perfekte Erg\u00e4nzung f\u00fcr jedes Outfit. Diese Sneaker vereinen Mode und Funktion auf ideale Weise und sind damit ein Must-have f\u00fcr jeden Sneaker-Fan.<\/p>\n<p>Farbe: Wei\u00df\/Grau<br \/>\nStyle-Code: BB550ALE<br \/>\nObermaterial: Leder<br \/>\nZwischensohle: EVA<br \/>\nFarbe: Wei\u00df<br \/>\nSaison: Herbst<br \/>\nErscheinungsjahr: 2020<\/p>\n","protected":false},"excerpt":{"rendered":"<p>Die Aim\u00e9 Leon Dore x New Balance 550 Silver Sneaker, entstanden in Zusammenarbeit mit New Balance, bestechen durch ihr elegantes und stilvolles Design. Der in einem atemberaubenden Silberton gehaltene Sneaker mit grauen Akzenten ist die perfekte Erg\u00e4nzung f\u00fcr jedes Outfit. Diese Sneaker vereinen Mode und Funktion auf ideale Weise und sind damit ein Must-have f\u00fcr [&hellip;]<\/p>\n","protected":false},"featured_media":47850,"comment_status":"open","ping_status":"closed","template":"","meta":[],"product_brand":[],"product_cat":[11326,10816,10780,10774],"product_tag":[10750,10754,10756,10814,10760,11325,11278,10858],"class_list":{"0":"post-47849","1":"product","2":"type-product","3":"status-publish","4":"has-post-thumbnail","6":"product_cat-new-balance-550","7":"product_cat-lifestyle-shoes-basketball-inspired","8":"product_cat-gender-men","9":"product_cat-new-balance","10":"product_tag-athleisure-shoes","11":"product_tag-gift-for-him","12":"product_tag-lifestyle-casual-shoes","13":"product_tag-lifestyle-shoes-basketball-inspired","14":"product_tag-new-balance","15":"product_tag-new-balance-basketball-shoes","16":"product_tag-new-balance-skateboarding-shoes","17":"product_tag-retro-casual-shoes","18":"wcpa_has_options","20":"first","21":"instock","22":"taxable","23":"shipping-taxable","24":"purchasable","25":"product-type-simple"},"wcpa_form_fields":{"rules":{"pric_overide_base_price":false,"pric_overide_base_price_if_gt_zero":false,"pric_overide_base_price_fully":false,"pric_cal_option_once":false,"pric_use_as_fee":false,"bind_quantity":false,"quantity_bind_formula":false},"fields":[{"type":"color-group","required":true,"elementId":"wcpa-color-group-66c4a928225d2","label":"Gr\u00f6\u00dfe","inline":true,"priceOptions":"different_for_all","pricingType":"fixed","className":"hassizechart product-shoes-size-eu product-shoes-size","name":"color-group-66c4a928225e2","disp_type":"square","selection_type":"tick-border","disp_size":"50","show_label_inside":true,"adjust_width":true,"cart_display_type":"text","other_text":"Other","cl_rule":"show","col":6,"values":[{"label":"35","value":"EU 35","price":"","pimage":"","pimage_id":"","pthumb":"","color":""},{"label":"36","value":"EU 36","price":"","pimage":"","pimage_id":"","pthumb":"","color":"","selected":true},{"label":"37","value":"EU 37","price":"","pimage":"","pimage_id":"","pthumb":"","color":""},{"label":"37.5","value":"EU 37.5","price":"","pimage":"","pimage_id":"","pthumb":"","color":""},{"label":"38","value":"EU 38","price":"","pimage":"","pimage_id":"","pthumb":"","color":""},{"label":"38.5","value":"EU 38.5","price":"","pimage":"","pimage_id":"","pthumb":"","color":""},{"label":"39","value":"EU 39","price":"","pimage":"","pimage_id":"","pthumb":"","color":""},{"label":"39.5","value":"EU 39.5","price":"","pimage":"","pimage_id":"","pthumb":"","color":""},{"label":"40","value":"EU 40","price":"","pimage":"","pimage_id":"","pthumb":"","color":""},{"label":"40.5","value":"EU 40.5","price":"","pimage":"","pimage_id":"","pthumb":"","color":""},{"label":" 41.5","value":"EU 41.5","price":"","pimage":"","pimage_id":"","pthumb":"","color":""},{"label":"42","value":"EU 42","price":"","pimage":"","pimage_id":"","pthumb":"","color":""},{"label":"42.5","value":"EU 42.5","price":"","pimage":"","pimage_id":"","pthumb":"","color":""},{"label":"43","value":"EU 43","price":"","pimage":"","pimage_id":"","pthumb":"","color":""},{"label":"44","value":"EU 44","price":"","pimage":"","pimage_id":"","pthumb":"","color":""},{"label":"44.5","value":"EU 44.5","price":"","pimage":"","pimage_id":"","pthumb":"","color":""},{"label":"45","value":"EU 45","price":"","pimage":"","pimage_id":"","pthumb":"","color":""},{"label":"45.5","value":"EU 45.5","price":"","pimage":"","pimage_id":"","pthumb":"","color":""},{"label":"46","value":"EU 46","price":"","pimage":"","pimage_id":"","pthumb":"","color":""}],"relations":[{"operator":false,"rules":[]}],"form_id":24803,"form_rules":{"pric_cal_option_once":false,"exclude_from_discount":false,"pric_use_as_fee":false,"fee_label":"Fee","render_after_acb":false,"disp_hide_options_price":false}}]},"_links":{"self":[{"href":"https:\/\/moroen.com\/de\/wp-json\/wp\/v2\/product\/47849","targetHints":{"allow":["GET"]}}],"collection":[{"href":"https:\/\/moroen.com\/de\/wp-json\/wp\/v2\/product"}],"about":[{"href":"https:\/\/moroen.com\/de\/wp-json\/wp\/v2\/types\/product"}],"replies":[{"embeddable":true,"href":"https:\/\/moroen.com\/de\/wp-json\/wp\/v2\/comments?post=47849"}],"wp:featuredmedia":[{"embeddable":true,"href":"https:\/\/moroen.com\/de\/wp-json\/wp\/v2\/media\/47850"}],"wp:attachment":[{"href":"https:\/\/moroen.com\/de\/wp-json\/wp\/v2\/media?parent=47849"}],"wp:term":[{"taxonomy":"product_brand","embeddable":true,"href":"https:\/\/moroen.com\/de\/wp-json\/wp\/v2\/product_brand?post=47849"},{"taxonomy":"product_cat","embeddable":true,"href":"https:\/\/moroen.com\/de\/wp-json\/wp\/v2\/product_cat?post=47849"},{"taxonomy":"product_tag","embeddable":true,"href":"https:\/\/moroen.com\/de\/wp-json\/wp\/v2\/product_tag?post=47849"}],"curies":[{"name":"wp","href":"https:\/\/api.w.org\/{rel}","templated":true}]}}