{"id":48765,"date":"2026-03-17T10:18:04","date_gmt":"2026-03-17T03:18:04","guid":{"rendered":"https:\/\/moroen.com\/de\/product\/new-balance-997-made-in-usa-grey-m997pak"},"modified":"2026-03-17T10:18:04","modified_gmt":"2026-03-17T03:18:04","slug":"new-balance-997-made-in-usa-grey-m997pak","status":"publish","type":"product","link":"https:\/\/moroen.com\/de\/produkt\/new-balance-997-made-in-usa-grey-m997pak\/","title":{"rendered":"New Balance 997 Made in USA &#8218;Grey&#8216; M997PAK"},"content":{"rendered":"<p>Der New Balance 997 Made in USA Grey ist ein stylischer und hochwertiger Sneaker von New Balance. Sein elegantes Grau macht ihn zu einem vielseitigen Begleiter f\u00fcr jedes Outfit. Dank der Fertigung in den USA k\u00f6nnen Sie sich auf die Qualit\u00e4t und Langlebigkeit dieses Schuhs verlassen. Ob beim Sport oder in der Freizeit \u2013 der New Balance 997 Made in USA Grey ist ein Must-have f\u00fcr Ihre Schuhsammlung.<\/p>\n<p>Farbe: Grau<\/p>\n<p>Style-Code: M997PAK<\/p>\n<p>Farbe: Grau<\/p>\n<p>Saison: Ganzj\u00e4hrig<\/p>\n<p>ul><\/p>\n","protected":false},"excerpt":{"rendered":"<p>Der New Balance 997 Made in USA Grey ist ein stylischer und hochwertiger Sneaker von New Balance. Sein elegantes Grau macht ihn zu einem vielseitigen Begleiter f\u00fcr jedes Outfit. Dank der Fertigung in den USA k\u00f6nnen Sie sich auf die Qualit\u00e4t und Langlebigkeit dieses Schuhs verlassen. Ob beim Sport oder in der Freizeit \u2013 der [&hellip;]<\/p>\n","protected":false},"featured_media":48766,"comment_status":"open","ping_status":"closed","template":"","meta":[],"product_brand":[],"product_cat":[11809,10778,10780,10774],"product_tag":[10750,10754,10756,10758,10760,10761,10763],"class_list":{"0":"post-48765","1":"product","2":"type-product","3":"status-publish","4":"has-post-thumbnail","6":"product_cat-new-balance-997-made-in-usa","7":"product_cat-lifestyle-shoes-running-inspired","8":"product_cat-gender-men","9":"product_cat-new-balance","10":"product_tag-athleisure-shoes","11":"product_tag-gift-for-him","12":"product_tag-lifestyle-casual-shoes","13":"product_tag-lifestyle-shoes-running-inspired","14":"product_tag-new-balance","15":"product_tag-new-balance-running-shoes","16":"product_tag-retro-running-shoes","17":"wcpa_has_options","19":"first","20":"instock","21":"taxable","22":"shipping-taxable","23":"purchasable","24":"product-type-simple"},"wcpa_form_fields":{"rules":{"pric_overide_base_price":false,"pric_overide_base_price_if_gt_zero":false,"pric_overide_base_price_fully":false,"pric_cal_option_once":false,"pric_use_as_fee":false,"bind_quantity":false,"quantity_bind_formula":false},"fields":[{"type":"color-group","required":true,"elementId":"wcpa-color-group-66c4a928225d2","label":"Gr\u00f6\u00dfe","inline":true,"priceOptions":"different_for_all","pricingType":"fixed","className":"hassizechart product-shoes-size-eu product-shoes-size","name":"color-group-66c4a928225e2","disp_type":"square","selection_type":"tick-border","disp_size":"50","show_label_inside":true,"adjust_width":true,"cart_display_type":"text","other_text":"Other","cl_rule":"show","col":6,"values":[{"label":"35","value":"EU 35","price":"","pimage":"","pimage_id":"","pthumb":"","color":""},{"label":"36","value":"EU 36","price":"","pimage":"","pimage_id":"","pthumb":"","color":"","selected":true},{"label":"37","value":"EU 37","price":"","pimage":"","pimage_id":"","pthumb":"","color":""},{"label":"37.5","value":"EU 37.5","price":"","pimage":"","pimage_id":"","pthumb":"","color":""},{"label":"38","value":"EU 38","price":"","pimage":"","pimage_id":"","pthumb":"","color":""},{"label":"38.5","value":"EU 38.5","price":"","pimage":"","pimage_id":"","pthumb":"","color":""},{"label":"39","value":"EU 39","price":"","pimage":"","pimage_id":"","pthumb":"","color":""},{"label":"39.5","value":"EU 39.5","price":"","pimage":"","pimage_id":"","pthumb":"","color":""},{"label":"40","value":"EU 40","price":"","pimage":"","pimage_id":"","pthumb":"","color":""},{"label":"40.5","value":"EU 40.5","price":"","pimage":"","pimage_id":"","pthumb":"","color":""},{"label":" 41.5","value":"EU 41.5","price":"","pimage":"","pimage_id":"","pthumb":"","color":""},{"label":"42","value":"EU 42","price":"","pimage":"","pimage_id":"","pthumb":"","color":""},{"label":"42.5","value":"EU 42.5","price":"","pimage":"","pimage_id":"","pthumb":"","color":""},{"label":"43","value":"EU 43","price":"","pimage":"","pimage_id":"","pthumb":"","color":""},{"label":"44","value":"EU 44","price":"","pimage":"","pimage_id":"","pthumb":"","color":""},{"label":"44.5","value":"EU 44.5","price":"","pimage":"","pimage_id":"","pthumb":"","color":""},{"label":"45","value":"EU 45","price":"","pimage":"","pimage_id":"","pthumb":"","color":""},{"label":"45.5","value":"EU 45.5","price":"","pimage":"","pimage_id":"","pthumb":"","color":""},{"label":"46","value":"EU 46","price":"","pimage":"","pimage_id":"","pthumb":"","color":""}],"relations":[{"operator":false,"rules":[]}],"form_id":24803,"form_rules":{"pric_cal_option_once":false,"exclude_from_discount":false,"pric_use_as_fee":false,"fee_label":"Fee","render_after_acb":false,"disp_hide_options_price":false}}]},"_links":{"self":[{"href":"https:\/\/moroen.com\/de\/wp-json\/wp\/v2\/product\/48765","targetHints":{"allow":["GET"]}}],"collection":[{"href":"https:\/\/moroen.com\/de\/wp-json\/wp\/v2\/product"}],"about":[{"href":"https:\/\/moroen.com\/de\/wp-json\/wp\/v2\/types\/product"}],"replies":[{"embeddable":true,"href":"https:\/\/moroen.com\/de\/wp-json\/wp\/v2\/comments?post=48765"}],"wp:featuredmedia":[{"embeddable":true,"href":"https:\/\/moroen.com\/de\/wp-json\/wp\/v2\/media\/48766"}],"wp:attachment":[{"href":"https:\/\/moroen.com\/de\/wp-json\/wp\/v2\/media?parent=48765"}],"wp:term":[{"taxonomy":"product_brand","embeddable":true,"href":"https:\/\/moroen.com\/de\/wp-json\/wp\/v2\/product_brand?post=48765"},{"taxonomy":"product_cat","embeddable":true,"href":"https:\/\/moroen.com\/de\/wp-json\/wp\/v2\/product_cat?post=48765"},{"taxonomy":"product_tag","embeddable":true,"href":"https:\/\/moroen.com\/de\/wp-json\/wp\/v2\/product_tag?post=48765"}],"curies":[{"name":"wp","href":"https:\/\/api.w.org\/{rel}","templated":true}]}}