{"id":51751,"date":"2026-03-17T10:19:34","date_gmt":"2026-03-17T03:19:34","guid":{"rendered":"https:\/\/moroen.com\/de\/product\/nike-free-run-50-next-nature-black-hyper-royal-dz4848-001"},"modified":"2026-03-17T10:19:34","modified_gmt":"2026-03-17T03:19:34","slug":"nike-free-run-50-next-nature-black-hyper-royal-dz4848-001","status":"publish","type":"product","link":"https:\/\/moroen.com\/de\/produkt\/nike-free-run-50-next-nature-black-hyper-royal-dz4848-001\/","title":{"rendered":"Nike Free Run 5.0 Next Nature &#8218;Black Hyper Royal&#8216; DZ4848-001"},"content":{"rendered":"<p>Der Nike Free Run 5.0 Next Nature in Black Hyper Royal ist ein stylischer und bequemer Laufschuh. Mit seiner eleganten schwarzen Farbe und den kontrastierenden Hyper Royal-Akzenten ist dieser Schuh perfekt f\u00fcr sportliche Aktivit\u00e4ten und den Alltag. Sein leichtes Design und die flexible Sohle sorgen f\u00fcr ein nat\u00fcrliches Laufgef\u00fchl und verbesserte Performance. Vertrauen Sie auf Nike, die renommierte Sportmarke, die Qualit\u00e4t und Style vereint.<\/p>\n<p>Farbe: Schwarz<\/p>\n<p>Artikelnummer: DZ4848-001<br \/>\nObermaterial: Strick<\/p>\n<p>Zwischensohle: Free<\/p>\n<p>Farbe: Schwarz<\/p>\n<p>Farbe: Schwarz<\/p>\n","protected":false},"excerpt":{"rendered":"<p>Der Nike Free Run 5.0 Next Nature in Black Hyper Royal ist ein stylischer und bequemer Laufschuh. Mit seiner eleganten schwarzen Farbe und den kontrastierenden Hyper Royal-Akzenten ist dieser Schuh perfekt f\u00fcr sportliche Aktivit\u00e4ten und den Alltag. Sein leichtes Design und die flexible Sohle sorgen f\u00fcr ein nat\u00fcrliches Laufgef\u00fchl und verbesserte Performance. Vertrauen Sie auf [&hellip;]<\/p>\n","protected":false},"featured_media":51752,"comment_status":"open","ping_status":"closed","template":"","meta":[],"product_brand":[],"product_cat":[11982,10780,10773,10794],"product_tag":[10836,10754,10829,10762,10792,10777,10764,10781],"class_list":{"0":"post-51751","1":"product","2":"type-product","3":"status-publish","4":"has-post-thumbnail","6":"product_cat-nike-free-run-5-0-next-nature","7":"product_cat-gender-men","8":"product_cat-nike","9":"product_cat-running-shoes","10":"product_tag-earth-week","11":"product_tag-gift-for-him","12":"product_tag-lightweight-running-shoes","13":"product_tag-nike","14":"product_tag-nike-running-shoes","15":"product_tag-performance-running-shoes","16":"product_tag-performance-sport-shoes","17":"product_tag-running-shoes","18":"wcpa_has_options","20":"first","21":"instock","22":"taxable","23":"shipping-taxable","24":"purchasable","25":"product-type-simple"},"wcpa_form_fields":{"rules":{"pric_overide_base_price":false,"pric_overide_base_price_if_gt_zero":false,"pric_overide_base_price_fully":false,"pric_cal_option_once":false,"pric_use_as_fee":false,"bind_quantity":false,"quantity_bind_formula":false},"fields":[{"type":"color-group","required":true,"elementId":"wcpa-color-group-66c4a75505e74","label":"Gr\u00f6\u00dfe - EU Gr\u00f6\u00dfe","inline":true,"priceOptions":"different_for_all","pricingType":"fixed","className":"hassizechart product-shoes-size-eu product-shoes-size","name":"color-group-66c4a75505e89","disp_type":"square","selection_type":"tick-border","disp_size":"44","show_label_inside":true,"adjust_width":true,"cart_display_type":"text","other_text":"Other","cl_rule":"show","col":6,"values":[{"label":"35.5","value":"EU 35.5","price":"","pimage":"","pimage_id":"","pthumb":"","color":""},{"label":"36","value":"EU 36","price":"","pimage":"","pimage_id":"","pthumb":"","color":"","selected":true},{"label":"36.5","value":"EU 36.5","price":"","pimage":"","pimage_id":"","pthumb":"","color":""},{"label":"37.5","value":"EU 37.5","price":"","pimage":"","pimage_id":"","pthumb":"","color":""},{"label":"38","value":"EU 38","price":"","pimage":"","pimage_id":"","pthumb":"","color":""},{"label":"38.5","value":"EU 38.5","price":"","pimage":"","pimage_id":"","pthumb":"","color":""},{"label":"39","value":"EU 39","price":"","pimage":"","pimage_id":"","pthumb":"","color":""},{"label":"40","value":"EU 40","price":"","pimage":"","pimage_id":"","pthumb":"","color":""},{"label":"40.5","value":"EU 40.5","price":"","pimage":"","pimage_id":"","pthumb":"","color":""},{"label":"41","value":"EU 41","price":"","pimage":"","pimage_id":"","pthumb":"","color":""},{"label":"42","value":"EU 42","price":"","pimage":"","pimage_id":"","pthumb":"","color":""},{"label":"42.5","value":"EU 42.5","price":"","pimage":"","pimage_id":"","pthumb":"","color":""},{"label":"43","value":"EU 43","price":"","pimage":"","pimage_id":"","pthumb":"","color":""},{"label":"44","value":"EU 44","price":"","pimage":"","pimage_id":"","pthumb":"","color":""},{"label":"44.5","value":"EU 44.5","price":"","pimage":"","pimage_id":"","pthumb":"","color":""},{"label":"45","value":"EU 45","price":"","pimage":"","pimage_id":"","pthumb":"","color":""},{"label":"45.5","value":"EU 45.5","price":"","pimage":"","pimage_id":"","pthumb":"","color":""},{"label":"46","value":"EU 46","price":"","pimage":"","pimage_id":"","pthumb":"","color":""},{"label":"47","value":"EU 47","price":"","pimage":"","pimage_id":"","pthumb":"","color":""},{"label":"47.5","value":"EU 47.5","price":"","pimage":"","pimage_id":"","pthumb":"","color":""},{"label":"48","value":"EU 48","price":"","pimage":"","pimage_id":"","pthumb":"","color":""}],"relations":[{"operator":false,"rules":[]}],"form_id":18106,"form_rules":{"pric_cal_option_once":false,"exclude_from_discount":false,"pric_use_as_fee":false,"fee_label":"Fee","render_after_acb":false,"disp_hide_options_price":false}}]},"_links":{"self":[{"href":"https:\/\/moroen.com\/de\/wp-json\/wp\/v2\/product\/51751","targetHints":{"allow":["GET"]}}],"collection":[{"href":"https:\/\/moroen.com\/de\/wp-json\/wp\/v2\/product"}],"about":[{"href":"https:\/\/moroen.com\/de\/wp-json\/wp\/v2\/types\/product"}],"replies":[{"embeddable":true,"href":"https:\/\/moroen.com\/de\/wp-json\/wp\/v2\/comments?post=51751"}],"wp:featuredmedia":[{"embeddable":true,"href":"https:\/\/moroen.com\/de\/wp-json\/wp\/v2\/media\/51752"}],"wp:attachment":[{"href":"https:\/\/moroen.com\/de\/wp-json\/wp\/v2\/media?parent=51751"}],"wp:term":[{"taxonomy":"product_brand","embeddable":true,"href":"https:\/\/moroen.com\/de\/wp-json\/wp\/v2\/product_brand?post=51751"},{"taxonomy":"product_cat","embeddable":true,"href":"https:\/\/moroen.com\/de\/wp-json\/wp\/v2\/product_cat?post=51751"},{"taxonomy":"product_tag","embeddable":true,"href":"https:\/\/moroen.com\/de\/wp-json\/wp\/v2\/product_tag?post=51751"}],"curies":[{"name":"wp","href":"https:\/\/api.w.org\/{rel}","templated":true}]}}