{"id":52978,"date":"2026-03-17T10:20:16","date_gmt":"2026-03-17T03:20:16","guid":{"rendered":"https:\/\/moroen.com\/de\/product\/nike-air-zoom-winflo-7-blue-gray-white-cj0291-008"},"modified":"2026-03-17T10:20:16","modified_gmt":"2026-03-17T03:20:16","slug":"nike-air-zoom-winflo-7-blue-gray-white-cj0291-008","status":"publish","type":"product","link":"https:\/\/moroen.com\/de\/produkt\/nike-air-zoom-winflo-7-blue-gray-white-cj0291-008\/","title":{"rendered":"Nike Air Zoom Winflo 7 &#8218;Blue Gray White&#8216; CJ0291-008"},"content":{"rendered":"<p>Wir pr\u00e4sentieren den Nike Air Zoom Winflo 7 \u201eBlue Gray White\u201c \u2013 deinen ultimativen Laufbegleiter. Dank des atmungsaktiven Mesh-Obermaterials bietet dieser Sneaker optimale Atmungsaktivit\u00e4t und Unterst\u00fctzung. Sein reaktionsfreudiges D\u00e4mpfungssystem mit Zoom Air-Elementen absorbiert St\u00f6\u00dfe und treibt dich bei jedem Schritt voran. Die strapazierf\u00e4hige Au\u00dfensohle sorgt f\u00fcr hervorragende Traktion, w\u00e4hrend das stylische Design deinem Trainingsoutfit einen Hauch von Style verleiht. Erlebe die unschlagbare Kombination aus Komfort und Performance mit dem Nike Air Zoom Winflo 7 \u201eBlue Gray White\u201c.<\/p>\n<p>Farbgebung: Blau\/Grau\/Wei\u00df<br \/>\nArtikelnummer: CJ0291-008<br \/>\nObermaterial: Textil<br \/>\nFarbe: Grau<br \/>\nSaison: Ganzj\u00e4hrig<\/p>\n<p>Farbe: Grau<\/p>\n","protected":false},"excerpt":{"rendered":"<p>Wir pr\u00e4sentieren den Nike Air Zoom Winflo 7 \u201eBlue Gray White\u201c \u2013 deinen ultimativen Laufbegleiter. Dank des atmungsaktiven Mesh-Obermaterials bietet dieser Sneaker optimale Atmungsaktivit\u00e4t und Unterst\u00fctzung. Sein reaktionsfreudiges D\u00e4mpfungssystem mit Zoom Air-Elementen absorbiert St\u00f6\u00dfe und treibt dich bei jedem Schritt voran. Die strapazierf\u00e4hige Au\u00dfensohle sorgt f\u00fcr hervorragende Traktion, w\u00e4hrend das stylische Design deinem Trainingsoutfit einen [&hellip;]<\/p>\n","protected":false},"featured_media":52979,"comment_status":"open","ping_status":"closed","template":"","meta":[],"product_brand":[],"product_cat":[10780,10773,10794,11286],"product_tag":[10749,10751,10754,10762,10792,10764,10781,10770],"class_list":{"0":"post-52978","1":"product","2":"type-product","3":"status-publish","4":"has-post-thumbnail","6":"product_cat-gender-men","7":"product_cat-nike","8":"product_cat-running-shoes","9":"product_cat-nike-zoom-winflo-7","10":"product_tag-ankle-support-basketball-shoes","11":"product_tag-basketball-shoes","12":"product_tag-gift-for-him","13":"product_tag-nike","14":"product_tag-nike-running-shoes","15":"product_tag-performance-sport-shoes","16":"product_tag-running-shoes","17":"product_tag-under-retail","18":"wcpa_has_options","20":"first","21":"instock","22":"taxable","23":"shipping-taxable","24":"purchasable","25":"product-type-simple"},"wcpa_form_fields":{"rules":{"pric_overide_base_price":false,"pric_overide_base_price_if_gt_zero":false,"pric_overide_base_price_fully":false,"pric_cal_option_once":false,"pric_use_as_fee":false,"bind_quantity":false,"quantity_bind_formula":false},"fields":[{"type":"color-group","required":true,"elementId":"wcpa-color-group-66c4a75505e74","label":"Gr\u00f6\u00dfe - EU Gr\u00f6\u00dfe","inline":true,"priceOptions":"different_for_all","pricingType":"fixed","className":"hassizechart product-shoes-size-eu product-shoes-size","name":"color-group-66c4a75505e89","disp_type":"square","selection_type":"tick-border","disp_size":"44","show_label_inside":true,"adjust_width":true,"cart_display_type":"text","other_text":"Other","cl_rule":"show","col":6,"values":[{"label":"35.5","value":"EU 35.5","price":"","pimage":"","pimage_id":"","pthumb":"","color":""},{"label":"36","value":"EU 36","price":"","pimage":"","pimage_id":"","pthumb":"","color":"","selected":true},{"label":"36.5","value":"EU 36.5","price":"","pimage":"","pimage_id":"","pthumb":"","color":""},{"label":"37.5","value":"EU 37.5","price":"","pimage":"","pimage_id":"","pthumb":"","color":""},{"label":"38","value":"EU 38","price":"","pimage":"","pimage_id":"","pthumb":"","color":""},{"label":"38.5","value":"EU 38.5","price":"","pimage":"","pimage_id":"","pthumb":"","color":""},{"label":"39","value":"EU 39","price":"","pimage":"","pimage_id":"","pthumb":"","color":""},{"label":"40","value":"EU 40","price":"","pimage":"","pimage_id":"","pthumb":"","color":""},{"label":"40.5","value":"EU 40.5","price":"","pimage":"","pimage_id":"","pthumb":"","color":""},{"label":"41","value":"EU 41","price":"","pimage":"","pimage_id":"","pthumb":"","color":""},{"label":"42","value":"EU 42","price":"","pimage":"","pimage_id":"","pthumb":"","color":""},{"label":"42.5","value":"EU 42.5","price":"","pimage":"","pimage_id":"","pthumb":"","color":""},{"label":"43","value":"EU 43","price":"","pimage":"","pimage_id":"","pthumb":"","color":""},{"label":"44","value":"EU 44","price":"","pimage":"","pimage_id":"","pthumb":"","color":""},{"label":"44.5","value":"EU 44.5","price":"","pimage":"","pimage_id":"","pthumb":"","color":""},{"label":"45","value":"EU 45","price":"","pimage":"","pimage_id":"","pthumb":"","color":""},{"label":"45.5","value":"EU 45.5","price":"","pimage":"","pimage_id":"","pthumb":"","color":""},{"label":"46","value":"EU 46","price":"","pimage":"","pimage_id":"","pthumb":"","color":""},{"label":"47","value":"EU 47","price":"","pimage":"","pimage_id":"","pthumb":"","color":""},{"label":"47.5","value":"EU 47.5","price":"","pimage":"","pimage_id":"","pthumb":"","color":""},{"label":"48","value":"EU 48","price":"","pimage":"","pimage_id":"","pthumb":"","color":""}],"relations":[{"operator":false,"rules":[]}],"form_id":18106,"form_rules":{"pric_cal_option_once":false,"exclude_from_discount":false,"pric_use_as_fee":false,"fee_label":"Fee","render_after_acb":false,"disp_hide_options_price":false}}]},"_links":{"self":[{"href":"https:\/\/moroen.com\/de\/wp-json\/wp\/v2\/product\/52978","targetHints":{"allow":["GET"]}}],"collection":[{"href":"https:\/\/moroen.com\/de\/wp-json\/wp\/v2\/product"}],"about":[{"href":"https:\/\/moroen.com\/de\/wp-json\/wp\/v2\/types\/product"}],"replies":[{"embeddable":true,"href":"https:\/\/moroen.com\/de\/wp-json\/wp\/v2\/comments?post=52978"}],"wp:featuredmedia":[{"embeddable":true,"href":"https:\/\/moroen.com\/de\/wp-json\/wp\/v2\/media\/52979"}],"wp:attachment":[{"href":"https:\/\/moroen.com\/de\/wp-json\/wp\/v2\/media?parent=52978"}],"wp:term":[{"taxonomy":"product_brand","embeddable":true,"href":"https:\/\/moroen.com\/de\/wp-json\/wp\/v2\/product_brand?post=52978"},{"taxonomy":"product_cat","embeddable":true,"href":"https:\/\/moroen.com\/de\/wp-json\/wp\/v2\/product_cat?post=52978"},{"taxonomy":"product_tag","embeddable":true,"href":"https:\/\/moroen.com\/de\/wp-json\/wp\/v2\/product_tag?post=52978"}],"curies":[{"name":"wp","href":"https:\/\/api.w.org\/{rel}","templated":true}]}}