{"id":53030,"date":"2026-03-17T10:20:18","date_gmt":"2026-03-17T03:20:18","guid":{"rendered":"https:\/\/moroen.com\/de\/product\/nike-zoomx-invincible-3-year-of-the-dragon-fz5056-103"},"modified":"2026-03-17T10:20:18","modified_gmt":"2026-03-17T03:20:18","slug":"nike-zoomx-invincible-3-year-of-the-dragon-fz5056-103","status":"publish","type":"product","link":"https:\/\/moroen.com\/de\/produkt\/nike-zoomx-invincible-3-year-of-the-dragon-fz5056-103\/","title":{"rendered":"Nike ZoomX Invincible 3 &#8218;Year of the Dragon&#8216; FZ5056-103"},"content":{"rendered":"<p>Starte mit dem Nike ZoomX Invincible 3 ins \u201eJahr des Drachen\u201c \u2013 in leuchtendem Scharlachrot und Gold. Dank der ZoomX-Schaumstoffd\u00e4mpfung bietet er ein extrem reaktionsfreudiges und federndes Laufgef\u00fchl, perfekt f\u00fcr lange L\u00e4ufe und den Alltag. Das atmungsaktive Flyknit-Obermaterial sorgt f\u00fcr eine bequeme, socken\u00e4hnliche Passform, w\u00e4hrend die Gummiau\u00dfensohle Strapazierf\u00e4higkeit und Traktion auf verschiedenen Untergr\u00fcnden gew\u00e4hrleistet. Steigere deinen Style und deine Performance mit dieser exklusiven Edition zum chinesischen Neujahr, die dir bei jedem Schritt Wohlstand und Gl\u00fcck bringen soll.<\/p>\n<ul>\n<li><strong>Farbgebung:<\/strong> Wei\u00df\/Staubiger Kaktus\/Leuchtendes Karmesinrot\/Schwarz<\/li>\n<li><strong>Artikelnummer:<\/strong> FZ5056-103<\/li>\n<li><strong>Obermaterial:<\/strong> Flyknit<\/li>\n<li><strong>Zwischensohle:<\/strong> Zoom X<\/li>\n<li><strong>Farbe:<\/strong> Wei\u00df<\/li>\n<li><strong>Erscheinungsjahr:<\/strong> 2023<\/li>\n<\/ul>\n","protected":false},"excerpt":{"rendered":"<p>Starte mit dem Nike ZoomX Invincible 3 ins \u201eJahr des Drachen\u201c \u2013 in leuchtendem Scharlachrot und Gold. Dank der ZoomX-Schaumstoffd\u00e4mpfung bietet er ein extrem reaktionsfreudiges und federndes Laufgef\u00fchl, perfekt f\u00fcr lange L\u00e4ufe und den Alltag. Das atmungsaktive Flyknit-Obermaterial sorgt f\u00fcr eine bequeme, socken\u00e4hnliche Passform, w\u00e4hrend die Gummiau\u00dfensohle Strapazierf\u00e4higkeit und Traktion auf verschiedenen Untergr\u00fcnden gew\u00e4hrleistet. Steigere [&hellip;]<\/p>\n","protected":false},"featured_media":53031,"comment_status":"open","ping_status":"closed","template":"","meta":[],"product_brand":[],"product_cat":[10780,10773,10794,10806],"product_tag":[10754,10772,10762,10777,10764,10781,10770],"class_list":{"0":"post-53030","1":"product","2":"type-product","3":"status-publish","4":"has-post-thumbnail","6":"product_cat-gender-men","7":"product_cat-nike","8":"product_cat-running-shoes","9":"product_cat-nike-zoomx-invincible-3","10":"product_tag-gift-for-him","11":"product_tag-max-cushion-cushioned-running-shoes","12":"product_tag-nike","13":"product_tag-performance-running-shoes","14":"product_tag-performance-sport-shoes","15":"product_tag-running-shoes","16":"product_tag-under-retail","17":"wcpa_has_options","19":"first","20":"instock","21":"taxable","22":"shipping-taxable","23":"purchasable","24":"product-type-simple"},"wcpa_form_fields":{"rules":{"pric_overide_base_price":false,"pric_overide_base_price_if_gt_zero":false,"pric_overide_base_price_fully":false,"pric_cal_option_once":false,"pric_use_as_fee":false,"bind_quantity":false,"quantity_bind_formula":false},"fields":[{"type":"color-group","required":true,"elementId":"wcpa-color-group-66c4a75505e74","label":"Gr\u00f6\u00dfe - EU Gr\u00f6\u00dfe","inline":true,"priceOptions":"different_for_all","pricingType":"fixed","className":"hassizechart product-shoes-size-eu product-shoes-size","name":"color-group-66c4a75505e89","disp_type":"square","selection_type":"tick-border","disp_size":"44","show_label_inside":true,"adjust_width":true,"cart_display_type":"text","other_text":"Other","cl_rule":"show","col":6,"values":[{"label":"35.5","value":"EU 35.5","price":"","pimage":"","pimage_id":"","pthumb":"","color":""},{"label":"36","value":"EU 36","price":"","pimage":"","pimage_id":"","pthumb":"","color":"","selected":true},{"label":"36.5","value":"EU 36.5","price":"","pimage":"","pimage_id":"","pthumb":"","color":""},{"label":"37.5","value":"EU 37.5","price":"","pimage":"","pimage_id":"","pthumb":"","color":""},{"label":"38","value":"EU 38","price":"","pimage":"","pimage_id":"","pthumb":"","color":""},{"label":"38.5","value":"EU 38.5","price":"","pimage":"","pimage_id":"","pthumb":"","color":""},{"label":"39","value":"EU 39","price":"","pimage":"","pimage_id":"","pthumb":"","color":""},{"label":"40","value":"EU 40","price":"","pimage":"","pimage_id":"","pthumb":"","color":""},{"label":"40.5","value":"EU 40.5","price":"","pimage":"","pimage_id":"","pthumb":"","color":""},{"label":"41","value":"EU 41","price":"","pimage":"","pimage_id":"","pthumb":"","color":""},{"label":"42","value":"EU 42","price":"","pimage":"","pimage_id":"","pthumb":"","color":""},{"label":"42.5","value":"EU 42.5","price":"","pimage":"","pimage_id":"","pthumb":"","color":""},{"label":"43","value":"EU 43","price":"","pimage":"","pimage_id":"","pthumb":"","color":""},{"label":"44","value":"EU 44","price":"","pimage":"","pimage_id":"","pthumb":"","color":""},{"label":"44.5","value":"EU 44.5","price":"","pimage":"","pimage_id":"","pthumb":"","color":""},{"label":"45","value":"EU 45","price":"","pimage":"","pimage_id":"","pthumb":"","color":""},{"label":"45.5","value":"EU 45.5","price":"","pimage":"","pimage_id":"","pthumb":"","color":""},{"label":"46","value":"EU 46","price":"","pimage":"","pimage_id":"","pthumb":"","color":""},{"label":"47","value":"EU 47","price":"","pimage":"","pimage_id":"","pthumb":"","color":""},{"label":"47.5","value":"EU 47.5","price":"","pimage":"","pimage_id":"","pthumb":"","color":""},{"label":"48","value":"EU 48","price":"","pimage":"","pimage_id":"","pthumb":"","color":""}],"relations":[{"operator":false,"rules":[]}],"form_id":18106,"form_rules":{"pric_cal_option_once":false,"exclude_from_discount":false,"pric_use_as_fee":false,"fee_label":"Fee","render_after_acb":false,"disp_hide_options_price":false}}]},"_links":{"self":[{"href":"https:\/\/moroen.com\/de\/wp-json\/wp\/v2\/product\/53030","targetHints":{"allow":["GET"]}}],"collection":[{"href":"https:\/\/moroen.com\/de\/wp-json\/wp\/v2\/product"}],"about":[{"href":"https:\/\/moroen.com\/de\/wp-json\/wp\/v2\/types\/product"}],"replies":[{"embeddable":true,"href":"https:\/\/moroen.com\/de\/wp-json\/wp\/v2\/comments?post=53030"}],"wp:featuredmedia":[{"embeddable":true,"href":"https:\/\/moroen.com\/de\/wp-json\/wp\/v2\/media\/53031"}],"wp:attachment":[{"href":"https:\/\/moroen.com\/de\/wp-json\/wp\/v2\/media?parent=53030"}],"wp:term":[{"taxonomy":"product_brand","embeddable":true,"href":"https:\/\/moroen.com\/de\/wp-json\/wp\/v2\/product_brand?post=53030"},{"taxonomy":"product_cat","embeddable":true,"href":"https:\/\/moroen.com\/de\/wp-json\/wp\/v2\/product_cat?post=53030"},{"taxonomy":"product_tag","embeddable":true,"href":"https:\/\/moroen.com\/de\/wp-json\/wp\/v2\/product_tag?post=53030"}],"curies":[{"name":"wp","href":"https:\/\/api.w.org\/{rel}","templated":true}]}}