{"id":53189,"date":"2026-03-17T10:20:24","date_gmt":"2026-03-17T03:20:24","guid":{"rendered":"https:\/\/moroen.com\/de\/product\/women-nike-zoom-pegasus-turbo-pink-foam-aj4115-601"},"modified":"2026-03-17T10:20:24","modified_gmt":"2026-03-17T03:20:24","slug":"women-nike-zoom-pegasus-turbo-pink-foam-aj4115-601","status":"publish","type":"product","link":"https:\/\/moroen.com\/de\/produkt\/women-nike-zoom-pegasus-turbo-pink-foam-aj4115-601\/","title":{"rendered":"(Women) Nike Zoom Pegasus Turbo &#8218;Pink Foam&#8216; AJ4115-601"},"content":{"rendered":"<p>Entfessle deine Geschwindigkeit mit dem elektrisierenden Nike Zoom Pegasus Turbo &#8218;Pink Foam&#8216;. Dieser Damen-Laufschuh besticht durch sein atemberaubendes pink-wei\u00dfes Design und zieht alle Blicke auf sich, w\u00e4hrend du \u00fcber die Lauffl\u00e4che fliegst. Sein revolution\u00e4rer ZoomX-Schaumstoff sorgt f\u00fcr eine unvergleichliche Energier\u00fcckgabe und treibt dich bei jedem Schritt voran. Erlebe au\u00dfergew\u00f6hnliche Reaktionsf\u00e4higkeit und D\u00e4mpfung dank der durchgehenden Carbonfaserplatte und der strapazierf\u00e4higen Gummiau\u00dfensohle. Egal, ob du eine erfahrene L\u00e4uferin bist oder gerade erst mit dem Laufen beginnst \u2013 der Nike Zoom Pegasus Turbo &#8218;Pink Foam&#8216; wird deine Leistung auf ein neues Level heben.<\/p>\n<ul>\n<li><strong>Farbgebung:<\/strong> Pink Foam\/Schwarz<\/li>\n<li><strong>Artikelnummer:<\/strong> AJ4115-601<\/li>\n<li><strong>Mittelsohle:<\/strong> Zoom X<\/li>\n<li><strong>Farbe:<\/strong> Pink<\/li>\n<li><strong>Saison:<\/strong> Ganzj\u00e4hrig<\/li>\n<\/ul>\n","protected":false},"excerpt":{"rendered":"<p>Entfessle deine Geschwindigkeit mit dem elektrisierenden Nike Zoom Pegasus Turbo &#8218;Pink Foam&#8216;. Dieser Damen-Laufschuh besticht durch sein atemberaubendes pink-wei\u00dfes Design und zieht alle Blicke auf sich, w\u00e4hrend du \u00fcber die Lauffl\u00e4che fliegst. Sein revolution\u00e4rer ZoomX-Schaumstoff sorgt f\u00fcr eine unvergleichliche Energier\u00fcckgabe und treibt dich bei jedem Schritt voran. Erlebe au\u00dfergew\u00f6hnliche Reaktionsf\u00e4higkeit und D\u00e4mpfung dank der durchgehenden [&hellip;]<\/p>\n","protected":false},"featured_media":53190,"comment_status":"open","ping_status":"closed","template":"","meta":[],"product_brand":[],"product_cat":[10773,10794,10800,10833],"product_tag":[10783,10829,10762,10792,10777,10764,10781],"class_list":{"0":"post-53189","1":"product","2":"type-product","3":"status-publish","4":"has-post-thumbnail","6":"product_cat-nike","7":"product_cat-running-shoes","8":"product_cat-gender-women","9":"product_cat-nike-zoom-pegasus-turbo","10":"product_tag-gift-for-her","11":"product_tag-lightweight-running-shoes","12":"product_tag-nike","13":"product_tag-nike-running-shoes","14":"product_tag-performance-running-shoes","15":"product_tag-performance-sport-shoes","16":"product_tag-running-shoes","17":"wcpa_has_options","19":"first","20":"instock","21":"taxable","22":"shipping-taxable","23":"purchasable","24":"product-type-simple"},"wcpa_form_fields":{"rules":{"pric_overide_base_price":false,"pric_overide_base_price_if_gt_zero":false,"pric_overide_base_price_fully":false,"pric_cal_option_once":false,"pric_use_as_fee":false,"bind_quantity":false,"quantity_bind_formula":false},"fields":[{"type":"color-group","required":true,"elementId":"wcpa-color-group-66c4a75505e74","label":"Gr\u00f6\u00dfe - EU Gr\u00f6\u00dfe","inline":true,"priceOptions":"different_for_all","pricingType":"fixed","className":"hassizechart product-shoes-size-eu product-shoes-size","name":"color-group-66c4a75505e89","disp_type":"square","selection_type":"tick-border","disp_size":"44","show_label_inside":true,"adjust_width":true,"cart_display_type":"text","other_text":"Other","cl_rule":"show","col":6,"values":[{"label":"35.5","value":"EU 35.5","price":"","pimage":"","pimage_id":"","pthumb":"","color":""},{"label":"36","value":"EU 36","price":"","pimage":"","pimage_id":"","pthumb":"","color":"","selected":true},{"label":"36.5","value":"EU 36.5","price":"","pimage":"","pimage_id":"","pthumb":"","color":""},{"label":"37.5","value":"EU 37.5","price":"","pimage":"","pimage_id":"","pthumb":"","color":""},{"label":"38","value":"EU 38","price":"","pimage":"","pimage_id":"","pthumb":"","color":""},{"label":"38.5","value":"EU 38.5","price":"","pimage":"","pimage_id":"","pthumb":"","color":""},{"label":"39","value":"EU 39","price":"","pimage":"","pimage_id":"","pthumb":"","color":""},{"label":"40","value":"EU 40","price":"","pimage":"","pimage_id":"","pthumb":"","color":""},{"label":"40.5","value":"EU 40.5","price":"","pimage":"","pimage_id":"","pthumb":"","color":""},{"label":"41","value":"EU 41","price":"","pimage":"","pimage_id":"","pthumb":"","color":""},{"label":"42","value":"EU 42","price":"","pimage":"","pimage_id":"","pthumb":"","color":""},{"label":"42.5","value":"EU 42.5","price":"","pimage":"","pimage_id":"","pthumb":"","color":""},{"label":"43","value":"EU 43","price":"","pimage":"","pimage_id":"","pthumb":"","color":""},{"label":"44","value":"EU 44","price":"","pimage":"","pimage_id":"","pthumb":"","color":""},{"label":"44.5","value":"EU 44.5","price":"","pimage":"","pimage_id":"","pthumb":"","color":""},{"label":"45","value":"EU 45","price":"","pimage":"","pimage_id":"","pthumb":"","color":""},{"label":"45.5","value":"EU 45.5","price":"","pimage":"","pimage_id":"","pthumb":"","color":""},{"label":"46","value":"EU 46","price":"","pimage":"","pimage_id":"","pthumb":"","color":""},{"label":"47","value":"EU 47","price":"","pimage":"","pimage_id":"","pthumb":"","color":""},{"label":"47.5","value":"EU 47.5","price":"","pimage":"","pimage_id":"","pthumb":"","color":""},{"label":"48","value":"EU 48","price":"","pimage":"","pimage_id":"","pthumb":"","color":""}],"relations":[{"operator":false,"rules":[]}],"form_id":18106,"form_rules":{"pric_cal_option_once":false,"exclude_from_discount":false,"pric_use_as_fee":false,"fee_label":"Fee","render_after_acb":false,"disp_hide_options_price":false}}]},"_links":{"self":[{"href":"https:\/\/moroen.com\/de\/wp-json\/wp\/v2\/product\/53189","targetHints":{"allow":["GET"]}}],"collection":[{"href":"https:\/\/moroen.com\/de\/wp-json\/wp\/v2\/product"}],"about":[{"href":"https:\/\/moroen.com\/de\/wp-json\/wp\/v2\/types\/product"}],"replies":[{"embeddable":true,"href":"https:\/\/moroen.com\/de\/wp-json\/wp\/v2\/comments?post=53189"}],"wp:featuredmedia":[{"embeddable":true,"href":"https:\/\/moroen.com\/de\/wp-json\/wp\/v2\/media\/53190"}],"wp:attachment":[{"href":"https:\/\/moroen.com\/de\/wp-json\/wp\/v2\/media?parent=53189"}],"wp:term":[{"taxonomy":"product_brand","embeddable":true,"href":"https:\/\/moroen.com\/de\/wp-json\/wp\/v2\/product_brand?post=53189"},{"taxonomy":"product_cat","embeddable":true,"href":"https:\/\/moroen.com\/de\/wp-json\/wp\/v2\/product_cat?post=53189"},{"taxonomy":"product_tag","embeddable":true,"href":"https:\/\/moroen.com\/de\/wp-json\/wp\/v2\/product_tag?post=53189"}],"curies":[{"name":"wp","href":"https:\/\/api.w.org\/{rel}","templated":true}]}}