{"id":53282,"date":"2026-03-17T10:20:26","date_gmt":"2026-03-17T03:20:26","guid":{"rendered":"https:\/\/moroen.com\/de\/product\/women-nike-reactx-infinity-run-4-deep-jungle-jade-ice-dr2670-301"},"modified":"2026-03-17T10:20:26","modified_gmt":"2026-03-17T03:20:26","slug":"women-nike-reactx-infinity-run-4-deep-jungle-jade-ice-dr2670-301","status":"publish","type":"product","link":"https:\/\/moroen.com\/de\/produkt\/women-nike-reactx-infinity-run-4-deep-jungle-jade-ice-dr2670-301\/","title":{"rendered":"(Women) Nike ReactX Infinity Run 4 &#8218;Deep Jungle Jade Ice&#8216; DR2670-301"},"content":{"rendered":"<p>Erlebe ein neues Laufgef\u00fchl mit dem Nike ReactX Infinity Run 4 &#8218;Deep Jungle Jade Ice&#8216;, der speziell f\u00fcr Frauen entwickelt wurde, die sich ein besonders geschmeidiges und reaktionsfreudiges Laufgef\u00fchl w\u00fcnschen. Die weiche React-Schaum-Mittelsohle d\u00e4mpft jeden Schritt, und das energier\u00fcckf\u00fchrende Rocker-Design sorgt f\u00fcr m\u00fchelosen Vortrieb. Das atmungsaktive, dehnbare Flyknit-Obermaterial passt sich deinem Fu\u00df perfekt an, w\u00e4hrend die strapazierf\u00e4hige Gummiau\u00dfensohle hervorragende Traktion garantiert. Erlebe grenzenlose Lauffreude mit dem Nike ReactX Infinity Run 4 \u201eDeep Jungle Jade Ice\u201c.<\/p>\n<ul>\n<li><strong>Farbgebung:<\/strong> Deep Jungle\/Schwarz\/Jade Ice\/Metallic Silver<\/li>\n<li><strong>Style-Code:<\/strong> DR2670-301<\/li>\n<li><strong>Obermaterial:<\/strong> Flyknit<\/li>\n<li><strong>Mittelsohle:<\/strong> ReactX<\/li>\n<li><strong>Farbe:<\/strong> T\u00fcrkis<\/li>\n<li><strong>Erscheinungsjahr:<\/strong> 2023<\/li>\n<\/ul>\n","protected":false},"excerpt":{"rendered":"<p>Erlebe ein neues Laufgef\u00fchl mit dem Nike ReactX Infinity Run 4 &#8218;Deep Jungle Jade Ice&#8216;, der speziell f\u00fcr Frauen entwickelt wurde, die sich ein besonders geschmeidiges und reaktionsfreudiges Laufgef\u00fchl w\u00fcnschen. Die weiche React-Schaum-Mittelsohle d\u00e4mpft jeden Schritt, und das energier\u00fcckf\u00fchrende Rocker-Design sorgt f\u00fcr m\u00fchelosen Vortrieb. Das atmungsaktive, dehnbare Flyknit-Obermaterial passt sich deinem Fu\u00df perfekt an, w\u00e4hrend [&hellip;]<\/p>\n","protected":false},"featured_media":53283,"comment_status":"open","ping_status":"closed","template":"","meta":[],"product_brand":[],"product_cat":[10773,10798,10794,10800],"product_tag":[10783,10772,10762,10792,10777,10764,10781,10796],"class_list":{"0":"post-53282","1":"product","2":"type-product","3":"status-publish","4":"has-post-thumbnail","6":"product_cat-nike","7":"product_cat-nike-reactx-infinity-run-4","8":"product_cat-running-shoes","9":"product_cat-gender-women","10":"product_tag-gift-for-her","11":"product_tag-max-cushion-cushioned-running-shoes","12":"product_tag-nike","13":"product_tag-nike-running-shoes","14":"product_tag-performance-running-shoes","15":"product_tag-performance-sport-shoes","16":"product_tag-running-shoes","17":"product_tag-stability-overpronation-running-shoes","18":"wcpa_has_options","20":"first","21":"instock","22":"taxable","23":"shipping-taxable","24":"purchasable","25":"product-type-simple"},"wcpa_form_fields":{"rules":{"pric_overide_base_price":false,"pric_overide_base_price_if_gt_zero":false,"pric_overide_base_price_fully":false,"pric_cal_option_once":false,"pric_use_as_fee":false,"bind_quantity":false,"quantity_bind_formula":false},"fields":[{"type":"color-group","required":true,"elementId":"wcpa-color-group-66c4a75505e74","label":"Gr\u00f6\u00dfe - EU Gr\u00f6\u00dfe","inline":true,"priceOptions":"different_for_all","pricingType":"fixed","className":"hassizechart product-shoes-size-eu product-shoes-size","name":"color-group-66c4a75505e89","disp_type":"square","selection_type":"tick-border","disp_size":"44","show_label_inside":true,"adjust_width":true,"cart_display_type":"text","other_text":"Other","cl_rule":"show","col":6,"values":[{"label":"35.5","value":"EU 35.5","price":"","pimage":"","pimage_id":"","pthumb":"","color":""},{"label":"36","value":"EU 36","price":"","pimage":"","pimage_id":"","pthumb":"","color":"","selected":true},{"label":"36.5","value":"EU 36.5","price":"","pimage":"","pimage_id":"","pthumb":"","color":""},{"label":"37.5","value":"EU 37.5","price":"","pimage":"","pimage_id":"","pthumb":"","color":""},{"label":"38","value":"EU 38","price":"","pimage":"","pimage_id":"","pthumb":"","color":""},{"label":"38.5","value":"EU 38.5","price":"","pimage":"","pimage_id":"","pthumb":"","color":""},{"label":"39","value":"EU 39","price":"","pimage":"","pimage_id":"","pthumb":"","color":""},{"label":"40","value":"EU 40","price":"","pimage":"","pimage_id":"","pthumb":"","color":""},{"label":"40.5","value":"EU 40.5","price":"","pimage":"","pimage_id":"","pthumb":"","color":""},{"label":"41","value":"EU 41","price":"","pimage":"","pimage_id":"","pthumb":"","color":""},{"label":"42","value":"EU 42","price":"","pimage":"","pimage_id":"","pthumb":"","color":""},{"label":"42.5","value":"EU 42.5","price":"","pimage":"","pimage_id":"","pthumb":"","color":""},{"label":"43","value":"EU 43","price":"","pimage":"","pimage_id":"","pthumb":"","color":""},{"label":"44","value":"EU 44","price":"","pimage":"","pimage_id":"","pthumb":"","color":""},{"label":"44.5","value":"EU 44.5","price":"","pimage":"","pimage_id":"","pthumb":"","color":""},{"label":"45","value":"EU 45","price":"","pimage":"","pimage_id":"","pthumb":"","color":""},{"label":"45.5","value":"EU 45.5","price":"","pimage":"","pimage_id":"","pthumb":"","color":""},{"label":"46","value":"EU 46","price":"","pimage":"","pimage_id":"","pthumb":"","color":""},{"label":"47","value":"EU 47","price":"","pimage":"","pimage_id":"","pthumb":"","color":""},{"label":"47.5","value":"EU 47.5","price":"","pimage":"","pimage_id":"","pthumb":"","color":""},{"label":"48","value":"EU 48","price":"","pimage":"","pimage_id":"","pthumb":"","color":""}],"relations":[{"operator":false,"rules":[]}],"form_id":18106,"form_rules":{"pric_cal_option_once":false,"exclude_from_discount":false,"pric_use_as_fee":false,"fee_label":"Fee","render_after_acb":false,"disp_hide_options_price":false}}]},"_links":{"self":[{"href":"https:\/\/moroen.com\/de\/wp-json\/wp\/v2\/product\/53282","targetHints":{"allow":["GET"]}}],"collection":[{"href":"https:\/\/moroen.com\/de\/wp-json\/wp\/v2\/product"}],"about":[{"href":"https:\/\/moroen.com\/de\/wp-json\/wp\/v2\/types\/product"}],"replies":[{"embeddable":true,"href":"https:\/\/moroen.com\/de\/wp-json\/wp\/v2\/comments?post=53282"}],"wp:featuredmedia":[{"embeddable":true,"href":"https:\/\/moroen.com\/de\/wp-json\/wp\/v2\/media\/53283"}],"wp:attachment":[{"href":"https:\/\/moroen.com\/de\/wp-json\/wp\/v2\/media?parent=53282"}],"wp:term":[{"taxonomy":"product_brand","embeddable":true,"href":"https:\/\/moroen.com\/de\/wp-json\/wp\/v2\/product_brand?post=53282"},{"taxonomy":"product_cat","embeddable":true,"href":"https:\/\/moroen.com\/de\/wp-json\/wp\/v2\/product_cat?post=53282"},{"taxonomy":"product_tag","embeddable":true,"href":"https:\/\/moroen.com\/de\/wp-json\/wp\/v2\/product_tag?post=53282"}],"curies":[{"name":"wp","href":"https:\/\/api.w.org\/{rel}","templated":true}]}}