{"id":54163,"date":"2026-03-17T10:20:55","date_gmt":"2026-03-17T03:20:55","guid":{"rendered":"https:\/\/moroen.com\/de\/product\/nike-air-zoom-pegasus-37-white-cyber-bq9646-102"},"modified":"2026-03-17T10:20:55","modified_gmt":"2026-03-17T03:20:55","slug":"nike-air-zoom-pegasus-37-white-cyber-bq9646-102","status":"publish","type":"product","link":"https:\/\/moroen.com\/de\/produkt\/nike-air-zoom-pegasus-37-white-cyber-bq9646-102\/","title":{"rendered":"Nike Air Zoom Pegasus 37 &#8218;White Cyber&#8216; BQ9646-102"},"content":{"rendered":"<p>Wir pr\u00e4sentieren den Nike Air Zoom Pegasus 37 White Cyber, den ultimativen Laufschuh von Nike. Mit seinem eleganten wei\u00dfen Design und den dynamischen Cyber-Akzenten ist dieser Schuh gleicherma\u00dfen stylisch und funktional. Die Air Zoom-Technologie sorgt f\u00fcr reaktionsfreudige D\u00e4mpfung und Sto\u00dfabsorption, w\u00e4hrend die robuste Konstruktion f\u00fcr lange Haltbarkeit garantiert. Der Nike Air Zoom Pegasus 37 White Cyber \u200b\u200bist perfekt f\u00fcr Athleten und L\u00e4ufer aller Leistungsstufen und der Must-have-Schuh f\u00fcr dein n\u00e4chstes Workout.<\/p>\n<p>Farbgebung: Wei\u00df\/Cyber\/Schwarz\/Racer Blue<\/p>\n<p>Artikelnummer: BQ9646-102<\/p>\n<p>Obermaterial: Textil<\/p>\n<p>Mittelsohle: Zoom Air<\/p>\n<p>Farbe: Wei\u00df<\/p>\n<p>Saison: Ganzj\u00e4hrig<\/p>\n<p>Farbe: Wei\u00df<\/p>\n","protected":false},"excerpt":{"rendered":"<p>Wir pr\u00e4sentieren den Nike Air Zoom Pegasus 37 White Cyber, den ultimativen Laufschuh von Nike. Mit seinem eleganten wei\u00dfen Design und den dynamischen Cyber-Akzenten ist dieser Schuh gleicherma\u00dfen stylisch und funktional. Die Air Zoom-Technologie sorgt f\u00fcr reaktionsfreudige D\u00e4mpfung und Sto\u00dfabsorption, w\u00e4hrend die robuste Konstruktion f\u00fcr lange Haltbarkeit garantiert. Der Nike Air Zoom Pegasus 37 White [&hellip;]<\/p>\n","protected":false},"featured_media":54164,"comment_status":"open","ping_status":"closed","template":"","meta":[],"product_brand":[],"product_cat":[11219,10780,10773,10794],"product_tag":[10749,10751,10754,10762,10792,10764,10781],"class_list":{"0":"post-54163","1":"product","2":"type-product","3":"status-publish","4":"has-post-thumbnail","6":"product_cat-nike-air-zoom-pegasus-37","7":"product_cat-gender-men","8":"product_cat-nike","9":"product_cat-running-shoes","10":"product_tag-ankle-support-basketball-shoes","11":"product_tag-basketball-shoes","12":"product_tag-gift-for-him","13":"product_tag-nike","14":"product_tag-nike-running-shoes","15":"product_tag-performance-sport-shoes","16":"product_tag-running-shoes","17":"wcpa_has_options","19":"first","20":"instock","21":"taxable","22":"shipping-taxable","23":"purchasable","24":"product-type-simple"},"wcpa_form_fields":{"rules":{"pric_overide_base_price":false,"pric_overide_base_price_if_gt_zero":false,"pric_overide_base_price_fully":false,"pric_cal_option_once":false,"pric_use_as_fee":false,"bind_quantity":false,"quantity_bind_formula":false},"fields":[{"type":"color-group","required":true,"elementId":"wcpa-color-group-66c4a75505e74","label":"Gr\u00f6\u00dfe - EU Gr\u00f6\u00dfe","inline":true,"priceOptions":"different_for_all","pricingType":"fixed","className":"hassizechart product-shoes-size-eu product-shoes-size","name":"color-group-66c4a75505e89","disp_type":"square","selection_type":"tick-border","disp_size":"44","show_label_inside":true,"adjust_width":true,"cart_display_type":"text","other_text":"Other","cl_rule":"show","col":6,"values":[{"label":"35.5","value":"EU 35.5","price":"","pimage":"","pimage_id":"","pthumb":"","color":""},{"label":"36","value":"EU 36","price":"","pimage":"","pimage_id":"","pthumb":"","color":"","selected":true},{"label":"36.5","value":"EU 36.5","price":"","pimage":"","pimage_id":"","pthumb":"","color":""},{"label":"37.5","value":"EU 37.5","price":"","pimage":"","pimage_id":"","pthumb":"","color":""},{"label":"38","value":"EU 38","price":"","pimage":"","pimage_id":"","pthumb":"","color":""},{"label":"38.5","value":"EU 38.5","price":"","pimage":"","pimage_id":"","pthumb":"","color":""},{"label":"39","value":"EU 39","price":"","pimage":"","pimage_id":"","pthumb":"","color":""},{"label":"40","value":"EU 40","price":"","pimage":"","pimage_id":"","pthumb":"","color":""},{"label":"40.5","value":"EU 40.5","price":"","pimage":"","pimage_id":"","pthumb":"","color":""},{"label":"41","value":"EU 41","price":"","pimage":"","pimage_id":"","pthumb":"","color":""},{"label":"42","value":"EU 42","price":"","pimage":"","pimage_id":"","pthumb":"","color":""},{"label":"42.5","value":"EU 42.5","price":"","pimage":"","pimage_id":"","pthumb":"","color":""},{"label":"43","value":"EU 43","price":"","pimage":"","pimage_id":"","pthumb":"","color":""},{"label":"44","value":"EU 44","price":"","pimage":"","pimage_id":"","pthumb":"","color":""},{"label":"44.5","value":"EU 44.5","price":"","pimage":"","pimage_id":"","pthumb":"","color":""},{"label":"45","value":"EU 45","price":"","pimage":"","pimage_id":"","pthumb":"","color":""},{"label":"45.5","value":"EU 45.5","price":"","pimage":"","pimage_id":"","pthumb":"","color":""},{"label":"46","value":"EU 46","price":"","pimage":"","pimage_id":"","pthumb":"","color":""},{"label":"47","value":"EU 47","price":"","pimage":"","pimage_id":"","pthumb":"","color":""},{"label":"47.5","value":"EU 47.5","price":"","pimage":"","pimage_id":"","pthumb":"","color":""},{"label":"48","value":"EU 48","price":"","pimage":"","pimage_id":"","pthumb":"","color":""}],"relations":[{"operator":false,"rules":[]}],"form_id":18106,"form_rules":{"pric_cal_option_once":false,"exclude_from_discount":false,"pric_use_as_fee":false,"fee_label":"Fee","render_after_acb":false,"disp_hide_options_price":false}}]},"_links":{"self":[{"href":"https:\/\/moroen.com\/de\/wp-json\/wp\/v2\/product\/54163","targetHints":{"allow":["GET"]}}],"collection":[{"href":"https:\/\/moroen.com\/de\/wp-json\/wp\/v2\/product"}],"about":[{"href":"https:\/\/moroen.com\/de\/wp-json\/wp\/v2\/types\/product"}],"replies":[{"embeddable":true,"href":"https:\/\/moroen.com\/de\/wp-json\/wp\/v2\/comments?post=54163"}],"wp:featuredmedia":[{"embeddable":true,"href":"https:\/\/moroen.com\/de\/wp-json\/wp\/v2\/media\/54164"}],"wp:attachment":[{"href":"https:\/\/moroen.com\/de\/wp-json\/wp\/v2\/media?parent=54163"}],"wp:term":[{"taxonomy":"product_brand","embeddable":true,"href":"https:\/\/moroen.com\/de\/wp-json\/wp\/v2\/product_brand?post=54163"},{"taxonomy":"product_cat","embeddable":true,"href":"https:\/\/moroen.com\/de\/wp-json\/wp\/v2\/product_cat?post=54163"},{"taxonomy":"product_tag","embeddable":true,"href":"https:\/\/moroen.com\/de\/wp-json\/wp\/v2\/product_tag?post=54163"}],"curies":[{"name":"wp","href":"https:\/\/api.w.org\/{rel}","templated":true}]}}