{"id":54998,"date":"2026-03-17T10:21:20","date_gmt":"2026-03-17T03:21:20","guid":{"rendered":"https:\/\/moroen.com\/de\/product\/nike-air-zoom-structure-25-white-volt-dj7883-100"},"modified":"2026-03-17T10:21:20","modified_gmt":"2026-03-17T03:21:20","slug":"nike-air-zoom-structure-25-white-volt-dj7883-100","status":"publish","type":"product","link":"https:\/\/moroen.com\/de\/produkt\/nike-air-zoom-structure-25-white-volt-dj7883-100\/","title":{"rendered":"Nike Air Zoom Structure 25 &#8218;White Volt&#8216; DJ7883-100"},"content":{"rendered":"<p>Erlebe unvergleichliche D\u00e4mpfung und Stabilit\u00e4t mit dem Nike Air Zoom Structure 25 &#8218;White Volt&#8216;! Das verbesserte Mesh-Obermaterial bietet atmungsaktiven Komfort, w\u00e4hrend die Zoom Air-Elemente f\u00fcr reaktionsschnelle Energier\u00fcckgabe sorgen. Die Flywire-Technologie garantiert einen sicheren Halt, und die strapazierf\u00e4hige Gummiau\u00dfensohle bietet hervorragende Traktion. Egal, ob du an deine Grenzen gehst oder einfach nur deinen t\u00e4glichen Lauf genie\u00dft \u2013 diese Schuhe unterst\u00fctzen dich mit au\u00dfergew\u00f6hnlicher Performance und Style.<\/p>\n<p>Farbgebung: Wei\u00df\/Volt\/Phantom\/Schwarz<br \/>\nStyle-Code: DJ7883-100<br \/>\nObermaterial: Mesh<br \/>\nMittelsohle: Zoom Air<br \/>\nFarbe: Wei\u00df<br \/>\nSaison: Sommer<br \/>\nErscheinungsjahr: 2023<\/p>\n","protected":false},"excerpt":{"rendered":"<p>Erlebe unvergleichliche D\u00e4mpfung und Stabilit\u00e4t mit dem Nike Air Zoom Structure 25 &#8218;White Volt&#8216;! Das verbesserte Mesh-Obermaterial bietet atmungsaktiven Komfort, w\u00e4hrend die Zoom Air-Elemente f\u00fcr reaktionsschnelle Energier\u00fcckgabe sorgen. Die Flywire-Technologie garantiert einen sicheren Halt, und die strapazierf\u00e4hige Gummiau\u00dfensohle bietet hervorragende Traktion. Egal, ob du an deine Grenzen gehst oder einfach nur deinen t\u00e4glichen Lauf genie\u00dft [&hellip;]<\/p>\n","protected":false},"featured_media":54999,"comment_status":"open","ping_status":"closed","template":"","meta":[],"product_brand":[],"product_cat":[11002,10780,10773,10794],"product_tag":[10749,10751,10754,10762,10792,10764,10781,10770],"class_list":{"0":"post-54998","1":"product","2":"type-product","3":"status-publish","4":"has-post-thumbnail","6":"product_cat-nike-air-zoom-structure-25","7":"product_cat-gender-men","8":"product_cat-nike","9":"product_cat-running-shoes","10":"product_tag-ankle-support-basketball-shoes","11":"product_tag-basketball-shoes","12":"product_tag-gift-for-him","13":"product_tag-nike","14":"product_tag-nike-running-shoes","15":"product_tag-performance-sport-shoes","16":"product_tag-running-shoes","17":"product_tag-under-retail","18":"wcpa_has_options","20":"first","21":"instock","22":"taxable","23":"shipping-taxable","24":"purchasable","25":"product-type-simple"},"wcpa_form_fields":{"rules":{"pric_overide_base_price":false,"pric_overide_base_price_if_gt_zero":false,"pric_overide_base_price_fully":false,"pric_cal_option_once":false,"pric_use_as_fee":false,"bind_quantity":false,"quantity_bind_formula":false},"fields":[{"type":"color-group","required":true,"elementId":"wcpa-color-group-66c4a75505e74","label":"Gr\u00f6\u00dfe - EU Gr\u00f6\u00dfe","inline":true,"priceOptions":"different_for_all","pricingType":"fixed","className":"hassizechart product-shoes-size-eu product-shoes-size","name":"color-group-66c4a75505e89","disp_type":"square","selection_type":"tick-border","disp_size":"44","show_label_inside":true,"adjust_width":true,"cart_display_type":"text","other_text":"Other","cl_rule":"show","col":6,"values":[{"label":"35.5","value":"EU 35.5","price":"","pimage":"","pimage_id":"","pthumb":"","color":""},{"label":"36","value":"EU 36","price":"","pimage":"","pimage_id":"","pthumb":"","color":"","selected":true},{"label":"36.5","value":"EU 36.5","price":"","pimage":"","pimage_id":"","pthumb":"","color":""},{"label":"37.5","value":"EU 37.5","price":"","pimage":"","pimage_id":"","pthumb":"","color":""},{"label":"38","value":"EU 38","price":"","pimage":"","pimage_id":"","pthumb":"","color":""},{"label":"38.5","value":"EU 38.5","price":"","pimage":"","pimage_id":"","pthumb":"","color":""},{"label":"39","value":"EU 39","price":"","pimage":"","pimage_id":"","pthumb":"","color":""},{"label":"40","value":"EU 40","price":"","pimage":"","pimage_id":"","pthumb":"","color":""},{"label":"40.5","value":"EU 40.5","price":"","pimage":"","pimage_id":"","pthumb":"","color":""},{"label":"41","value":"EU 41","price":"","pimage":"","pimage_id":"","pthumb":"","color":""},{"label":"42","value":"EU 42","price":"","pimage":"","pimage_id":"","pthumb":"","color":""},{"label":"42.5","value":"EU 42.5","price":"","pimage":"","pimage_id":"","pthumb":"","color":""},{"label":"43","value":"EU 43","price":"","pimage":"","pimage_id":"","pthumb":"","color":""},{"label":"44","value":"EU 44","price":"","pimage":"","pimage_id":"","pthumb":"","color":""},{"label":"44.5","value":"EU 44.5","price":"","pimage":"","pimage_id":"","pthumb":"","color":""},{"label":"45","value":"EU 45","price":"","pimage":"","pimage_id":"","pthumb":"","color":""},{"label":"45.5","value":"EU 45.5","price":"","pimage":"","pimage_id":"","pthumb":"","color":""},{"label":"46","value":"EU 46","price":"","pimage":"","pimage_id":"","pthumb":"","color":""},{"label":"47","value":"EU 47","price":"","pimage":"","pimage_id":"","pthumb":"","color":""},{"label":"47.5","value":"EU 47.5","price":"","pimage":"","pimage_id":"","pthumb":"","color":""},{"label":"48","value":"EU 48","price":"","pimage":"","pimage_id":"","pthumb":"","color":""}],"relations":[{"operator":false,"rules":[]}],"form_id":18106,"form_rules":{"pric_cal_option_once":false,"exclude_from_discount":false,"pric_use_as_fee":false,"fee_label":"Fee","render_after_acb":false,"disp_hide_options_price":false}}]},"_links":{"self":[{"href":"https:\/\/moroen.com\/de\/wp-json\/wp\/v2\/product\/54998","targetHints":{"allow":["GET"]}}],"collection":[{"href":"https:\/\/moroen.com\/de\/wp-json\/wp\/v2\/product"}],"about":[{"href":"https:\/\/moroen.com\/de\/wp-json\/wp\/v2\/types\/product"}],"replies":[{"embeddable":true,"href":"https:\/\/moroen.com\/de\/wp-json\/wp\/v2\/comments?post=54998"}],"wp:featuredmedia":[{"embeddable":true,"href":"https:\/\/moroen.com\/de\/wp-json\/wp\/v2\/media\/54999"}],"wp:attachment":[{"href":"https:\/\/moroen.com\/de\/wp-json\/wp\/v2\/media?parent=54998"}],"wp:term":[{"taxonomy":"product_brand","embeddable":true,"href":"https:\/\/moroen.com\/de\/wp-json\/wp\/v2\/product_brand?post=54998"},{"taxonomy":"product_cat","embeddable":true,"href":"https:\/\/moroen.com\/de\/wp-json\/wp\/v2\/product_cat?post=54998"},{"taxonomy":"product_tag","embeddable":true,"href":"https:\/\/moroen.com\/de\/wp-json\/wp\/v2\/product_tag?post=54998"}],"curies":[{"name":"wp","href":"https:\/\/api.w.org\/{rel}","templated":true}]}}