{"id":56742,"date":"2026-03-17T10:22:16","date_gmt":"2026-03-17T03:22:16","guid":{"rendered":"https:\/\/moroen.com\/de\/product\/women-adidas-samba-og-aluminium-gum-ie7013"},"modified":"2026-03-17T10:22:16","modified_gmt":"2026-03-17T03:22:16","slug":"women-adidas-samba-og-aluminium-gum-ie7013","status":"publish","type":"product","link":"https:\/\/moroen.com\/de\/produkt\/women-adidas-samba-og-aluminium-gum-ie7013\/","title":{"rendered":"(Women) adidas Samba OG &#8218;Aluminium Gum&#8216; IE7013"},"content":{"rendered":"<p>Wir pr\u00e4sentieren die adidas Samba OG Aluminium Gum Sneaker f\u00fcr Damen. Diese stylischen Sneaker vereinen klassisches Design mit einem modernen Touch. Das Obermaterial ist aus aluminiumgrauem Material gefertigt, w\u00e4hrend die Gummisohle f\u00fcr zus\u00e4tzlichen Style sorgt. Diese adidas Sneaker sind perfekt f\u00fcr Freizeit und Sport. Mit den adidas Samba OG Aluminium Gum Sneakern setzt du modische Akzente.<\/p>\n<p>Farbgebung: Aluminium\/Kreidewei\u00df\/Wunderbeige<br \/>\nArtikelnummer: IE7013<br \/>\nObermaterial: Leder<br \/>\nFarbe: Beige<br \/>\nErscheinungsjahr: 2023<\/p>\n<p>Farbe: Beige<\/p>\n","protected":false},"excerpt":{"rendered":"<p>Wir pr\u00e4sentieren die adidas Samba OG Aluminium Gum Sneaker f\u00fcr Damen. Diese stylischen Sneaker vereinen klassisches Design mit einem modernen Touch. Das Obermaterial ist aus aluminiumgrauem Material gefertigt, w\u00e4hrend die Gummisohle f\u00fcr zus\u00e4tzlichen Style sorgt. Diese adidas Sneaker sind perfekt f\u00fcr Freizeit und Sport. Mit den adidas Samba OG Aluminium Gum Sneakern setzt du modische [&hellip;]<\/p>\n","protected":false},"featured_media":56743,"comment_status":"open","ping_status":"closed","template":"","meta":[],"product_brand":[],"product_cat":[10791,11041,11040,10800],"product_tag":[10789,10856,10750,10868,10869,10870,10783,10913,10756,11039,10914,10858],"class_list":{"0":"post-56742","1":"product","2":"type-product","3":"status-publish","4":"has-post-thumbnail","6":"product_cat-adidas","7":"product_cat-lifestyle-shoes-soccer-inspired","8":"product_cat-adidas-samba-og","9":"product_cat-gender-women","10":"product_tag-adidas","11":"product_tag-adidas-skateboarding-shoes","12":"product_tag-athleisure-shoes","13":"product_tag-equality-day-women-coll","14":"product_tag-equality-day-women-s-collection","15":"product_tag-equality-day-women-s-edition","16":"product_tag-gift-for-her","17":"product_tag-international-women-day-coll","18":"product_tag-lifestyle-casual-shoes","19":"product_tag-lifestyle-shoes-soccer-inspired","20":"product_tag-mother-day-coll","21":"product_tag-retro-casual-shoes","22":"wcpa_has_options","24":"first","25":"instock","26":"taxable","27":"shipping-taxable","28":"purchasable","29":"product-type-simple"},"wcpa_form_fields":{"rules":{"pric_overide_base_price":false,"pric_overide_base_price_if_gt_zero":false,"pric_overide_base_price_fully":false,"pric_cal_option_once":false,"pric_use_as_fee":false,"bind_quantity":false,"quantity_bind_formula":false},"fields":[{"type":"color-group","required":true,"elementId":"wcpa-color-group-66c4a7f817afe","label":"Gr\u00f6\u00dfe","inline":true,"priceOptions":"different_for_all","pricingType":"fixed","className":"hassizechart product-shoes-size-eu product-shoes-size","name":"color-group-66c4a7f817b18","disp_type":"square","selection_type":"tick-border","disp_size":"50","show_label_inside":true,"adjust_width":true,"cart_display_type":"text","other_text":"Other","cl_rule":"show","col":6,"values":[{"label":"35","value":"EU 35","price":"","pimage":"","pimage_id":"","pthumb":"","color":""},{"label":"35.5","value":"EU 35.5","price":"","pimage":"","pimage_id":"","pthumb":"","color":""},{"label":"36","value":"EU 36","price":"","pimage":"","pimage_id":"","pthumb":"","color":"","selected":true},{"label":"36 2\/3","value":"EU 36 2\/3","price":"","pimage":"","pimage_id":"","pthumb":"","color":""},{"label":"37 1\/3","value":"EU 37 1\/3","price":"","pimage":"","pimage_id":"","pthumb":"","color":""},{"label":"38","value":"EU 38","price":"","pimage":"","pimage_id":"","pthumb":"","color":""},{"label":"38 2\/3","value":"EU 38 2\/3","price":"","pimage":"","pimage_id":"","pthumb":"","color":""},{"label":"39 1\/3","value":"EU 39 1\/3","price":"","pimage":"","pimage_id":"","pthumb":"","color":""},{"label":"40","value":"EU 40","price":"","pimage":"","pimage_id":"","pthumb":"","color":""},{"label":"40 2\/3","value":"EU 40 2\/3","price":"","pimage":"","pimage_id":"","pthumb":"","color":""},{"label":"41 1\/3","value":"EU 41 1\/3","price":"","pimage":"","pimage_id":"","pthumb":"","color":""},{"label":"42","value":"EU 42","price":"","pimage":"","pimage_id":"","pthumb":"","color":""},{"label":"42 2\/3","value":"EU 42 2\/3","price":"","pimage":"","pimage_id":"","pthumb":"","color":""},{"label":"43 1\/3","value":"EU 43 1\/3","price":"","pimage":"","pimage_id":"","pthumb":"","color":""},{"label":"44","value":"EU 44","price":"","pimage":"","pimage_id":"","pthumb":"","color":""},{"label":"44 2\/3","value":"EU 44 2\/3","price":"","pimage":"","pimage_id":"","pthumb":"","color":""},{"label":"45 1\/3","value":"EU 45 1\/3","price":"","pimage":"","pimage_id":"","pthumb":"","color":""},{"label":"46","value":"EU 46","price":"","pimage":"","pimage_id":"","pthumb":"","color":""},{"label":"46 2\/3","value":"EU 46 2\/3","price":"","pimage":"","pimage_id":"","pthumb":"","color":""},{"label":"47 1\/3","value":"EU 47 1\/3","price":"","pimage":"","pimage_id":"","pthumb":"","color":""}],"relations":[{"operator":false,"rules":[]}],"form_id":24802,"form_rules":{"pric_cal_option_once":false,"exclude_from_discount":false,"pric_use_as_fee":false,"fee_label":"Fee","render_after_acb":false,"disp_hide_options_price":false}}]},"_links":{"self":[{"href":"https:\/\/moroen.com\/de\/wp-json\/wp\/v2\/product\/56742","targetHints":{"allow":["GET"]}}],"collection":[{"href":"https:\/\/moroen.com\/de\/wp-json\/wp\/v2\/product"}],"about":[{"href":"https:\/\/moroen.com\/de\/wp-json\/wp\/v2\/types\/product"}],"replies":[{"embeddable":true,"href":"https:\/\/moroen.com\/de\/wp-json\/wp\/v2\/comments?post=56742"}],"wp:featuredmedia":[{"embeddable":true,"href":"https:\/\/moroen.com\/de\/wp-json\/wp\/v2\/media\/56743"}],"wp:attachment":[{"href":"https:\/\/moroen.com\/de\/wp-json\/wp\/v2\/media?parent=56742"}],"wp:term":[{"taxonomy":"product_brand","embeddable":true,"href":"https:\/\/moroen.com\/de\/wp-json\/wp\/v2\/product_brand?post=56742"},{"taxonomy":"product_cat","embeddable":true,"href":"https:\/\/moroen.com\/de\/wp-json\/wp\/v2\/product_cat?post=56742"},{"taxonomy":"product_tag","embeddable":true,"href":"https:\/\/moroen.com\/de\/wp-json\/wp\/v2\/product_tag?post=56742"}],"curies":[{"name":"wp","href":"https:\/\/api.w.org\/{rel}","templated":true}]}}