{"id":56803,"date":"2026-03-17T10:22:18","date_gmt":"2026-03-17T03:22:18","guid":{"rendered":"https:\/\/moroen.com\/de\/product\/youth-nike-air-force-1-impact-next-nature-white-blue-lightning-blue-lightning-fd0677-100"},"modified":"2026-03-17T10:22:18","modified_gmt":"2026-03-17T03:22:18","slug":"youth-nike-air-force-1-impact-next-nature-white-blue-lightning-blue-lightning-fd0677-100","status":"publish","type":"product","link":"https:\/\/moroen.com\/de\/produkt\/youth-nike-air-force-1-impact-next-nature-white-blue-lightning-blue-lightning-fd0677-100\/","title":{"rendered":"(Youth) Nike Air Force 1 Impact Next Nature White Blue Lightning Blue Lightning FD0677-100"},"content":{"rendered":"<p>Verleihe deinem Style mit dem Nike Air Force 1 Impact Next Nature, der nachhaltigen Interpretation der legend\u00e4ren Silhouette, das gewisse Extra. Dieser umweltfreundliche Sneaker aus recycelten Materialien besticht durch ein strahlend wei\u00dfes Obermaterial und leuchtend blaue Akzente, die deinem Look das gewisse Etwas verleihen. Sein innovatives Design sorgt f\u00fcr ein komfortables und stylisches Laufgef\u00fchl und macht ihn zur perfekten Wahl f\u00fcr modebewusste Fashionistas.<\/p>\n<ul>\n<li><strong>Farbgebung:<\/strong> Wei\u00df\/Blau\/Blau\n<\/li>\n<li><strong>Style-Code:<\/strong> FD0677-100\n<\/li>\n<li><strong>Obermaterial:<\/strong> Leder\n<\/li>\n<li><strong>Mittelsohle:<\/strong> Air\n<\/li>\n<li><strong>Farbe:<\/strong> Wei\u00df\n<\/li>\n<li><strong>Designer:<\/strong> Bruce Kilgore\n<\/ul>\n","protected":false},"excerpt":{"rendered":"<p>Verleihe deinem Style mit dem Nike Air Force 1 Impact Next Nature, der nachhaltigen Interpretation der legend\u00e4ren Silhouette, das gewisse Extra. Dieser umweltfreundliche Sneaker aus recycelten Materialien besticht durch ein strahlend wei\u00dfes Obermaterial und leuchtend blaue Akzente, die deinem Look das gewisse Etwas verleihen. Sein innovatives Design sorgt f\u00fcr ein komfortables und stylisches Laufgef\u00fchl und [&hellip;]<\/p>\n","protected":false},"featured_media":56804,"comment_status":"open","ping_status":"closed","template":"","meta":[],"product_brand":[],"product_cat":[11135,10905,10773,10828],"product_tag":[10750,10902,10903,10762,10839,10858],"class_list":{"0":"post-56803","1":"product","2":"type-product","3":"status-publish","4":"has-post-thumbnail","6":"product_cat-nike-air-force-1","7":"product_cat-kids-sneakers","8":"product_cat-nike","9":"product_cat-gender-youth","10":"product_tag-athleisure-shoes","11":"product_tag-kids-lifestyle-casual-shoes","12":"product_tag-kids-sneakers","13":"product_tag-nike","14":"product_tag-nike-skateboarding-shoes","15":"product_tag-retro-casual-shoes","16":"wcpa_has_options","18":"first","19":"instock","20":"taxable","21":"shipping-taxable","22":"purchasable","23":"product-type-simple"},"wcpa_form_fields":{"rules":{"pric_overide_base_price":false,"pric_overide_base_price_if_gt_zero":false,"pric_overide_base_price_fully":false,"pric_cal_option_once":false,"pric_use_as_fee":false,"bind_quantity":false,"quantity_bind_formula":false},"fields":[{"type":"color-group","required":true,"elementId":"wcpa-color-group-66c4a75505e74","label":"Gr\u00f6\u00dfe - EU Gr\u00f6\u00dfe","inline":true,"priceOptions":"different_for_all","pricingType":"fixed","className":"hassizechart product-shoes-size-eu product-shoes-size","name":"color-group-66c4a75505e89","disp_type":"square","selection_type":"tick-border","disp_size":"44","show_label_inside":true,"adjust_width":true,"cart_display_type":"text","other_text":"Other","cl_rule":"show","col":6,"values":[{"label":"35.5","value":"EU 35.5","price":"","pimage":"","pimage_id":"","pthumb":"","color":""},{"label":"36","value":"EU 36","price":"","pimage":"","pimage_id":"","pthumb":"","color":"","selected":true},{"label":"36.5","value":"EU 36.5","price":"","pimage":"","pimage_id":"","pthumb":"","color":""},{"label":"37.5","value":"EU 37.5","price":"","pimage":"","pimage_id":"","pthumb":"","color":""},{"label":"38","value":"EU 38","price":"","pimage":"","pimage_id":"","pthumb":"","color":""},{"label":"38.5","value":"EU 38.5","price":"","pimage":"","pimage_id":"","pthumb":"","color":""},{"label":"39","value":"EU 39","price":"","pimage":"","pimage_id":"","pthumb":"","color":""},{"label":"40","value":"EU 40","price":"","pimage":"","pimage_id":"","pthumb":"","color":""},{"label":"40.5","value":"EU 40.5","price":"","pimage":"","pimage_id":"","pthumb":"","color":""},{"label":"41","value":"EU 41","price":"","pimage":"","pimage_id":"","pthumb":"","color":""},{"label":"42","value":"EU 42","price":"","pimage":"","pimage_id":"","pthumb":"","color":""},{"label":"42.5","value":"EU 42.5","price":"","pimage":"","pimage_id":"","pthumb":"","color":""},{"label":"43","value":"EU 43","price":"","pimage":"","pimage_id":"","pthumb":"","color":""},{"label":"44","value":"EU 44","price":"","pimage":"","pimage_id":"","pthumb":"","color":""},{"label":"44.5","value":"EU 44.5","price":"","pimage":"","pimage_id":"","pthumb":"","color":""},{"label":"45","value":"EU 45","price":"","pimage":"","pimage_id":"","pthumb":"","color":""},{"label":"45.5","value":"EU 45.5","price":"","pimage":"","pimage_id":"","pthumb":"","color":""},{"label":"46","value":"EU 46","price":"","pimage":"","pimage_id":"","pthumb":"","color":""},{"label":"47","value":"EU 47","price":"","pimage":"","pimage_id":"","pthumb":"","color":""},{"label":"47.5","value":"EU 47.5","price":"","pimage":"","pimage_id":"","pthumb":"","color":""},{"label":"48","value":"EU 48","price":"","pimage":"","pimage_id":"","pthumb":"","color":""}],"relations":[{"operator":false,"rules":[]}],"form_id":18106,"form_rules":{"pric_cal_option_once":false,"exclude_from_discount":false,"pric_use_as_fee":false,"fee_label":"Fee","render_after_acb":false,"disp_hide_options_price":false}}]},"_links":{"self":[{"href":"https:\/\/moroen.com\/de\/wp-json\/wp\/v2\/product\/56803","targetHints":{"allow":["GET"]}}],"collection":[{"href":"https:\/\/moroen.com\/de\/wp-json\/wp\/v2\/product"}],"about":[{"href":"https:\/\/moroen.com\/de\/wp-json\/wp\/v2\/types\/product"}],"replies":[{"embeddable":true,"href":"https:\/\/moroen.com\/de\/wp-json\/wp\/v2\/comments?post=56803"}],"wp:featuredmedia":[{"embeddable":true,"href":"https:\/\/moroen.com\/de\/wp-json\/wp\/v2\/media\/56804"}],"wp:attachment":[{"href":"https:\/\/moroen.com\/de\/wp-json\/wp\/v2\/media?parent=56803"}],"wp:term":[{"taxonomy":"product_brand","embeddable":true,"href":"https:\/\/moroen.com\/de\/wp-json\/wp\/v2\/product_brand?post=56803"},{"taxonomy":"product_cat","embeddable":true,"href":"https:\/\/moroen.com\/de\/wp-json\/wp\/v2\/product_cat?post=56803"},{"taxonomy":"product_tag","embeddable":true,"href":"https:\/\/moroen.com\/de\/wp-json\/wp\/v2\/product_tag?post=56803"}],"curies":[{"name":"wp","href":"https:\/\/api.w.org\/{rel}","templated":true}]}}