{"id":57435,"date":"2026-03-17T10:22:38","date_gmt":"2026-03-17T03:22:38","guid":{"rendered":"https:\/\/moroen.com\/de\/product\/grade-school-nike-dunk-low-se-multi-camo-db1909-100"},"modified":"2026-03-17T10:22:38","modified_gmt":"2026-03-17T03:22:38","slug":"grade-school-nike-dunk-low-se-multi-camo-db1909-100","status":"publish","type":"product","link":"https:\/\/moroen.com\/de\/produkt\/grade-school-nike-dunk-low-se-multi-camo-db1909-100\/","title":{"rendered":"(Grade School) Nike Dunk Low SE &#8218;Multi-Camo&#8216; DB1909-100"},"content":{"rendered":"<p>Mit den Nike Dunk Low SE \u201eMulti-Camo\u201c Sneakern tauchen Ihre Kleinen in den kultigen Stil von Nike ein. Diese Schuhe f\u00fcr Grundsch\u00fcler bestechen durch ein auff\u00e4lliges Camouflage-Design in Gr\u00fcn-, Braun- und Oranget\u00f6nen, mit dem Ihr Kind auf und neben dem Spielplatz garantiert auff\u00e4llt. Dank der gepolsterten Sohle und der robusten Konstruktion bieten sie hohen Tragekomfort und Langlebigkeit. Ob f\u00fcr den Alltag oder besondere Anl\u00e4sse \u2013 die Nike Dunk Low SE \u201eMulti-Camo\u201c sind die perfekte Wahl f\u00fcr dein stilbewusstes Kind.<\/p>\n<ul>\n<li><strong>Farbgebung:<\/strong> Sail\/Vintage Green\/Total Orange\/Wei\u00df<\/li>\n<li><strong>Artikelnummer:<\/strong> DB1909-100<\/li>\n<li><strong>Obermaterial:<\/strong> Leder<\/li>\n<li><strong>Farbe:<\/strong> Wei\u00df<\/li>\n<li><strong>Designer:<\/strong> Peter Moore<\/li>\n<li><strong>Saison:<\/strong> Sommer<\/li>\n<li><strong>Erscheinungsjahr:<\/strong> 2021<\/li>\n<\/ul>\n","protected":false},"excerpt":{"rendered":"<p>Mit den Nike Dunk Low SE \u201eMulti-Camo\u201c Sneakern tauchen Ihre Kleinen in den kultigen Stil von Nike ein. Diese Schuhe f\u00fcr Grundsch\u00fcler bestechen durch ein auff\u00e4lliges Camouflage-Design in Gr\u00fcn-, Braun- und Oranget\u00f6nen, mit dem Ihr Kind auf und neben dem Spielplatz garantiert auff\u00e4llt. Dank der gepolsterten Sohle und der robusten Konstruktion bieten sie hohen Tragekomfort [&hellip;]<\/p>\n","protected":false},"featured_media":57436,"comment_status":"open","ping_status":"closed","template":"","meta":[],"product_brand":[],"product_cat":[12224,10905,10773,10828],"product_tag":[10902,10903,10814,10762,10839],"class_list":{"0":"post-57435","1":"product","2":"type-product","3":"status-publish","4":"has-post-thumbnail","6":"product_cat-nike-dunk-low-se","7":"product_cat-kids-sneakers","8":"product_cat-nike","9":"product_cat-gender-youth","10":"product_tag-kids-lifestyle-casual-shoes","11":"product_tag-kids-sneakers","12":"product_tag-lifestyle-shoes-basketball-inspired","13":"product_tag-nike","14":"product_tag-nike-skateboarding-shoes","15":"wcpa_has_options","17":"first","18":"instock","19":"taxable","20":"shipping-taxable","21":"purchasable","22":"product-type-simple"},"wcpa_form_fields":{"rules":{"pric_overide_base_price":false,"pric_overide_base_price_if_gt_zero":false,"pric_overide_base_price_fully":false,"pric_cal_option_once":false,"pric_use_as_fee":false,"bind_quantity":false,"quantity_bind_formula":false},"fields":[{"type":"color-group","required":true,"elementId":"wcpa-color-group-66c4a75505e74","label":"Gr\u00f6\u00dfe - EU Gr\u00f6\u00dfe","inline":true,"priceOptions":"different_for_all","pricingType":"fixed","className":"hassizechart product-shoes-size-eu product-shoes-size","name":"color-group-66c4a75505e89","disp_type":"square","selection_type":"tick-border","disp_size":"44","show_label_inside":true,"adjust_width":true,"cart_display_type":"text","other_text":"Other","cl_rule":"show","col":6,"values":[{"label":"35.5","value":"EU 35.5","price":"","pimage":"","pimage_id":"","pthumb":"","color":""},{"label":"36","value":"EU 36","price":"","pimage":"","pimage_id":"","pthumb":"","color":"","selected":true},{"label":"36.5","value":"EU 36.5","price":"","pimage":"","pimage_id":"","pthumb":"","color":""},{"label":"37.5","value":"EU 37.5","price":"","pimage":"","pimage_id":"","pthumb":"","color":""},{"label":"38","value":"EU 38","price":"","pimage":"","pimage_id":"","pthumb":"","color":""},{"label":"38.5","value":"EU 38.5","price":"","pimage":"","pimage_id":"","pthumb":"","color":""},{"label":"39","value":"EU 39","price":"","pimage":"","pimage_id":"","pthumb":"","color":""},{"label":"40","value":"EU 40","price":"","pimage":"","pimage_id":"","pthumb":"","color":""},{"label":"40.5","value":"EU 40.5","price":"","pimage":"","pimage_id":"","pthumb":"","color":""},{"label":"41","value":"EU 41","price":"","pimage":"","pimage_id":"","pthumb":"","color":""},{"label":"42","value":"EU 42","price":"","pimage":"","pimage_id":"","pthumb":"","color":""},{"label":"42.5","value":"EU 42.5","price":"","pimage":"","pimage_id":"","pthumb":"","color":""},{"label":"43","value":"EU 43","price":"","pimage":"","pimage_id":"","pthumb":"","color":""},{"label":"44","value":"EU 44","price":"","pimage":"","pimage_id":"","pthumb":"","color":""},{"label":"44.5","value":"EU 44.5","price":"","pimage":"","pimage_id":"","pthumb":"","color":""},{"label":"45","value":"EU 45","price":"","pimage":"","pimage_id":"","pthumb":"","color":""},{"label":"45.5","value":"EU 45.5","price":"","pimage":"","pimage_id":"","pthumb":"","color":""},{"label":"46","value":"EU 46","price":"","pimage":"","pimage_id":"","pthumb":"","color":""},{"label":"47","value":"EU 47","price":"","pimage":"","pimage_id":"","pthumb":"","color":""},{"label":"47.5","value":"EU 47.5","price":"","pimage":"","pimage_id":"","pthumb":"","color":""},{"label":"48","value":"EU 48","price":"","pimage":"","pimage_id":"","pthumb":"","color":""}],"relations":[{"operator":false,"rules":[]}],"form_id":18106,"form_rules":{"pric_cal_option_once":false,"exclude_from_discount":false,"pric_use_as_fee":false,"fee_label":"Fee","render_after_acb":false,"disp_hide_options_price":false}}]},"_links":{"self":[{"href":"https:\/\/moroen.com\/de\/wp-json\/wp\/v2\/product\/57435","targetHints":{"allow":["GET"]}}],"collection":[{"href":"https:\/\/moroen.com\/de\/wp-json\/wp\/v2\/product"}],"about":[{"href":"https:\/\/moroen.com\/de\/wp-json\/wp\/v2\/types\/product"}],"replies":[{"embeddable":true,"href":"https:\/\/moroen.com\/de\/wp-json\/wp\/v2\/comments?post=57435"}],"wp:featuredmedia":[{"embeddable":true,"href":"https:\/\/moroen.com\/de\/wp-json\/wp\/v2\/media\/57436"}],"wp:attachment":[{"href":"https:\/\/moroen.com\/de\/wp-json\/wp\/v2\/media?parent=57435"}],"wp:term":[{"taxonomy":"product_brand","embeddable":true,"href":"https:\/\/moroen.com\/de\/wp-json\/wp\/v2\/product_brand?post=57435"},{"taxonomy":"product_cat","embeddable":true,"href":"https:\/\/moroen.com\/de\/wp-json\/wp\/v2\/product_cat?post=57435"},{"taxonomy":"product_tag","embeddable":true,"href":"https:\/\/moroen.com\/de\/wp-json\/wp\/v2\/product_tag?post=57435"}],"curies":[{"name":"wp","href":"https:\/\/api.w.org\/{rel}","templated":true}]}}