{"id":57858,"date":"2026-03-17T10:22:51","date_gmt":"2026-03-17T03:22:51","guid":{"rendered":"https:\/\/moroen.com\/de\/product\/preschool-air-jordan-4-retro-midnight-navy-bq7669-140"},"modified":"2026-03-17T10:22:51","modified_gmt":"2026-03-17T03:22:51","slug":"preschool-air-jordan-4-retro-midnight-navy-bq7669-140","status":"publish","type":"product","link":"https:\/\/moroen.com\/de\/produkt\/preschool-air-jordan-4-retro-midnight-navy-bq7669-140\/","title":{"rendered":"(Preschool) Air Jordan 4 Retro &#8218;Midnight Navy&#8216; BQ7669-140"},"content":{"rendered":"<p>Die Air Jordan 4 Retro Midnight Navy (PS) Sneaker von Jordan sind ein absolutes Must-have f\u00fcr Sneaker-Fans. Diese Sneaker im Retro-Stil bestechen durch ihre stylische, mitternachtsblaue Farbgebung und sind perfekt, um ein modisches Statement zu setzen. Dank ihres ikonischen Designs und der bequemen Passform eignen sie sich ideal f\u00fcr Freizeit und Sport. Mit diesen auff\u00e4lligen Jordans ziehst du garantiert alle Blicke auf dich.<\/p>\n<p>Farbgebung: Wei\u00df\/Mitternachtsblau\/Hellgrau\/Feuerrot<br \/>\nStyle-Code: BQ7669-140<br \/>\nObermaterial: Leder<br \/>\nFarbe: Wei\u00df<br \/>\nDesigner: Tinker Hatfield<br \/>\nSaison: Herbst<br \/>\nErscheinungsjahr: 2022<\/p>\n<p>Farbgebung: Wei\u00df\/Mitternachtsblau\/Hellgrau\/Feuerrot<\/p>\n","protected":false},"excerpt":{"rendered":"<p>Die Air Jordan 4 Retro Midnight Navy (PS) Sneaker von Jordan sind ein absolutes Must-have f\u00fcr Sneaker-Fans. Diese Sneaker im Retro-Stil bestechen durch ihre stylische, mitternachtsblaue Farbgebung und sind perfekt, um ein modisches Statement zu setzen. Dank ihres ikonischen Designs und der bequemen Passform eignen sie sich ideal f\u00fcr Freizeit und Sport. Mit diesen auff\u00e4lligen [&hellip;]<\/p>\n","protected":false},"featured_media":57859,"comment_status":"open","ping_status":"closed","template":"","meta":[],"product_brand":[],"product_cat":[10825,11539,10905,10973],"product_tag":[10750,10819,10902,10903,10858],"class_list":{"0":"post-57858","1":"product","2":"type-product","3":"status-publish","4":"has-post-thumbnail","6":"product_cat-jordan","7":"product_cat-jordan-jordan-4-retro","8":"product_cat-kids-sneakers","9":"product_cat-gender-ps","10":"product_tag-athleisure-shoes","11":"product_tag-jordan","12":"product_tag-kids-lifestyle-casual-shoes","13":"product_tag-kids-sneakers","14":"product_tag-retro-casual-shoes","15":"wcpa_has_options","17":"first","18":"instock","19":"taxable","20":"shipping-taxable","21":"purchasable","22":"product-type-simple"},"wcpa_form_fields":{"rules":{"pric_overide_base_price":false,"pric_overide_base_price_if_gt_zero":false,"pric_overide_base_price_fully":false,"pric_cal_option_once":false,"pric_use_as_fee":false,"bind_quantity":false,"quantity_bind_formula":false},"fields":[{"type":"color-group","required":true,"elementId":"wcpa-color-group-66c4a75505e74","label":"Gr\u00f6\u00dfe - EU Gr\u00f6\u00dfe","inline":true,"priceOptions":"different_for_all","pricingType":"fixed","className":"hassizechart product-shoes-size-eu product-shoes-size","name":"color-group-66c4a75505e89","disp_type":"square","selection_type":"tick-border","disp_size":"44","show_label_inside":true,"adjust_width":true,"cart_display_type":"text","other_text":"Other","cl_rule":"show","col":6,"values":[{"label":"35.5","value":"EU 35.5","price":"","pimage":"","pimage_id":"","pthumb":"","color":""},{"label":"36","value":"EU 36","price":"","pimage":"","pimage_id":"","pthumb":"","color":"","selected":true},{"label":"36.5","value":"EU 36.5","price":"","pimage":"","pimage_id":"","pthumb":"","color":""},{"label":"37.5","value":"EU 37.5","price":"","pimage":"","pimage_id":"","pthumb":"","color":""},{"label":"38","value":"EU 38","price":"","pimage":"","pimage_id":"","pthumb":"","color":""},{"label":"38.5","value":"EU 38.5","price":"","pimage":"","pimage_id":"","pthumb":"","color":""},{"label":"39","value":"EU 39","price":"","pimage":"","pimage_id":"","pthumb":"","color":""},{"label":"40","value":"EU 40","price":"","pimage":"","pimage_id":"","pthumb":"","color":""},{"label":"40.5","value":"EU 40.5","price":"","pimage":"","pimage_id":"","pthumb":"","color":""},{"label":"41","value":"EU 41","price":"","pimage":"","pimage_id":"","pthumb":"","color":""},{"label":"42","value":"EU 42","price":"","pimage":"","pimage_id":"","pthumb":"","color":""},{"label":"42.5","value":"EU 42.5","price":"","pimage":"","pimage_id":"","pthumb":"","color":""},{"label":"43","value":"EU 43","price":"","pimage":"","pimage_id":"","pthumb":"","color":""},{"label":"44","value":"EU 44","price":"","pimage":"","pimage_id":"","pthumb":"","color":""},{"label":"44.5","value":"EU 44.5","price":"","pimage":"","pimage_id":"","pthumb":"","color":""},{"label":"45","value":"EU 45","price":"","pimage":"","pimage_id":"","pthumb":"","color":""},{"label":"45.5","value":"EU 45.5","price":"","pimage":"","pimage_id":"","pthumb":"","color":""},{"label":"46","value":"EU 46","price":"","pimage":"","pimage_id":"","pthumb":"","color":""},{"label":"47","value":"EU 47","price":"","pimage":"","pimage_id":"","pthumb":"","color":""},{"label":"47.5","value":"EU 47.5","price":"","pimage":"","pimage_id":"","pthumb":"","color":""},{"label":"48","value":"EU 48","price":"","pimage":"","pimage_id":"","pthumb":"","color":""}],"relations":[{"operator":false,"rules":[]}],"form_id":18106,"form_rules":{"pric_cal_option_once":false,"exclude_from_discount":false,"pric_use_as_fee":false,"fee_label":"Fee","render_after_acb":false,"disp_hide_options_price":false}}]},"_links":{"self":[{"href":"https:\/\/moroen.com\/de\/wp-json\/wp\/v2\/product\/57858","targetHints":{"allow":["GET"]}}],"collection":[{"href":"https:\/\/moroen.com\/de\/wp-json\/wp\/v2\/product"}],"about":[{"href":"https:\/\/moroen.com\/de\/wp-json\/wp\/v2\/types\/product"}],"replies":[{"embeddable":true,"href":"https:\/\/moroen.com\/de\/wp-json\/wp\/v2\/comments?post=57858"}],"wp:featuredmedia":[{"embeddable":true,"href":"https:\/\/moroen.com\/de\/wp-json\/wp\/v2\/media\/57859"}],"wp:attachment":[{"href":"https:\/\/moroen.com\/de\/wp-json\/wp\/v2\/media?parent=57858"}],"wp:term":[{"taxonomy":"product_brand","embeddable":true,"href":"https:\/\/moroen.com\/de\/wp-json\/wp\/v2\/product_brand?post=57858"},{"taxonomy":"product_cat","embeddable":true,"href":"https:\/\/moroen.com\/de\/wp-json\/wp\/v2\/product_cat?post=57858"},{"taxonomy":"product_tag","embeddable":true,"href":"https:\/\/moroen.com\/de\/wp-json\/wp\/v2\/product_tag?post=57858"}],"curies":[{"name":"wp","href":"https:\/\/api.w.org\/{rel}","templated":true}]}}