{"id":57893,"date":"2026-03-17T10:22:52","date_gmt":"2026-03-17T03:22:52","guid":{"rendered":"https:\/\/moroen.com\/de\/product\/nike-air-zoom-pegasus-38-le-greedy-dj3128-001"},"modified":"2026-03-17T10:22:52","modified_gmt":"2026-03-17T03:22:52","slug":"nike-air-zoom-pegasus-38-le-greedy-dj3128-001","status":"publish","type":"product","link":"https:\/\/moroen.com\/de\/produkt\/nike-air-zoom-pegasus-38-le-greedy-dj3128-001\/","title":{"rendered":"Nike Air Zoom Pegasus 38 LE &#8218;Greedy&#8216; DJ3128-001"},"content":{"rendered":"<p>Der Nike Air Zoom Pegasus 38 LE Greedy ist ein stylischer und leistungsstarker Laufschuh von Nike. Mit seinem eleganten Design und der bequemen Passform ist er perfekt f\u00fcr Freizeitl\u00e4ufer und Profisportler. Dank Nikes fortschrittlicher Air Zoom-Technologie bietet dieser Schuh au\u00dfergew\u00f6hnliche D\u00e4mpfung und Unterst\u00fctzung. Die graue Farbe verleiht jedem Outfit einen Hauch von Eleganz. Steigere deine Laufleistung mit dem Nike Air Zoom Pegasus 38 LE Greedy.<\/p>\n<p>Farbgebung: Dunkelgrau\/Wei\u00df\/Rot\/Volt<\/p>\n<p>Artikelnummer: DJ3128-001<\/p>\n<p>Obermaterial: Mesh<\/p>\n<p>Mittelsohle: Zoom Air<\/p>\n<p>Farbe: Schwarz<\/p>\n<p>Saison: Ganzj\u00e4hrig<\/p>\n<p>Farbe: Schwarz<\/p>\n","protected":false},"excerpt":{"rendered":"<p>Der Nike Air Zoom Pegasus 38 LE Greedy ist ein stylischer und leistungsstarker Laufschuh von Nike. Mit seinem eleganten Design und der bequemen Passform ist er perfekt f\u00fcr Freizeitl\u00e4ufer und Profisportler. Dank Nikes fortschrittlicher Air Zoom-Technologie bietet dieser Schuh au\u00dfergew\u00f6hnliche D\u00e4mpfung und Unterst\u00fctzung. Die graue Farbe verleiht jedem Outfit einen Hauch von Eleganz. Steigere deine [&hellip;]<\/p>\n","protected":false},"featured_media":57894,"comment_status":"open","ping_status":"closed","template":"","meta":[],"product_brand":[],"product_cat":[10780,10773,10794,11986],"product_tag":[10749,10751,10754,10762,10792,10764,10781,10765,10768,10770],"class_list":{"0":"post-57893","1":"product","2":"type-product","3":"status-publish","4":"has-post-thumbnail","6":"product_cat-gender-men","7":"product_cat-nike","8":"product_cat-running-shoes","9":"product_cat-nike-zoom-pegasus-38","10":"product_tag-ankle-support-basketball-shoes","11":"product_tag-basketball-shoes","12":"product_tag-gift-for-him","13":"product_tag-nike","14":"product_tag-nike-running-shoes","15":"product_tag-performance-sport-shoes","16":"product_tag-running-shoes","17":"product_tag-trending-deals","18":"product_tag-trending-deals-under-150","19":"product_tag-under-retail","20":"wcpa_has_options","22":"first","23":"instock","24":"taxable","25":"shipping-taxable","26":"purchasable","27":"product-type-simple"},"wcpa_form_fields":{"rules":{"pric_overide_base_price":false,"pric_overide_base_price_if_gt_zero":false,"pric_overide_base_price_fully":false,"pric_cal_option_once":false,"pric_use_as_fee":false,"bind_quantity":false,"quantity_bind_formula":false},"fields":[{"type":"color-group","required":true,"elementId":"wcpa-color-group-66c4a75505e74","label":"Gr\u00f6\u00dfe - EU Gr\u00f6\u00dfe","inline":true,"priceOptions":"different_for_all","pricingType":"fixed","className":"hassizechart product-shoes-size-eu product-shoes-size","name":"color-group-66c4a75505e89","disp_type":"square","selection_type":"tick-border","disp_size":"44","show_label_inside":true,"adjust_width":true,"cart_display_type":"text","other_text":"Other","cl_rule":"show","col":6,"values":[{"label":"35.5","value":"EU 35.5","price":"","pimage":"","pimage_id":"","pthumb":"","color":""},{"label":"36","value":"EU 36","price":"","pimage":"","pimage_id":"","pthumb":"","color":"","selected":true},{"label":"36.5","value":"EU 36.5","price":"","pimage":"","pimage_id":"","pthumb":"","color":""},{"label":"37.5","value":"EU 37.5","price":"","pimage":"","pimage_id":"","pthumb":"","color":""},{"label":"38","value":"EU 38","price":"","pimage":"","pimage_id":"","pthumb":"","color":""},{"label":"38.5","value":"EU 38.5","price":"","pimage":"","pimage_id":"","pthumb":"","color":""},{"label":"39","value":"EU 39","price":"","pimage":"","pimage_id":"","pthumb":"","color":""},{"label":"40","value":"EU 40","price":"","pimage":"","pimage_id":"","pthumb":"","color":""},{"label":"40.5","value":"EU 40.5","price":"","pimage":"","pimage_id":"","pthumb":"","color":""},{"label":"41","value":"EU 41","price":"","pimage":"","pimage_id":"","pthumb":"","color":""},{"label":"42","value":"EU 42","price":"","pimage":"","pimage_id":"","pthumb":"","color":""},{"label":"42.5","value":"EU 42.5","price":"","pimage":"","pimage_id":"","pthumb":"","color":""},{"label":"43","value":"EU 43","price":"","pimage":"","pimage_id":"","pthumb":"","color":""},{"label":"44","value":"EU 44","price":"","pimage":"","pimage_id":"","pthumb":"","color":""},{"label":"44.5","value":"EU 44.5","price":"","pimage":"","pimage_id":"","pthumb":"","color":""},{"label":"45","value":"EU 45","price":"","pimage":"","pimage_id":"","pthumb":"","color":""},{"label":"45.5","value":"EU 45.5","price":"","pimage":"","pimage_id":"","pthumb":"","color":""},{"label":"46","value":"EU 46","price":"","pimage":"","pimage_id":"","pthumb":"","color":""},{"label":"47","value":"EU 47","price":"","pimage":"","pimage_id":"","pthumb":"","color":""},{"label":"47.5","value":"EU 47.5","price":"","pimage":"","pimage_id":"","pthumb":"","color":""},{"label":"48","value":"EU 48","price":"","pimage":"","pimage_id":"","pthumb":"","color":""}],"relations":[{"operator":false,"rules":[]}],"form_id":18106,"form_rules":{"pric_cal_option_once":false,"exclude_from_discount":false,"pric_use_as_fee":false,"fee_label":"Fee","render_after_acb":false,"disp_hide_options_price":false}}]},"_links":{"self":[{"href":"https:\/\/moroen.com\/de\/wp-json\/wp\/v2\/product\/57893","targetHints":{"allow":["GET"]}}],"collection":[{"href":"https:\/\/moroen.com\/de\/wp-json\/wp\/v2\/product"}],"about":[{"href":"https:\/\/moroen.com\/de\/wp-json\/wp\/v2\/types\/product"}],"replies":[{"embeddable":true,"href":"https:\/\/moroen.com\/de\/wp-json\/wp\/v2\/comments?post=57893"}],"wp:featuredmedia":[{"embeddable":true,"href":"https:\/\/moroen.com\/de\/wp-json\/wp\/v2\/media\/57894"}],"wp:attachment":[{"href":"https:\/\/moroen.com\/de\/wp-json\/wp\/v2\/media?parent=57893"}],"wp:term":[{"taxonomy":"product_brand","embeddable":true,"href":"https:\/\/moroen.com\/de\/wp-json\/wp\/v2\/product_brand?post=57893"},{"taxonomy":"product_cat","embeddable":true,"href":"https:\/\/moroen.com\/de\/wp-json\/wp\/v2\/product_cat?post=57893"},{"taxonomy":"product_tag","embeddable":true,"href":"https:\/\/moroen.com\/de\/wp-json\/wp\/v2\/product_tag?post=57893"}],"curies":[{"name":"wp","href":"https:\/\/api.w.org\/{rel}","templated":true}]}}