{"id":58253,"date":"2026-03-17T10:23:04","date_gmt":"2026-03-17T03:23:04","guid":{"rendered":"https:\/\/moroen.com\/de\/product\/grade-school-nike-air-more-uptempo-96-industrial-blue-fj1387-001"},"modified":"2026-03-17T10:23:04","modified_gmt":"2026-03-17T03:23:04","slug":"grade-school-nike-air-more-uptempo-96-industrial-blue-fj1387-001","status":"publish","type":"product","link":"https:\/\/moroen.com\/de\/produkt\/grade-school-nike-air-more-uptempo-96-industrial-blue-fj1387-001\/","title":{"rendered":"(Grade School) Nike Air More Uptempo &#8217;96 &#8218;Industrial Blue&#8216; FJ1387-001"},"content":{"rendered":"<p>Mit dem Nike Air More Uptempo &#8217;96 &#8218;Industrial Blue&#8216; FJ1387-001 f\u00fcr Kinder im Grundschulalter verleihst du deinem Style das gewisse Etwas. Diese klassischen Sneaker bestechen durch den markanten, \u00fcbergro\u00dfen \u201eAIR\u201c-Schriftzug und die auff\u00e4llige Farbe Industrial Blue f\u00fcr einen dynamischen Look. Das strapazierf\u00e4hige Obermaterial aus Leder und Synthetik sorgt f\u00fcr dauerhaften Komfort und Halt, w\u00e4hrend die durchgehende Air-D\u00e4mpfung f\u00fcr optimale Reaktionsf\u00e4higkeit sorgt. Ob f\u00fcr Schule, Sport oder Freizeit \u2013 mit diesen Kultschuhen bist du modisch und leistungsstark immer ganz vorn mit dabei. Setzen Sie mit jedem Schuh ein Statement<\/p>\n<ul>\n<li><strong>Farbgebung:<\/strong> Pure Platinum\/Burnished Teal-Industrial Blue<\/li>\n<li><strong>Style-Code:<\/strong> FJ1387-001<\/li>\n<li><strong>Obermaterial:<\/strong> Leder<\/li>\n<li><strong>Zwischensohle:<\/strong> Air<\/li>\n<li><strong>Farbe:<\/strong> Wei\u00df<\/li>\n<li><strong>Designer:<\/strong> Wilson Smith<\/li>\n<li><strong>Erscheinungsjahr:<\/strong> 2023<\/li>\n<\/ul>\n","protected":false},"excerpt":{"rendered":"<p>Mit dem Nike Air More Uptempo &#8217;96 &#8218;Industrial Blue&#8216; FJ1387-001 f\u00fcr Kinder im Grundschulalter verleihst du deinem Style das gewisse Etwas. Diese klassischen Sneaker bestechen durch den markanten, \u00fcbergro\u00dfen \u201eAIR\u201c-Schriftzug und die auff\u00e4llige Farbe Industrial Blue f\u00fcr einen dynamischen Look. Das strapazierf\u00e4hige Obermaterial aus Leder und Synthetik sorgt f\u00fcr dauerhaften Komfort und Halt, w\u00e4hrend die [&hellip;]<\/p>\n","protected":false},"featured_media":58254,"comment_status":"open","ping_status":"closed","template":"","meta":[],"product_brand":[],"product_cat":[11512,10905,10773,10828],"product_tag":[11204,10752,10902,10903,10762,10852,10839,10858,10765,10768,10770],"class_list":{"0":"post-58253","1":"product","2":"type-product","3":"status-publish","4":"has-post-thumbnail","6":"product_cat-nike-air-more-uptempo-96","7":"product_cat-kids-sneakers","8":"product_cat-nike","9":"product_cat-gender-youth","10":"product_tag-basketball-inspired","11":"product_tag-best-finds-under-100","12":"product_tag-kids-lifestyle-casual-shoes","13":"product_tag-kids-sneakers","14":"product_tag-nike","15":"product_tag-nike-basketball-shoes","16":"product_tag-nike-skateboarding-shoes","17":"product_tag-retro-casual-shoes","18":"product_tag-trending-deals","19":"product_tag-trending-deals-under-150","20":"product_tag-under-retail","21":"wcpa_has_options","23":"first","24":"instock","25":"taxable","26":"shipping-taxable","27":"purchasable","28":"product-type-simple"},"wcpa_form_fields":{"rules":{"pric_overide_base_price":false,"pric_overide_base_price_if_gt_zero":false,"pric_overide_base_price_fully":false,"pric_cal_option_once":false,"pric_use_as_fee":false,"bind_quantity":false,"quantity_bind_formula":false},"fields":[{"type":"color-group","required":true,"elementId":"wcpa-color-group-66c4a75505e74","label":"Gr\u00f6\u00dfe - EU Gr\u00f6\u00dfe","inline":true,"priceOptions":"different_for_all","pricingType":"fixed","className":"hassizechart product-shoes-size-eu product-shoes-size","name":"color-group-66c4a75505e89","disp_type":"square","selection_type":"tick-border","disp_size":"44","show_label_inside":true,"adjust_width":true,"cart_display_type":"text","other_text":"Other","cl_rule":"show","col":6,"values":[{"label":"35.5","value":"EU 35.5","price":"","pimage":"","pimage_id":"","pthumb":"","color":""},{"label":"36","value":"EU 36","price":"","pimage":"","pimage_id":"","pthumb":"","color":"","selected":true},{"label":"36.5","value":"EU 36.5","price":"","pimage":"","pimage_id":"","pthumb":"","color":""},{"label":"37.5","value":"EU 37.5","price":"","pimage":"","pimage_id":"","pthumb":"","color":""},{"label":"38","value":"EU 38","price":"","pimage":"","pimage_id":"","pthumb":"","color":""},{"label":"38.5","value":"EU 38.5","price":"","pimage":"","pimage_id":"","pthumb":"","color":""},{"label":"39","value":"EU 39","price":"","pimage":"","pimage_id":"","pthumb":"","color":""},{"label":"40","value":"EU 40","price":"","pimage":"","pimage_id":"","pthumb":"","color":""},{"label":"40.5","value":"EU 40.5","price":"","pimage":"","pimage_id":"","pthumb":"","color":""},{"label":"41","value":"EU 41","price":"","pimage":"","pimage_id":"","pthumb":"","color":""},{"label":"42","value":"EU 42","price":"","pimage":"","pimage_id":"","pthumb":"","color":""},{"label":"42.5","value":"EU 42.5","price":"","pimage":"","pimage_id":"","pthumb":"","color":""},{"label":"43","value":"EU 43","price":"","pimage":"","pimage_id":"","pthumb":"","color":""},{"label":"44","value":"EU 44","price":"","pimage":"","pimage_id":"","pthumb":"","color":""},{"label":"44.5","value":"EU 44.5","price":"","pimage":"","pimage_id":"","pthumb":"","color":""},{"label":"45","value":"EU 45","price":"","pimage":"","pimage_id":"","pthumb":"","color":""},{"label":"45.5","value":"EU 45.5","price":"","pimage":"","pimage_id":"","pthumb":"","color":""},{"label":"46","value":"EU 46","price":"","pimage":"","pimage_id":"","pthumb":"","color":""},{"label":"47","value":"EU 47","price":"","pimage":"","pimage_id":"","pthumb":"","color":""},{"label":"47.5","value":"EU 47.5","price":"","pimage":"","pimage_id":"","pthumb":"","color":""},{"label":"48","value":"EU 48","price":"","pimage":"","pimage_id":"","pthumb":"","color":""}],"relations":[{"operator":false,"rules":[]}],"form_id":18106,"form_rules":{"pric_cal_option_once":false,"exclude_from_discount":false,"pric_use_as_fee":false,"fee_label":"Fee","render_after_acb":false,"disp_hide_options_price":false}}]},"_links":{"self":[{"href":"https:\/\/moroen.com\/de\/wp-json\/wp\/v2\/product\/58253","targetHints":{"allow":["GET"]}}],"collection":[{"href":"https:\/\/moroen.com\/de\/wp-json\/wp\/v2\/product"}],"about":[{"href":"https:\/\/moroen.com\/de\/wp-json\/wp\/v2\/types\/product"}],"replies":[{"embeddable":true,"href":"https:\/\/moroen.com\/de\/wp-json\/wp\/v2\/comments?post=58253"}],"wp:featuredmedia":[{"embeddable":true,"href":"https:\/\/moroen.com\/de\/wp-json\/wp\/v2\/media\/58254"}],"wp:attachment":[{"href":"https:\/\/moroen.com\/de\/wp-json\/wp\/v2\/media?parent=58253"}],"wp:term":[{"taxonomy":"product_brand","embeddable":true,"href":"https:\/\/moroen.com\/de\/wp-json\/wp\/v2\/product_brand?post=58253"},{"taxonomy":"product_cat","embeddable":true,"href":"https:\/\/moroen.com\/de\/wp-json\/wp\/v2\/product_cat?post=58253"},{"taxonomy":"product_tag","embeddable":true,"href":"https:\/\/moroen.com\/de\/wp-json\/wp\/v2\/product_tag?post=58253"}],"curies":[{"name":"wp","href":"https:\/\/api.w.org\/{rel}","templated":true}]}}