{"id":58667,"date":"2026-03-17T10:23:18","date_gmt":"2026-03-17T03:23:18","guid":{"rendered":"https:\/\/moroen.com\/de\/product\/new-balance-610-angora-ml610tf"},"modified":"2026-03-17T10:23:18","modified_gmt":"2026-03-17T03:23:18","slug":"new-balance-610-angora-ml610tf","status":"publish","type":"product","link":"https:\/\/moroen.com\/de\/produkt\/new-balance-610-angora-ml610tf\/","title":{"rendered":"New Balance 610 &#8218;Angora&#8216; ML610TF"},"content":{"rendered":"<p>Wir pr\u00e4sentieren den New Balance 610 Angora, einen vielseitigen und stylischen Schuh von New Balance. Erh\u00e4ltlich in einem sch\u00f6nen Beigeton, ist der Angora perfekt f\u00fcr sportliche Aktivit\u00e4ten und den Alltag. Dank seiner bequemen Passform und robusten Verarbeitung sehen Sie mit diesem Schuh den ganzen Tag \u00fcber gut aus und f\u00fchlen sich wohl. Shoppen Sie jetzt und werten Sie Ihren Schuhstil mit dem New Balance 610 Angora auf.<\/p>\n<p>Farbe: Angora\/Turtledove<br \/>\nArtikelnummer: ML610TF<br \/>\nObermaterial: Wildleder<br \/>\nFarbe: Beige<\/p>\n<p>Farbe: Beige<\/p>\n","protected":false},"excerpt":{"rendered":"<p>Wir pr\u00e4sentieren den New Balance 610 Angora, einen vielseitigen und stylischen Schuh von New Balance. Erh\u00e4ltlich in einem sch\u00f6nen Beigeton, ist der Angora perfekt f\u00fcr sportliche Aktivit\u00e4ten und den Alltag. Dank seiner bequemen Passform und robusten Verarbeitung sehen Sie mit diesem Schuh den ganzen Tag \u00fcber gut aus und f\u00fchlen sich wohl. Shoppen Sie jetzt [&hellip;]<\/p>\n","protected":false},"featured_media":58668,"comment_status":"open","ping_status":"closed","template":"","meta":[],"product_brand":[],"product_cat":[11109,11110,10780,10774],"product_tag":[10750,11107,10754,10756,11108,10760,10761,12314,10770],"class_list":{"0":"post-58667","1":"product","2":"type-product","3":"status-publish","4":"has-post-thumbnail","6":"product_cat-new-balance-610","7":"product_cat-lifestyle-shoes-hiking-inspired","8":"product_cat-gender-men","9":"product_cat-new-balance","10":"product_tag-athleisure-shoes","11":"product_tag-casual-hiking-shoes","12":"product_tag-gift-for-him","13":"product_tag-lifestyle-casual-shoes","14":"product_tag-lifestyle-shoes-hiking-inspired","15":"product_tag-new-balance","16":"product_tag-new-balance-running-shoes","17":"product_tag-soccer-shoes","18":"product_tag-under-retail","19":"wcpa_has_options","21":"first","22":"instock","23":"taxable","24":"shipping-taxable","25":"purchasable","26":"product-type-simple"},"wcpa_form_fields":{"rules":{"pric_overide_base_price":false,"pric_overide_base_price_if_gt_zero":false,"pric_overide_base_price_fully":false,"pric_cal_option_once":false,"pric_use_as_fee":false,"bind_quantity":false,"quantity_bind_formula":false},"fields":[{"type":"color-group","required":true,"elementId":"wcpa-color-group-66c4a928225d2","label":"Gr\u00f6\u00dfe","inline":true,"priceOptions":"different_for_all","pricingType":"fixed","className":"hassizechart product-shoes-size-eu product-shoes-size","name":"color-group-66c4a928225e2","disp_type":"square","selection_type":"tick-border","disp_size":"50","show_label_inside":true,"adjust_width":true,"cart_display_type":"text","other_text":"Other","cl_rule":"show","col":6,"values":[{"label":"35","value":"EU 35","price":"","pimage":"","pimage_id":"","pthumb":"","color":""},{"label":"36","value":"EU 36","price":"","pimage":"","pimage_id":"","pthumb":"","color":"","selected":true},{"label":"37","value":"EU 37","price":"","pimage":"","pimage_id":"","pthumb":"","color":""},{"label":"37.5","value":"EU 37.5","price":"","pimage":"","pimage_id":"","pthumb":"","color":""},{"label":"38","value":"EU 38","price":"","pimage":"","pimage_id":"","pthumb":"","color":""},{"label":"38.5","value":"EU 38.5","price":"","pimage":"","pimage_id":"","pthumb":"","color":""},{"label":"39","value":"EU 39","price":"","pimage":"","pimage_id":"","pthumb":"","color":""},{"label":"39.5","value":"EU 39.5","price":"","pimage":"","pimage_id":"","pthumb":"","color":""},{"label":"40","value":"EU 40","price":"","pimage":"","pimage_id":"","pthumb":"","color":""},{"label":"40.5","value":"EU 40.5","price":"","pimage":"","pimage_id":"","pthumb":"","color":""},{"label":" 41.5","value":"EU 41.5","price":"","pimage":"","pimage_id":"","pthumb":"","color":""},{"label":"42","value":"EU 42","price":"","pimage":"","pimage_id":"","pthumb":"","color":""},{"label":"42.5","value":"EU 42.5","price":"","pimage":"","pimage_id":"","pthumb":"","color":""},{"label":"43","value":"EU 43","price":"","pimage":"","pimage_id":"","pthumb":"","color":""},{"label":"44","value":"EU 44","price":"","pimage":"","pimage_id":"","pthumb":"","color":""},{"label":"44.5","value":"EU 44.5","price":"","pimage":"","pimage_id":"","pthumb":"","color":""},{"label":"45","value":"EU 45","price":"","pimage":"","pimage_id":"","pthumb":"","color":""},{"label":"45.5","value":"EU 45.5","price":"","pimage":"","pimage_id":"","pthumb":"","color":""},{"label":"46","value":"EU 46","price":"","pimage":"","pimage_id":"","pthumb":"","color":""}],"relations":[{"operator":false,"rules":[]}],"form_id":24803,"form_rules":{"pric_cal_option_once":false,"exclude_from_discount":false,"pric_use_as_fee":false,"fee_label":"Fee","render_after_acb":false,"disp_hide_options_price":false}}]},"_links":{"self":[{"href":"https:\/\/moroen.com\/de\/wp-json\/wp\/v2\/product\/58667","targetHints":{"allow":["GET"]}}],"collection":[{"href":"https:\/\/moroen.com\/de\/wp-json\/wp\/v2\/product"}],"about":[{"href":"https:\/\/moroen.com\/de\/wp-json\/wp\/v2\/types\/product"}],"replies":[{"embeddable":true,"href":"https:\/\/moroen.com\/de\/wp-json\/wp\/v2\/comments?post=58667"}],"wp:featuredmedia":[{"embeddable":true,"href":"https:\/\/moroen.com\/de\/wp-json\/wp\/v2\/media\/58668"}],"wp:attachment":[{"href":"https:\/\/moroen.com\/de\/wp-json\/wp\/v2\/media?parent=58667"}],"wp:term":[{"taxonomy":"product_brand","embeddable":true,"href":"https:\/\/moroen.com\/de\/wp-json\/wp\/v2\/product_brand?post=58667"},{"taxonomy":"product_cat","embeddable":true,"href":"https:\/\/moroen.com\/de\/wp-json\/wp\/v2\/product_cat?post=58667"},{"taxonomy":"product_tag","embeddable":true,"href":"https:\/\/moroen.com\/de\/wp-json\/wp\/v2\/product_tag?post=58667"}],"curies":[{"name":"wp","href":"https:\/\/api.w.org\/{rel}","templated":true}]}}