{"id":60358,"date":"2026-03-17T10:24:13","date_gmt":"2026-03-17T03:24:13","guid":{"rendered":"https:\/\/moroen.com\/de\/product\/women-nike-free-rn-50-half-blue-aq1316-101"},"modified":"2026-03-17T10:24:13","modified_gmt":"2026-03-17T03:24:13","slug":"women-nike-free-rn-50-half-blue-aq1316-101","status":"publish","type":"product","link":"https:\/\/moroen.com\/de\/produkt\/women-nike-free-rn-50-half-blue-aq1316-101\/","title":{"rendered":"(Women) Nike Free RN 5.0 &#8218;Half Blue&#8216; AQ1316-101"},"content":{"rendered":"<p>Mit dem Nike Free RN 5.0 &#8218;Half Blue&#8216; (AQ1316-101) f\u00fcr Damen erlebst du m\u00fchelos stylischen Laufkomfort. Dieser Laufschuh besticht durch sein leichtes und atmungsaktives Mesh-Obermaterial in einem faszinierenden Blauton, das f\u00fcr optimale Luftzirkulation sorgt. Die innovative Flywire-Technologie garantiert eine dynamische und bequeme Passform, w\u00e4hrend das minimalistische Design nat\u00fcrliche Fu\u00dfbewegungen unterst\u00fctzt. Erlebe die ultimative Kombination aus Komfort und Style mit dem Nike Free RN 5.0 &#8218;Half Blue&#8216; \u2013 perfekt f\u00fcr Laufbegeisterte und alle, die gerne im Alltag unterwegs sind.<\/p>\n<ul>\n<li><strong>Farbgebung:<\/strong> Wei\u00df\/Schwarz-Half Blue<\/li>\n<li><strong>Artikelnummer:<\/strong> AQ1316-101<\/li>\n<li><strong>Mittelsohle:<\/strong> Free<\/li>\n<li><strong>Farbe:<\/strong> Wei\u00df<\/li>\n<li><strong>Saison:<\/strong> Ganzj\u00e4hrig<\/li>\n<\/ul>\n","protected":false},"excerpt":{"rendered":"<p>Mit dem Nike Free RN 5.0 &#8218;Half Blue&#8216; (AQ1316-101) f\u00fcr Damen erlebst du m\u00fchelos stylischen Laufkomfort. Dieser Laufschuh besticht durch sein leichtes und atmungsaktives Mesh-Obermaterial in einem faszinierenden Blauton, das f\u00fcr optimale Luftzirkulation sorgt. Die innovative Flywire-Technologie garantiert eine dynamische und bequeme Passform, w\u00e4hrend das minimalistische Design nat\u00fcrliche Fu\u00dfbewegungen unterst\u00fctzt. Erlebe die ultimative Kombination aus [&hellip;]<\/p>\n","protected":false},"featured_media":60359,"comment_status":"open","ping_status":"closed","template":"","meta":[],"product_brand":[],"product_cat":[11284,10778,10773,10800],"product_tag":[10783,10758,10829,10762,10792,10777,10764,10770],"class_list":{"0":"post-60358","1":"product","2":"type-product","3":"status-publish","4":"has-post-thumbnail","6":"product_cat-nike-free-rn-5-0","7":"product_cat-lifestyle-shoes-running-inspired","8":"product_cat-nike","9":"product_cat-gender-women","10":"product_tag-gift-for-her","11":"product_tag-lifestyle-shoes-running-inspired","12":"product_tag-lightweight-running-shoes","13":"product_tag-nike","14":"product_tag-nike-running-shoes","15":"product_tag-performance-running-shoes","16":"product_tag-performance-sport-shoes","17":"product_tag-under-retail","18":"wcpa_has_options","20":"first","21":"instock","22":"taxable","23":"shipping-taxable","24":"purchasable","25":"product-type-simple"},"wcpa_form_fields":{"rules":{"pric_overide_base_price":false,"pric_overide_base_price_if_gt_zero":false,"pric_overide_base_price_fully":false,"pric_cal_option_once":false,"pric_use_as_fee":false,"bind_quantity":false,"quantity_bind_formula":false},"fields":[{"type":"color-group","required":true,"elementId":"wcpa-color-group-66c4a75505e74","label":"Gr\u00f6\u00dfe - EU Gr\u00f6\u00dfe","inline":true,"priceOptions":"different_for_all","pricingType":"fixed","className":"hassizechart product-shoes-size-eu product-shoes-size","name":"color-group-66c4a75505e89","disp_type":"square","selection_type":"tick-border","disp_size":"44","show_label_inside":true,"adjust_width":true,"cart_display_type":"text","other_text":"Other","cl_rule":"show","col":6,"values":[{"label":"35.5","value":"EU 35.5","price":"","pimage":"","pimage_id":"","pthumb":"","color":""},{"label":"36","value":"EU 36","price":"","pimage":"","pimage_id":"","pthumb":"","color":"","selected":true},{"label":"36.5","value":"EU 36.5","price":"","pimage":"","pimage_id":"","pthumb":"","color":""},{"label":"37.5","value":"EU 37.5","price":"","pimage":"","pimage_id":"","pthumb":"","color":""},{"label":"38","value":"EU 38","price":"","pimage":"","pimage_id":"","pthumb":"","color":""},{"label":"38.5","value":"EU 38.5","price":"","pimage":"","pimage_id":"","pthumb":"","color":""},{"label":"39","value":"EU 39","price":"","pimage":"","pimage_id":"","pthumb":"","color":""},{"label":"40","value":"EU 40","price":"","pimage":"","pimage_id":"","pthumb":"","color":""},{"label":"40.5","value":"EU 40.5","price":"","pimage":"","pimage_id":"","pthumb":"","color":""},{"label":"41","value":"EU 41","price":"","pimage":"","pimage_id":"","pthumb":"","color":""},{"label":"42","value":"EU 42","price":"","pimage":"","pimage_id":"","pthumb":"","color":""},{"label":"42.5","value":"EU 42.5","price":"","pimage":"","pimage_id":"","pthumb":"","color":""},{"label":"43","value":"EU 43","price":"","pimage":"","pimage_id":"","pthumb":"","color":""},{"label":"44","value":"EU 44","price":"","pimage":"","pimage_id":"","pthumb":"","color":""},{"label":"44.5","value":"EU 44.5","price":"","pimage":"","pimage_id":"","pthumb":"","color":""},{"label":"45","value":"EU 45","price":"","pimage":"","pimage_id":"","pthumb":"","color":""},{"label":"45.5","value":"EU 45.5","price":"","pimage":"","pimage_id":"","pthumb":"","color":""},{"label":"46","value":"EU 46","price":"","pimage":"","pimage_id":"","pthumb":"","color":""},{"label":"47","value":"EU 47","price":"","pimage":"","pimage_id":"","pthumb":"","color":""},{"label":"47.5","value":"EU 47.5","price":"","pimage":"","pimage_id":"","pthumb":"","color":""},{"label":"48","value":"EU 48","price":"","pimage":"","pimage_id":"","pthumb":"","color":""}],"relations":[{"operator":false,"rules":[]}],"form_id":18106,"form_rules":{"pric_cal_option_once":false,"exclude_from_discount":false,"pric_use_as_fee":false,"fee_label":"Fee","render_after_acb":false,"disp_hide_options_price":false}}]},"_links":{"self":[{"href":"https:\/\/moroen.com\/de\/wp-json\/wp\/v2\/product\/60358","targetHints":{"allow":["GET"]}}],"collection":[{"href":"https:\/\/moroen.com\/de\/wp-json\/wp\/v2\/product"}],"about":[{"href":"https:\/\/moroen.com\/de\/wp-json\/wp\/v2\/types\/product"}],"replies":[{"embeddable":true,"href":"https:\/\/moroen.com\/de\/wp-json\/wp\/v2\/comments?post=60358"}],"wp:featuredmedia":[{"embeddable":true,"href":"https:\/\/moroen.com\/de\/wp-json\/wp\/v2\/media\/60359"}],"wp:attachment":[{"href":"https:\/\/moroen.com\/de\/wp-json\/wp\/v2\/media?parent=60358"}],"wp:term":[{"taxonomy":"product_brand","embeddable":true,"href":"https:\/\/moroen.com\/de\/wp-json\/wp\/v2\/product_brand?post=60358"},{"taxonomy":"product_cat","embeddable":true,"href":"https:\/\/moroen.com\/de\/wp-json\/wp\/v2\/product_cat?post=60358"},{"taxonomy":"product_tag","embeddable":true,"href":"https:\/\/moroen.com\/de\/wp-json\/wp\/v2\/product_tag?post=60358"}],"curies":[{"name":"wp","href":"https:\/\/api.w.org\/{rel}","templated":true}]}}