{"id":61392,"date":"2026-03-17T10:24:45","date_gmt":"2026-03-17T03:24:45","guid":{"rendered":"https:\/\/moroen.com\/de\/product\/grade-school-nike-kyrie-7-pixel-camo-ct4080-008"},"modified":"2026-03-17T10:24:45","modified_gmt":"2026-03-17T03:24:45","slug":"grade-school-nike-kyrie-7-pixel-camo-ct4080-008","status":"publish","type":"product","link":"https:\/\/moroen.com\/de\/produkt\/grade-school-nike-kyrie-7-pixel-camo-ct4080-008\/","title":{"rendered":"(Grade School) Nike Kyrie 7 Pixel Camo CT4080-008"},"content":{"rendered":"<p>Der Nike Kyrie 7 Pixel Camo (GS) ist ein stylischer und leistungsstarker Basketballschuh, der speziell f\u00fcr junge Sportler entwickelt wurde. Mit seinem pixeligen Camouflage-Muster bietet er einen einzigartigen und markanten Look auf dem Spielfeld. Dank Nikes bew\u00e4hrter Technologie und Liebe zum Detail bietet dieser Schuh optimale Unterst\u00fctzung, D\u00e4mpfung und Traktion, damit junge Spieler ihr volles Potenzial aussch\u00f6pfen k\u00f6nnen. Der Nike Kyrie 7 Pixel Camo (GS) ist perfekt f\u00fcr jeden jungen Basketballfan und ein Must-have f\u00fcr die n\u00e4chste Generation von Athleten.<\/p>\n<ul>\n<li><strong>Farbgebung:<\/strong> Schwarz\/Hellgrau\/Blau\/Metallic-Silber<\/li>\n<li><strong>Artikelnummer:<\/strong> CT4080-008<\/li>\n<li><strong>Obermaterial:<\/strong> Mesh<\/li>\n<li><strong>Farbe:<\/strong> Schwarz<\/li>\n<li><strong>Designer:<\/strong> Ben Nethongkome<\/li>\n<li><strong>Saison:<\/strong> Ganzj\u00e4hrig<\/li>\n<\/ul>\n","protected":false},"excerpt":{"rendered":"<p>Der Nike Kyrie 7 Pixel Camo (GS) ist ein stylischer und leistungsstarker Basketballschuh, der speziell f\u00fcr junge Sportler entwickelt wurde. Mit seinem pixeligen Camouflage-Muster bietet er einen einzigartigen und markanten Look auf dem Spielfeld. Dank Nikes bew\u00e4hrter Technologie und Liebe zum Detail bietet dieser Schuh optimale Unterst\u00fctzung, D\u00e4mpfung und Traktion, damit junge Spieler ihr volles [&hellip;]<\/p>\n","protected":false},"featured_media":61393,"comment_status":"open","ping_status":"closed","template":"","meta":[],"product_brand":[],"product_cat":[10827,11873,10773,10828],"product_tag":[10751,10822,10823,11411,10824,10762,10852,10839,10765,10768,10770],"class_list":{"0":"post-61392","1":"product","2":"type-product","3":"status-publish","4":"has-post-thumbnail","6":"product_cat-kids-basketball-shoes","7":"product_cat-nike-kyrie-7","8":"product_cat-nike","9":"product_cat-gender-youth","10":"product_tag-basketball-shoes","11":"product_tag-kids-basketball-shoes","12":"product_tag-kids-sport-performance-shoes","13":"product_tag-kyrie-irving","14":"product_tag-lightweight-basketball-shoes","15":"product_tag-nike","16":"product_tag-nike-basketball-shoes","17":"product_tag-nike-skateboarding-shoes","18":"product_tag-trending-deals","19":"product_tag-trending-deals-under-150","20":"product_tag-under-retail","21":"wcpa_has_options","23":"first","24":"instock","25":"taxable","26":"shipping-taxable","27":"purchasable","28":"product-type-simple"},"wcpa_form_fields":{"rules":{"pric_overide_base_price":false,"pric_overide_base_price_if_gt_zero":false,"pric_overide_base_price_fully":false,"pric_cal_option_once":false,"pric_use_as_fee":false,"bind_quantity":false,"quantity_bind_formula":false},"fields":[{"type":"color-group","required":true,"elementId":"wcpa-color-group-66c4a75505e74","label":"Gr\u00f6\u00dfe - EU Gr\u00f6\u00dfe","inline":true,"priceOptions":"different_for_all","pricingType":"fixed","className":"hassizechart product-shoes-size-eu product-shoes-size","name":"color-group-66c4a75505e89","disp_type":"square","selection_type":"tick-border","disp_size":"44","show_label_inside":true,"adjust_width":true,"cart_display_type":"text","other_text":"Other","cl_rule":"show","col":6,"values":[{"label":"35.5","value":"EU 35.5","price":"","pimage":"","pimage_id":"","pthumb":"","color":""},{"label":"36","value":"EU 36","price":"","pimage":"","pimage_id":"","pthumb":"","color":"","selected":true},{"label":"36.5","value":"EU 36.5","price":"","pimage":"","pimage_id":"","pthumb":"","color":""},{"label":"37.5","value":"EU 37.5","price":"","pimage":"","pimage_id":"","pthumb":"","color":""},{"label":"38","value":"EU 38","price":"","pimage":"","pimage_id":"","pthumb":"","color":""},{"label":"38.5","value":"EU 38.5","price":"","pimage":"","pimage_id":"","pthumb":"","color":""},{"label":"39","value":"EU 39","price":"","pimage":"","pimage_id":"","pthumb":"","color":""},{"label":"40","value":"EU 40","price":"","pimage":"","pimage_id":"","pthumb":"","color":""},{"label":"40.5","value":"EU 40.5","price":"","pimage":"","pimage_id":"","pthumb":"","color":""},{"label":"41","value":"EU 41","price":"","pimage":"","pimage_id":"","pthumb":"","color":""},{"label":"42","value":"EU 42","price":"","pimage":"","pimage_id":"","pthumb":"","color":""},{"label":"42.5","value":"EU 42.5","price":"","pimage":"","pimage_id":"","pthumb":"","color":""},{"label":"43","value":"EU 43","price":"","pimage":"","pimage_id":"","pthumb":"","color":""},{"label":"44","value":"EU 44","price":"","pimage":"","pimage_id":"","pthumb":"","color":""},{"label":"44.5","value":"EU 44.5","price":"","pimage":"","pimage_id":"","pthumb":"","color":""},{"label":"45","value":"EU 45","price":"","pimage":"","pimage_id":"","pthumb":"","color":""},{"label":"45.5","value":"EU 45.5","price":"","pimage":"","pimage_id":"","pthumb":"","color":""},{"label":"46","value":"EU 46","price":"","pimage":"","pimage_id":"","pthumb":"","color":""},{"label":"47","value":"EU 47","price":"","pimage":"","pimage_id":"","pthumb":"","color":""},{"label":"47.5","value":"EU 47.5","price":"","pimage":"","pimage_id":"","pthumb":"","color":""},{"label":"48","value":"EU 48","price":"","pimage":"","pimage_id":"","pthumb":"","color":""}],"relations":[{"operator":false,"rules":[]}],"form_id":18106,"form_rules":{"pric_cal_option_once":false,"exclude_from_discount":false,"pric_use_as_fee":false,"fee_label":"Fee","render_after_acb":false,"disp_hide_options_price":false}}]},"_links":{"self":[{"href":"https:\/\/moroen.com\/de\/wp-json\/wp\/v2\/product\/61392","targetHints":{"allow":["GET"]}}],"collection":[{"href":"https:\/\/moroen.com\/de\/wp-json\/wp\/v2\/product"}],"about":[{"href":"https:\/\/moroen.com\/de\/wp-json\/wp\/v2\/types\/product"}],"replies":[{"embeddable":true,"href":"https:\/\/moroen.com\/de\/wp-json\/wp\/v2\/comments?post=61392"}],"wp:featuredmedia":[{"embeddable":true,"href":"https:\/\/moroen.com\/de\/wp-json\/wp\/v2\/media\/61393"}],"wp:attachment":[{"href":"https:\/\/moroen.com\/de\/wp-json\/wp\/v2\/media?parent=61392"}],"wp:term":[{"taxonomy":"product_brand","embeddable":true,"href":"https:\/\/moroen.com\/de\/wp-json\/wp\/v2\/product_brand?post=61392"},{"taxonomy":"product_cat","embeddable":true,"href":"https:\/\/moroen.com\/de\/wp-json\/wp\/v2\/product_cat?post=61392"},{"taxonomy":"product_tag","embeddable":true,"href":"https:\/\/moroen.com\/de\/wp-json\/wp\/v2\/product_tag?post=61392"}],"curies":[{"name":"wp","href":"https:\/\/api.w.org\/{rel}","templated":true}]}}