{"id":62246,"date":"2026-03-17T10:25:13","date_gmt":"2026-03-17T03:25:13","guid":{"rendered":"https:\/\/moroen.com\/de\/product\/women-nike-dunk-low-essential-pink-foam-black-dj9955-600"},"modified":"2026-03-17T10:25:13","modified_gmt":"2026-03-17T03:25:13","slug":"women-nike-dunk-low-essential-pink-foam-black-dj9955-600","status":"publish","type":"product","link":"https:\/\/moroen.com\/de\/produkt\/women-nike-dunk-low-essential-pink-foam-black-dj9955-600\/","title":{"rendered":"(Women) Nike Dunk Low Essential &#8218;Pink Foam Black&#8216; DJ9955-600"},"content":{"rendered":"<p>Der Nike Dunk Low Essential Pink Foam Black (WMNS) ist ein stylischer und trendiger Schuh f\u00fcr Damen. Mit seiner leuchtend pinken Farbe und den schwarzen Akzenten bietet er einen auff\u00e4lligen und modischen Look. Hergestellt von Nike, einer vertrauensw\u00fcrdigen und beliebten Marke, vereint dieser Schuh Style und Komfort und ist somit perfekt f\u00fcr jeden Tag. Ob beim Sport oder in der Freizeit \u2013 der Nike Dunk Low Essential Pink Foam Black (WMNS) ist ein Must-have f\u00fcr deine Schuhsammlung.<\/p>\n<p>Farbgebung: Pink Foam\/Wei\u00df\/Schwarz<br \/>\nArtikelnummer: DJ9955-600<br \/>\nObermaterial: Lackleder<br \/>\nFarbe: Schwarz<br \/>\nDesigner: Peter Moore<\/p>\n<p>Designer: Peter Moore<\/p>\n","protected":false},"excerpt":{"rendered":"<p>Der Nike Dunk Low Essential Pink Foam Black (WMNS) ist ein stylischer und trendiger Schuh f\u00fcr Damen. Mit seiner leuchtend pinken Farbe und den schwarzen Akzenten bietet er einen auff\u00e4lligen und modischen Look. Hergestellt von Nike, einer vertrauensw\u00fcrdigen und beliebten Marke, vereint dieser Schuh Style und Komfort und ist somit perfekt f\u00fcr jeden Tag. Ob [&hellip;]<\/p>\n","protected":false},"featured_media":62247,"comment_status":"open","ping_status":"closed","template":"","meta":[],"product_brand":[],"product_cat":[12440,10964,10773,10800],"product_tag":[10783,10756,10814,10961,10762,10839,10765,10768,10770],"class_list":{"0":"post-62246","1":"product","2":"type-product","3":"status-publish","4":"has-post-thumbnail","6":"product_cat-nike-dunk-low-essential","7":"product_cat-lifestyle-shoes-skateboarding-inspired","8":"product_cat-nike","9":"product_cat-gender-women","10":"product_tag-gift-for-her","11":"product_tag-lifestyle-casual-shoes","12":"product_tag-lifestyle-shoes-basketball-inspired","13":"product_tag-lifestyle-shoes-skateboarding-inspired","14":"product_tag-nike","15":"product_tag-nike-skateboarding-shoes","16":"product_tag-trending-deals","17":"product_tag-trending-deals-under-150","18":"product_tag-under-retail","19":"wcpa_has_options","21":"first","22":"instock","23":"taxable","24":"shipping-taxable","25":"purchasable","26":"product-type-simple"},"wcpa_form_fields":{"rules":{"pric_overide_base_price":false,"pric_overide_base_price_if_gt_zero":false,"pric_overide_base_price_fully":false,"pric_cal_option_once":false,"pric_use_as_fee":false,"bind_quantity":false,"quantity_bind_formula":false},"fields":[{"type":"color-group","required":true,"elementId":"wcpa-color-group-66c4a75505e74","label":"Gr\u00f6\u00dfe - EU Gr\u00f6\u00dfe","inline":true,"priceOptions":"different_for_all","pricingType":"fixed","className":"hassizechart product-shoes-size-eu product-shoes-size","name":"color-group-66c4a75505e89","disp_type":"square","selection_type":"tick-border","disp_size":"44","show_label_inside":true,"adjust_width":true,"cart_display_type":"text","other_text":"Other","cl_rule":"show","col":6,"values":[{"label":"35.5","value":"EU 35.5","price":"","pimage":"","pimage_id":"","pthumb":"","color":""},{"label":"36","value":"EU 36","price":"","pimage":"","pimage_id":"","pthumb":"","color":"","selected":true},{"label":"36.5","value":"EU 36.5","price":"","pimage":"","pimage_id":"","pthumb":"","color":""},{"label":"37.5","value":"EU 37.5","price":"","pimage":"","pimage_id":"","pthumb":"","color":""},{"label":"38","value":"EU 38","price":"","pimage":"","pimage_id":"","pthumb":"","color":""},{"label":"38.5","value":"EU 38.5","price":"","pimage":"","pimage_id":"","pthumb":"","color":""},{"label":"39","value":"EU 39","price":"","pimage":"","pimage_id":"","pthumb":"","color":""},{"label":"40","value":"EU 40","price":"","pimage":"","pimage_id":"","pthumb":"","color":""},{"label":"40.5","value":"EU 40.5","price":"","pimage":"","pimage_id":"","pthumb":"","color":""},{"label":"41","value":"EU 41","price":"","pimage":"","pimage_id":"","pthumb":"","color":""},{"label":"42","value":"EU 42","price":"","pimage":"","pimage_id":"","pthumb":"","color":""},{"label":"42.5","value":"EU 42.5","price":"","pimage":"","pimage_id":"","pthumb":"","color":""},{"label":"43","value":"EU 43","price":"","pimage":"","pimage_id":"","pthumb":"","color":""},{"label":"44","value":"EU 44","price":"","pimage":"","pimage_id":"","pthumb":"","color":""},{"label":"44.5","value":"EU 44.5","price":"","pimage":"","pimage_id":"","pthumb":"","color":""},{"label":"45","value":"EU 45","price":"","pimage":"","pimage_id":"","pthumb":"","color":""},{"label":"45.5","value":"EU 45.5","price":"","pimage":"","pimage_id":"","pthumb":"","color":""},{"label":"46","value":"EU 46","price":"","pimage":"","pimage_id":"","pthumb":"","color":""},{"label":"47","value":"EU 47","price":"","pimage":"","pimage_id":"","pthumb":"","color":""},{"label":"47.5","value":"EU 47.5","price":"","pimage":"","pimage_id":"","pthumb":"","color":""},{"label":"48","value":"EU 48","price":"","pimage":"","pimage_id":"","pthumb":"","color":""}],"relations":[{"operator":false,"rules":[]}],"form_id":18106,"form_rules":{"pric_cal_option_once":false,"exclude_from_discount":false,"pric_use_as_fee":false,"fee_label":"Fee","render_after_acb":false,"disp_hide_options_price":false}}]},"_links":{"self":[{"href":"https:\/\/moroen.com\/de\/wp-json\/wp\/v2\/product\/62246","targetHints":{"allow":["GET"]}}],"collection":[{"href":"https:\/\/moroen.com\/de\/wp-json\/wp\/v2\/product"}],"about":[{"href":"https:\/\/moroen.com\/de\/wp-json\/wp\/v2\/types\/product"}],"replies":[{"embeddable":true,"href":"https:\/\/moroen.com\/de\/wp-json\/wp\/v2\/comments?post=62246"}],"wp:featuredmedia":[{"embeddable":true,"href":"https:\/\/moroen.com\/de\/wp-json\/wp\/v2\/media\/62247"}],"wp:attachment":[{"href":"https:\/\/moroen.com\/de\/wp-json\/wp\/v2\/media?parent=62246"}],"wp:term":[{"taxonomy":"product_brand","embeddable":true,"href":"https:\/\/moroen.com\/de\/wp-json\/wp\/v2\/product_brand?post=62246"},{"taxonomy":"product_cat","embeddable":true,"href":"https:\/\/moroen.com\/de\/wp-json\/wp\/v2\/product_cat?post=62246"},{"taxonomy":"product_tag","embeddable":true,"href":"https:\/\/moroen.com\/de\/wp-json\/wp\/v2\/product_tag?post=62246"}],"curies":[{"name":"wp","href":"https:\/\/api.w.org\/{rel}","templated":true}]}}