{"id":62738,"date":"2026-03-17T10:25:28","date_gmt":"2026-03-17T03:25:28","guid":{"rendered":"https:\/\/moroen.com\/de\/product\/women-adidas-gazelle-bold-orange-gum-hq8718"},"modified":"2026-03-17T10:25:28","modified_gmt":"2026-03-17T03:25:28","slug":"women-adidas-gazelle-bold-orange-gum-hq8718","status":"publish","type":"product","link":"https:\/\/moroen.com\/de\/produkt\/women-adidas-gazelle-bold-orange-gum-hq8718\/","title":{"rendered":"(Women) adidas Gazelle &#8218;Bold Orange Gum&#8216; HQ8718"},"content":{"rendered":"<p>Die adidas Gazelle Bold Orange Gum (WMNS) Sneaker sind eine stylische und farbenfrohe Erg\u00e4nzung f\u00fcr deine Schuhsammlung. Mit ihrer auff\u00e4lligen, kr\u00e4ftigen orangen Farbe und der Gummisohle ziehen diese Sneaker garantiert alle Blicke auf sich. Diese adidas Sneaker sind perfekt f\u00fcr Fashion- und Sportbegeisterte. Hol dir mit den adidas Gazelle Bold Orange Gum (WMNS) Sneakern ein Upgrade f\u00fcr deinen Sneaker-Style.<br \/>\n&#8230;<\/p>\n","protected":false},"excerpt":{"rendered":"<p>Die adidas Gazelle Bold Orange Gum (WMNS) Sneaker sind eine stylische und farbenfrohe Erg\u00e4nzung f\u00fcr deine Schuhsammlung. Mit ihrer auff\u00e4lligen, kr\u00e4ftigen orangen Farbe und der Gummisohle ziehen diese Sneaker garantiert alle Blicke auf sich. Diese adidas Sneaker sind perfekt f\u00fcr Fashion- und Sportbegeisterte. Hol dir mit den adidas Gazelle Bold Orange Gum (WMNS) Sneakern ein [&hellip;]<\/p>\n","protected":false},"featured_media":62739,"comment_status":"open","ping_status":"closed","template":"","meta":[],"product_brand":[],"product_cat":[10791,12341,10860,10800],"product_tag":[10789,10856,10750,10752,10868,10869,10870,10783,10913,10756,10857,10914,10858,10765,10768,10770],"class_list":{"0":"post-62738","1":"product","2":"type-product","3":"status-publish","4":"has-post-thumbnail","6":"product_cat-adidas","7":"product_cat-adidas-gazelle","8":"product_cat-lifestyle-shoes-casual","9":"product_cat-gender-women","10":"product_tag-adidas","11":"product_tag-adidas-skateboarding-shoes","12":"product_tag-athleisure-shoes","13":"product_tag-best-finds-under-100","14":"product_tag-equality-day-women-coll","15":"product_tag-equality-day-women-s-collection","16":"product_tag-equality-day-women-s-edition","17":"product_tag-gift-for-her","18":"product_tag-international-women-day-coll","19":"product_tag-lifestyle-casual-shoes","20":"product_tag-lifestyle-shoes-casual","21":"product_tag-mother-day-coll","22":"product_tag-retro-casual-shoes","23":"product_tag-trending-deals","24":"product_tag-trending-deals-under-150","25":"product_tag-under-retail","26":"wcpa_has_options","28":"first","29":"instock","30":"taxable","31":"shipping-taxable","32":"purchasable","33":"product-type-simple"},"wcpa_form_fields":{"rules":{"pric_overide_base_price":false,"pric_overide_base_price_if_gt_zero":false,"pric_overide_base_price_fully":false,"pric_cal_option_once":false,"pric_use_as_fee":false,"bind_quantity":false,"quantity_bind_formula":false},"fields":[{"type":"color-group","required":true,"elementId":"wcpa-color-group-66c4a7f817afe","label":"Gr\u00f6\u00dfe","inline":true,"priceOptions":"different_for_all","pricingType":"fixed","className":"hassizechart product-shoes-size-eu product-shoes-size","name":"color-group-66c4a7f817b18","disp_type":"square","selection_type":"tick-border","disp_size":"50","show_label_inside":true,"adjust_width":true,"cart_display_type":"text","other_text":"Other","cl_rule":"show","col":6,"values":[{"label":"35","value":"EU 35","price":"","pimage":"","pimage_id":"","pthumb":"","color":""},{"label":"35.5","value":"EU 35.5","price":"","pimage":"","pimage_id":"","pthumb":"","color":""},{"label":"36","value":"EU 36","price":"","pimage":"","pimage_id":"","pthumb":"","color":"","selected":true},{"label":"36 2\/3","value":"EU 36 2\/3","price":"","pimage":"","pimage_id":"","pthumb":"","color":""},{"label":"37 1\/3","value":"EU 37 1\/3","price":"","pimage":"","pimage_id":"","pthumb":"","color":""},{"label":"38","value":"EU 38","price":"","pimage":"","pimage_id":"","pthumb":"","color":""},{"label":"38 2\/3","value":"EU 38 2\/3","price":"","pimage":"","pimage_id":"","pthumb":"","color":""},{"label":"39 1\/3","value":"EU 39 1\/3","price":"","pimage":"","pimage_id":"","pthumb":"","color":""},{"label":"40","value":"EU 40","price":"","pimage":"","pimage_id":"","pthumb":"","color":""},{"label":"40 2\/3","value":"EU 40 2\/3","price":"","pimage":"","pimage_id":"","pthumb":"","color":""},{"label":"41 1\/3","value":"EU 41 1\/3","price":"","pimage":"","pimage_id":"","pthumb":"","color":""},{"label":"42","value":"EU 42","price":"","pimage":"","pimage_id":"","pthumb":"","color":""},{"label":"42 2\/3","value":"EU 42 2\/3","price":"","pimage":"","pimage_id":"","pthumb":"","color":""},{"label":"43 1\/3","value":"EU 43 1\/3","price":"","pimage":"","pimage_id":"","pthumb":"","color":""},{"label":"44","value":"EU 44","price":"","pimage":"","pimage_id":"","pthumb":"","color":""},{"label":"44 2\/3","value":"EU 44 2\/3","price":"","pimage":"","pimage_id":"","pthumb":"","color":""},{"label":"45 1\/3","value":"EU 45 1\/3","price":"","pimage":"","pimage_id":"","pthumb":"","color":""},{"label":"46","value":"EU 46","price":"","pimage":"","pimage_id":"","pthumb":"","color":""},{"label":"46 2\/3","value":"EU 46 2\/3","price":"","pimage":"","pimage_id":"","pthumb":"","color":""},{"label":"47 1\/3","value":"EU 47 1\/3","price":"","pimage":"","pimage_id":"","pthumb":"","color":""}],"relations":[{"operator":false,"rules":[]}],"form_id":24802,"form_rules":{"pric_cal_option_once":false,"exclude_from_discount":false,"pric_use_as_fee":false,"fee_label":"Fee","render_after_acb":false,"disp_hide_options_price":false}}]},"_links":{"self":[{"href":"https:\/\/moroen.com\/de\/wp-json\/wp\/v2\/product\/62738","targetHints":{"allow":["GET"]}}],"collection":[{"href":"https:\/\/moroen.com\/de\/wp-json\/wp\/v2\/product"}],"about":[{"href":"https:\/\/moroen.com\/de\/wp-json\/wp\/v2\/types\/product"}],"replies":[{"embeddable":true,"href":"https:\/\/moroen.com\/de\/wp-json\/wp\/v2\/comments?post=62738"}],"wp:featuredmedia":[{"embeddable":true,"href":"https:\/\/moroen.com\/de\/wp-json\/wp\/v2\/media\/62739"}],"wp:attachment":[{"href":"https:\/\/moroen.com\/de\/wp-json\/wp\/v2\/media?parent=62738"}],"wp:term":[{"taxonomy":"product_brand","embeddable":true,"href":"https:\/\/moroen.com\/de\/wp-json\/wp\/v2\/product_brand?post=62738"},{"taxonomy":"product_cat","embeddable":true,"href":"https:\/\/moroen.com\/de\/wp-json\/wp\/v2\/product_cat?post=62738"},{"taxonomy":"product_tag","embeddable":true,"href":"https:\/\/moroen.com\/de\/wp-json\/wp\/v2\/product_tag?post=62738"}],"curies":[{"name":"wp","href":"https:\/\/api.w.org\/{rel}","templated":true}]}}