{"id":63016,"date":"2026-03-17T10:25:38","date_gmt":"2026-03-17T03:25:38","guid":{"rendered":"https:\/\/moroen.com\/de\/product\/women-nike-dunk-low-premium-houston-comets-four-peat-dz2780-100"},"modified":"2026-03-17T10:25:38","modified_gmt":"2026-03-17T03:25:38","slug":"women-nike-dunk-low-premium-houston-comets-four-peat-dz2780-100","status":"publish","type":"product","link":"https:\/\/moroen.com\/de\/produkt\/women-nike-dunk-low-premium-houston-comets-four-peat-dz2780-100\/","title":{"rendered":"(Women) Nike Dunk Low Premium &#8218;Houston Comets Four Peat&#8216; DZ2780-100"},"content":{"rendered":"<p>Mit dem exklusiven Nike Dunk Low Premium \u201eHouston Comets Four Peat\u201c f\u00fcr Damen hebst du deinen Sneaker-Style auf. Inspiriert vom legend\u00e4ren WNBA-Team, besticht dieser Sneaker durch ein leuchtendes Orange-Blau-Farbschema und zollt so deren historischem Vierfach-Meisterschaftslauf Tribut. Das hochwertige Leder und die charakteristische Dunk Low-Silhouette bieten unvergleichlichen Komfort und Style. Das \u201eHouston Comets Four Peat\u201c-Branding auf Zunge und Ferse verleiht dem Schuh einen Hauch von Kult-Flair. Werde Teil der Legende und sichere dir mit diesem limitierten Sneaker ein St\u00fcck Basketballgeschichte.<\/p>\n<ul>\n<li><strong>Farbgebung:<\/strong> Wei\u00df\/Obsidian\/Wolfsgrau\/University Red<\/li>\n<li><strong>Artikelnummer:<\/strong> DZ2780-100<\/li>\n<li><strong>Obermaterial:<\/strong> Leder<\/li>\n<li><strong>Designer:<\/strong> Peter Moore<\/li>\n<li><strong>Erscheinungsjahr:<\/strong> 2023<\/li>\n<\/ul>\n","protected":false},"excerpt":{"rendered":"<p>Mit dem exklusiven Nike Dunk Low Premium \u201eHouston Comets Four Peat\u201c f\u00fcr Damen hebst du deinen Sneaker-Style auf. Inspiriert vom legend\u00e4ren WNBA-Team, besticht dieser Sneaker durch ein leuchtendes Orange-Blau-Farbschema und zollt so deren historischem Vierfach-Meisterschaftslauf Tribut. Das hochwertige Leder und die charakteristische Dunk Low-Silhouette bieten unvergleichlichen Komfort und Style. Das \u201eHouston Comets Four Peat\u201c-Branding auf [&hellip;]<\/p>\n","protected":false},"featured_media":63017,"comment_status":"open","ping_status":"closed","template":"","meta":[],"product_brand":[],"product_cat":[12183,10816,10773,10800],"product_tag":[10783,10756,10814,10762,10770],"class_list":{"0":"post-63016","1":"product","2":"type-product","3":"status-publish","4":"has-post-thumbnail","6":"product_cat-nike-dunk-low-premium","7":"product_cat-lifestyle-shoes-basketball-inspired","8":"product_cat-nike","9":"product_cat-gender-women","10":"product_tag-gift-for-her","11":"product_tag-lifestyle-casual-shoes","12":"product_tag-lifestyle-shoes-basketball-inspired","13":"product_tag-nike","14":"product_tag-under-retail","15":"wcpa_has_options","17":"first","18":"instock","19":"taxable","20":"shipping-taxable","21":"purchasable","22":"product-type-simple"},"wcpa_form_fields":{"rules":{"pric_overide_base_price":false,"pric_overide_base_price_if_gt_zero":false,"pric_overide_base_price_fully":false,"pric_cal_option_once":false,"pric_use_as_fee":false,"bind_quantity":false,"quantity_bind_formula":false},"fields":[{"type":"color-group","required":true,"elementId":"wcpa-color-group-66c4a75505e74","label":"Gr\u00f6\u00dfe - EU Gr\u00f6\u00dfe","inline":true,"priceOptions":"different_for_all","pricingType":"fixed","className":"hassizechart product-shoes-size-eu product-shoes-size","name":"color-group-66c4a75505e89","disp_type":"square","selection_type":"tick-border","disp_size":"44","show_label_inside":true,"adjust_width":true,"cart_display_type":"text","other_text":"Other","cl_rule":"show","col":6,"values":[{"label":"35.5","value":"EU 35.5","price":"","pimage":"","pimage_id":"","pthumb":"","color":""},{"label":"36","value":"EU 36","price":"","pimage":"","pimage_id":"","pthumb":"","color":"","selected":true},{"label":"36.5","value":"EU 36.5","price":"","pimage":"","pimage_id":"","pthumb":"","color":""},{"label":"37.5","value":"EU 37.5","price":"","pimage":"","pimage_id":"","pthumb":"","color":""},{"label":"38","value":"EU 38","price":"","pimage":"","pimage_id":"","pthumb":"","color":""},{"label":"38.5","value":"EU 38.5","price":"","pimage":"","pimage_id":"","pthumb":"","color":""},{"label":"39","value":"EU 39","price":"","pimage":"","pimage_id":"","pthumb":"","color":""},{"label":"40","value":"EU 40","price":"","pimage":"","pimage_id":"","pthumb":"","color":""},{"label":"40.5","value":"EU 40.5","price":"","pimage":"","pimage_id":"","pthumb":"","color":""},{"label":"41","value":"EU 41","price":"","pimage":"","pimage_id":"","pthumb":"","color":""},{"label":"42","value":"EU 42","price":"","pimage":"","pimage_id":"","pthumb":"","color":""},{"label":"42.5","value":"EU 42.5","price":"","pimage":"","pimage_id":"","pthumb":"","color":""},{"label":"43","value":"EU 43","price":"","pimage":"","pimage_id":"","pthumb":"","color":""},{"label":"44","value":"EU 44","price":"","pimage":"","pimage_id":"","pthumb":"","color":""},{"label":"44.5","value":"EU 44.5","price":"","pimage":"","pimage_id":"","pthumb":"","color":""},{"label":"45","value":"EU 45","price":"","pimage":"","pimage_id":"","pthumb":"","color":""},{"label":"45.5","value":"EU 45.5","price":"","pimage":"","pimage_id":"","pthumb":"","color":""},{"label":"46","value":"EU 46","price":"","pimage":"","pimage_id":"","pthumb":"","color":""},{"label":"47","value":"EU 47","price":"","pimage":"","pimage_id":"","pthumb":"","color":""},{"label":"47.5","value":"EU 47.5","price":"","pimage":"","pimage_id":"","pthumb":"","color":""},{"label":"48","value":"EU 48","price":"","pimage":"","pimage_id":"","pthumb":"","color":""}],"relations":[{"operator":false,"rules":[]}],"form_id":18106,"form_rules":{"pric_cal_option_once":false,"exclude_from_discount":false,"pric_use_as_fee":false,"fee_label":"Fee","render_after_acb":false,"disp_hide_options_price":false}}]},"_links":{"self":[{"href":"https:\/\/moroen.com\/de\/wp-json\/wp\/v2\/product\/63016","targetHints":{"allow":["GET"]}}],"collection":[{"href":"https:\/\/moroen.com\/de\/wp-json\/wp\/v2\/product"}],"about":[{"href":"https:\/\/moroen.com\/de\/wp-json\/wp\/v2\/types\/product"}],"replies":[{"embeddable":true,"href":"https:\/\/moroen.com\/de\/wp-json\/wp\/v2\/comments?post=63016"}],"wp:featuredmedia":[{"embeddable":true,"href":"https:\/\/moroen.com\/de\/wp-json\/wp\/v2\/media\/63017"}],"wp:attachment":[{"href":"https:\/\/moroen.com\/de\/wp-json\/wp\/v2\/media?parent=63016"}],"wp:term":[{"taxonomy":"product_brand","embeddable":true,"href":"https:\/\/moroen.com\/de\/wp-json\/wp\/v2\/product_brand?post=63016"},{"taxonomy":"product_cat","embeddable":true,"href":"https:\/\/moroen.com\/de\/wp-json\/wp\/v2\/product_cat?post=63016"},{"taxonomy":"product_tag","embeddable":true,"href":"https:\/\/moroen.com\/de\/wp-json\/wp\/v2\/product_tag?post=63016"}],"curies":[{"name":"wp","href":"https:\/\/api.w.org\/{rel}","templated":true}]}}