{"id":64324,"date":"2026-03-17T10:26:50","date_gmt":"2026-03-17T03:26:50","guid":{"rendered":"https:\/\/moroen.com\/de\/product\/nike-free-rn-50-2020-summit-white-ci9921-102"},"modified":"2026-03-17T10:26:50","modified_gmt":"2026-03-17T03:26:50","slug":"nike-free-rn-50-2020-summit-white-ci9921-102","status":"publish","type":"product","link":"https:\/\/moroen.com\/de\/produkt\/nike-free-rn-50-2020-summit-white-ci9921-102\/","title":{"rendered":"Nike Free RN 5.0 2020 Summit &#8218;White&#8216; CI9921-102"},"content":{"rendered":"<p>Erlebe unvergleichliche Freiheit und Flexibilit\u00e4t mit dem Nike Free RN 5.0 2020 Summit &#8218;White&#8216;. Sein leichtes und atmungsaktives Flyknit-Obermaterial sorgt f\u00fcr eine optimale Passform, w\u00e4hrend die innovative Sohle mit hexagonalen Flexkerben nat\u00fcrliche Bewegungsabl\u00e4ufe erm\u00f6glicht. Genie\u00dfe bei jedem Schritt ein barfu\u00df\u00e4hnliches Gef\u00fchl dank des flachen Designs, das einen nat\u00fcrlichen Laufstil f\u00f6rdert. Der Nike Free RN 5.0 2020 Summit &#8218;White&#8216; wurde f\u00fcr L\u00e4ufer entwickelt, die Komfort und Agilit\u00e4t suchen, und gibt dir die Freiheit, dich frei zu bewegen und deine Grenzen zu erweitern.<\/p>\n<p>Farbgebung: Wei\u00df\/Blau<br \/>\nArtikelnummer: CI9921-102<br \/>\nFarbe: Wei\u00df<\/p>\n<p>Farbe: Wei\u00df<\/p>\n","protected":false},"excerpt":{"rendered":"<p>Erlebe unvergleichliche Freiheit und Flexibilit\u00e4t mit dem Nike Free RN 5.0 2020 Summit &#8218;White&#8216;. Sein leichtes und atmungsaktives Flyknit-Obermaterial sorgt f\u00fcr eine optimale Passform, w\u00e4hrend die innovative Sohle mit hexagonalen Flexkerben nat\u00fcrliche Bewegungsabl\u00e4ufe erm\u00f6glicht. Genie\u00dfe bei jedem Schritt ein barfu\u00df\u00e4hnliches Gef\u00fchl dank des flachen Designs, das einen nat\u00fcrlichen Laufstil f\u00f6rdert. Der Nike Free RN 5.0 [&hellip;]<\/p>\n","protected":false},"featured_media":64325,"comment_status":"open","ping_status":"closed","template":"","meta":[],"product_brand":[],"product_cat":[12028,10780,10773,10794],"product_tag":[10754,10829,10762,10792,10777,10764,10781],"class_list":{"0":"post-64324","1":"product","2":"type-product","3":"status-publish","4":"has-post-thumbnail","6":"product_cat-nike-free-rn-5-0-2020","7":"product_cat-gender-men","8":"product_cat-nike","9":"product_cat-running-shoes","10":"product_tag-gift-for-him","11":"product_tag-lightweight-running-shoes","12":"product_tag-nike","13":"product_tag-nike-running-shoes","14":"product_tag-performance-running-shoes","15":"product_tag-performance-sport-shoes","16":"product_tag-running-shoes","17":"wcpa_has_options","19":"first","20":"instock","21":"taxable","22":"shipping-taxable","23":"purchasable","24":"product-type-simple"},"wcpa_form_fields":{"rules":{"pric_overide_base_price":false,"pric_overide_base_price_if_gt_zero":false,"pric_overide_base_price_fully":false,"pric_cal_option_once":false,"pric_use_as_fee":false,"bind_quantity":false,"quantity_bind_formula":false},"fields":[{"type":"color-group","required":true,"elementId":"wcpa-color-group-66c4a75505e74","label":"Gr\u00f6\u00dfe - EU Gr\u00f6\u00dfe","inline":true,"priceOptions":"different_for_all","pricingType":"fixed","className":"hassizechart product-shoes-size-eu product-shoes-size","name":"color-group-66c4a75505e89","disp_type":"square","selection_type":"tick-border","disp_size":"44","show_label_inside":true,"adjust_width":true,"cart_display_type":"text","other_text":"Other","cl_rule":"show","col":6,"values":[{"label":"35.5","value":"EU 35.5","price":"","pimage":"","pimage_id":"","pthumb":"","color":""},{"label":"36","value":"EU 36","price":"","pimage":"","pimage_id":"","pthumb":"","color":"","selected":true},{"label":"36.5","value":"EU 36.5","price":"","pimage":"","pimage_id":"","pthumb":"","color":""},{"label":"37.5","value":"EU 37.5","price":"","pimage":"","pimage_id":"","pthumb":"","color":""},{"label":"38","value":"EU 38","price":"","pimage":"","pimage_id":"","pthumb":"","color":""},{"label":"38.5","value":"EU 38.5","price":"","pimage":"","pimage_id":"","pthumb":"","color":""},{"label":"39","value":"EU 39","price":"","pimage":"","pimage_id":"","pthumb":"","color":""},{"label":"40","value":"EU 40","price":"","pimage":"","pimage_id":"","pthumb":"","color":""},{"label":"40.5","value":"EU 40.5","price":"","pimage":"","pimage_id":"","pthumb":"","color":""},{"label":"41","value":"EU 41","price":"","pimage":"","pimage_id":"","pthumb":"","color":""},{"label":"42","value":"EU 42","price":"","pimage":"","pimage_id":"","pthumb":"","color":""},{"label":"42.5","value":"EU 42.5","price":"","pimage":"","pimage_id":"","pthumb":"","color":""},{"label":"43","value":"EU 43","price":"","pimage":"","pimage_id":"","pthumb":"","color":""},{"label":"44","value":"EU 44","price":"","pimage":"","pimage_id":"","pthumb":"","color":""},{"label":"44.5","value":"EU 44.5","price":"","pimage":"","pimage_id":"","pthumb":"","color":""},{"label":"45","value":"EU 45","price":"","pimage":"","pimage_id":"","pthumb":"","color":""},{"label":"45.5","value":"EU 45.5","price":"","pimage":"","pimage_id":"","pthumb":"","color":""},{"label":"46","value":"EU 46","price":"","pimage":"","pimage_id":"","pthumb":"","color":""},{"label":"47","value":"EU 47","price":"","pimage":"","pimage_id":"","pthumb":"","color":""},{"label":"47.5","value":"EU 47.5","price":"","pimage":"","pimage_id":"","pthumb":"","color":""},{"label":"48","value":"EU 48","price":"","pimage":"","pimage_id":"","pthumb":"","color":""}],"relations":[{"operator":false,"rules":[]}],"form_id":18106,"form_rules":{"pric_cal_option_once":false,"exclude_from_discount":false,"pric_use_as_fee":false,"fee_label":"Fee","render_after_acb":false,"disp_hide_options_price":false}}]},"_links":{"self":[{"href":"https:\/\/moroen.com\/de\/wp-json\/wp\/v2\/product\/64324","targetHints":{"allow":["GET"]}}],"collection":[{"href":"https:\/\/moroen.com\/de\/wp-json\/wp\/v2\/product"}],"about":[{"href":"https:\/\/moroen.com\/de\/wp-json\/wp\/v2\/types\/product"}],"replies":[{"embeddable":true,"href":"https:\/\/moroen.com\/de\/wp-json\/wp\/v2\/comments?post=64324"}],"wp:featuredmedia":[{"embeddable":true,"href":"https:\/\/moroen.com\/de\/wp-json\/wp\/v2\/media\/64325"}],"wp:attachment":[{"href":"https:\/\/moroen.com\/de\/wp-json\/wp\/v2\/media?parent=64324"}],"wp:term":[{"taxonomy":"product_brand","embeddable":true,"href":"https:\/\/moroen.com\/de\/wp-json\/wp\/v2\/product_brand?post=64324"},{"taxonomy":"product_cat","embeddable":true,"href":"https:\/\/moroen.com\/de\/wp-json\/wp\/v2\/product_cat?post=64324"},{"taxonomy":"product_tag","embeddable":true,"href":"https:\/\/moroen.com\/de\/wp-json\/wp\/v2\/product_tag?post=64324"}],"curies":[{"name":"wp","href":"https:\/\/api.w.org\/{rel}","templated":true}]}}