{"id":64544,"date":"2026-03-17T10:27:05","date_gmt":"2026-03-17T03:27:05","guid":{"rendered":"https:\/\/moroen.com\/de\/product\/nike-mind-001-black"},"modified":"2026-03-17T10:27:05","modified_gmt":"2026-03-17T03:27:05","slug":"nike-mind-001-black","status":"publish","type":"product","link":"https:\/\/moroen.com\/de\/produkt\/nike-mind-001-black\/","title":{"rendered":"Nike Mind 001 &#8218;Black&#8216;"},"content":{"rendered":"<p>Der Nike Mind 001 \u201eBlack\u201c HQ4307-001 bietet ein elegantes, futuristisches Design kombiniert mit fortschrittlichem Komfort und un\u00fcbertroffenen Leistungsf\u00e4higkeiten f\u00fcr Sportler und Freizeittr\u00e4ger gleicherma\u00dfen. Mit seiner erstklassigen Schwarz-auf-Schwarz-\u00c4sthetik und der durchdachten Materialzusammensetzung verleiht dieser Sneaker Ihrer Schuhkollektion sowohl Vielseitigkeit als auch Raffinesse. Mit seiner leichten Konstruktion, einer innovativen Sohle f\u00fcr reaktionsfreudige D\u00e4mpfung und einer bequemen, anpassungsf\u00e4higen Passform sorgt der Nike Mind 001 f\u00fcr optimalen Halt, egal ob Sie unterwegs sind oder Ihren Alltagsstil verbessern. Dieses Modell ist eine perfekte Kombination aus Haltbarkeit, Eleganz und modernster Funktionalit\u00e4t und wurde f\u00fcr Personen entwickelt, die Wert auf Leistung als auch auf zeitlose Mode legen.<\/p>\n<ul>\n<li><strong>Farbgebung:<\/strong> Schwarz\/Chrom-Hyper Crimson-Wei\u00df<\/li>\n<li><strong>Stylecode:<\/strong> HQ4307-001<\/li>\n<li><strong>Obermaterial:<\/strong> Textil<\/li>\n<li><strong>Zwischensohle:<\/strong> Luft<\/li>\n<li><strong>Farbe:<\/strong> Schwarz<\/li>\n<li><strong>Saison:<\/strong> Winter<\/li>\n<li><strong>Erscheinungsjahr:<\/strong> 2026<\/li>\n<\/ul>\n","protected":false},"excerpt":{"rendered":"<p>Der Nike Mind 001 \u201eBlack\u201c HQ4307-001 bietet ein elegantes, futuristisches Design kombiniert mit fortschrittlichem Komfort und un\u00fcbertroffenen Leistungsf\u00e4higkeiten f\u00fcr Sportler und Freizeittr\u00e4ger gleicherma\u00dfen. Mit seiner erstklassigen Schwarz-auf-Schwarz-\u00c4sthetik und der durchdachten Materialzusammensetzung verleiht dieser Sneaker Ihrer Schuhkollektion sowohl Vielseitigkeit als auch Raffinesse. Mit seiner leichten Konstruktion, einer innovativen Sohle f\u00fcr reaktionsfreudige D\u00e4mpfung und einer bequemen, anpassungsf\u00e4higen [&hellip;]<\/p>\n","protected":false},"featured_media":64545,"comment_status":"open","ping_status":"closed","template":"","meta":[],"product_brand":[],"product_cat":[10780,12552,10773,11338],"product_tag":[12542,12543,12544,12545,10762,12546,11336,12547,12548,12549,12550,12551],"class_list":{"0":"post-64544","1":"product","2":"type-product","3":"status-publish","4":"has-post-thumbnail","6":"product_cat-gender-men","7":"product_cat-nike-mind-001","8":"product_cat-nike","9":"product_cat-slides","10":"product_tag-athleisure-schuhe","11":"product_tag-bestseller","12":"product_tag-hohe-nachfrage","13":"product_tag-lifestyle-freizeitschuhe","14":"product_tag-nike","15":"product_tag-retro-laufschuhe","16":"product_tag-slides","17":"product_tag-trendangebote","18":"product_tag-trendansicht","19":"product_tag-trendansicht-2","20":"product_tag-trendansicht-3","21":"product_tag-wa-chentlicher-trendartikel","22":"wcpa_has_options","24":"first","25":"instock","26":"taxable","27":"shipping-taxable","28":"purchasable","29":"product-type-simple"},"wcpa_form_fields":{"rules":{"pric_overide_base_price":false,"pric_overide_base_price_if_gt_zero":false,"pric_overide_base_price_fully":false,"pric_cal_option_once":false,"pric_use_as_fee":false,"bind_quantity":false,"quantity_bind_formula":false},"fields":[{"type":"color-group","required":true,"elementId":"wcpa-color-group-66c4a75505e74","label":"Gr\u00f6\u00dfe - EU Gr\u00f6\u00dfe","inline":true,"priceOptions":"different_for_all","pricingType":"fixed","className":"hassizechart product-shoes-size-eu product-shoes-size","name":"color-group-66c4a75505e89","disp_type":"square","selection_type":"tick-border","disp_size":"44","show_label_inside":true,"adjust_width":true,"cart_display_type":"text","other_text":"Other","cl_rule":"show","col":6,"values":[{"label":"35.5","value":"EU 35.5","price":"","pimage":"","pimage_id":"","pthumb":"","color":""},{"label":"36","value":"EU 36","price":"","pimage":"","pimage_id":"","pthumb":"","color":"","selected":true},{"label":"36.5","value":"EU 36.5","price":"","pimage":"","pimage_id":"","pthumb":"","color":""},{"label":"37.5","value":"EU 37.5","price":"","pimage":"","pimage_id":"","pthumb":"","color":""},{"label":"38","value":"EU 38","price":"","pimage":"","pimage_id":"","pthumb":"","color":""},{"label":"38.5","value":"EU 38.5","price":"","pimage":"","pimage_id":"","pthumb":"","color":""},{"label":"39","value":"EU 39","price":"","pimage":"","pimage_id":"","pthumb":"","color":""},{"label":"40","value":"EU 40","price":"","pimage":"","pimage_id":"","pthumb":"","color":""},{"label":"40.5","value":"EU 40.5","price":"","pimage":"","pimage_id":"","pthumb":"","color":""},{"label":"41","value":"EU 41","price":"","pimage":"","pimage_id":"","pthumb":"","color":""},{"label":"42","value":"EU 42","price":"","pimage":"","pimage_id":"","pthumb":"","color":""},{"label":"42.5","value":"EU 42.5","price":"","pimage":"","pimage_id":"","pthumb":"","color":""},{"label":"43","value":"EU 43","price":"","pimage":"","pimage_id":"","pthumb":"","color":""},{"label":"44","value":"EU 44","price":"","pimage":"","pimage_id":"","pthumb":"","color":""},{"label":"44.5","value":"EU 44.5","price":"","pimage":"","pimage_id":"","pthumb":"","color":""},{"label":"45","value":"EU 45","price":"","pimage":"","pimage_id":"","pthumb":"","color":""},{"label":"45.5","value":"EU 45.5","price":"","pimage":"","pimage_id":"","pthumb":"","color":""},{"label":"46","value":"EU 46","price":"","pimage":"","pimage_id":"","pthumb":"","color":""},{"label":"47","value":"EU 47","price":"","pimage":"","pimage_id":"","pthumb":"","color":""},{"label":"47.5","value":"EU 47.5","price":"","pimage":"","pimage_id":"","pthumb":"","color":""},{"label":"48","value":"EU 48","price":"","pimage":"","pimage_id":"","pthumb":"","color":""}],"relations":[{"operator":false,"rules":[]}],"form_id":18106,"form_rules":{"pric_cal_option_once":false,"exclude_from_discount":false,"pric_use_as_fee":false,"fee_label":"Fee","render_after_acb":false,"disp_hide_options_price":false}}]},"_links":{"self":[{"href":"https:\/\/moroen.com\/de\/wp-json\/wp\/v2\/product\/64544","targetHints":{"allow":["GET"]}}],"collection":[{"href":"https:\/\/moroen.com\/de\/wp-json\/wp\/v2\/product"}],"about":[{"href":"https:\/\/moroen.com\/de\/wp-json\/wp\/v2\/types\/product"}],"replies":[{"embeddable":true,"href":"https:\/\/moroen.com\/de\/wp-json\/wp\/v2\/comments?post=64544"}],"wp:featuredmedia":[{"embeddable":true,"href":"https:\/\/moroen.com\/de\/wp-json\/wp\/v2\/media\/64545"}],"wp:attachment":[{"href":"https:\/\/moroen.com\/de\/wp-json\/wp\/v2\/media?parent=64544"}],"wp:term":[{"taxonomy":"product_brand","embeddable":true,"href":"https:\/\/moroen.com\/de\/wp-json\/wp\/v2\/product_brand?post=64544"},{"taxonomy":"product_cat","embeddable":true,"href":"https:\/\/moroen.com\/de\/wp-json\/wp\/v2\/product_cat?post=64544"},{"taxonomy":"product_tag","embeddable":true,"href":"https:\/\/moroen.com\/de\/wp-json\/wp\/v2\/product_tag?post=64544"}],"curies":[{"name":"wp","href":"https:\/\/api.w.org\/{rel}","templated":true}]}}