{"id":64571,"date":"2026-03-17T10:27:05","date_gmt":"2026-03-17T03:27:05","guid":{"rendered":"https:\/\/moroen.com\/de\/product\/nike-p-6000-metallic-silver"},"modified":"2026-03-17T10:27:05","modified_gmt":"2026-03-17T03:27:05","slug":"nike-p-6000-metallic-silver","status":"publish","type":"product","link":"https:\/\/moroen.com\/de\/produkt\/nike-p-6000-metallic-silver\/","title":{"rendered":"Nike P-6000 &#8218;Metallic Silver&#8216;"},"content":{"rendered":"<p>Erweitern Sie Ihr Streetwear-Spiel mit dem Nike P-6000 \u201eMetallic Silver\u201c, einer Mischung aus Retro-Stil und moderner Technologie. Sein elegantes, metallisch-silbernes Obermaterial schimmert im Licht, w\u00e4hrend die atmungsaktiven Mesh-Eins\u00e4tze den ganzen Tag \u00fcber Komfort bieten. Die bequeme Schaumstoff-Mittelsohle sorgt f\u00fcr weiche D\u00e4mpfung und die strapazierf\u00e4hige Gummi-Au\u00dfensohle sorgt f\u00fcr Traktion auf jedem Untergrund. Betreten Sie die Zukunft des Schuhwerks mit diesem auff\u00e4lligen Meisterwerk von Nike.<\/p>\n<ul>\n<li><strong>Farbgebung:<\/strong> Metallic-Silber\/Segelblau\/Schwarz<\/li>\n<li><strong>Stylecode:<\/strong> CN0149-001<\/li>\n<li><strong>Obermaterial:<\/strong> Stoff<\/li>\n<li><strong>Farbe:<\/strong> Silber<\/li>\n<\/ul>\n","protected":false},"excerpt":{"rendered":"<p>Erweitern Sie Ihr Streetwear-Spiel mit dem Nike P-6000 \u201eMetallic Silver\u201c, einer Mischung aus Retro-Stil und moderner Technologie. Sein elegantes, metallisch-silbernes Obermaterial schimmert im Licht, w\u00e4hrend die atmungsaktiven Mesh-Eins\u00e4tze den ganzen Tag \u00fcber Komfort bieten. Die bequeme Schaumstoff-Mittelsohle sorgt f\u00fcr weiche D\u00e4mpfung und die strapazierf\u00e4hige Gummi-Au\u00dfensohle sorgt f\u00fcr Traktion auf jedem Untergrund. Betreten Sie die Zukunft [&hellip;]<\/p>\n","protected":false},"featured_media":64572,"comment_status":"open","ping_status":"closed","template":"","meta":[],"product_brand":[],"product_cat":[10778,10780,10773,12202],"product_tag":[12542,12543,12553,12555,12545,12557,10762,12561,12546,12558],"class_list":{"0":"post-64571","1":"product","2":"type-product","3":"status-publish","4":"has-post-thumbnail","6":"product_cat-lifestyle-shoes-running-inspired","7":"product_cat-gender-men","8":"product_cat-nike","9":"product_cat-nike-p-6000","10":"product_tag-athleisure-schuhe","11":"product_tag-bestseller","12":"product_tag-galerie-look","13":"product_tag-geschenk-fa-r-ihn","14":"product_tag-lifestyle-freizeitschuhe","15":"product_tag-lifestyle-schuhe-vom-laufen-inspiriert","16":"product_tag-nike","17":"product_tag-nike-laufschuhe","18":"product_tag-retro-laufschuhe","19":"product_tag-unter-retailpreis","20":"wcpa_has_options","22":"first","23":"instock","24":"taxable","25":"shipping-taxable","26":"purchasable","27":"product-type-simple"},"wcpa_form_fields":{"rules":{"pric_overide_base_price":false,"pric_overide_base_price_if_gt_zero":false,"pric_overide_base_price_fully":false,"pric_cal_option_once":false,"pric_use_as_fee":false,"bind_quantity":false,"quantity_bind_formula":false},"fields":[{"type":"color-group","required":true,"elementId":"wcpa-color-group-66c4a75505e74","label":"Gr\u00f6\u00dfe - EU Gr\u00f6\u00dfe","inline":true,"priceOptions":"different_for_all","pricingType":"fixed","className":"hassizechart product-shoes-size-eu product-shoes-size","name":"color-group-66c4a75505e89","disp_type":"square","selection_type":"tick-border","disp_size":"44","show_label_inside":true,"adjust_width":true,"cart_display_type":"text","other_text":"Other","cl_rule":"show","col":6,"values":[{"label":"35.5","value":"EU 35.5","price":"","pimage":"","pimage_id":"","pthumb":"","color":""},{"label":"36","value":"EU 36","price":"","pimage":"","pimage_id":"","pthumb":"","color":"","selected":true},{"label":"36.5","value":"EU 36.5","price":"","pimage":"","pimage_id":"","pthumb":"","color":""},{"label":"37.5","value":"EU 37.5","price":"","pimage":"","pimage_id":"","pthumb":"","color":""},{"label":"38","value":"EU 38","price":"","pimage":"","pimage_id":"","pthumb":"","color":""},{"label":"38.5","value":"EU 38.5","price":"","pimage":"","pimage_id":"","pthumb":"","color":""},{"label":"39","value":"EU 39","price":"","pimage":"","pimage_id":"","pthumb":"","color":""},{"label":"40","value":"EU 40","price":"","pimage":"","pimage_id":"","pthumb":"","color":""},{"label":"40.5","value":"EU 40.5","price":"","pimage":"","pimage_id":"","pthumb":"","color":""},{"label":"41","value":"EU 41","price":"","pimage":"","pimage_id":"","pthumb":"","color":""},{"label":"42","value":"EU 42","price":"","pimage":"","pimage_id":"","pthumb":"","color":""},{"label":"42.5","value":"EU 42.5","price":"","pimage":"","pimage_id":"","pthumb":"","color":""},{"label":"43","value":"EU 43","price":"","pimage":"","pimage_id":"","pthumb":"","color":""},{"label":"44","value":"EU 44","price":"","pimage":"","pimage_id":"","pthumb":"","color":""},{"label":"44.5","value":"EU 44.5","price":"","pimage":"","pimage_id":"","pthumb":"","color":""},{"label":"45","value":"EU 45","price":"","pimage":"","pimage_id":"","pthumb":"","color":""},{"label":"45.5","value":"EU 45.5","price":"","pimage":"","pimage_id":"","pthumb":"","color":""},{"label":"46","value":"EU 46","price":"","pimage":"","pimage_id":"","pthumb":"","color":""},{"label":"47","value":"EU 47","price":"","pimage":"","pimage_id":"","pthumb":"","color":""},{"label":"47.5","value":"EU 47.5","price":"","pimage":"","pimage_id":"","pthumb":"","color":""},{"label":"48","value":"EU 48","price":"","pimage":"","pimage_id":"","pthumb":"","color":""}],"relations":[{"operator":false,"rules":[]}],"form_id":18106,"form_rules":{"pric_cal_option_once":false,"exclude_from_discount":false,"pric_use_as_fee":false,"fee_label":"Fee","render_after_acb":false,"disp_hide_options_price":false}}]},"_links":{"self":[{"href":"https:\/\/moroen.com\/de\/wp-json\/wp\/v2\/product\/64571","targetHints":{"allow":["GET"]}}],"collection":[{"href":"https:\/\/moroen.com\/de\/wp-json\/wp\/v2\/product"}],"about":[{"href":"https:\/\/moroen.com\/de\/wp-json\/wp\/v2\/types\/product"}],"replies":[{"embeddable":true,"href":"https:\/\/moroen.com\/de\/wp-json\/wp\/v2\/comments?post=64571"}],"wp:featuredmedia":[{"embeddable":true,"href":"https:\/\/moroen.com\/de\/wp-json\/wp\/v2\/media\/64572"}],"wp:attachment":[{"href":"https:\/\/moroen.com\/de\/wp-json\/wp\/v2\/media?parent=64571"}],"wp:term":[{"taxonomy":"product_brand","embeddable":true,"href":"https:\/\/moroen.com\/de\/wp-json\/wp\/v2\/product_brand?post=64571"},{"taxonomy":"product_cat","embeddable":true,"href":"https:\/\/moroen.com\/de\/wp-json\/wp\/v2\/product_cat?post=64571"},{"taxonomy":"product_tag","embeddable":true,"href":"https:\/\/moroen.com\/de\/wp-json\/wp\/v2\/product_tag?post=64571"}],"curies":[{"name":"wp","href":"https:\/\/api.w.org\/{rel}","templated":true}]}}