{"id":64590,"date":"2026-03-17T10:27:06","date_gmt":"2026-03-17T03:27:06","guid":{"rendered":"https:\/\/moroen.com\/de\/product\/nike-p-6000-metallic-silver-wolf-grey"},"modified":"2026-03-17T10:27:06","modified_gmt":"2026-03-17T03:27:06","slug":"nike-p-6000-metallic-silver-wolf-grey","status":"publish","type":"product","link":"https:\/\/moroen.com\/de\/produkt\/nike-p-6000-metallic-silver-wolf-grey\/","title":{"rendered":"Nike P-6000 &#8218;Metallic Silver Wolf Grey&#8216;"},"content":{"rendered":"<p>Verbessern Sie Ihr Lauferlebnis mit den Nike P-6000-Laufschuhen in elegantem Metallic-Silber, Wolfsgrau, Anthrazit und Gipfelwei\u00df. Diese f\u00fcr Leistung dynamisch konzipierten Schuhe vereinen nahtlos Vintage-Stil mit modernstem Komfort. Mit atmungsaktiven Mesh-Akzenten und strapazierf\u00e4higen \u00dcberz\u00fcgen sorgt der P-6000 f\u00fcr optimalen Halt und Bel\u00fcftung. Die gepolsterte Zwischensohle bietet eine hervorragende Sto\u00dfd\u00e4mpfung, w\u00e4hrend die robuste Au\u00dfensohle hervorragende Traktion auf verschiedenen Oberfl\u00e4chen bietet. Perfekt sowohl f\u00fcr Gelegenheitsl\u00e4ufer als auch f\u00fcr ernsthafte Sportler. Erleben Sie Spitzenleistungen mit dem ikonischen Flair von Nike.<\/p>\n<ul>\n<li><strong>Farbgebung:<\/strong> Metallic-Silber\/Wolfsgrau\/Anthrazit\/Gipfelwei\u00df<\/li>\n<li><strong>Stilcode:<\/strong> IH4465-095<\/li>\n<li><strong>Obermaterial:<\/strong> Netz<\/li>\n<li><strong>Farbe:<\/strong> Grau<\/li>\n<\/ul>\n","protected":false},"excerpt":{"rendered":"<p>Verbessern Sie Ihr Lauferlebnis mit den Nike P-6000-Laufschuhen in elegantem Metallic-Silber, Wolfsgrau, Anthrazit und Gipfelwei\u00df. Diese f\u00fcr Leistung dynamisch konzipierten Schuhe vereinen nahtlos Vintage-Stil mit modernstem Komfort. Mit atmungsaktiven Mesh-Akzenten und strapazierf\u00e4higen \u00dcberz\u00fcgen sorgt der P-6000 f\u00fcr optimalen Halt und Bel\u00fcftung. Die gepolsterte Zwischensohle bietet eine hervorragende Sto\u00dfd\u00e4mpfung, w\u00e4hrend die robuste Au\u00dfensohle hervorragende Traktion auf [&hellip;]<\/p>\n","protected":false},"featured_media":64594,"comment_status":"open","ping_status":"closed","template":"","meta":[],"product_brand":[],"product_cat":[10778,10780,10773,12202],"product_tag":[12542,12553,12564,12557,10762,12563,12546,12558],"class_list":{"0":"post-64590","1":"product","2":"type-product","3":"status-publish","4":"has-post-thumbnail","6":"product_cat-lifestyle-shoes-running-inspired","7":"product_cat-gender-men","8":"product_cat-nike","9":"product_cat-nike-p-6000","10":"product_tag-athleisure-schuhe","11":"product_tag-galerie-look","12":"product_tag-laufschuhe","13":"product_tag-lifestyle-schuhe-vom-laufen-inspiriert","14":"product_tag-nike","15":"product_tag-performance-sportschuhe","16":"product_tag-retro-laufschuhe","17":"product_tag-unter-retailpreis","18":"wcpa_has_options","20":"first","21":"instock","22":"taxable","23":"shipping-taxable","24":"purchasable","25":"product-type-simple"},"wcpa_form_fields":{"rules":{"pric_overide_base_price":false,"pric_overide_base_price_if_gt_zero":false,"pric_overide_base_price_fully":false,"pric_cal_option_once":false,"pric_use_as_fee":false,"bind_quantity":false,"quantity_bind_formula":false},"fields":[{"type":"color-group","required":true,"elementId":"wcpa-color-group-66c4a75505e74","label":"Gr\u00f6\u00dfe - EU Gr\u00f6\u00dfe","inline":true,"priceOptions":"different_for_all","pricingType":"fixed","className":"hassizechart product-shoes-size-eu product-shoes-size","name":"color-group-66c4a75505e89","disp_type":"square","selection_type":"tick-border","disp_size":"44","show_label_inside":true,"adjust_width":true,"cart_display_type":"text","other_text":"Other","cl_rule":"show","col":6,"values":[{"label":"35.5","value":"EU 35.5","price":"","pimage":"","pimage_id":"","pthumb":"","color":""},{"label":"36","value":"EU 36","price":"","pimage":"","pimage_id":"","pthumb":"","color":"","selected":true},{"label":"36.5","value":"EU 36.5","price":"","pimage":"","pimage_id":"","pthumb":"","color":""},{"label":"37.5","value":"EU 37.5","price":"","pimage":"","pimage_id":"","pthumb":"","color":""},{"label":"38","value":"EU 38","price":"","pimage":"","pimage_id":"","pthumb":"","color":""},{"label":"38.5","value":"EU 38.5","price":"","pimage":"","pimage_id":"","pthumb":"","color":""},{"label":"39","value":"EU 39","price":"","pimage":"","pimage_id":"","pthumb":"","color":""},{"label":"40","value":"EU 40","price":"","pimage":"","pimage_id":"","pthumb":"","color":""},{"label":"40.5","value":"EU 40.5","price":"","pimage":"","pimage_id":"","pthumb":"","color":""},{"label":"41","value":"EU 41","price":"","pimage":"","pimage_id":"","pthumb":"","color":""},{"label":"42","value":"EU 42","price":"","pimage":"","pimage_id":"","pthumb":"","color":""},{"label":"42.5","value":"EU 42.5","price":"","pimage":"","pimage_id":"","pthumb":"","color":""},{"label":"43","value":"EU 43","price":"","pimage":"","pimage_id":"","pthumb":"","color":""},{"label":"44","value":"EU 44","price":"","pimage":"","pimage_id":"","pthumb":"","color":""},{"label":"44.5","value":"EU 44.5","price":"","pimage":"","pimage_id":"","pthumb":"","color":""},{"label":"45","value":"EU 45","price":"","pimage":"","pimage_id":"","pthumb":"","color":""},{"label":"45.5","value":"EU 45.5","price":"","pimage":"","pimage_id":"","pthumb":"","color":""},{"label":"46","value":"EU 46","price":"","pimage":"","pimage_id":"","pthumb":"","color":""},{"label":"47","value":"EU 47","price":"","pimage":"","pimage_id":"","pthumb":"","color":""},{"label":"47.5","value":"EU 47.5","price":"","pimage":"","pimage_id":"","pthumb":"","color":""},{"label":"48","value":"EU 48","price":"","pimage":"","pimage_id":"","pthumb":"","color":""}],"relations":[{"operator":false,"rules":[]}],"form_id":18106,"form_rules":{"pric_cal_option_once":false,"exclude_from_discount":false,"pric_use_as_fee":false,"fee_label":"Fee","render_after_acb":false,"disp_hide_options_price":false}}]},"_links":{"self":[{"href":"https:\/\/moroen.com\/de\/wp-json\/wp\/v2\/product\/64590","targetHints":{"allow":["GET"]}}],"collection":[{"href":"https:\/\/moroen.com\/de\/wp-json\/wp\/v2\/product"}],"about":[{"href":"https:\/\/moroen.com\/de\/wp-json\/wp\/v2\/types\/product"}],"replies":[{"embeddable":true,"href":"https:\/\/moroen.com\/de\/wp-json\/wp\/v2\/comments?post=64590"}],"wp:featuredmedia":[{"embeddable":true,"href":"https:\/\/moroen.com\/de\/wp-json\/wp\/v2\/media\/64594"}],"wp:attachment":[{"href":"https:\/\/moroen.com\/de\/wp-json\/wp\/v2\/media?parent=64590"}],"wp:term":[{"taxonomy":"product_brand","embeddable":true,"href":"https:\/\/moroen.com\/de\/wp-json\/wp\/v2\/product_brand?post=64590"},{"taxonomy":"product_cat","embeddable":true,"href":"https:\/\/moroen.com\/de\/wp-json\/wp\/v2\/product_cat?post=64590"},{"taxonomy":"product_tag","embeddable":true,"href":"https:\/\/moroen.com\/de\/wp-json\/wp\/v2\/product_tag?post=64590"}],"curies":[{"name":"wp","href":"https:\/\/api.w.org\/{rel}","templated":true}]}}