{"id":64724,"date":"2026-03-17T10:27:09","date_gmt":"2026-03-17T03:27:09","guid":{"rendered":"https:\/\/moroen.com\/de\/product\/asics-gt-21601203a275-001"},"modified":"2026-03-17T10:27:09","modified_gmt":"2026-03-17T03:27:09","slug":"asics-gt-21601203a275-001","status":"publish","type":"product","link":"https:\/\/moroen.com\/de\/produkt\/asics-gt-21601203a275-001\/","title":{"rendered":"ASICS GT-2160  &#8211; 1203A275-001"},"content":{"rendered":"<p>Erleben Sie die perfekte Verbindung von zeitlosem Stil und herausragender Performance mit dem ASICS GT-2160 1203A275-001 Laufschuh \u2013 entwickelt f\u00fcr Komfort, Langlebigkeit und Stabilit\u00e4t bei jedem Schritt. Inspiriert von seinen legend\u00e4ren Vorg\u00e4ngern, besticht dieses aktualisierte Modell durch ein schlankes Design und fortschrittliche D\u00e4mpfung. Damit ist er ideal f\u00fcr L\u00e4ufer und alle, die im Alltag hochwertige Schuhe suchen. Die leichte und dennoch st\u00fctzende Zwischensohle sorgt f\u00fcr exzellente Sto\u00dfd\u00e4mpfung und optimale Energier\u00fcckgabe f\u00fcr m\u00fchelose Bewegungsabl\u00e4ufe. Das atmungsaktive Obermaterial gew\u00e4hrleistet maximale Bel\u00fcftung und h\u00e4lt Ihre F\u00fc\u00dfe angenehm k\u00fchl, w\u00e4hrend die strapazierf\u00e4hige Au\u00dfensohle hervorragenden Grip und Traktion auf verschiedenen Untergr\u00fcnden bietet. Egal ob du lange Strecken l\u00e4ufst oder die Stra\u00dfen der Stadt erkundest, der ASICS GT-2160 1203A275-001 bietet zuverl\u00e4ssige Performance und einen stylischen Look.<\/p>\n<ul>\n<li><strong>Farbgebung:<\/strong> Schwarz\/Silber<\/li>\n<li><strong>Artikelnummer:<\/strong> 1203A275-001<\/li>\n<li><strong>Obermaterial:<\/strong> Mesh<\/li>\n<li><strong>Zwischensohle:<\/strong> Gel<\/li>\n<li><strong>Farbe:<\/strong> Schwarz<\/li>\n<\/ul>\n","protected":false},"excerpt":{"rendered":"<p>Erleben Sie die perfekte Verbindung von zeitlosem Stil und herausragender Performance mit dem ASICS GT-2160 1203A275-001 Laufschuh \u2013 entwickelt f\u00fcr Komfort, Langlebigkeit und Stabilit\u00e4t bei jedem Schritt. Inspiriert von seinen legend\u00e4ren Vorg\u00e4ngern, besticht dieses aktualisierte Modell durch ein schlankes Design und fortschrittliche D\u00e4mpfung. Damit ist er ideal f\u00fcr L\u00e4ufer und alle, die im Alltag hochwertige [&hellip;]<\/p>\n","protected":false},"featured_media":64725,"comment_status":"open","ping_status":"closed","template":"","meta":[],"product_brand":[],"product_cat":[12567,12595,10778,10780],"product_tag":[12565,12542,12545,12557,12546,12558],"class_list":{"0":"post-64724","1":"product","2":"type-product","3":"status-publish","4":"has-post-thumbnail","6":"product_cat-asics","7":"product_cat-asics-gt-2160","8":"product_cat-lifestyle-shoes-running-inspired","9":"product_cat-gender-men","10":"product_tag-asics","11":"product_tag-athleisure-schuhe","12":"product_tag-lifestyle-freizeitschuhe","13":"product_tag-lifestyle-schuhe-vom-laufen-inspiriert","14":"product_tag-retro-laufschuhe","15":"product_tag-unter-retailpreis","16":"wcpa_has_options","18":"first","19":"instock","20":"taxable","21":"shipping-taxable","22":"purchasable","23":"product-type-simple"},"wcpa_form_fields":{"rules":{"pric_overide_base_price":false,"pric_overide_base_price_if_gt_zero":false,"pric_overide_base_price_fully":false,"pric_cal_option_once":false,"pric_use_as_fee":false,"bind_quantity":false,"quantity_bind_formula":false},"fields":[{"type":"color-group","required":true,"elementId":"wcpa-color-group-69a5ac3f3e644","label":"Gr\u00f6\u00dfe","inline":true,"priceOptions":"different_for_all","pricingType":"fixed","className":"hassizechart product-shoes-size-eu product-shoes-size","name":"color-group-69a5ac3f3e64e","disp_type":"square","selection_type":"tick-border","disp_size":"50","show_label_inside":true,"adjust_width":true,"cart_display_type":"text","other_text":"Other","cl_rule":"show","col":6,"values":[{"label":"34.5","value":"EU 34.5","price":"","pimage":"","pimage_id":"","pthumb":"","color":""},{"label":"35","value":"EU 35","price":"","pimage":"","pimage_id":"","pthumb":"","color":""},{"label":"35.5","value":"EU 35.5","price":"","pimage":"","pimage_id":"","pthumb":"","color":""},{"label":"36","value":"EU 36","price":"","pimage":"","pimage_id":"","pthumb":"","color":"","selected":true},{"label":"37","value":"EU 37","price":"","pimage":"","pimage_id":"","pthumb":"","color":""},{"label":"37.5","value":"EU 37.5","price":"","pimage":"","pimage_id":"","pthumb":"","color":""},{"label":"38","value":"EU 38","price":"","pimage":"","pimage_id":"","pthumb":"","color":""},{"label":"38.5","value":"EU 38.5","price":"","pimage":"","pimage_id":"","pthumb":"","color":""},{"label":"39","value":"EU 39","price":"","pimage":"","pimage_id":"","pthumb":"","color":""},{"label":"39.5","value":"EU 39.5","price":"","pimage":"","pimage_id":"","pthumb":"","color":""},{"label":"40","value":"EU 40","price":"","pimage":"","pimage_id":"","pthumb":"","color":""},{"label":"40.5","value":"EU 40.5","price":"","pimage":"","pimage_id":"","pthumb":"","color":""},{"label":" 41.5","value":"EU 41.5","price":"","pimage":"","pimage_id":"","pthumb":"","color":""},{"label":"42","value":"EU 42","price":"","pimage":"","pimage_id":"","pthumb":"","color":""},{"label":"42.5","value":"EU 42.5","price":"","pimage":"","pimage_id":"","pthumb":"","color":""},{"label":"43.5","value":"EU 43.5","price":"","pimage":"","pimage_id":"","pthumb":"","color":""},{"label":"44","value":"EU 44","price":"","pimage":"","pimage_id":"","pthumb":"","color":""},{"label":"44.5","value":"EU 44.5","price":"","pimage":"","pimage_id":"","pthumb":"","color":""},{"label":"45","value":"EU 45","price":"","pimage":"","pimage_id":"","pthumb":"","color":""}],"relations":[{"operator":false,"rules":[]}],"form_id":184312,"form_rules":{"pric_cal_option_once":false,"exclude_from_discount":false,"pric_use_as_fee":false,"fee_label":"Fee","render_after_acb":false,"disp_hide_options_price":false}}]},"_links":{"self":[{"href":"https:\/\/moroen.com\/de\/wp-json\/wp\/v2\/product\/64724","targetHints":{"allow":["GET"]}}],"collection":[{"href":"https:\/\/moroen.com\/de\/wp-json\/wp\/v2\/product"}],"about":[{"href":"https:\/\/moroen.com\/de\/wp-json\/wp\/v2\/types\/product"}],"replies":[{"embeddable":true,"href":"https:\/\/moroen.com\/de\/wp-json\/wp\/v2\/comments?post=64724"}],"wp:featuredmedia":[{"embeddable":true,"href":"https:\/\/moroen.com\/de\/wp-json\/wp\/v2\/media\/64725"}],"wp:attachment":[{"href":"https:\/\/moroen.com\/de\/wp-json\/wp\/v2\/media?parent=64724"}],"wp:term":[{"taxonomy":"product_brand","embeddable":true,"href":"https:\/\/moroen.com\/de\/wp-json\/wp\/v2\/product_brand?post=64724"},{"taxonomy":"product_cat","embeddable":true,"href":"https:\/\/moroen.com\/de\/wp-json\/wp\/v2\/product_cat?post=64724"},{"taxonomy":"product_tag","embeddable":true,"href":"https:\/\/moroen.com\/de\/wp-json\/wp\/v2\/product_tag?post=64724"}],"curies":[{"name":"wp","href":"https:\/\/api.w.org\/{rel}","templated":true}]}}