{"id":65900,"date":"2026-03-17T10:27:44","date_gmt":"2026-03-17T03:27:44","guid":{"rendered":"https:\/\/moroen.com\/de\/product\/adidas-gazelle-indoor-almost-pink-gum"},"modified":"2026-03-17T10:27:44","modified_gmt":"2026-03-17T03:27:44","slug":"adidas-gazelle-indoor-almost-pink-gum","status":"publish","type":"product","link":"https:\/\/moroen.com\/de\/produkt\/adidas-gazelle-indoor-almost-pink-gum\/","title":{"rendered":"adidas Gazelle Indoor &#8218;Almost Pink Gum&#8216;"},"content":{"rendered":"<p>Mit dem adidas Gazelle Indoor \u201eAlmost Pink Gum\u201c ziehst du alle Blicke auf dich! Dieser stylische Sneaker vereint klassisches und modernes Design mit einer eleganten Silhouette, hochwertigem Wildleder-Obermaterial und einem einzigartigen \u201eAlmost Pink\u201c-Farbton. Die OrthoLite\u00ae-Einlegesohle garantiert ganzt\u00e4gigen Tragekomfort, w\u00e4hrend die strapazierf\u00e4hige Gummisohle f\u00fcr zuverl\u00e4ssige Traktion sorgt. Peppe deine Garderobe auf und setze ein Statement mit dem adidas Gazelle Indoor \u2013 einer Fusion aus zeitlosem Stil und moderner Eleganz.<\/p>\n<p>Farbgebung: Pink\/Cloud White<br \/>\nStyle-Code: IF1809<br \/>\nObermaterial: Wildleder<br \/>\nFarbe: Pink<br \/>\nErscheinungsjahr: 2024<\/p>\n","protected":false},"excerpt":{"rendered":"<p>Mit dem adidas Gazelle Indoor \u201eAlmost Pink Gum\u201c ziehst du alle Blicke auf dich! Dieser stylische Sneaker vereint klassisches und modernes Design mit einer eleganten Silhouette, hochwertigem Wildleder-Obermaterial und einem einzigartigen \u201eAlmost Pink\u201c-Farbton. Die OrthoLite\u00ae-Einlegesohle garantiert ganzt\u00e4gigen Tragekomfort, w\u00e4hrend die strapazierf\u00e4hige Gummisohle f\u00fcr zuverl\u00e4ssige Traktion sorgt. Peppe deine Garderobe auf und setze ein Statement mit [&hellip;]<\/p>\n","protected":false},"featured_media":65901,"comment_status":"open","ping_status":"closed","template":"","meta":[],"product_brand":[],"product_cat":[10791,11688,10860,10780],"product_tag":[10789,12542,12600,12555,12545,12597,12560,12547,12566,12558],"class_list":{"0":"post-65900","1":"product","2":"type-product","3":"status-publish","4":"has-post-thumbnail","6":"product_cat-adidas","7":"product_cat-adidas-gazelle-indoor","8":"product_cat-lifestyle-shoes-casual","9":"product_cat-gender-men","10":"product_tag-adidas","11":"product_tag-athleisure-schuhe","12":"product_tag-beste-funde-unter-100","13":"product_tag-geschenk-fa-r-ihn","14":"product_tag-lifestyle-freizeitschuhe","15":"product_tag-lifestyle-schuhe-casual","16":"product_tag-retro-freizeitschuhe","17":"product_tag-trendangebote","18":"product_tag-trendangebote-unter-150","19":"product_tag-unter-retailpreis","20":"wcpa_has_options","22":"first","23":"instock","24":"taxable","25":"shipping-taxable","26":"purchasable","27":"product-type-simple"},"wcpa_form_fields":{"rules":{"pric_overide_base_price":false,"pric_overide_base_price_if_gt_zero":false,"pric_overide_base_price_fully":false,"pric_cal_option_once":false,"pric_use_as_fee":false,"bind_quantity":false,"quantity_bind_formula":false},"fields":[{"type":"color-group","required":true,"elementId":"wcpa-color-group-66c4a7f817afe","label":"Gr\u00f6\u00dfe","inline":true,"priceOptions":"different_for_all","pricingType":"fixed","className":"hassizechart product-shoes-size-eu product-shoes-size","name":"color-group-66c4a7f817b18","disp_type":"square","selection_type":"tick-border","disp_size":"50","show_label_inside":true,"adjust_width":true,"cart_display_type":"text","other_text":"Other","cl_rule":"show","col":6,"values":[{"label":"35","value":"EU 35","price":"","pimage":"","pimage_id":"","pthumb":"","color":""},{"label":"35.5","value":"EU 35.5","price":"","pimage":"","pimage_id":"","pthumb":"","color":""},{"label":"36","value":"EU 36","price":"","pimage":"","pimage_id":"","pthumb":"","color":"","selected":true},{"label":"36 2\/3","value":"EU 36 2\/3","price":"","pimage":"","pimage_id":"","pthumb":"","color":""},{"label":"37 1\/3","value":"EU 37 1\/3","price":"","pimage":"","pimage_id":"","pthumb":"","color":""},{"label":"38","value":"EU 38","price":"","pimage":"","pimage_id":"","pthumb":"","color":""},{"label":"38 2\/3","value":"EU 38 2\/3","price":"","pimage":"","pimage_id":"","pthumb":"","color":""},{"label":"39 1\/3","value":"EU 39 1\/3","price":"","pimage":"","pimage_id":"","pthumb":"","color":""},{"label":"40","value":"EU 40","price":"","pimage":"","pimage_id":"","pthumb":"","color":""},{"label":"40 2\/3","value":"EU 40 2\/3","price":"","pimage":"","pimage_id":"","pthumb":"","color":""},{"label":"41 1\/3","value":"EU 41 1\/3","price":"","pimage":"","pimage_id":"","pthumb":"","color":""},{"label":"42","value":"EU 42","price":"","pimage":"","pimage_id":"","pthumb":"","color":""},{"label":"42 2\/3","value":"EU 42 2\/3","price":"","pimage":"","pimage_id":"","pthumb":"","color":""},{"label":"43 1\/3","value":"EU 43 1\/3","price":"","pimage":"","pimage_id":"","pthumb":"","color":""},{"label":"44","value":"EU 44","price":"","pimage":"","pimage_id":"","pthumb":"","color":""},{"label":"44 2\/3","value":"EU 44 2\/3","price":"","pimage":"","pimage_id":"","pthumb":"","color":""},{"label":"45 1\/3","value":"EU 45 1\/3","price":"","pimage":"","pimage_id":"","pthumb":"","color":""},{"label":"46","value":"EU 46","price":"","pimage":"","pimage_id":"","pthumb":"","color":""},{"label":"46 2\/3","value":"EU 46 2\/3","price":"","pimage":"","pimage_id":"","pthumb":"","color":""},{"label":"47 1\/3","value":"EU 47 1\/3","price":"","pimage":"","pimage_id":"","pthumb":"","color":""}],"relations":[{"operator":false,"rules":[]}],"form_id":24802,"form_rules":{"pric_cal_option_once":false,"exclude_from_discount":false,"pric_use_as_fee":false,"fee_label":"Fee","render_after_acb":false,"disp_hide_options_price":false}}]},"_links":{"self":[{"href":"https:\/\/moroen.com\/de\/wp-json\/wp\/v2\/product\/65900","targetHints":{"allow":["GET"]}}],"collection":[{"href":"https:\/\/moroen.com\/de\/wp-json\/wp\/v2\/product"}],"about":[{"href":"https:\/\/moroen.com\/de\/wp-json\/wp\/v2\/types\/product"}],"replies":[{"embeddable":true,"href":"https:\/\/moroen.com\/de\/wp-json\/wp\/v2\/comments?post=65900"}],"wp:featuredmedia":[{"embeddable":true,"href":"https:\/\/moroen.com\/de\/wp-json\/wp\/v2\/media\/65901"}],"wp:attachment":[{"href":"https:\/\/moroen.com\/de\/wp-json\/wp\/v2\/media?parent=65900"}],"wp:term":[{"taxonomy":"product_brand","embeddable":true,"href":"https:\/\/moroen.com\/de\/wp-json\/wp\/v2\/product_brand?post=65900"},{"taxonomy":"product_cat","embeddable":true,"href":"https:\/\/moroen.com\/de\/wp-json\/wp\/v2\/product_cat?post=65900"},{"taxonomy":"product_tag","embeddable":true,"href":"https:\/\/moroen.com\/de\/wp-json\/wp\/v2\/product_tag?post=65900"}],"curies":[{"name":"wp","href":"https:\/\/api.w.org\/{rel}","templated":true}]}}