{"id":65916,"date":"2026-03-17T10:27:45","date_gmt":"2026-03-17T03:27:45","guid":{"rendered":"https:\/\/moroen.com\/de\/product\/nike-free-metcon-6-black-anthracite"},"modified":"2026-03-17T10:27:45","modified_gmt":"2026-03-17T03:27:45","slug":"nike-free-metcon-6-black-anthracite","status":"publish","type":"product","link":"https:\/\/moroen.com\/de\/produkt\/nike-free-metcon-6-black-anthracite\/","title":{"rendered":"Nike Free Metcon 6 &#8218;Black Anthracite&#8216;"},"content":{"rendered":"<p>Verbessere dein Training mit dem Nike Free Metcon 6 &#8218;Black Anthracite&#8216; (FJ7127-003). Dieser vielseitige Trainingsschuh wurde f\u00fcr optimale Leistung entwickelt und vereint Flexibilit\u00e4t mit Halt. Das atmungsaktive Mesh-Obermaterial h\u00e4lt deine F\u00fc\u00dfe k\u00fchl, w\u00e4hrend die D\u00e4mpfung f\u00fcr Komfort bei intensiven Trainingseinheiten sorgt. Mit seiner eleganten Farbgebung in Schwarz-Anthrazit bietet dieser Schuh sowohl Style als auch Funktionalit\u00e4t. Die strapazierf\u00e4hige Au\u00dfensohle verbessert Grip und Stabilit\u00e4t und macht ihn perfekt f\u00fcr jedes Fitnessprogramm. Erlebe Training auf h\u00f6chstem Niveau mit dem<\/p>\n<ul>\n<li><strong>Farbgebung:<\/strong> Schwarz\/Anthrazit<\/li>\n<li><strong>Artikelnummer:<\/strong> FJ7127-003<\/li>\n<li><strong>Obermaterial:<\/strong> Mesh<\/li>\n<li><strong>Zwischensohle:<\/strong> Free<\/li>\n<li><strong>Farbe:<\/strong> Schwarz<\/li>\n<li><strong>Erscheinungsjahr:<\/strong> 2024<\/li>\n<\/ul>\n","protected":false},"excerpt":{"rendered":"<p>Verbessere dein Training mit dem Nike Free Metcon 6 &#8218;Black Anthracite&#8216; (FJ7127-003). Dieser vielseitige Trainingsschuh wurde f\u00fcr optimale Leistung entwickelt und vereint Flexibilit\u00e4t mit Halt. Das atmungsaktive Mesh-Obermaterial h\u00e4lt deine F\u00fc\u00dfe k\u00fchl, w\u00e4hrend die D\u00e4mpfung f\u00fcr Komfort bei intensiven Trainingseinheiten sorgt. Mit seiner eleganten Farbgebung in Schwarz-Anthrazit bietet dieser Schuh sowohl Style als auch Funktionalit\u00e4t. [&hellip;]<\/p>\n","protected":false},"featured_media":65917,"comment_status":"open","ping_status":"closed","template":"","meta":[],"product_brand":[],"product_cat":[12673,10780,10773,12584],"product_tag":[12579,12578,10762,12563,12581,12558],"class_list":{"0":"post-65916","1":"product","2":"type-product","3":"status-publish","4":"has-post-thumbnail","6":"product_cat-nike-free-metcon-6","7":"product_cat-gender-men","8":"product_cat-nike","9":"product_cat-training-shoes","10":"product_tag-basketballschuhe","11":"product_tag-basketballschuhe-mit-kna-cheluntersta-tzung","12":"product_tag-nike","13":"product_tag-performance-sportschuhe","14":"product_tag-trainingsschuhe","15":"product_tag-unter-retailpreis","16":"wcpa_has_options","18":"first","19":"instock","20":"taxable","21":"shipping-taxable","22":"purchasable","23":"product-type-simple"},"wcpa_form_fields":{"rules":{"pric_overide_base_price":false,"pric_overide_base_price_if_gt_zero":false,"pric_overide_base_price_fully":false,"pric_cal_option_once":false,"pric_use_as_fee":false,"bind_quantity":false,"quantity_bind_formula":false},"fields":[{"type":"color-group","required":true,"elementId":"wcpa-color-group-66c4a75505e74","label":"Gr\u00f6\u00dfe - EU Gr\u00f6\u00dfe","inline":true,"priceOptions":"different_for_all","pricingType":"fixed","className":"hassizechart product-shoes-size-eu product-shoes-size","name":"color-group-66c4a75505e89","disp_type":"square","selection_type":"tick-border","disp_size":"44","show_label_inside":true,"adjust_width":true,"cart_display_type":"text","other_text":"Other","cl_rule":"show","col":6,"values":[{"label":"35.5","value":"EU 35.5","price":"","pimage":"","pimage_id":"","pthumb":"","color":""},{"label":"36","value":"EU 36","price":"","pimage":"","pimage_id":"","pthumb":"","color":"","selected":true},{"label":"36.5","value":"EU 36.5","price":"","pimage":"","pimage_id":"","pthumb":"","color":""},{"label":"37.5","value":"EU 37.5","price":"","pimage":"","pimage_id":"","pthumb":"","color":""},{"label":"38","value":"EU 38","price":"","pimage":"","pimage_id":"","pthumb":"","color":""},{"label":"38.5","value":"EU 38.5","price":"","pimage":"","pimage_id":"","pthumb":"","color":""},{"label":"39","value":"EU 39","price":"","pimage":"","pimage_id":"","pthumb":"","color":""},{"label":"40","value":"EU 40","price":"","pimage":"","pimage_id":"","pthumb":"","color":""},{"label":"40.5","value":"EU 40.5","price":"","pimage":"","pimage_id":"","pthumb":"","color":""},{"label":"41","value":"EU 41","price":"","pimage":"","pimage_id":"","pthumb":"","color":""},{"label":"42","value":"EU 42","price":"","pimage":"","pimage_id":"","pthumb":"","color":""},{"label":"42.5","value":"EU 42.5","price":"","pimage":"","pimage_id":"","pthumb":"","color":""},{"label":"43","value":"EU 43","price":"","pimage":"","pimage_id":"","pthumb":"","color":""},{"label":"44","value":"EU 44","price":"","pimage":"","pimage_id":"","pthumb":"","color":""},{"label":"44.5","value":"EU 44.5","price":"","pimage":"","pimage_id":"","pthumb":"","color":""},{"label":"45","value":"EU 45","price":"","pimage":"","pimage_id":"","pthumb":"","color":""},{"label":"45.5","value":"EU 45.5","price":"","pimage":"","pimage_id":"","pthumb":"","color":""},{"label":"46","value":"EU 46","price":"","pimage":"","pimage_id":"","pthumb":"","color":""},{"label":"47","value":"EU 47","price":"","pimage":"","pimage_id":"","pthumb":"","color":""},{"label":"47.5","value":"EU 47.5","price":"","pimage":"","pimage_id":"","pthumb":"","color":""},{"label":"48","value":"EU 48","price":"","pimage":"","pimage_id":"","pthumb":"","color":""}],"relations":[{"operator":false,"rules":[]}],"form_id":18106,"form_rules":{"pric_cal_option_once":false,"exclude_from_discount":false,"pric_use_as_fee":false,"fee_label":"Fee","render_after_acb":false,"disp_hide_options_price":false}}]},"_links":{"self":[{"href":"https:\/\/moroen.com\/de\/wp-json\/wp\/v2\/product\/65916","targetHints":{"allow":["GET"]}}],"collection":[{"href":"https:\/\/moroen.com\/de\/wp-json\/wp\/v2\/product"}],"about":[{"href":"https:\/\/moroen.com\/de\/wp-json\/wp\/v2\/types\/product"}],"replies":[{"embeddable":true,"href":"https:\/\/moroen.com\/de\/wp-json\/wp\/v2\/comments?post=65916"}],"wp:featuredmedia":[{"embeddable":true,"href":"https:\/\/moroen.com\/de\/wp-json\/wp\/v2\/media\/65917"}],"wp:attachment":[{"href":"https:\/\/moroen.com\/de\/wp-json\/wp\/v2\/media?parent=65916"}],"wp:term":[{"taxonomy":"product_brand","embeddable":true,"href":"https:\/\/moroen.com\/de\/wp-json\/wp\/v2\/product_brand?post=65916"},{"taxonomy":"product_cat","embeddable":true,"href":"https:\/\/moroen.com\/de\/wp-json\/wp\/v2\/product_cat?post=65916"},{"taxonomy":"product_tag","embeddable":true,"href":"https:\/\/moroen.com\/de\/wp-json\/wp\/v2\/product_tag?post=65916"}],"curies":[{"name":"wp","href":"https:\/\/api.w.org\/{rel}","templated":true}]}}