{"id":66814,"date":"2026-03-17T10:28:12","date_gmt":"2026-03-17T03:28:12","guid":{"rendered":"https:\/\/moroen.com\/de\/product\/nike-dunk-low-se-panda-monium-packblack-suede"},"modified":"2026-03-17T10:28:12","modified_gmt":"2026-03-17T03:28:12","slug":"nike-dunk-low-se-panda-monium-packblack-suede","status":"publish","type":"product","link":"https:\/\/moroen.com\/de\/produkt\/nike-dunk-low-se-panda-monium-packblack-suede\/","title":{"rendered":"Nike Dunk Low SE &#8218;Panda-Monium Pack &#8211; Black Suede&#8216;"},"content":{"rendered":"<p>Mit dem Nike Dunk Low SE \u201ePanda-Monium Pack \u2013 Black Suede\u201c verleihst du deinem Sneaker-Style das gewisse Etwas. Er besticht durch hochwertige Akzente aus schwarzem Wildleder, zeitloses Design und unvergleichlichen Tragekomfort f\u00fcr jeden Tag.<\/p>\n<ul>\n<li><strong>Farbgebung:<\/strong> Wei\u00df\/Schwarz\/Schwarz<\/li>\n<li><strong>Style-Code:<\/strong> IB2990-100<\/li>\n<li><strong>Obermaterial:<\/strong> Wildleder<\/li>\n<li><strong>Farbe:<\/strong> Schwarz<\/li>\n<li><strong>Designer:<\/strong> Peter Moore<\/li>\n<\/ul>\n","protected":false},"excerpt":{"rendered":"<p>Mit dem Nike Dunk Low SE \u201ePanda-Monium Pack \u2013 Black Suede\u201c verleihst du deinem Sneaker-Style das gewisse Etwas. Er besticht durch hochwertige Akzente aus schwarzem Wildleder, zeitloses Design und unvergleichlichen Tragekomfort f\u00fcr jeden Tag. Farbgebung: Wei\u00df\/Schwarz\/Schwarz Style-Code: IB2990-100 Obermaterial: Wildleder Farbe: Schwarz Designer: Peter Moore<\/p>\n","protected":false},"featured_media":66815,"comment_status":"open","ping_status":"closed","template":"","meta":[],"product_brand":[],"product_cat":[12224,10964,10780,10773],"product_tag":[12579,12578,12545,12598,10762,12563,12558],"class_list":{"0":"post-66814","1":"product","2":"type-product","3":"status-publish","4":"has-post-thumbnail","6":"product_cat-nike-dunk-low-se","7":"product_cat-lifestyle-shoes-skateboarding-inspired","8":"product_cat-gender-men","9":"product_cat-nike","10":"product_tag-basketballschuhe","11":"product_tag-basketballschuhe-mit-kna-cheluntersta-tzung","12":"product_tag-lifestyle-freizeitschuhe","13":"product_tag-lifestyle-schuhe-skateboarding-inspiriert","14":"product_tag-nike","15":"product_tag-performance-sportschuhe","16":"product_tag-unter-retailpreis","17":"wcpa_has_options","19":"first","20":"instock","21":"taxable","22":"shipping-taxable","23":"purchasable","24":"product-type-simple"},"wcpa_form_fields":{"rules":{"pric_overide_base_price":false,"pric_overide_base_price_if_gt_zero":false,"pric_overide_base_price_fully":false,"pric_cal_option_once":false,"pric_use_as_fee":false,"bind_quantity":false,"quantity_bind_formula":false},"fields":[{"type":"color-group","required":true,"elementId":"wcpa-color-group-66c4a75505e74","label":"Gr\u00f6\u00dfe - EU Gr\u00f6\u00dfe","inline":true,"priceOptions":"different_for_all","pricingType":"fixed","className":"hassizechart product-shoes-size-eu product-shoes-size","name":"color-group-66c4a75505e89","disp_type":"square","selection_type":"tick-border","disp_size":"44","show_label_inside":true,"adjust_width":true,"cart_display_type":"text","other_text":"Other","cl_rule":"show","col":6,"values":[{"label":"35.5","value":"EU 35.5","price":"","pimage":"","pimage_id":"","pthumb":"","color":""},{"label":"36","value":"EU 36","price":"","pimage":"","pimage_id":"","pthumb":"","color":"","selected":true},{"label":"36.5","value":"EU 36.5","price":"","pimage":"","pimage_id":"","pthumb":"","color":""},{"label":"37.5","value":"EU 37.5","price":"","pimage":"","pimage_id":"","pthumb":"","color":""},{"label":"38","value":"EU 38","price":"","pimage":"","pimage_id":"","pthumb":"","color":""},{"label":"38.5","value":"EU 38.5","price":"","pimage":"","pimage_id":"","pthumb":"","color":""},{"label":"39","value":"EU 39","price":"","pimage":"","pimage_id":"","pthumb":"","color":""},{"label":"40","value":"EU 40","price":"","pimage":"","pimage_id":"","pthumb":"","color":""},{"label":"40.5","value":"EU 40.5","price":"","pimage":"","pimage_id":"","pthumb":"","color":""},{"label":"41","value":"EU 41","price":"","pimage":"","pimage_id":"","pthumb":"","color":""},{"label":"42","value":"EU 42","price":"","pimage":"","pimage_id":"","pthumb":"","color":""},{"label":"42.5","value":"EU 42.5","price":"","pimage":"","pimage_id":"","pthumb":"","color":""},{"label":"43","value":"EU 43","price":"","pimage":"","pimage_id":"","pthumb":"","color":""},{"label":"44","value":"EU 44","price":"","pimage":"","pimage_id":"","pthumb":"","color":""},{"label":"44.5","value":"EU 44.5","price":"","pimage":"","pimage_id":"","pthumb":"","color":""},{"label":"45","value":"EU 45","price":"","pimage":"","pimage_id":"","pthumb":"","color":""},{"label":"45.5","value":"EU 45.5","price":"","pimage":"","pimage_id":"","pthumb":"","color":""},{"label":"46","value":"EU 46","price":"","pimage":"","pimage_id":"","pthumb":"","color":""},{"label":"47","value":"EU 47","price":"","pimage":"","pimage_id":"","pthumb":"","color":""},{"label":"47.5","value":"EU 47.5","price":"","pimage":"","pimage_id":"","pthumb":"","color":""},{"label":"48","value":"EU 48","price":"","pimage":"","pimage_id":"","pthumb":"","color":""}],"relations":[{"operator":false,"rules":[]}],"form_id":18106,"form_rules":{"pric_cal_option_once":false,"exclude_from_discount":false,"pric_use_as_fee":false,"fee_label":"Fee","render_after_acb":false,"disp_hide_options_price":false}}]},"_links":{"self":[{"href":"https:\/\/moroen.com\/de\/wp-json\/wp\/v2\/product\/66814","targetHints":{"allow":["GET"]}}],"collection":[{"href":"https:\/\/moroen.com\/de\/wp-json\/wp\/v2\/product"}],"about":[{"href":"https:\/\/moroen.com\/de\/wp-json\/wp\/v2\/types\/product"}],"replies":[{"embeddable":true,"href":"https:\/\/moroen.com\/de\/wp-json\/wp\/v2\/comments?post=66814"}],"wp:featuredmedia":[{"embeddable":true,"href":"https:\/\/moroen.com\/de\/wp-json\/wp\/v2\/media\/66815"}],"wp:attachment":[{"href":"https:\/\/moroen.com\/de\/wp-json\/wp\/v2\/media?parent=66814"}],"wp:term":[{"taxonomy":"product_brand","embeddable":true,"href":"https:\/\/moroen.com\/de\/wp-json\/wp\/v2\/product_brand?post=66814"},{"taxonomy":"product_cat","embeddable":true,"href":"https:\/\/moroen.com\/de\/wp-json\/wp\/v2\/product_cat?post=66814"},{"taxonomy":"product_tag","embeddable":true,"href":"https:\/\/moroen.com\/de\/wp-json\/wp\/v2\/product_tag?post=66814"}],"curies":[{"name":"wp","href":"https:\/\/api.w.org\/{rel}","templated":true}]}}