{"id":68434,"date":"2026-03-17T10:28:59","date_gmt":"2026-03-17T03:28:59","guid":{"rendered":"https:\/\/moroen.com\/de\/product\/nike-p-6000-phantom-white-obsidian"},"modified":"2026-03-17T10:28:59","modified_gmt":"2026-03-17T03:28:59","slug":"nike-p-6000-phantom-white-obsidian","status":"publish","type":"product","link":"https:\/\/moroen.com\/de\/produkt\/nike-p-6000-phantom-white-obsidian\/","title":{"rendered":"Nike P-6000 &#8218;Phantom White Obsidian&#8216;"},"content":{"rendered":"<p>Mit dem Nike P-6000 Sneaker (CD6404-018) genie\u00dft du ganzt\u00e4gigen Tragekomfort und zeitlosen Style. Dieser moderne Sneaker vereint Retro-Running-Design mit zeitgem\u00e4\u00dfer Streetwear-Optik. Das atmungsaktive Mesh-Obermaterial mit eleganten Synthetik-Overlays sorgt f\u00fcr Strapazierf\u00e4higkeit und eine markante, strukturierte Optik. Die Schaumstoff-Mittelsohle bietet maximale Unterst\u00fctzung und D\u00e4mpfung und damit au\u00dfergew\u00f6hnlichen Komfort \u2013 ideal f\u00fcr lange L\u00e4ufe und die Freizeit. Die Waffelprofil-Gummiau\u00dfensohle garantiert hervorragenden Grip und Traktion auf verschiedenen Untergr\u00fcnden und macht den Schuh so funktional wie stylisch. Mit seiner einzigartigen Silhouette, den metallischen Akzenten und der vielseitigen Farbgebung ist der Nike P-6000 perfekt f\u00fcr alle, die ihre Schuhsammlung aufwerten und gleichzeitig Komfort und Performance beibehalten m\u00f6chten.<\/p>\n<ul>\n<li><strong>Farbgebung:<\/strong> Phantom\/Summit White\/Wei\u00df\/Obsidian<\/li>\n<li><strong>Style-Code:<\/strong> CD6404-018<\/li>\n<li><strong>Obermaterial:<\/strong> Mesh<\/li>\n<li><strong>Farbe:<\/strong> Wei\u00df<\/li>\n<\/ul>\n","protected":false},"excerpt":{"rendered":"<p>Mit dem Nike P-6000 Sneaker (CD6404-018) genie\u00dft du ganzt\u00e4gigen Tragekomfort und zeitlosen Style. Dieser moderne Sneaker vereint Retro-Running-Design mit zeitgem\u00e4\u00dfer Streetwear-Optik. Das atmungsaktive Mesh-Obermaterial mit eleganten Synthetik-Overlays sorgt f\u00fcr Strapazierf\u00e4higkeit und eine markante, strukturierte Optik. Die Schaumstoff-Mittelsohle bietet maximale Unterst\u00fctzung und D\u00e4mpfung und damit au\u00dfergew\u00f6hnlichen Komfort \u2013 ideal f\u00fcr lange L\u00e4ufe und die Freizeit. Die [&hellip;]<\/p>\n","protected":false},"featured_media":68435,"comment_status":"open","ping_status":"closed","template":"","meta":[],"product_brand":[],"product_cat":[10778,10780,10773,12202],"product_tag":[12542,12545,12557,10762,12546,12558],"class_list":{"0":"post-68434","1":"product","2":"type-product","3":"status-publish","4":"has-post-thumbnail","6":"product_cat-lifestyle-shoes-running-inspired","7":"product_cat-gender-men","8":"product_cat-nike","9":"product_cat-nike-p-6000","10":"product_tag-athleisure-schuhe","11":"product_tag-lifestyle-freizeitschuhe","12":"product_tag-lifestyle-schuhe-vom-laufen-inspiriert","13":"product_tag-nike","14":"product_tag-retro-laufschuhe","15":"product_tag-unter-retailpreis","16":"wcpa_has_options","18":"first","19":"instock","20":"taxable","21":"shipping-taxable","22":"purchasable","23":"product-type-simple"},"wcpa_form_fields":{"rules":{"pric_overide_base_price":false,"pric_overide_base_price_if_gt_zero":false,"pric_overide_base_price_fully":false,"pric_cal_option_once":false,"pric_use_as_fee":false,"bind_quantity":false,"quantity_bind_formula":false},"fields":[{"type":"color-group","required":true,"elementId":"wcpa-color-group-66c4a75505e74","label":"Gr\u00f6\u00dfe - EU Gr\u00f6\u00dfe","inline":true,"priceOptions":"different_for_all","pricingType":"fixed","className":"hassizechart product-shoes-size-eu product-shoes-size","name":"color-group-66c4a75505e89","disp_type":"square","selection_type":"tick-border","disp_size":"44","show_label_inside":true,"adjust_width":true,"cart_display_type":"text","other_text":"Other","cl_rule":"show","col":6,"values":[{"label":"35.5","value":"EU 35.5","price":"","pimage":"","pimage_id":"","pthumb":"","color":""},{"label":"36","value":"EU 36","price":"","pimage":"","pimage_id":"","pthumb":"","color":"","selected":true},{"label":"36.5","value":"EU 36.5","price":"","pimage":"","pimage_id":"","pthumb":"","color":""},{"label":"37.5","value":"EU 37.5","price":"","pimage":"","pimage_id":"","pthumb":"","color":""},{"label":"38","value":"EU 38","price":"","pimage":"","pimage_id":"","pthumb":"","color":""},{"label":"38.5","value":"EU 38.5","price":"","pimage":"","pimage_id":"","pthumb":"","color":""},{"label":"39","value":"EU 39","price":"","pimage":"","pimage_id":"","pthumb":"","color":""},{"label":"40","value":"EU 40","price":"","pimage":"","pimage_id":"","pthumb":"","color":""},{"label":"40.5","value":"EU 40.5","price":"","pimage":"","pimage_id":"","pthumb":"","color":""},{"label":"41","value":"EU 41","price":"","pimage":"","pimage_id":"","pthumb":"","color":""},{"label":"42","value":"EU 42","price":"","pimage":"","pimage_id":"","pthumb":"","color":""},{"label":"42.5","value":"EU 42.5","price":"","pimage":"","pimage_id":"","pthumb":"","color":""},{"label":"43","value":"EU 43","price":"","pimage":"","pimage_id":"","pthumb":"","color":""},{"label":"44","value":"EU 44","price":"","pimage":"","pimage_id":"","pthumb":"","color":""},{"label":"44.5","value":"EU 44.5","price":"","pimage":"","pimage_id":"","pthumb":"","color":""},{"label":"45","value":"EU 45","price":"","pimage":"","pimage_id":"","pthumb":"","color":""},{"label":"45.5","value":"EU 45.5","price":"","pimage":"","pimage_id":"","pthumb":"","color":""},{"label":"46","value":"EU 46","price":"","pimage":"","pimage_id":"","pthumb":"","color":""},{"label":"47","value":"EU 47","price":"","pimage":"","pimage_id":"","pthumb":"","color":""},{"label":"47.5","value":"EU 47.5","price":"","pimage":"","pimage_id":"","pthumb":"","color":""},{"label":"48","value":"EU 48","price":"","pimage":"","pimage_id":"","pthumb":"","color":""}],"relations":[{"operator":false,"rules":[]}],"form_id":18106,"form_rules":{"pric_cal_option_once":false,"exclude_from_discount":false,"pric_use_as_fee":false,"fee_label":"Fee","render_after_acb":false,"disp_hide_options_price":false}}]},"_links":{"self":[{"href":"https:\/\/moroen.com\/de\/wp-json\/wp\/v2\/product\/68434","targetHints":{"allow":["GET"]}}],"collection":[{"href":"https:\/\/moroen.com\/de\/wp-json\/wp\/v2\/product"}],"about":[{"href":"https:\/\/moroen.com\/de\/wp-json\/wp\/v2\/types\/product"}],"replies":[{"embeddable":true,"href":"https:\/\/moroen.com\/de\/wp-json\/wp\/v2\/comments?post=68434"}],"wp:featuredmedia":[{"embeddable":true,"href":"https:\/\/moroen.com\/de\/wp-json\/wp\/v2\/media\/68435"}],"wp:attachment":[{"href":"https:\/\/moroen.com\/de\/wp-json\/wp\/v2\/media?parent=68434"}],"wp:term":[{"taxonomy":"product_brand","embeddable":true,"href":"https:\/\/moroen.com\/de\/wp-json\/wp\/v2\/product_brand?post=68434"},{"taxonomy":"product_cat","embeddable":true,"href":"https:\/\/moroen.com\/de\/wp-json\/wp\/v2\/product_cat?post=68434"},{"taxonomy":"product_tag","embeddable":true,"href":"https:\/\/moroen.com\/de\/wp-json\/wp\/v2\/product_tag?post=68434"}],"curies":[{"name":"wp","href":"https:\/\/api.w.org\/{rel}","templated":true}]}}