{"id":68579,"date":"2026-03-17T10:29:03","date_gmt":"2026-03-17T03:29:03","guid":{"rendered":"https:\/\/moroen.com\/de\/product\/air-jordan-hydro-5-retro-slide-2025-grape"},"modified":"2026-03-17T10:29:03","modified_gmt":"2026-03-17T03:29:03","slug":"air-jordan-hydro-5-retro-slide-2025-grape","status":"publish","type":"product","link":"https:\/\/moroen.com\/de\/produkt\/air-jordan-hydro-5-retro-slide-2025-grape\/","title":{"rendered":"Air Jordan Hydro 5 Retro Slide 2025 &#8218;Grape&#8216;"},"content":{"rendered":"<p>Erlebe Komfort und Style mit dem Air Jordan Hydro 5 Retro Slide in der auff\u00e4lligen Farbkombination Wei\u00df, New Emerald, Grape Ice und Schwarz. Diese Slides sind perfekt f\u00fcr Sportler und Sneaker-Fans weltweit und vereinen das ikonische Air Jordan Design mit erstklassiger D\u00e4mpfung f\u00fcr unvergleichliche Entspannung nach dem Spiel oder in der Freizeit. Strapazierf\u00e4hig, leicht und mit einem klassischen, verstellbaren Riemen ausgestattet, bieten sie sicheren Halt. Verleihe deinem Off-Court-Look mit diesem Paar, das Tradition und Moderne perfekt vereint, das gewisse Etwas.<\/p>\n<ul>\n<li><strong>Farbkombination:<\/strong> Wei\u00df\/New Emerald\/Grape Ice\/Schwarz<\/li>\n<li><strong>Style-Code:<\/strong> 555501-103<\/li>\n<li><strong>Obermaterial:<\/strong> Synthetik<\/li>\n<li><strong>Farbe:<\/strong> Wei\u00df<\/li>\n<li><strong>Erscheinungsjahr:<\/strong> 2025<\/li>\n<\/ul>\n","protected":false},"excerpt":{"rendered":"<p>Erlebe Komfort und Style mit dem Air Jordan Hydro 5 Retro Slide in der auff\u00e4lligen Farbkombination Wei\u00df, New Emerald, Grape Ice und Schwarz. Diese Slides sind perfekt f\u00fcr Sportler und Sneaker-Fans weltweit und vereinen das ikonische Air Jordan Design mit erstklassiger D\u00e4mpfung f\u00fcr unvergleichliche Entspannung nach dem Spiel oder in der Freizeit. Strapazierf\u00e4hig, leicht und [&hellip;]<\/p>\n","protected":false},"featured_media":68580,"comment_status":"open","ping_status":"closed","template":"","meta":[],"product_brand":[],"product_cat":[12846,10825,10780,11338],"product_tag":[10819,12609,12545,11336,12558],"class_list":{"0":"post-68579","1":"product","2":"type-product","3":"status-publish","4":"has-post-thumbnail","6":"product_cat-jordan-hydro-5-retro-slide","7":"product_cat-jordan","8":"product_cat-gender-men","9":"product_cat-slides","10":"product_tag-jordan","11":"product_tag-la-ssige-sandalen","12":"product_tag-lifestyle-freizeitschuhe","13":"product_tag-slides","14":"product_tag-unter-retailpreis","15":"wcpa_has_options","17":"first","18":"instock","19":"taxable","20":"shipping-taxable","21":"purchasable","22":"product-type-simple"},"wcpa_form_fields":{"rules":{"pric_overide_base_price":false,"pric_overide_base_price_if_gt_zero":false,"pric_overide_base_price_fully":false,"pric_cal_option_once":false,"pric_use_as_fee":false,"bind_quantity":false,"quantity_bind_formula":false},"fields":[{"type":"color-group","required":true,"elementId":"wcpa-color-group-66c4a75505e74","label":"Gr\u00f6\u00dfe - EU Gr\u00f6\u00dfe","inline":true,"priceOptions":"different_for_all","pricingType":"fixed","className":"hassizechart product-shoes-size-eu product-shoes-size","name":"color-group-66c4a75505e89","disp_type":"square","selection_type":"tick-border","disp_size":"44","show_label_inside":true,"adjust_width":true,"cart_display_type":"text","other_text":"Other","cl_rule":"show","col":6,"values":[{"label":"35.5","value":"EU 35.5","price":"","pimage":"","pimage_id":"","pthumb":"","color":""},{"label":"36","value":"EU 36","price":"","pimage":"","pimage_id":"","pthumb":"","color":"","selected":true},{"label":"36.5","value":"EU 36.5","price":"","pimage":"","pimage_id":"","pthumb":"","color":""},{"label":"37.5","value":"EU 37.5","price":"","pimage":"","pimage_id":"","pthumb":"","color":""},{"label":"38","value":"EU 38","price":"","pimage":"","pimage_id":"","pthumb":"","color":""},{"label":"38.5","value":"EU 38.5","price":"","pimage":"","pimage_id":"","pthumb":"","color":""},{"label":"39","value":"EU 39","price":"","pimage":"","pimage_id":"","pthumb":"","color":""},{"label":"40","value":"EU 40","price":"","pimage":"","pimage_id":"","pthumb":"","color":""},{"label":"40.5","value":"EU 40.5","price":"","pimage":"","pimage_id":"","pthumb":"","color":""},{"label":"41","value":"EU 41","price":"","pimage":"","pimage_id":"","pthumb":"","color":""},{"label":"42","value":"EU 42","price":"","pimage":"","pimage_id":"","pthumb":"","color":""},{"label":"42.5","value":"EU 42.5","price":"","pimage":"","pimage_id":"","pthumb":"","color":""},{"label":"43","value":"EU 43","price":"","pimage":"","pimage_id":"","pthumb":"","color":""},{"label":"44","value":"EU 44","price":"","pimage":"","pimage_id":"","pthumb":"","color":""},{"label":"44.5","value":"EU 44.5","price":"","pimage":"","pimage_id":"","pthumb":"","color":""},{"label":"45","value":"EU 45","price":"","pimage":"","pimage_id":"","pthumb":"","color":""},{"label":"45.5","value":"EU 45.5","price":"","pimage":"","pimage_id":"","pthumb":"","color":""},{"label":"46","value":"EU 46","price":"","pimage":"","pimage_id":"","pthumb":"","color":""},{"label":"47","value":"EU 47","price":"","pimage":"","pimage_id":"","pthumb":"","color":""},{"label":"47.5","value":"EU 47.5","price":"","pimage":"","pimage_id":"","pthumb":"","color":""},{"label":"48","value":"EU 48","price":"","pimage":"","pimage_id":"","pthumb":"","color":""}],"relations":[{"operator":false,"rules":[]}],"form_id":18106,"form_rules":{"pric_cal_option_once":false,"exclude_from_discount":false,"pric_use_as_fee":false,"fee_label":"Fee","render_after_acb":false,"disp_hide_options_price":false}}]},"_links":{"self":[{"href":"https:\/\/moroen.com\/de\/wp-json\/wp\/v2\/product\/68579","targetHints":{"allow":["GET"]}}],"collection":[{"href":"https:\/\/moroen.com\/de\/wp-json\/wp\/v2\/product"}],"about":[{"href":"https:\/\/moroen.com\/de\/wp-json\/wp\/v2\/types\/product"}],"replies":[{"embeddable":true,"href":"https:\/\/moroen.com\/de\/wp-json\/wp\/v2\/comments?post=68579"}],"wp:featuredmedia":[{"embeddable":true,"href":"https:\/\/moroen.com\/de\/wp-json\/wp\/v2\/media\/68580"}],"wp:attachment":[{"href":"https:\/\/moroen.com\/de\/wp-json\/wp\/v2\/media?parent=68579"}],"wp:term":[{"taxonomy":"product_brand","embeddable":true,"href":"https:\/\/moroen.com\/de\/wp-json\/wp\/v2\/product_brand?post=68579"},{"taxonomy":"product_cat","embeddable":true,"href":"https:\/\/moroen.com\/de\/wp-json\/wp\/v2\/product_cat?post=68579"},{"taxonomy":"product_tag","embeddable":true,"href":"https:\/\/moroen.com\/de\/wp-json\/wp\/v2\/product_tag?post=68579"}],"curies":[{"name":"wp","href":"https:\/\/api.w.org\/{rel}","templated":true}]}}