{"id":68652,"date":"2026-03-17T10:29:05","date_gmt":"2026-03-17T03:29:05","guid":{"rendered":"https:\/\/moroen.com\/de\/product\/new-balance-200-slides-black"},"modified":"2026-03-17T10:29:05","modified_gmt":"2026-03-17T03:29:05","slug":"new-balance-200-slides-black","status":"publish","type":"product","link":"https:\/\/moroen.com\/de\/produkt\/new-balance-200-slides-black\/","title":{"rendered":"New Balance 200 Slides &#8218;Black&#8216;"},"content":{"rendered":"<p>Erleben Sie un\u00fcbertroffenen Komfort und m\u00fchelosen Stil mit den New Balance 200 Slides \u201eBlack\u201c (SMF200BK). Diese aus leichten und strapazierf\u00e4higen Materialien gefertigten Slides bieten hervorragende Atmungsaktivit\u00e4t und optimalen Halt. Das kr\u00e4ftige Schwarz verleiht ihnen zeitlose Eleganz, w\u00e4hrend das charakteristische New Balance-Logo f\u00fcr einen sportlichen Touch sorgt. Schl\u00fcpfen Sie in diese Slides und werten Sie Ihre Freizeitgarderobe mit der perfekten Kombination aus Komfort, Stil und Langlebigkeit auf.<\/p>\n<p>Farbe: Schwarz<br \/>\nArtikelnummer: SMF200BK<br \/>\nObermaterial: Synthetik<br \/>\nZwischensohle: EVA<br \/>\nFarbe: Schwarz<br \/>\nSaison: Winter<br \/>\nErscheinungsjahr: 2021<\/p>\n","protected":false},"excerpt":{"rendered":"<p>Erleben Sie un\u00fcbertroffenen Komfort und m\u00fchelosen Stil mit den New Balance 200 Slides \u201eBlack\u201c (SMF200BK). Diese aus leichten und strapazierf\u00e4higen Materialien gefertigten Slides bieten hervorragende Atmungsaktivit\u00e4t und optimalen Halt. Das kr\u00e4ftige Schwarz verleiht ihnen zeitlose Eleganz, w\u00e4hrend das charakteristische New Balance-Logo f\u00fcr einen sportlichen Touch sorgt. Schl\u00fcpfen Sie in diese Slides und werten Sie Ihre [&hellip;]<\/p>\n","protected":false},"featured_media":68653,"comment_status":"open","ping_status":"closed","template":"","meta":[],"product_brand":[],"product_cat":[12852,10780,10774,11338],"product_tag":[12555,12609,12545,10760,12571,11336],"class_list":{"0":"post-68652","1":"product","2":"type-product","3":"status-publish","4":"has-post-thumbnail","6":"product_cat-new-balance-200-slides","7":"product_cat-gender-men","8":"product_cat-new-balance","9":"product_cat-slides","10":"product_tag-geschenk-fa-r-ihn","11":"product_tag-la-ssige-sandalen","12":"product_tag-lifestyle-freizeitschuhe","13":"product_tag-new-balance","14":"product_tag-new-balance-laufschuhe","15":"product_tag-slides","16":"wcpa_has_options","18":"first","19":"instock","20":"taxable","21":"shipping-taxable","22":"purchasable","23":"product-type-simple"},"wcpa_form_fields":{"rules":{"pric_overide_base_price":false,"pric_overide_base_price_if_gt_zero":false,"pric_overide_base_price_fully":false,"pric_cal_option_once":false,"pric_use_as_fee":false,"bind_quantity":false,"quantity_bind_formula":false},"fields":[{"type":"color-group","required":true,"elementId":"wcpa-color-group-66c4a928225d2","label":"Gr\u00f6\u00dfe","inline":true,"priceOptions":"different_for_all","pricingType":"fixed","className":"hassizechart product-shoes-size-eu product-shoes-size","name":"color-group-66c4a928225e2","disp_type":"square","selection_type":"tick-border","disp_size":"50","show_label_inside":true,"adjust_width":true,"cart_display_type":"text","other_text":"Other","cl_rule":"show","col":6,"values":[{"label":"35","value":"EU 35","price":"","pimage":"","pimage_id":"","pthumb":"","color":""},{"label":"36","value":"EU 36","price":"","pimage":"","pimage_id":"","pthumb":"","color":"","selected":true},{"label":"37","value":"EU 37","price":"","pimage":"","pimage_id":"","pthumb":"","color":""},{"label":"37.5","value":"EU 37.5","price":"","pimage":"","pimage_id":"","pthumb":"","color":""},{"label":"38","value":"EU 38","price":"","pimage":"","pimage_id":"","pthumb":"","color":""},{"label":"38.5","value":"EU 38.5","price":"","pimage":"","pimage_id":"","pthumb":"","color":""},{"label":"39","value":"EU 39","price":"","pimage":"","pimage_id":"","pthumb":"","color":""},{"label":"39.5","value":"EU 39.5","price":"","pimage":"","pimage_id":"","pthumb":"","color":""},{"label":"40","value":"EU 40","price":"","pimage":"","pimage_id":"","pthumb":"","color":""},{"label":"40.5","value":"EU 40.5","price":"","pimage":"","pimage_id":"","pthumb":"","color":""},{"label":" 41.5","value":"EU 41.5","price":"","pimage":"","pimage_id":"","pthumb":"","color":""},{"label":"42","value":"EU 42","price":"","pimage":"","pimage_id":"","pthumb":"","color":""},{"label":"42.5","value":"EU 42.5","price":"","pimage":"","pimage_id":"","pthumb":"","color":""},{"label":"43","value":"EU 43","price":"","pimage":"","pimage_id":"","pthumb":"","color":""},{"label":"44","value":"EU 44","price":"","pimage":"","pimage_id":"","pthumb":"","color":""},{"label":"44.5","value":"EU 44.5","price":"","pimage":"","pimage_id":"","pthumb":"","color":""},{"label":"45","value":"EU 45","price":"","pimage":"","pimage_id":"","pthumb":"","color":""},{"label":"45.5","value":"EU 45.5","price":"","pimage":"","pimage_id":"","pthumb":"","color":""},{"label":"46","value":"EU 46","price":"","pimage":"","pimage_id":"","pthumb":"","color":""}],"relations":[{"operator":false,"rules":[]}],"form_id":24803,"form_rules":{"pric_cal_option_once":false,"exclude_from_discount":false,"pric_use_as_fee":false,"fee_label":"Fee","render_after_acb":false,"disp_hide_options_price":false}}]},"_links":{"self":[{"href":"https:\/\/moroen.com\/de\/wp-json\/wp\/v2\/product\/68652","targetHints":{"allow":["GET"]}}],"collection":[{"href":"https:\/\/moroen.com\/de\/wp-json\/wp\/v2\/product"}],"about":[{"href":"https:\/\/moroen.com\/de\/wp-json\/wp\/v2\/types\/product"}],"replies":[{"embeddable":true,"href":"https:\/\/moroen.com\/de\/wp-json\/wp\/v2\/comments?post=68652"}],"wp:featuredmedia":[{"embeddable":true,"href":"https:\/\/moroen.com\/de\/wp-json\/wp\/v2\/media\/68653"}],"wp:attachment":[{"href":"https:\/\/moroen.com\/de\/wp-json\/wp\/v2\/media?parent=68652"}],"wp:term":[{"taxonomy":"product_brand","embeddable":true,"href":"https:\/\/moroen.com\/de\/wp-json\/wp\/v2\/product_brand?post=68652"},{"taxonomy":"product_cat","embeddable":true,"href":"https:\/\/moroen.com\/de\/wp-json\/wp\/v2\/product_cat?post=68652"},{"taxonomy":"product_tag","embeddable":true,"href":"https:\/\/moroen.com\/de\/wp-json\/wp\/v2\/product_tag?post=68652"}],"curies":[{"name":"wp","href":"https:\/\/api.w.org\/{rel}","templated":true}]}}