{"id":69428,"date":"2026-03-17T10:29:27","date_gmt":"2026-03-17T03:29:27","guid":{"rendered":"https:\/\/moroen.com\/de\/product\/new-balance-740-lunar-new-year"},"modified":"2026-03-17T10:29:27","modified_gmt":"2026-03-17T03:29:27","slug":"new-balance-740-lunar-new-year","status":"publish","type":"product","link":"https:\/\/moroen.com\/de\/produkt\/new-balance-740-lunar-new-year\/","title":{"rendered":"New Balance 740 &#8218;Lunar New Year&#8216;"},"content":{"rendered":"<p>Feiern Sie das chinesische Neujahr mit dem New Balance 740 \u201eLunar New Year\u201c U740LN1. Diese exklusive Edition vereint ikonischen Retro-Stil mit modernem Komfort und besticht durch leuchtende Farbakzente, die Wohlstand und Gl\u00fcck symbolisieren. Gefertigt aus hochwertigen Materialien, bietet er \u00fcberragende Langlebigkeit und Performance. Ob f\u00fcr Freizeit und festliche Anl\u00e4sse \u2013 diese Sneaker sind ein Must-have f\u00fcr alle Fashionistas, die ein Statement setzen wollen. Starten Sie selbstbewusst und zeitlos elegant ins neue Jahr mit New Balance.<\/p>\n<p>Farbgebung: Wei\u00df\/Hellbeige<\/p>\n<p>Artikelnummer: U740LN1<\/p>\n<p>Obermaterial: Mesh<\/p>\n<p>Zwischensohle: ABZORB<\/p>\n<p>Farbe: Wei\u00df<\/p>\n<p>Farbe:<\/p>\n","protected":false},"excerpt":{"rendered":"<p>Feiern Sie das chinesische Neujahr mit dem New Balance 740 \u201eLunar New Year\u201c U740LN1. Diese exklusive Edition vereint ikonischen Retro-Stil mit modernem Komfort und besticht durch leuchtende Farbakzente, die Wohlstand und Gl\u00fcck symbolisieren. Gefertigt aus hochwertigen Materialien, bietet er \u00fcberragende Langlebigkeit und Performance. Ob f\u00fcr Freizeit und festliche Anl\u00e4sse \u2013 diese Sneaker sind ein Must-have [&hellip;]<\/p>\n","protected":false},"featured_media":69429,"comment_status":"open","ping_status":"closed","template":"","meta":[],"product_brand":[],"product_cat":[12905,10778,10780,10774],"product_tag":[12545,12557,10760,12546,12558],"class_list":{"0":"post-69428","1":"product","2":"type-product","3":"status-publish","4":"has-post-thumbnail","6":"product_cat-new-balance-740","7":"product_cat-lifestyle-shoes-running-inspired","8":"product_cat-gender-men","9":"product_cat-new-balance","10":"product_tag-lifestyle-freizeitschuhe","11":"product_tag-lifestyle-schuhe-vom-laufen-inspiriert","12":"product_tag-new-balance","13":"product_tag-retro-laufschuhe","14":"product_tag-unter-retailpreis","15":"wcpa_has_options","17":"first","18":"instock","19":"taxable","20":"shipping-taxable","21":"purchasable","22":"product-type-simple"},"wcpa_form_fields":{"rules":{"pric_overide_base_price":false,"pric_overide_base_price_if_gt_zero":false,"pric_overide_base_price_fully":false,"pric_cal_option_once":false,"pric_use_as_fee":false,"bind_quantity":false,"quantity_bind_formula":false},"fields":[{"type":"color-group","required":true,"elementId":"wcpa-color-group-66c4a928225d2","label":"Gr\u00f6\u00dfe","inline":true,"priceOptions":"different_for_all","pricingType":"fixed","className":"hassizechart product-shoes-size-eu product-shoes-size","name":"color-group-66c4a928225e2","disp_type":"square","selection_type":"tick-border","disp_size":"50","show_label_inside":true,"adjust_width":true,"cart_display_type":"text","other_text":"Other","cl_rule":"show","col":6,"values":[{"label":"35","value":"EU 35","price":"","pimage":"","pimage_id":"","pthumb":"","color":""},{"label":"36","value":"EU 36","price":"","pimage":"","pimage_id":"","pthumb":"","color":"","selected":true},{"label":"37","value":"EU 37","price":"","pimage":"","pimage_id":"","pthumb":"","color":""},{"label":"37.5","value":"EU 37.5","price":"","pimage":"","pimage_id":"","pthumb":"","color":""},{"label":"38","value":"EU 38","price":"","pimage":"","pimage_id":"","pthumb":"","color":""},{"label":"38.5","value":"EU 38.5","price":"","pimage":"","pimage_id":"","pthumb":"","color":""},{"label":"39","value":"EU 39","price":"","pimage":"","pimage_id":"","pthumb":"","color":""},{"label":"39.5","value":"EU 39.5","price":"","pimage":"","pimage_id":"","pthumb":"","color":""},{"label":"40","value":"EU 40","price":"","pimage":"","pimage_id":"","pthumb":"","color":""},{"label":"40.5","value":"EU 40.5","price":"","pimage":"","pimage_id":"","pthumb":"","color":""},{"label":" 41.5","value":"EU 41.5","price":"","pimage":"","pimage_id":"","pthumb":"","color":""},{"label":"42","value":"EU 42","price":"","pimage":"","pimage_id":"","pthumb":"","color":""},{"label":"42.5","value":"EU 42.5","price":"","pimage":"","pimage_id":"","pthumb":"","color":""},{"label":"43","value":"EU 43","price":"","pimage":"","pimage_id":"","pthumb":"","color":""},{"label":"44","value":"EU 44","price":"","pimage":"","pimage_id":"","pthumb":"","color":""},{"label":"44.5","value":"EU 44.5","price":"","pimage":"","pimage_id":"","pthumb":"","color":""},{"label":"45","value":"EU 45","price":"","pimage":"","pimage_id":"","pthumb":"","color":""},{"label":"45.5","value":"EU 45.5","price":"","pimage":"","pimage_id":"","pthumb":"","color":""},{"label":"46","value":"EU 46","price":"","pimage":"","pimage_id":"","pthumb":"","color":""}],"relations":[{"operator":false,"rules":[]}],"form_id":24803,"form_rules":{"pric_cal_option_once":false,"exclude_from_discount":false,"pric_use_as_fee":false,"fee_label":"Fee","render_after_acb":false,"disp_hide_options_price":false}}]},"_links":{"self":[{"href":"https:\/\/moroen.com\/de\/wp-json\/wp\/v2\/product\/69428","targetHints":{"allow":["GET"]}}],"collection":[{"href":"https:\/\/moroen.com\/de\/wp-json\/wp\/v2\/product"}],"about":[{"href":"https:\/\/moroen.com\/de\/wp-json\/wp\/v2\/types\/product"}],"replies":[{"embeddable":true,"href":"https:\/\/moroen.com\/de\/wp-json\/wp\/v2\/comments?post=69428"}],"wp:featuredmedia":[{"embeddable":true,"href":"https:\/\/moroen.com\/de\/wp-json\/wp\/v2\/media\/69429"}],"wp:attachment":[{"href":"https:\/\/moroen.com\/de\/wp-json\/wp\/v2\/media?parent=69428"}],"wp:term":[{"taxonomy":"product_brand","embeddable":true,"href":"https:\/\/moroen.com\/de\/wp-json\/wp\/v2\/product_brand?post=69428"},{"taxonomy":"product_cat","embeddable":true,"href":"https:\/\/moroen.com\/de\/wp-json\/wp\/v2\/product_cat?post=69428"},{"taxonomy":"product_tag","embeddable":true,"href":"https:\/\/moroen.com\/de\/wp-json\/wp\/v2\/product_tag?post=69428"}],"curies":[{"name":"wp","href":"https:\/\/api.w.org\/{rel}","templated":true}]}}