{"id":70188,"date":"2026-03-17T10:29:49","date_gmt":"2026-03-17T03:29:49","guid":{"rendered":"https:\/\/moroen.com\/de\/product\/women-nike-dunk-low-diffused-taupe"},"modified":"2026-03-17T10:29:49","modified_gmt":"2026-03-17T03:29:49","slug":"women-nike-dunk-low-diffused-taupe","status":"publish","type":"product","link":"https:\/\/moroen.com\/de\/produkt\/women-nike-dunk-low-diffused-taupe\/","title":{"rendered":"(Women) Nike Dunk Low &#8218;Diffused Taupe&#8216;"},"content":{"rendered":"<p>Mit dem Nike Dunk Low \u201eDiffused Taupe\u201c f\u00fcr Damen bist du im Streetstyle ganz vorn mit dabei. Dieser begehrte Sneaker besticht durch sein schickes und vielseitiges Design mit einem weichen, taupefarbenen Leder-Obermaterial, das von strahlend wei\u00dfen Swooshes akzentuiert wird. Der niedrige Schnitt und die bequeme D\u00e4mpfung sorgen f\u00fcr ganzt\u00e4gigen Tragekomfort, w\u00e4hrend die robuste Verarbeitung Langlebigkeit garantiert. Werten Sie Ihre Garderobe mit diesen Must-have-Sneakers auf \u2013 perfekt f\u00fcr l\u00e4ssige und elegante Anl\u00e4sse.<\/p>\n<ul>\n<li><strong>Farbgebung:<\/strong> Sail\/Plum Eclipse\/Diffused Taupe<\/li>\n<li><strong>Artikelnummer:<\/strong> DD1503-125<\/li>\n<li><strong>Obermaterial:<\/strong> Leder<\/li>\n<li><strong>Farbe:<\/strong> Wei\u00df<\/li>\n<li><strong>Designer:<\/strong> Peter Moore<\/li>\n<li><strong>Saison:<\/strong> Herbst<\/li>\n<li><strong>Erscheinungsjahr:<\/strong> 2023<\/li>\n<\/ul>\n","protected":false},"excerpt":{"rendered":"<p>Mit dem Nike Dunk Low \u201eDiffused Taupe\u201c f\u00fcr Damen bist du im Streetstyle ganz vorn mit dabei. Dieser begehrte Sneaker besticht durch sein schickes und vielseitiges Design mit einem weichen, taupefarbenen Leder-Obermaterial, das von strahlend wei\u00dfen Swooshes akzentuiert wird. Der niedrige Schnitt und die bequeme D\u00e4mpfung sorgen f\u00fcr ganzt\u00e4gigen Tragekomfort, w\u00e4hrend die robuste Verarbeitung Langlebigkeit [&hellip;]<\/p>\n","protected":false},"featured_media":70189,"comment_status":"open","ping_status":"closed","template":"","meta":[],"product_brand":[],"product_cat":[10972,10964,10773,10800],"product_tag":[10870,12553,12574,12573,12545,12559,12598,12576,10762,12580,12575,12572,12558],"class_list":{"0":"post-70188","1":"product","2":"type-product","3":"status-publish","4":"has-post-thumbnail","6":"product_cat-nike-dunk-low","7":"product_cat-lifestyle-shoes-skateboarding-inspired","8":"product_cat-nike","9":"product_cat-gender-women","10":"product_tag-equality-day-women-s-edition","11":"product_tag-galerie-look","12":"product_tag-geschenk-fa-r-sie","13":"product_tag-gleichstellungstag-damenkollektion","14":"product_tag-lifestyle-freizeitschuhe","15":"product_tag-lifestyle-schuhe-basketball-inspiriert","16":"product_tag-lifestyle-schuhe-skateboarding-inspiriert","17":"product_tag-muttertagssammlung","18":"product_tag-nike","19":"product_tag-nike-skateboard-schuhe","20":"product_tag-sammlung-zum-internationalen-frauentag","21":"product_tag-sammlung-zum-tag-der-gleichstellung-von-frauen","22":"product_tag-unter-retailpreis","23":"wcpa_has_options","25":"first","26":"instock","27":"taxable","28":"shipping-taxable","29":"purchasable","30":"product-type-simple"},"wcpa_form_fields":{"rules":{"pric_overide_base_price":false,"pric_overide_base_price_if_gt_zero":false,"pric_overide_base_price_fully":false,"pric_cal_option_once":false,"pric_use_as_fee":false,"bind_quantity":false,"quantity_bind_formula":false},"fields":[{"type":"color-group","required":true,"elementId":"wcpa-color-group-66c4a75505e74","label":"Gr\u00f6\u00dfe - EU Gr\u00f6\u00dfe","inline":true,"priceOptions":"different_for_all","pricingType":"fixed","className":"hassizechart product-shoes-size-eu product-shoes-size","name":"color-group-66c4a75505e89","disp_type":"square","selection_type":"tick-border","disp_size":"44","show_label_inside":true,"adjust_width":true,"cart_display_type":"text","other_text":"Other","cl_rule":"show","col":6,"values":[{"label":"35.5","value":"EU 35.5","price":"","pimage":"","pimage_id":"","pthumb":"","color":""},{"label":"36","value":"EU 36","price":"","pimage":"","pimage_id":"","pthumb":"","color":"","selected":true},{"label":"36.5","value":"EU 36.5","price":"","pimage":"","pimage_id":"","pthumb":"","color":""},{"label":"37.5","value":"EU 37.5","price":"","pimage":"","pimage_id":"","pthumb":"","color":""},{"label":"38","value":"EU 38","price":"","pimage":"","pimage_id":"","pthumb":"","color":""},{"label":"38.5","value":"EU 38.5","price":"","pimage":"","pimage_id":"","pthumb":"","color":""},{"label":"39","value":"EU 39","price":"","pimage":"","pimage_id":"","pthumb":"","color":""},{"label":"40","value":"EU 40","price":"","pimage":"","pimage_id":"","pthumb":"","color":""},{"label":"40.5","value":"EU 40.5","price":"","pimage":"","pimage_id":"","pthumb":"","color":""},{"label":"41","value":"EU 41","price":"","pimage":"","pimage_id":"","pthumb":"","color":""},{"label":"42","value":"EU 42","price":"","pimage":"","pimage_id":"","pthumb":"","color":""},{"label":"42.5","value":"EU 42.5","price":"","pimage":"","pimage_id":"","pthumb":"","color":""},{"label":"43","value":"EU 43","price":"","pimage":"","pimage_id":"","pthumb":"","color":""},{"label":"44","value":"EU 44","price":"","pimage":"","pimage_id":"","pthumb":"","color":""},{"label":"44.5","value":"EU 44.5","price":"","pimage":"","pimage_id":"","pthumb":"","color":""},{"label":"45","value":"EU 45","price":"","pimage":"","pimage_id":"","pthumb":"","color":""},{"label":"45.5","value":"EU 45.5","price":"","pimage":"","pimage_id":"","pthumb":"","color":""},{"label":"46","value":"EU 46","price":"","pimage":"","pimage_id":"","pthumb":"","color":""},{"label":"47","value":"EU 47","price":"","pimage":"","pimage_id":"","pthumb":"","color":""},{"label":"47.5","value":"EU 47.5","price":"","pimage":"","pimage_id":"","pthumb":"","color":""},{"label":"48","value":"EU 48","price":"","pimage":"","pimage_id":"","pthumb":"","color":""}],"relations":[{"operator":false,"rules":[]}],"form_id":18106,"form_rules":{"pric_cal_option_once":false,"exclude_from_discount":false,"pric_use_as_fee":false,"fee_label":"Fee","render_after_acb":false,"disp_hide_options_price":false}}]},"_links":{"self":[{"href":"https:\/\/moroen.com\/de\/wp-json\/wp\/v2\/product\/70188","targetHints":{"allow":["GET"]}}],"collection":[{"href":"https:\/\/moroen.com\/de\/wp-json\/wp\/v2\/product"}],"about":[{"href":"https:\/\/moroen.com\/de\/wp-json\/wp\/v2\/types\/product"}],"replies":[{"embeddable":true,"href":"https:\/\/moroen.com\/de\/wp-json\/wp\/v2\/comments?post=70188"}],"wp:featuredmedia":[{"embeddable":true,"href":"https:\/\/moroen.com\/de\/wp-json\/wp\/v2\/media\/70189"}],"wp:attachment":[{"href":"https:\/\/moroen.com\/de\/wp-json\/wp\/v2\/media?parent=70188"}],"wp:term":[{"taxonomy":"product_brand","embeddable":true,"href":"https:\/\/moroen.com\/de\/wp-json\/wp\/v2\/product_brand?post=70188"},{"taxonomy":"product_cat","embeddable":true,"href":"https:\/\/moroen.com\/de\/wp-json\/wp\/v2\/product_cat?post=70188"},{"taxonomy":"product_tag","embeddable":true,"href":"https:\/\/moroen.com\/de\/wp-json\/wp\/v2\/product_tag?post=70188"}],"curies":[{"name":"wp","href":"https:\/\/api.w.org\/{rel}","templated":true}]}}