{"id":70736,"date":"2026-03-17T10:30:05","date_gmt":"2026-03-17T03:30:05","guid":{"rendered":"https:\/\/moroen.com\/de\/product\/nike-killshot-2-leather-white-black-gum"},"modified":"2026-03-17T10:30:05","modified_gmt":"2026-03-17T03:30:05","slug":"nike-killshot-2-leather-white-black-gum","status":"publish","type":"product","link":"https:\/\/moroen.com\/de\/produkt\/nike-killshot-2-leather-white-black-gum\/","title":{"rendered":"Nike Killshot 2 Leather &#8218;White Black Gum&#8216;"},"content":{"rendered":"<p>Verleihe deinem Sneaker-Style mit dem Nike Killshot 2 Leather &#8218;White Gum Dark Brown&#8216; HF1054-100 das gewisse Extra. Gefertigt aus hochwertigem Leder, besticht diese vielseitige Silhouette durch ein klassisches wei\u00dfes Obermaterial mit kontrastierenden Akzenten in Gummi und Dunkelbraun. Das zeitlose Design, der gepolsterte Schaftrand und die strapazierf\u00e4hige Gummisohle garantieren ganzt\u00e4gigen Tragekomfort und ein stylisches Finish. Ob du die Stra\u00dfen der Stadt erkundest oder dein Casual-Outfit aufwertest \u2013 der Killshot 2 Leather bereichert deine Schuhsammlung mit zeitloser Eleganz.<\/p>\n<ul>\n<li><strong>Farbgebung:<\/strong> Wei\u00df\/Hellsilber\/Gum Dunkelbraun\/Schwarz<\/li>\n<li><strong>Style-Code:<\/strong> HF1054-100<\/li>\n<li><strong>Obermaterial:<\/strong> Leder<\/li>\n<li><strong>Farbe:<\/strong> Wei\u00df<\/li>\n<\/ul>\n","protected":false},"excerpt":{"rendered":"<p>Verleihe deinem Sneaker-Style mit dem Nike Killshot 2 Leather &#8218;White Gum Dark Brown&#8216; HF1054-100 das gewisse Extra. Gefertigt aus hochwertigem Leder, besticht diese vielseitige Silhouette durch ein klassisches wei\u00dfes Obermaterial mit kontrastierenden Akzenten in Gummi und Dunkelbraun. Das zeitlose Design, der gepolsterte Schaftrand und die strapazierf\u00e4hige Gummisohle garantieren ganzt\u00e4gigen Tragekomfort und ein stylisches Finish. Ob [&hellip;]<\/p>\n","protected":false},"featured_media":70737,"comment_status":"open","ping_status":"closed","template":"","meta":[],"product_brand":[],"product_cat":[12991,10946,10780,10773],"product_tag":[12542,12555,12632,12545,12825,10762,12558],"class_list":{"0":"post-70736","1":"product","2":"type-product","3":"status-publish","4":"has-post-thumbnail","6":"product_cat-nike-killshot","7":"product_cat-lifestyle-shoes-tennis-inspired","8":"product_cat-gender-men","9":"product_cat-nike","10":"product_tag-athleisure-schuhe","11":"product_tag-geschenk-fa-r-ihn","12":"product_tag-klassische-court-schuhe","13":"product_tag-lifestyle-freizeitschuhe","14":"product_tag-lifestyle-schuhe-tennis-inspiriert","15":"product_tag-nike","16":"product_tag-unter-retailpreis","17":"wcpa_has_options","19":"first","20":"instock","21":"taxable","22":"shipping-taxable","23":"purchasable","24":"product-type-simple"},"wcpa_form_fields":{"rules":{"pric_overide_base_price":false,"pric_overide_base_price_if_gt_zero":false,"pric_overide_base_price_fully":false,"pric_cal_option_once":false,"pric_use_as_fee":false,"bind_quantity":false,"quantity_bind_formula":false},"fields":[{"type":"color-group","required":true,"elementId":"wcpa-color-group-66c4a75505e74","label":"Gr\u00f6\u00dfe - EU Gr\u00f6\u00dfe","inline":true,"priceOptions":"different_for_all","pricingType":"fixed","className":"hassizechart product-shoes-size-eu product-shoes-size","name":"color-group-66c4a75505e89","disp_type":"square","selection_type":"tick-border","disp_size":"44","show_label_inside":true,"adjust_width":true,"cart_display_type":"text","other_text":"Other","cl_rule":"show","col":6,"values":[{"label":"35.5","value":"EU 35.5","price":"","pimage":"","pimage_id":"","pthumb":"","color":""},{"label":"36","value":"EU 36","price":"","pimage":"","pimage_id":"","pthumb":"","color":"","selected":true},{"label":"36.5","value":"EU 36.5","price":"","pimage":"","pimage_id":"","pthumb":"","color":""},{"label":"37.5","value":"EU 37.5","price":"","pimage":"","pimage_id":"","pthumb":"","color":""},{"label":"38","value":"EU 38","price":"","pimage":"","pimage_id":"","pthumb":"","color":""},{"label":"38.5","value":"EU 38.5","price":"","pimage":"","pimage_id":"","pthumb":"","color":""},{"label":"39","value":"EU 39","price":"","pimage":"","pimage_id":"","pthumb":"","color":""},{"label":"40","value":"EU 40","price":"","pimage":"","pimage_id":"","pthumb":"","color":""},{"label":"40.5","value":"EU 40.5","price":"","pimage":"","pimage_id":"","pthumb":"","color":""},{"label":"41","value":"EU 41","price":"","pimage":"","pimage_id":"","pthumb":"","color":""},{"label":"42","value":"EU 42","price":"","pimage":"","pimage_id":"","pthumb":"","color":""},{"label":"42.5","value":"EU 42.5","price":"","pimage":"","pimage_id":"","pthumb":"","color":""},{"label":"43","value":"EU 43","price":"","pimage":"","pimage_id":"","pthumb":"","color":""},{"label":"44","value":"EU 44","price":"","pimage":"","pimage_id":"","pthumb":"","color":""},{"label":"44.5","value":"EU 44.5","price":"","pimage":"","pimage_id":"","pthumb":"","color":""},{"label":"45","value":"EU 45","price":"","pimage":"","pimage_id":"","pthumb":"","color":""},{"label":"45.5","value":"EU 45.5","price":"","pimage":"","pimage_id":"","pthumb":"","color":""},{"label":"46","value":"EU 46","price":"","pimage":"","pimage_id":"","pthumb":"","color":""},{"label":"47","value":"EU 47","price":"","pimage":"","pimage_id":"","pthumb":"","color":""},{"label":"47.5","value":"EU 47.5","price":"","pimage":"","pimage_id":"","pthumb":"","color":""},{"label":"48","value":"EU 48","price":"","pimage":"","pimage_id":"","pthumb":"","color":""}],"relations":[{"operator":false,"rules":[]}],"form_id":18106,"form_rules":{"pric_cal_option_once":false,"exclude_from_discount":false,"pric_use_as_fee":false,"fee_label":"Fee","render_after_acb":false,"disp_hide_options_price":false}}]},"_links":{"self":[{"href":"https:\/\/moroen.com\/de\/wp-json\/wp\/v2\/product\/70736","targetHints":{"allow":["GET"]}}],"collection":[{"href":"https:\/\/moroen.com\/de\/wp-json\/wp\/v2\/product"}],"about":[{"href":"https:\/\/moroen.com\/de\/wp-json\/wp\/v2\/types\/product"}],"replies":[{"embeddable":true,"href":"https:\/\/moroen.com\/de\/wp-json\/wp\/v2\/comments?post=70736"}],"wp:featuredmedia":[{"embeddable":true,"href":"https:\/\/moroen.com\/de\/wp-json\/wp\/v2\/media\/70737"}],"wp:attachment":[{"href":"https:\/\/moroen.com\/de\/wp-json\/wp\/v2\/media?parent=70736"}],"wp:term":[{"taxonomy":"product_brand","embeddable":true,"href":"https:\/\/moroen.com\/de\/wp-json\/wp\/v2\/product_brand?post=70736"},{"taxonomy":"product_cat","embeddable":true,"href":"https:\/\/moroen.com\/de\/wp-json\/wp\/v2\/product_cat?post=70736"},{"taxonomy":"product_tag","embeddable":true,"href":"https:\/\/moroen.com\/de\/wp-json\/wp\/v2\/product_tag?post=70736"}],"curies":[{"name":"wp","href":"https:\/\/api.w.org\/{rel}","templated":true}]}}