{"id":70763,"date":"2026-03-17T10:30:06","date_gmt":"2026-03-17T03:30:06","guid":{"rendered":"https:\/\/moroen.com\/de\/product\/new-balance-md500v8-white-vibrant-violet"},"modified":"2026-03-17T10:30:06","modified_gmt":"2026-03-17T03:30:06","slug":"new-balance-md500v8-white-vibrant-violet","status":"publish","type":"product","link":"https:\/\/moroen.com\/de\/produkt\/new-balance-md500v8-white-vibrant-violet\/","title":{"rendered":"New Balance MD500v8 &#8218;White Vibrant Violet&#8216;"},"content":{"rendered":"<p>Erleben Sie unvergleichliche Sportlichkeit mit dem New Balance MD500v8 Laufschuh in \u201eWhite Vibrant Violet\u201c. Dank des atmungsaktiven Mesh-Obermaterials und der komfortablen REVlite-Mittelsohle bietet dieser Schuh hervorragende D\u00e4mpfung und Unterst\u00fctzung. Das elegante Design in Wei\u00df und leuchtendem Violett verleiht Ihrem Look das gewisse Etwas, w\u00e4hrend die nahtlosen Overlays und das sichere Schn\u00fcrsystem f\u00fcr perfekten Sitz sorgen. Der MD500v8 wurde f\u00fcr Neutrall\u00e4ufer entwickelt und erm\u00f6glicht es Ihnen, Ihre Grenzen komfortabel und selbstbewusst zu erweitern. Lass dich von \u201eWei\u00df-Violett\u201c zu sportlicher H\u00f6chstleistung inspirieren.<\/p>\n<ul>\n<li><strong>Farbgebung:<\/strong> Wei\u00df\/Violett<\/li>\n<li><strong>Artikelnummer:<\/strong> UMD500W8<\/li>\n<li><strong>Obermaterial:<\/strong> Mesh<\/li>\n<li><strong>Zwischensohle:<\/strong> EVA<\/li>\n<li><strong>Farbe:<\/strong> Wei\u00df<\/li>\n<li><strong>Saison:<\/strong> Herbst<\/li>\n<li><strong>Erscheinungsjahr:<\/strong> 2022<\/li>\n<\/ul>\n","protected":false},"excerpt":{"rendered":"<p>Erleben Sie unvergleichliche Sportlichkeit mit dem New Balance MD500v8 Laufschuh in \u201eWhite Vibrant Violet\u201c. Dank des atmungsaktiven Mesh-Obermaterials und der komfortablen REVlite-Mittelsohle bietet dieser Schuh hervorragende D\u00e4mpfung und Unterst\u00fctzung. Das elegante Design in Wei\u00df und leuchtendem Violett verleiht Ihrem Look das gewisse Etwas, w\u00e4hrend die nahtlosen Overlays und das sichere Schn\u00fcrsystem f\u00fcr perfekten Sitz sorgen. [&hellip;]<\/p>\n","protected":false},"featured_media":70764,"comment_status":"open","ping_status":"closed","template":"","meta":[],"product_brand":[],"product_cat":[12996,10780,10774,10794],"product_tag":[12600,12564,10760,12571,12613,12563,12885,12995,12547,12566,12558],"class_list":{"0":"post-70763","1":"product","2":"type-product","3":"status-publish","4":"has-post-thumbnail","6":"product_cat-new-balance-md500v8","7":"product_cat-gender-men","8":"product_cat-new-balance","9":"product_cat-running-shoes","10":"product_tag-beste-funde-unter-100","11":"product_tag-laufschuhe","12":"product_tag-new-balance","13":"product_tag-new-balance-laufschuhe","14":"product_tag-performance-laufschuhe","15":"product_tag-performance-sportschuhe","16":"product_tag-tennisschuhe","17":"product_tag-track-spikes","18":"product_tag-trendangebote","19":"product_tag-trendangebote-unter-150","20":"product_tag-unter-retailpreis","21":"wcpa_has_options","23":"first","24":"instock","25":"taxable","26":"shipping-taxable","27":"purchasable","28":"product-type-simple"},"wcpa_form_fields":{"rules":{"pric_overide_base_price":false,"pric_overide_base_price_if_gt_zero":false,"pric_overide_base_price_fully":false,"pric_cal_option_once":false,"pric_use_as_fee":false,"bind_quantity":false,"quantity_bind_formula":false},"fields":[{"type":"color-group","required":true,"elementId":"wcpa-color-group-66c4a928225d2","label":"Gr\u00f6\u00dfe","inline":true,"priceOptions":"different_for_all","pricingType":"fixed","className":"hassizechart product-shoes-size-eu product-shoes-size","name":"color-group-66c4a928225e2","disp_type":"square","selection_type":"tick-border","disp_size":"50","show_label_inside":true,"adjust_width":true,"cart_display_type":"text","other_text":"Other","cl_rule":"show","col":6,"values":[{"label":"35","value":"EU 35","price":"","pimage":"","pimage_id":"","pthumb":"","color":""},{"label":"36","value":"EU 36","price":"","pimage":"","pimage_id":"","pthumb":"","color":"","selected":true},{"label":"37","value":"EU 37","price":"","pimage":"","pimage_id":"","pthumb":"","color":""},{"label":"37.5","value":"EU 37.5","price":"","pimage":"","pimage_id":"","pthumb":"","color":""},{"label":"38","value":"EU 38","price":"","pimage":"","pimage_id":"","pthumb":"","color":""},{"label":"38.5","value":"EU 38.5","price":"","pimage":"","pimage_id":"","pthumb":"","color":""},{"label":"39","value":"EU 39","price":"","pimage":"","pimage_id":"","pthumb":"","color":""},{"label":"39.5","value":"EU 39.5","price":"","pimage":"","pimage_id":"","pthumb":"","color":""},{"label":"40","value":"EU 40","price":"","pimage":"","pimage_id":"","pthumb":"","color":""},{"label":"40.5","value":"EU 40.5","price":"","pimage":"","pimage_id":"","pthumb":"","color":""},{"label":" 41.5","value":"EU 41.5","price":"","pimage":"","pimage_id":"","pthumb":"","color":""},{"label":"42","value":"EU 42","price":"","pimage":"","pimage_id":"","pthumb":"","color":""},{"label":"42.5","value":"EU 42.5","price":"","pimage":"","pimage_id":"","pthumb":"","color":""},{"label":"43","value":"EU 43","price":"","pimage":"","pimage_id":"","pthumb":"","color":""},{"label":"44","value":"EU 44","price":"","pimage":"","pimage_id":"","pthumb":"","color":""},{"label":"44.5","value":"EU 44.5","price":"","pimage":"","pimage_id":"","pthumb":"","color":""},{"label":"45","value":"EU 45","price":"","pimage":"","pimage_id":"","pthumb":"","color":""},{"label":"45.5","value":"EU 45.5","price":"","pimage":"","pimage_id":"","pthumb":"","color":""},{"label":"46","value":"EU 46","price":"","pimage":"","pimage_id":"","pthumb":"","color":""}],"relations":[{"operator":false,"rules":[]}],"form_id":24803,"form_rules":{"pric_cal_option_once":false,"exclude_from_discount":false,"pric_use_as_fee":false,"fee_label":"Fee","render_after_acb":false,"disp_hide_options_price":false}}]},"_links":{"self":[{"href":"https:\/\/moroen.com\/de\/wp-json\/wp\/v2\/product\/70763","targetHints":{"allow":["GET"]}}],"collection":[{"href":"https:\/\/moroen.com\/de\/wp-json\/wp\/v2\/product"}],"about":[{"href":"https:\/\/moroen.com\/de\/wp-json\/wp\/v2\/types\/product"}],"replies":[{"embeddable":true,"href":"https:\/\/moroen.com\/de\/wp-json\/wp\/v2\/comments?post=70763"}],"wp:featuredmedia":[{"embeddable":true,"href":"https:\/\/moroen.com\/de\/wp-json\/wp\/v2\/media\/70764"}],"wp:attachment":[{"href":"https:\/\/moroen.com\/de\/wp-json\/wp\/v2\/media?parent=70763"}],"wp:term":[{"taxonomy":"product_brand","embeddable":true,"href":"https:\/\/moroen.com\/de\/wp-json\/wp\/v2\/product_brand?post=70763"},{"taxonomy":"product_cat","embeddable":true,"href":"https:\/\/moroen.com\/de\/wp-json\/wp\/v2\/product_cat?post=70763"},{"taxonomy":"product_tag","embeddable":true,"href":"https:\/\/moroen.com\/de\/wp-json\/wp\/v2\/product_tag?post=70763"}],"curies":[{"name":"wp","href":"https:\/\/api.w.org\/{rel}","templated":true}]}}