{"id":70968,"date":"2026-03-17T10:30:13","date_gmt":"2026-03-17T03:30:13","guid":{"rendered":"https:\/\/moroen.com\/de\/product\/nike-reactx-rejuven8-slide-wolf-grey"},"modified":"2026-03-17T10:30:13","modified_gmt":"2026-03-17T03:30:13","slug":"nike-reactx-rejuven8-slide-wolf-grey","status":"publish","type":"product","link":"https:\/\/moroen.com\/de\/produkt\/nike-reactx-rejuven8-slide-wolf-grey\/","title":{"rendered":"Nike ReactX Rejuven8 Slide &#8218;Wolf Grey&#8216;"},"content":{"rendered":"<p>Erlebe ultimativen Komfort und modernen Style mit der Nike ReactX Rejuven8 Slide &#8218;Wolf Grey&#8216; HV4479-002 \u2013 perfekt zum Entspannen und Erholen nach intensiven Workouts. Dank Nikes innovativem ReactX-Schaumstoff bietet diese Slide ein leichtes, reaktionsfreudiges Tragegef\u00fchl, d\u00e4mpft jeden Schritt und reduziert Erm\u00fcdung. Die elegante Farbgebung in \u201eWolf Grey\u201c sorgt f\u00fcr einen vielseitigen und stilvollen Look, der sich ideal f\u00fcr den \u00dcbergang vom Fitnessstudio zur Freizeit eignet. Das konturierte Fu\u00dfbett und der weiche Riemen garantieren einen sicheren und bequemen Sitz, w\u00e4hrend die strapazierf\u00e4hige Au\u00dfensohle zuverl\u00e4ssige Traktion auf verschiedenen Untergr\u00fcnden bietet. Ob du zu Hause entspannst, durch die Stadt schlenderst oder deinen F\u00fc\u00dfen nach einem anstrengenden Training eine Pause g\u00f6nnst \u2013 die Nike ReactX Rejuven8 Slide vereint Komfort, Funktionalit\u00e4t und Style in einem nahtlosen Gesamtpaket.<\/p>\n<ul>\n<li><strong>Farbgebung:<\/strong> Wolf Grey\/Wolf Grey\/Wolf Grey<\/li>\n<li><strong>Style-Code:<\/strong> HV4479-002<\/li>\n<li><strong>Obermaterial:<\/strong> ReactX<\/li>\n<li><strong>Mittelsohle:<\/strong> ReactX<\/li>\n<li><strong>Farbe:<\/strong> Grau<\/li>\n<li><strong>Saison:<\/strong> Sommer<\/li>\n<li><strong>Erscheinungsjahr:<\/strong> 2025<\/li>\n<\/ul>\n","protected":false},"excerpt":{"rendered":"<p>Erlebe ultimativen Komfort und modernen Style mit der Nike ReactX Rejuven8 Slide &#8218;Wolf Grey&#8216; HV4479-002 \u2013 perfekt zum Entspannen und Erholen nach intensiven Workouts. Dank Nikes innovativem ReactX-Schaumstoff bietet diese Slide ein leichtes, reaktionsfreudiges Tragegef\u00fchl, d\u00e4mpft jeden Schritt und reduziert Erm\u00fcdung. Die elegante Farbgebung in \u201eWolf Grey\u201c sorgt f\u00fcr einen vielseitigen und stilvollen Look, der [&hellip;]<\/p>\n","protected":false},"featured_media":70969,"comment_status":"open","ping_status":"closed","template":"","meta":[],"product_brand":[],"product_cat":[10780,10773,13004,11338],"product_tag":[12542,12545,10762,11336],"class_list":{"0":"post-70968","1":"product","2":"type-product","3":"status-publish","4":"has-post-thumbnail","6":"product_cat-gender-men","7":"product_cat-nike","8":"product_cat-nike-react-rejuven8-slide","9":"product_cat-slides","10":"product_tag-athleisure-schuhe","11":"product_tag-lifestyle-freizeitschuhe","12":"product_tag-nike","13":"product_tag-slides","14":"wcpa_has_options","16":"first","17":"instock","18":"taxable","19":"shipping-taxable","20":"purchasable","21":"product-type-simple"},"wcpa_form_fields":{"rules":{"pric_overide_base_price":false,"pric_overide_base_price_if_gt_zero":false,"pric_overide_base_price_fully":false,"pric_cal_option_once":false,"pric_use_as_fee":false,"bind_quantity":false,"quantity_bind_formula":false},"fields":[{"type":"color-group","required":true,"elementId":"wcpa-color-group-66c4a75505e74","label":"Gr\u00f6\u00dfe - EU Gr\u00f6\u00dfe","inline":true,"priceOptions":"different_for_all","pricingType":"fixed","className":"hassizechart product-shoes-size-eu product-shoes-size","name":"color-group-66c4a75505e89","disp_type":"square","selection_type":"tick-border","disp_size":"44","show_label_inside":true,"adjust_width":true,"cart_display_type":"text","other_text":"Other","cl_rule":"show","col":6,"values":[{"label":"35.5","value":"EU 35.5","price":"","pimage":"","pimage_id":"","pthumb":"","color":""},{"label":"36","value":"EU 36","price":"","pimage":"","pimage_id":"","pthumb":"","color":"","selected":true},{"label":"36.5","value":"EU 36.5","price":"","pimage":"","pimage_id":"","pthumb":"","color":""},{"label":"37.5","value":"EU 37.5","price":"","pimage":"","pimage_id":"","pthumb":"","color":""},{"label":"38","value":"EU 38","price":"","pimage":"","pimage_id":"","pthumb":"","color":""},{"label":"38.5","value":"EU 38.5","price":"","pimage":"","pimage_id":"","pthumb":"","color":""},{"label":"39","value":"EU 39","price":"","pimage":"","pimage_id":"","pthumb":"","color":""},{"label":"40","value":"EU 40","price":"","pimage":"","pimage_id":"","pthumb":"","color":""},{"label":"40.5","value":"EU 40.5","price":"","pimage":"","pimage_id":"","pthumb":"","color":""},{"label":"41","value":"EU 41","price":"","pimage":"","pimage_id":"","pthumb":"","color":""},{"label":"42","value":"EU 42","price":"","pimage":"","pimage_id":"","pthumb":"","color":""},{"label":"42.5","value":"EU 42.5","price":"","pimage":"","pimage_id":"","pthumb":"","color":""},{"label":"43","value":"EU 43","price":"","pimage":"","pimage_id":"","pthumb":"","color":""},{"label":"44","value":"EU 44","price":"","pimage":"","pimage_id":"","pthumb":"","color":""},{"label":"44.5","value":"EU 44.5","price":"","pimage":"","pimage_id":"","pthumb":"","color":""},{"label":"45","value":"EU 45","price":"","pimage":"","pimage_id":"","pthumb":"","color":""},{"label":"45.5","value":"EU 45.5","price":"","pimage":"","pimage_id":"","pthumb":"","color":""},{"label":"46","value":"EU 46","price":"","pimage":"","pimage_id":"","pthumb":"","color":""},{"label":"47","value":"EU 47","price":"","pimage":"","pimage_id":"","pthumb":"","color":""},{"label":"47.5","value":"EU 47.5","price":"","pimage":"","pimage_id":"","pthumb":"","color":""},{"label":"48","value":"EU 48","price":"","pimage":"","pimage_id":"","pthumb":"","color":""}],"relations":[{"operator":false,"rules":[]}],"form_id":18106,"form_rules":{"pric_cal_option_once":false,"exclude_from_discount":false,"pric_use_as_fee":false,"fee_label":"Fee","render_after_acb":false,"disp_hide_options_price":false}}]},"_links":{"self":[{"href":"https:\/\/moroen.com\/de\/wp-json\/wp\/v2\/product\/70968","targetHints":{"allow":["GET"]}}],"collection":[{"href":"https:\/\/moroen.com\/de\/wp-json\/wp\/v2\/product"}],"about":[{"href":"https:\/\/moroen.com\/de\/wp-json\/wp\/v2\/types\/product"}],"replies":[{"embeddable":true,"href":"https:\/\/moroen.com\/de\/wp-json\/wp\/v2\/comments?post=70968"}],"wp:featuredmedia":[{"embeddable":true,"href":"https:\/\/moroen.com\/de\/wp-json\/wp\/v2\/media\/70969"}],"wp:attachment":[{"href":"https:\/\/moroen.com\/de\/wp-json\/wp\/v2\/media?parent=70968"}],"wp:term":[{"taxonomy":"product_brand","embeddable":true,"href":"https:\/\/moroen.com\/de\/wp-json\/wp\/v2\/product_brand?post=70968"},{"taxonomy":"product_cat","embeddable":true,"href":"https:\/\/moroen.com\/de\/wp-json\/wp\/v2\/product_cat?post=70968"},{"taxonomy":"product_tag","embeddable":true,"href":"https:\/\/moroen.com\/de\/wp-json\/wp\/v2\/product_tag?post=70968"}],"curies":[{"name":"wp","href":"https:\/\/api.w.org\/{rel}","templated":true}]}}