{"id":71355,"date":"2026-03-17T10:30:26","date_gmt":"2026-03-17T03:30:26","guid":{"rendered":"https:\/\/moroen.com\/de\/product\/jordan-rom-black-iron-gray"},"modified":"2026-03-17T10:30:26","modified_gmt":"2026-03-17T03:30:26","slug":"jordan-rom-black-iron-gray","status":"publish","type":"product","link":"https:\/\/moroen.com\/de\/produkt\/jordan-rom-black-iron-gray\/","title":{"rendered":"Jordan rom &#8218;Black Iron Gray&#8216;"},"content":{"rendered":"<p>Mit dem Jordan ROM &#8218;Black Iron Gray&#8216; (FQ0227-001) verleihst du deinem Sneaker-Style das gewisse Extra \u2013 die perfekte Kombination aus Style und Performance f\u00fcr vielseitige Einsatzm\u00f6glichkeiten. Die elegante Farbkombination aus Schwarz und Eisengrau verleiht diesen Sneakern moderne Raffinesse und bleibt gleichzeitig Jordans ikonischem Design treu. Das hochwertige Obermaterial aus Leder und Textil sorgt f\u00fcr Strapazierf\u00e4higkeit und Komfort, erg\u00e4nzt durch atmungsaktive Perforationen f\u00fcr ganzt\u00e4gigen Tragekomfort. Die gepolsterte Zwischensohle bietet reaktionsfreudige Unterst\u00fctzung und die robuste Gummiau\u00dfensohle sorgt f\u00fcr optimale Traktion. Diese Schuhe sind ideal f\u00fcr sportliche Aktivit\u00e4ten und Freizeit. Ein dezentes, aber dennoch markantes Jumpman-Logo rundet den Look ab und macht diese Sneaker zu einem unverzichtbaren Bestandteil jeder Sneaker-Sammlung.<\/p>\n<ul>\n<li><strong>Farbgebung:<\/strong> Schwarz\/Eisengrau<\/li>\n<li><strong>Artikelnummer:<\/strong> FQ0227-001<\/li>\n<li><strong>Obermaterial:<\/strong> EVA<\/li>\n<li><strong>Zwischensohle:<\/strong> EVA<\/li>\n<li><strong>Farbe:<\/strong> Schwarz<\/li>\n<\/ul>\n","protected":false},"excerpt":{"rendered":"<p>Mit dem Jordan ROM &#8218;Black Iron Gray&#8216; (FQ0227-001) verleihst du deinem Sneaker-Style das gewisse Extra \u2013 die perfekte Kombination aus Style und Performance f\u00fcr vielseitige Einsatzm\u00f6glichkeiten. Die elegante Farbkombination aus Schwarz und Eisengrau verleiht diesen Sneakern moderne Raffinesse und bleibt gleichzeitig Jordans ikonischem Design treu. Das hochwertige Obermaterial aus Leder und Textil sorgt f\u00fcr Strapazierf\u00e4higkeit [&hellip;]<\/p>\n","protected":false},"featured_media":71356,"comment_status":"open","ping_status":"closed","template":"","meta":[],"product_brand":[],"product_cat":[10825,13027,10816,10780],"product_tag":[10819,12545,12559,12560,12558],"class_list":{"0":"post-71355","1":"product","2":"type-product","3":"status-publish","4":"has-post-thumbnail","6":"product_cat-jordan","7":"product_cat-jordan-jordan-rom","8":"product_cat-lifestyle-shoes-basketball-inspired","9":"product_cat-gender-men","10":"product_tag-jordan","11":"product_tag-lifestyle-freizeitschuhe","12":"product_tag-lifestyle-schuhe-basketball-inspiriert","13":"product_tag-retro-freizeitschuhe","14":"product_tag-unter-retailpreis","15":"wcpa_has_options","17":"first","18":"instock","19":"taxable","20":"shipping-taxable","21":"purchasable","22":"product-type-simple"},"wcpa_form_fields":{"rules":{"pric_overide_base_price":false,"pric_overide_base_price_if_gt_zero":false,"pric_overide_base_price_fully":false,"pric_cal_option_once":false,"pric_use_as_fee":false,"bind_quantity":false,"quantity_bind_formula":false},"fields":[{"type":"color-group","required":true,"elementId":"wcpa-color-group-66c4a75505e74","label":"Gr\u00f6\u00dfe - EU Gr\u00f6\u00dfe","inline":true,"priceOptions":"different_for_all","pricingType":"fixed","className":"hassizechart product-shoes-size-eu product-shoes-size","name":"color-group-66c4a75505e89","disp_type":"square","selection_type":"tick-border","disp_size":"44","show_label_inside":true,"adjust_width":true,"cart_display_type":"text","other_text":"Other","cl_rule":"show","col":6,"values":[{"label":"35.5","value":"EU 35.5","price":"","pimage":"","pimage_id":"","pthumb":"","color":""},{"label":"36","value":"EU 36","price":"","pimage":"","pimage_id":"","pthumb":"","color":"","selected":true},{"label":"36.5","value":"EU 36.5","price":"","pimage":"","pimage_id":"","pthumb":"","color":""},{"label":"37.5","value":"EU 37.5","price":"","pimage":"","pimage_id":"","pthumb":"","color":""},{"label":"38","value":"EU 38","price":"","pimage":"","pimage_id":"","pthumb":"","color":""},{"label":"38.5","value":"EU 38.5","price":"","pimage":"","pimage_id":"","pthumb":"","color":""},{"label":"39","value":"EU 39","price":"","pimage":"","pimage_id":"","pthumb":"","color":""},{"label":"40","value":"EU 40","price":"","pimage":"","pimage_id":"","pthumb":"","color":""},{"label":"40.5","value":"EU 40.5","price":"","pimage":"","pimage_id":"","pthumb":"","color":""},{"label":"41","value":"EU 41","price":"","pimage":"","pimage_id":"","pthumb":"","color":""},{"label":"42","value":"EU 42","price":"","pimage":"","pimage_id":"","pthumb":"","color":""},{"label":"42.5","value":"EU 42.5","price":"","pimage":"","pimage_id":"","pthumb":"","color":""},{"label":"43","value":"EU 43","price":"","pimage":"","pimage_id":"","pthumb":"","color":""},{"label":"44","value":"EU 44","price":"","pimage":"","pimage_id":"","pthumb":"","color":""},{"label":"44.5","value":"EU 44.5","price":"","pimage":"","pimage_id":"","pthumb":"","color":""},{"label":"45","value":"EU 45","price":"","pimage":"","pimage_id":"","pthumb":"","color":""},{"label":"45.5","value":"EU 45.5","price":"","pimage":"","pimage_id":"","pthumb":"","color":""},{"label":"46","value":"EU 46","price":"","pimage":"","pimage_id":"","pthumb":"","color":""},{"label":"47","value":"EU 47","price":"","pimage":"","pimage_id":"","pthumb":"","color":""},{"label":"47.5","value":"EU 47.5","price":"","pimage":"","pimage_id":"","pthumb":"","color":""},{"label":"48","value":"EU 48","price":"","pimage":"","pimage_id":"","pthumb":"","color":""}],"relations":[{"operator":false,"rules":[]}],"form_id":18106,"form_rules":{"pric_cal_option_once":false,"exclude_from_discount":false,"pric_use_as_fee":false,"fee_label":"Fee","render_after_acb":false,"disp_hide_options_price":false}}]},"_links":{"self":[{"href":"https:\/\/moroen.com\/de\/wp-json\/wp\/v2\/product\/71355","targetHints":{"allow":["GET"]}}],"collection":[{"href":"https:\/\/moroen.com\/de\/wp-json\/wp\/v2\/product"}],"about":[{"href":"https:\/\/moroen.com\/de\/wp-json\/wp\/v2\/types\/product"}],"replies":[{"embeddable":true,"href":"https:\/\/moroen.com\/de\/wp-json\/wp\/v2\/comments?post=71355"}],"wp:featuredmedia":[{"embeddable":true,"href":"https:\/\/moroen.com\/de\/wp-json\/wp\/v2\/media\/71356"}],"wp:attachment":[{"href":"https:\/\/moroen.com\/de\/wp-json\/wp\/v2\/media?parent=71355"}],"wp:term":[{"taxonomy":"product_brand","embeddable":true,"href":"https:\/\/moroen.com\/de\/wp-json\/wp\/v2\/product_brand?post=71355"},{"taxonomy":"product_cat","embeddable":true,"href":"https:\/\/moroen.com\/de\/wp-json\/wp\/v2\/product_cat?post=71355"},{"taxonomy":"product_tag","embeddable":true,"href":"https:\/\/moroen.com\/de\/wp-json\/wp\/v2\/product_tag?post=71355"}],"curies":[{"name":"wp","href":"https:\/\/api.w.org\/{rel}","templated":true}]}}