{"id":71470,"date":"2026-03-17T10:30:29","date_gmt":"2026-03-17T03:30:29","guid":{"rendered":"https:\/\/moroen.com\/de\/product\/air-jordan-play-slide-tourmaline"},"modified":"2026-03-17T10:30:29","modified_gmt":"2026-03-17T03:30:29","slug":"air-jordan-play-slide-tourmaline","status":"publish","type":"product","link":"https:\/\/moroen.com\/de\/produkt\/air-jordan-play-slide-tourmaline\/","title":{"rendered":"Air Jordan Play Slide &#8218;Tourmaline&#8216;"},"content":{"rendered":"<p>Erlebe maximalen Komfort und Style mit dem Air Jordan Play Slide Tourmaline von Jordan. Diese eleganten und trendigen Sneaker bieten optimalen Halt und D\u00e4mpfung f\u00fcr den ganzen Tag. Die markentypische Qualit\u00e4t und die Liebe zum Detail machen diese Slides zu einem Must-have f\u00fcr jede Sneaker-Sammlung. Mit dem Air Jordan Play Slide Tourmaline legst du ein neues Level auf.<\/p>\n<ul>\n<li><strong>Farbgebung:<\/strong> Tourmaline\/Pistachio Frost\/Wei\u00df<\/li>\n<li><strong>Style-Code:<\/strong> DC9835-300<\/li>\n<li><strong>Obermaterial:<\/strong> Synthetik<\/li>\n<li><strong>Farbe:<\/strong> Gr\u00fcn<\/li>\n<li><strong>Erscheinungsjahr:<\/strong> 2023<\/li>\n<\/ul>\n","protected":false},"excerpt":{"rendered":"<p>Erlebe maximalen Komfort und Style mit dem Air Jordan Play Slide Tourmaline von Jordan. Diese eleganten und trendigen Sneaker bieten optimalen Halt und D\u00e4mpfung f\u00fcr den ganzen Tag. Die markentypische Qualit\u00e4t und die Liebe zum Detail machen diese Slides zu einem Must-have f\u00fcr jede Sneaker-Sammlung. Mit dem Air Jordan Play Slide Tourmaline legst du ein [&hellip;]<\/p>\n","protected":false},"featured_media":71471,"comment_status":"open","ping_status":"closed","template":"","meta":[],"product_brand":[],"product_cat":[10825,10780,12765,11338],"product_tag":[12542,12555,10819,12545,11336],"class_list":{"0":"post-71470","1":"product","2":"type-product","3":"status-publish","4":"has-post-thumbnail","6":"product_cat-jordan","7":"product_cat-gender-men","8":"product_cat-jordan-play-slide","9":"product_cat-slides","10":"product_tag-athleisure-schuhe","11":"product_tag-geschenk-fa-r-ihn","12":"product_tag-jordan","13":"product_tag-lifestyle-freizeitschuhe","14":"product_tag-slides","15":"wcpa_has_options","17":"first","18":"instock","19":"taxable","20":"shipping-taxable","21":"purchasable","22":"product-type-simple"},"wcpa_form_fields":{"rules":{"pric_overide_base_price":false,"pric_overide_base_price_if_gt_zero":false,"pric_overide_base_price_fully":false,"pric_cal_option_once":false,"pric_use_as_fee":false,"bind_quantity":false,"quantity_bind_formula":false},"fields":[{"type":"color-group","required":true,"elementId":"wcpa-color-group-66c4a75505e74","label":"Gr\u00f6\u00dfe - EU Gr\u00f6\u00dfe","inline":true,"priceOptions":"different_for_all","pricingType":"fixed","className":"hassizechart product-shoes-size-eu product-shoes-size","name":"color-group-66c4a75505e89","disp_type":"square","selection_type":"tick-border","disp_size":"44","show_label_inside":true,"adjust_width":true,"cart_display_type":"text","other_text":"Other","cl_rule":"show","col":6,"values":[{"label":"35.5","value":"EU 35.5","price":"","pimage":"","pimage_id":"","pthumb":"","color":""},{"label":"36","value":"EU 36","price":"","pimage":"","pimage_id":"","pthumb":"","color":"","selected":true},{"label":"36.5","value":"EU 36.5","price":"","pimage":"","pimage_id":"","pthumb":"","color":""},{"label":"37.5","value":"EU 37.5","price":"","pimage":"","pimage_id":"","pthumb":"","color":""},{"label":"38","value":"EU 38","price":"","pimage":"","pimage_id":"","pthumb":"","color":""},{"label":"38.5","value":"EU 38.5","price":"","pimage":"","pimage_id":"","pthumb":"","color":""},{"label":"39","value":"EU 39","price":"","pimage":"","pimage_id":"","pthumb":"","color":""},{"label":"40","value":"EU 40","price":"","pimage":"","pimage_id":"","pthumb":"","color":""},{"label":"40.5","value":"EU 40.5","price":"","pimage":"","pimage_id":"","pthumb":"","color":""},{"label":"41","value":"EU 41","price":"","pimage":"","pimage_id":"","pthumb":"","color":""},{"label":"42","value":"EU 42","price":"","pimage":"","pimage_id":"","pthumb":"","color":""},{"label":"42.5","value":"EU 42.5","price":"","pimage":"","pimage_id":"","pthumb":"","color":""},{"label":"43","value":"EU 43","price":"","pimage":"","pimage_id":"","pthumb":"","color":""},{"label":"44","value":"EU 44","price":"","pimage":"","pimage_id":"","pthumb":"","color":""},{"label":"44.5","value":"EU 44.5","price":"","pimage":"","pimage_id":"","pthumb":"","color":""},{"label":"45","value":"EU 45","price":"","pimage":"","pimage_id":"","pthumb":"","color":""},{"label":"45.5","value":"EU 45.5","price":"","pimage":"","pimage_id":"","pthumb":"","color":""},{"label":"46","value":"EU 46","price":"","pimage":"","pimage_id":"","pthumb":"","color":""},{"label":"47","value":"EU 47","price":"","pimage":"","pimage_id":"","pthumb":"","color":""},{"label":"47.5","value":"EU 47.5","price":"","pimage":"","pimage_id":"","pthumb":"","color":""},{"label":"48","value":"EU 48","price":"","pimage":"","pimage_id":"","pthumb":"","color":""}],"relations":[{"operator":false,"rules":[]}],"form_id":18106,"form_rules":{"pric_cal_option_once":false,"exclude_from_discount":false,"pric_use_as_fee":false,"fee_label":"Fee","render_after_acb":false,"disp_hide_options_price":false}}]},"_links":{"self":[{"href":"https:\/\/moroen.com\/de\/wp-json\/wp\/v2\/product\/71470","targetHints":{"allow":["GET"]}}],"collection":[{"href":"https:\/\/moroen.com\/de\/wp-json\/wp\/v2\/product"}],"about":[{"href":"https:\/\/moroen.com\/de\/wp-json\/wp\/v2\/types\/product"}],"replies":[{"embeddable":true,"href":"https:\/\/moroen.com\/de\/wp-json\/wp\/v2\/comments?post=71470"}],"wp:featuredmedia":[{"embeddable":true,"href":"https:\/\/moroen.com\/de\/wp-json\/wp\/v2\/media\/71471"}],"wp:attachment":[{"href":"https:\/\/moroen.com\/de\/wp-json\/wp\/v2\/media?parent=71470"}],"wp:term":[{"taxonomy":"product_brand","embeddable":true,"href":"https:\/\/moroen.com\/de\/wp-json\/wp\/v2\/product_brand?post=71470"},{"taxonomy":"product_cat","embeddable":true,"href":"https:\/\/moroen.com\/de\/wp-json\/wp\/v2\/product_cat?post=71470"},{"taxonomy":"product_tag","embeddable":true,"href":"https:\/\/moroen.com\/de\/wp-json\/wp\/v2\/product_tag?post=71470"}],"curies":[{"name":"wp","href":"https:\/\/api.w.org\/{rel}","templated":true}]}}