{"id":71728,"date":"2026-03-17T10:30:37","date_gmt":"2026-03-17T03:30:37","guid":{"rendered":"https:\/\/moroen.com\/de\/product\/handball-spezial-sneakers"},"modified":"2026-03-17T10:30:37","modified_gmt":"2026-03-17T03:30:37","slug":"handball-spezial-sneakers","status":"publish","type":"product","link":"https:\/\/moroen.com\/de\/produkt\/handball-spezial-sneakers\/","title":{"rendered":"Handball Spezial Sneakers"},"content":{"rendered":"<p>Erleben Sie unvergleichlichen Komfort und Stil mit den Handball Spezial Sneakers JQ5557. Diese Sneaker vereinen nahtlos Retro-Design mit moderner Performance f\u00fcr Sport und Alltag. Gefertigt aus hochwertigem Wildleder, bieten sie Langlebigkeit und einen m\u00fchelos klassischen Look. Urspr\u00fcnglich f\u00fcr Handballspieler entwickelt, verf\u00fcgen die Spezial Sneakers \u00fcber eine Gummisohle f\u00fcr au\u00dfergew\u00f6hnlichen Grip und Flexibilit\u00e4t. So garantieren sie zuverl\u00e4ssige Performance auf Hallenpl\u00e4tzen und sind gleichzeitig vielseitig f\u00fcr Freizeitaktivit\u00e4ten geeignet. Die leichte Konstruktion und die gepolsterte Zwischensohle sorgen f\u00fcr ganzt\u00e4gigen Tragekomfort, w\u00e4hrend der Schn\u00fcrverschluss einen sicheren Halt gew\u00e4hrleistet. Ob auf dem Platz oder beim Stadtbummel \u2013 die Handball Spezial Sneakers JQ5557 vereinen Funktionalit\u00e4t und zeitlosen Stil. Diese Sneaker sind perfekt f\u00fcr Sportler und Sneaker-Fans gleicherma\u00dfen und vereinen Tradition mit modernem Design.<\/p>\n<ul>\n<li><strong>Farbgebung:<\/strong> Core Black\/Ivory\/Gum<\/li>\n<li><strong>Artikelnummer:<\/strong> JQ5557<\/li>\n<li><strong>Obermaterial:<\/strong> Textil\/Leder<\/li>\n<li><strong>Farbe:<\/strong> Schwarz<\/li>\n<\/ul>\n","protected":false},"excerpt":{"rendered":"<p>Erleben Sie unvergleichlichen Komfort und Stil mit den Handball Spezial Sneakers JQ5557. Diese Sneaker vereinen nahtlos Retro-Design mit moderner Performance f\u00fcr Sport und Alltag. Gefertigt aus hochwertigem Wildleder, bieten sie Langlebigkeit und einen m\u00fchelos klassischen Look. Urspr\u00fcnglich f\u00fcr Handballspieler entwickelt, verf\u00fcgen die Spezial Sneakers \u00fcber eine Gummisohle f\u00fcr au\u00dfergew\u00f6hnlichen Grip und Flexibilit\u00e4t. So garantieren sie [&hellip;]<\/p>\n","protected":false},"featured_media":71729,"comment_status":"open","ping_status":"closed","template":"","meta":[],"product_brand":[],"product_cat":[10791,11308,11309,10780],"product_tag":[10789,12542,12545,12650,12560,12558],"class_list":{"0":"post-71728","1":"product","2":"type-product","3":"status-publish","4":"has-post-thumbnail","6":"product_cat-adidas","7":"product_cat-adidas-handball-spezial","8":"product_cat-lifestyle-shoes-handball-inspired","9":"product_cat-gender-men","10":"product_tag-adidas","11":"product_tag-athleisure-schuhe","12":"product_tag-lifestyle-freizeitschuhe","13":"product_tag-lifestyle-schuhe-handballinspiriert","14":"product_tag-retro-freizeitschuhe","15":"product_tag-unter-retailpreis","16":"wcpa_has_options","18":"first","19":"instock","20":"taxable","21":"shipping-taxable","22":"purchasable","23":"product-type-simple"},"wcpa_form_fields":{"rules":{"pric_overide_base_price":false,"pric_overide_base_price_if_gt_zero":false,"pric_overide_base_price_fully":false,"pric_cal_option_once":false,"pric_use_as_fee":false,"bind_quantity":false,"quantity_bind_formula":false},"fields":[{"type":"color-group","required":true,"elementId":"wcpa-color-group-66c4a7f817afe","label":"Gr\u00f6\u00dfe","inline":true,"priceOptions":"different_for_all","pricingType":"fixed","className":"hassizechart product-shoes-size-eu product-shoes-size","name":"color-group-66c4a7f817b18","disp_type":"square","selection_type":"tick-border","disp_size":"50","show_label_inside":true,"adjust_width":true,"cart_display_type":"text","other_text":"Other","cl_rule":"show","col":6,"values":[{"label":"35","value":"EU 35","price":"","pimage":"","pimage_id":"","pthumb":"","color":""},{"label":"35.5","value":"EU 35.5","price":"","pimage":"","pimage_id":"","pthumb":"","color":""},{"label":"36","value":"EU 36","price":"","pimage":"","pimage_id":"","pthumb":"","color":"","selected":true},{"label":"36 2\/3","value":"EU 36 2\/3","price":"","pimage":"","pimage_id":"","pthumb":"","color":""},{"label":"37 1\/3","value":"EU 37 1\/3","price":"","pimage":"","pimage_id":"","pthumb":"","color":""},{"label":"38","value":"EU 38","price":"","pimage":"","pimage_id":"","pthumb":"","color":""},{"label":"38 2\/3","value":"EU 38 2\/3","price":"","pimage":"","pimage_id":"","pthumb":"","color":""},{"label":"39 1\/3","value":"EU 39 1\/3","price":"","pimage":"","pimage_id":"","pthumb":"","color":""},{"label":"40","value":"EU 40","price":"","pimage":"","pimage_id":"","pthumb":"","color":""},{"label":"40 2\/3","value":"EU 40 2\/3","price":"","pimage":"","pimage_id":"","pthumb":"","color":""},{"label":"41 1\/3","value":"EU 41 1\/3","price":"","pimage":"","pimage_id":"","pthumb":"","color":""},{"label":"42","value":"EU 42","price":"","pimage":"","pimage_id":"","pthumb":"","color":""},{"label":"42 2\/3","value":"EU 42 2\/3","price":"","pimage":"","pimage_id":"","pthumb":"","color":""},{"label":"43 1\/3","value":"EU 43 1\/3","price":"","pimage":"","pimage_id":"","pthumb":"","color":""},{"label":"44","value":"EU 44","price":"","pimage":"","pimage_id":"","pthumb":"","color":""},{"label":"44 2\/3","value":"EU 44 2\/3","price":"","pimage":"","pimage_id":"","pthumb":"","color":""},{"label":"45 1\/3","value":"EU 45 1\/3","price":"","pimage":"","pimage_id":"","pthumb":"","color":""},{"label":"46","value":"EU 46","price":"","pimage":"","pimage_id":"","pthumb":"","color":""},{"label":"46 2\/3","value":"EU 46 2\/3","price":"","pimage":"","pimage_id":"","pthumb":"","color":""},{"label":"47 1\/3","value":"EU 47 1\/3","price":"","pimage":"","pimage_id":"","pthumb":"","color":""}],"relations":[{"operator":false,"rules":[]}],"form_id":24802,"form_rules":{"pric_cal_option_once":false,"exclude_from_discount":false,"pric_use_as_fee":false,"fee_label":"Fee","render_after_acb":false,"disp_hide_options_price":false}}]},"_links":{"self":[{"href":"https:\/\/moroen.com\/de\/wp-json\/wp\/v2\/product\/71728","targetHints":{"allow":["GET"]}}],"collection":[{"href":"https:\/\/moroen.com\/de\/wp-json\/wp\/v2\/product"}],"about":[{"href":"https:\/\/moroen.com\/de\/wp-json\/wp\/v2\/types\/product"}],"replies":[{"embeddable":true,"href":"https:\/\/moroen.com\/de\/wp-json\/wp\/v2\/comments?post=71728"}],"wp:featuredmedia":[{"embeddable":true,"href":"https:\/\/moroen.com\/de\/wp-json\/wp\/v2\/media\/71729"}],"wp:attachment":[{"href":"https:\/\/moroen.com\/de\/wp-json\/wp\/v2\/media?parent=71728"}],"wp:term":[{"taxonomy":"product_brand","embeddable":true,"href":"https:\/\/moroen.com\/de\/wp-json\/wp\/v2\/product_brand?post=71728"},{"taxonomy":"product_cat","embeddable":true,"href":"https:\/\/moroen.com\/de\/wp-json\/wp\/v2\/product_cat?post=71728"},{"taxonomy":"product_tag","embeddable":true,"href":"https:\/\/moroen.com\/de\/wp-json\/wp\/v2\/product_tag?post=71728"}],"curies":[{"name":"wp","href":"https:\/\/api.w.org\/{rel}","templated":true}]}}