{"id":72219,"date":"2026-03-17T10:30:53","date_gmt":"2026-03-17T03:30:53","guid":{"rendered":"https:\/\/moroen.com\/de\/product\/nike-force-58-sb-wolf-grey-ashen-slate"},"modified":"2026-03-17T10:30:53","modified_gmt":"2026-03-17T03:30:53","slug":"nike-force-58-sb-wolf-grey-ashen-slate","status":"publish","type":"product","link":"https:\/\/moroen.com\/de\/produkt\/nike-force-58-sb-wolf-grey-ashen-slate\/","title":{"rendered":"Nike Force 58 SB &#8218;Wolf Grey Ashen Slate&#8216;"},"content":{"rendered":"<p>Erlebe unvergleichlichen Komfort und Langlebigkeit mit dem Nike SB Force 58 in Wolf Grey und Slate Blue. Dieser Schuh vereint Skate-Funktionalit\u00e4t mit l\u00e4ssigem Streetstyle.<\/p>\n<ul>\n<li><strong>Farbgebung:<\/strong> Wei\u00df\/Sail\/Wolf Grey\/Slate Blue<\/li>\n<li><strong>Style-Code:<\/strong> IH0636-141<\/li>\n<li><strong>Obermaterial:<\/strong> Leder<\/li>\n<li><strong>Farbe:<\/strong> Grau<\/li>\n<\/ul>\n","protected":false},"excerpt":{"rendered":"<p>Erlebe unvergleichlichen Komfort und Langlebigkeit mit dem Nike SB Force 58 in Wolf Grey und Slate Blue. Dieser Schuh vereint Skate-Funktionalit\u00e4t mit l\u00e4ssigem Streetstyle. Farbgebung: Wei\u00df\/Sail\/Wolf Grey\/Slate Blue Style-Code: IH0636-141 Obermaterial: Leder Farbe: Grau<\/p>\n","protected":false},"featured_media":72220,"comment_status":"open","ping_status":"closed","template":"","meta":[],"product_brand":[],"product_cat":[10780,10773,13065,10883],"product_tag":[12579,12578,10762,12563,12651],"class_list":{"0":"post-72219","1":"product","2":"type-product","3":"status-publish","4":"has-post-thumbnail","6":"product_cat-gender-men","7":"product_cat-nike","8":"product_cat-nike-sb-force-58","9":"product_cat-skateboard-shoes","10":"product_tag-basketballschuhe","11":"product_tag-basketballschuhe-mit-kna-cheluntersta-tzung","12":"product_tag-nike","13":"product_tag-performance-sportschuhe","14":"product_tag-skateboard-schuhe","15":"wcpa_has_options","17":"first","18":"instock","19":"taxable","20":"shipping-taxable","21":"purchasable","22":"product-type-simple"},"wcpa_form_fields":{"rules":{"pric_overide_base_price":false,"pric_overide_base_price_if_gt_zero":false,"pric_overide_base_price_fully":false,"pric_cal_option_once":false,"pric_use_as_fee":false,"bind_quantity":false,"quantity_bind_formula":false},"fields":[{"type":"color-group","required":true,"elementId":"wcpa-color-group-66c4a75505e74","label":"Gr\u00f6\u00dfe - EU Gr\u00f6\u00dfe","inline":true,"priceOptions":"different_for_all","pricingType":"fixed","className":"hassizechart product-shoes-size-eu product-shoes-size","name":"color-group-66c4a75505e89","disp_type":"square","selection_type":"tick-border","disp_size":"44","show_label_inside":true,"adjust_width":true,"cart_display_type":"text","other_text":"Other","cl_rule":"show","col":6,"values":[{"label":"35.5","value":"EU 35.5","price":"","pimage":"","pimage_id":"","pthumb":"","color":""},{"label":"36","value":"EU 36","price":"","pimage":"","pimage_id":"","pthumb":"","color":"","selected":true},{"label":"36.5","value":"EU 36.5","price":"","pimage":"","pimage_id":"","pthumb":"","color":""},{"label":"37.5","value":"EU 37.5","price":"","pimage":"","pimage_id":"","pthumb":"","color":""},{"label":"38","value":"EU 38","price":"","pimage":"","pimage_id":"","pthumb":"","color":""},{"label":"38.5","value":"EU 38.5","price":"","pimage":"","pimage_id":"","pthumb":"","color":""},{"label":"39","value":"EU 39","price":"","pimage":"","pimage_id":"","pthumb":"","color":""},{"label":"40","value":"EU 40","price":"","pimage":"","pimage_id":"","pthumb":"","color":""},{"label":"40.5","value":"EU 40.5","price":"","pimage":"","pimage_id":"","pthumb":"","color":""},{"label":"41","value":"EU 41","price":"","pimage":"","pimage_id":"","pthumb":"","color":""},{"label":"42","value":"EU 42","price":"","pimage":"","pimage_id":"","pthumb":"","color":""},{"label":"42.5","value":"EU 42.5","price":"","pimage":"","pimage_id":"","pthumb":"","color":""},{"label":"43","value":"EU 43","price":"","pimage":"","pimage_id":"","pthumb":"","color":""},{"label":"44","value":"EU 44","price":"","pimage":"","pimage_id":"","pthumb":"","color":""},{"label":"44.5","value":"EU 44.5","price":"","pimage":"","pimage_id":"","pthumb":"","color":""},{"label":"45","value":"EU 45","price":"","pimage":"","pimage_id":"","pthumb":"","color":""},{"label":"45.5","value":"EU 45.5","price":"","pimage":"","pimage_id":"","pthumb":"","color":""},{"label":"46","value":"EU 46","price":"","pimage":"","pimage_id":"","pthumb":"","color":""},{"label":"47","value":"EU 47","price":"","pimage":"","pimage_id":"","pthumb":"","color":""},{"label":"47.5","value":"EU 47.5","price":"","pimage":"","pimage_id":"","pthumb":"","color":""},{"label":"48","value":"EU 48","price":"","pimage":"","pimage_id":"","pthumb":"","color":""}],"relations":[{"operator":false,"rules":[]}],"form_id":18106,"form_rules":{"pric_cal_option_once":false,"exclude_from_discount":false,"pric_use_as_fee":false,"fee_label":"Fee","render_after_acb":false,"disp_hide_options_price":false}}]},"_links":{"self":[{"href":"https:\/\/moroen.com\/de\/wp-json\/wp\/v2\/product\/72219","targetHints":{"allow":["GET"]}}],"collection":[{"href":"https:\/\/moroen.com\/de\/wp-json\/wp\/v2\/product"}],"about":[{"href":"https:\/\/moroen.com\/de\/wp-json\/wp\/v2\/types\/product"}],"replies":[{"embeddable":true,"href":"https:\/\/moroen.com\/de\/wp-json\/wp\/v2\/comments?post=72219"}],"wp:featuredmedia":[{"embeddable":true,"href":"https:\/\/moroen.com\/de\/wp-json\/wp\/v2\/media\/72220"}],"wp:attachment":[{"href":"https:\/\/moroen.com\/de\/wp-json\/wp\/v2\/media?parent=72219"}],"wp:term":[{"taxonomy":"product_brand","embeddable":true,"href":"https:\/\/moroen.com\/de\/wp-json\/wp\/v2\/product_brand?post=72219"},{"taxonomy":"product_cat","embeddable":true,"href":"https:\/\/moroen.com\/de\/wp-json\/wp\/v2\/product_cat?post=72219"},{"taxonomy":"product_tag","embeddable":true,"href":"https:\/\/moroen.com\/de\/wp-json\/wp\/v2\/product_tag?post=72219"}],"curies":[{"name":"wp","href":"https:\/\/api.w.org\/{rel}","templated":true}]}}